{"id":951,"date":"2021-09-14T09:42:02","date_gmt":"2021-09-14T09:42:02","guid":{"rendered":"https:\/\/companhiamaior.pt\/en\/DEMO2021\/?page_id=951"},"modified":"2022-12-09T16:11:14","modified_gmt":"2022-12-09T16:11:14","slug":"sonho-de-uma-noite-de-verao","status":"publish","type":"page","link":"https:\/\/companhiamaior.pt\/en\/sonho-de-uma-noite-de-verao\/","title":{"rendered":"Sonho de uma Noite de Ver\u00e3o"},"content":{"rendered":"\t\t<div data-elementor-type=\"wp-page\" data-elementor-id=\"951\" class=\"elementor elementor-951\" data-elementor-settings=\"[]\">\n\t\t\t\t\t\t\t<div class=\"elementor-section-wrap\">\n\t\t\t\t\t\t\t<section class=\"elementor-section elementor-top-section elementor-element elementor-element-22d0cd0e elementor-section-height-full elementor-section-full_width elementor-section-stretched elementor-section-height-default elementor-section-items-middle\" data-id=\"22d0cd0e\" data-element_type=\"section\" data-settings=\"{&quot;background_background&quot;:&quot;slideshow&quot;,&quot;background_slideshow_gallery&quot;:[{&quot;id&quot;:1355,&quot;url&quot;:&quot;https:\\\/\\\/companhiamaior.pt\\\/en\\\/en\\\/wp-content\\\/uploads\\\/2021\\\/10\\\/1920x1080_0002_Layer-119.jpg&quot;},{&quot;id&quot;:1353,&quot;url&quot;:&quot;https:\\\/\\\/companhiamaior.pt\\\/en\\\/en\\\/wp-content\\\/uploads\\\/2021\\\/10\\\/1920x1080_0000_Layer-121.jpg&quot;},{&quot;id&quot;:1356,&quot;url&quot;:&quot;https:\\\/\\\/companhiamaior.pt\\\/en\\\/en\\\/wp-content\\\/uploads\\\/2021\\\/10\\\/1920x1080_0003_Layer-118.jpg&quot;},{&quot;id&quot;:1359,&quot;url&quot;:&quot;https:\\\/\\\/companhiamaior.pt\\\/en\\\/en\\\/wp-content\\\/uploads\\\/2021\\\/10\\\/1920x1080_0006_Layer-115.jpg&quot;},{&quot;id&quot;:1365,&quot;url&quot;:&quot;https:\\\/\\\/companhiamaior.pt\\\/en\\\/en\\\/wp-content\\\/uploads\\\/2021\\\/10\\\/1920x1080_0012_Layer-109.jpg&quot;},{&quot;id&quot;:1354,&quot;url&quot;:&quot;https:\\\/\\\/companhiamaior.pt\\\/en\\\/en\\\/wp-content\\\/uploads\\\/2021\\\/10\\\/1920x1080_0001_Layer-120.jpg&quot;},{&quot;id&quot;:1357,&quot;url&quot;:&quot;https:\\\/\\\/companhiamaior.pt\\\/en\\\/en\\\/wp-content\\\/uploads\\\/2021\\\/10\\\/1920x1080_0004_Layer-117.jpg&quot;},{&quot;id&quot;:1360,&quot;url&quot;:&quot;https:\\\/\\\/companhiamaior.pt\\\/en\\\/en\\\/wp-content\\\/uploads\\\/2021\\\/10\\\/1920x1080_0007_Layer-114.jpg&quot;},{&quot;id&quot;:1361,&quot;url&quot;:&quot;https:\\\/\\\/companhiamaior.pt\\\/en\\\/en\\\/wp-content\\\/uploads\\\/2021\\\/10\\\/1920x1080_0008_Layer-113.jpg&quot;},{&quot;id&quot;:1364,&quot;url&quot;:&quot;https:\\\/\\\/companhiamaior.pt\\\/en\\\/en\\\/wp-content\\\/uploads\\\/2021\\\/10\\\/1920x1080_0011_Layer-110.jpg&quot;},{&quot;id&quot;:1368,&quot;url&quot;:&quot;https:\\\/\\\/companhiamaior.pt\\\/en\\\/en\\\/wp-content\\\/uploads\\\/2021\\\/10\\\/1920x1080_0015_Layer-106.jpg&quot;},{&quot;id&quot;:1363,&quot;url&quot;:&quot;https:\\\/\\\/companhiamaior.pt\\\/en\\\/en\\\/wp-content\\\/uploads\\\/2021\\\/10\\\/1920x1080_0010_Layer-111.jpg&quot;},{&quot;id&quot;:1367,&quot;url&quot;:&quot;https:\\\/\\\/companhiamaior.pt\\\/en\\\/en\\\/wp-content\\\/uploads\\\/2021\\\/10\\\/1920x1080_0014_Layer-107.jpg&quot;},{&quot;id&quot;:1362,&quot;url&quot;:&quot;https:\\\/\\\/companhiamaior.pt\\\/en\\\/en\\\/wp-content\\\/uploads\\\/2021\\\/10\\\/1920x1080_0009_Layer-112.jpg&quot;}],&quot;background_slideshow_slide_transition&quot;:&quot;slide_right&quot;,&quot;stretch_section&quot;:&quot;section-stretched&quot;,&quot;background_slideshow_loop&quot;:&quot;yes&quot;,&quot;background_slideshow_slide_duration&quot;:5000,&quot;background_slideshow_transition_duration&quot;:500}\">\n\t\t\t\t\t\t<div class=\"elementor-container elementor-column-gap-extended\">\n\t\t\t\t\t<div class=\"elementor-column elementor-col-100 elementor-top-column elementor-element elementor-element-602dc018 sc_layouts_column_icons_position_left\" data-id=\"602dc018\" data-element_type=\"column\">\n\t\t\t<div class=\"elementor-widget-wrap\">\n\t\t\t\t\t\t\t\t\t<\/div>\n\t\t<\/div>\n\t\t\t\t\t\t\t<\/div>\n\t\t<\/section>\n\t\t\t\t<section class=\"elementor-section elementor-top-section elementor-element elementor-element-6a57377a elementor-section-boxed elementor-section-height-default elementor-section-height-default\" data-id=\"6a57377a\" data-element_type=\"section\">\n\t\t\t\t\t\t<div class=\"elementor-container elementor-column-gap-extended\">\n\t\t\t\t\t<div class=\"elementor-column elementor-col-66 elementor-top-column elementor-element elementor-element-7ce6655 sc_layouts_column_icons_position_left\" data-id=\"7ce6655\" data-element_type=\"column\">\n\t\t\t<div class=\"elementor-widget-wrap elementor-element-populated\">\n\t\t\t\t\t\t\t\t<div class=\"elementor-element elementor-element-1c1ee644 elementor-widget elementor-widget-spacer\" data-id=\"1c1ee644\" data-element_type=\"widget\" data-widget_type=\"spacer.default\">\n\t\t\t\t<div class=\"elementor-widget-container\">\n\t\t\t\t\t<div class=\"elementor-spacer\">\n\t\t\t<div class=\"elementor-spacer-inner\"><\/div>\n\t\t<\/div>\n\t\t\t\t<\/div>\n\t\t\t\t<\/div>\n\t\t\t\t<div class=\"elementor-element elementor-element-45e5243 elementor-widget elementor-widget-heading\" data-id=\"45e5243\" data-element_type=\"widget\" data-widget_type=\"heading.default\">\n\t\t\t\t<div class=\"elementor-widget-container\">\n\t\t\t<h5 class=\"elementor-heading-title elementor-size-default\">T\u00f3nan Quito<\/h5>\t\t<\/div>\n\t\t\t\t<\/div>\n\t\t\t\t<div class=\"elementor-element elementor-element-81e9d6e elementor-widget elementor-widget-spacer\" data-id=\"81e9d6e\" data-element_type=\"widget\" data-widget_type=\"spacer.default\">\n\t\t\t\t<div class=\"elementor-widget-container\">\n\t\t\t\t\t<div class=\"elementor-spacer\">\n\t\t\t<div class=\"elementor-spacer-inner\"><\/div>\n\t\t<\/div>\n\t\t\t\t<\/div>\n\t\t\t\t<\/div>\n\t\t\t\t<div class=\"elementor-element elementor-element-2537022f elementor-widget elementor-widget-heading\" data-id=\"2537022f\" data-element_type=\"widget\" data-widget_type=\"heading.default\">\n\t\t\t\t<div class=\"elementor-widget-container\">\n\t\t\t<h2 class=\"elementor-heading-title elementor-size-default\">Sonho de uma Noite de Ver\u00e3o<\/h2>\t\t<\/div>\n\t\t\t\t<\/div>\n\t\t\t\t<div class=\"elementor-element elementor-element-f134639 elementor-widget elementor-widget-heading\" data-id=\"f134639\" data-element_type=\"widget\" data-widget_type=\"heading.default\">\n\t\t\t\t<div class=\"elementor-widget-container\">\n\t\t\t<h5 class=\"elementor-heading-title elementor-size-default\">A Midsummer Night\u2019s Dream<\/h5>\t\t<\/div>\n\t\t\t\t<\/div>\n\t\t\t\t<div class=\"elementor-element elementor-element-8cc2b5e elementor-widget elementor-widget-heading\" data-id=\"8cc2b5e\" data-element_type=\"widget\" data-widget_type=\"heading.default\">\n\t\t\t\t<div class=\"elementor-widget-container\">\n\t\t\t<h5 class=\"elementor-heading-title elementor-size-default\">2016<\/h5>\t\t<\/div>\n\t\t\t\t<\/div>\n\t\t\t\t<div class=\"elementor-element elementor-element-e1f95a3 elementor-widget elementor-widget-spacer\" data-id=\"e1f95a3\" data-element_type=\"widget\" data-widget_type=\"spacer.default\">\n\t\t\t\t<div class=\"elementor-widget-container\">\n\t\t\t\t\t<div class=\"elementor-spacer\">\n\t\t\t<div class=\"elementor-spacer-inner\"><\/div>\n\t\t<\/div>\n\t\t\t\t<\/div>\n\t\t\t\t<\/div>\n\t\t\t\t<div class=\"elementor-element elementor-element-5864f84 elementor-widget elementor-widget-text-editor\" data-id=\"5864f84\" data-element_type=\"widget\" data-widget_type=\"text-editor.default\">\n\t\t\t\t<div class=\"elementor-widget-container\">\n\t\t\t\t\t\t\t<p><span lang=\"EN-GB\">In <i>A Midsummer Night\u2019s Dream<\/i> (1594\/96), Shakespeare, taking inspiration from classical mythology, merges several stories, presenting characters in conflict and sparking confusion, in a game of successive amorous encounters and disagreements. This comedy alternates between reality and fantasy; between the order of political and social power and a chaotic world represented by the forest where fairies and elves dwell. Before the wedding of Theseus and Hippolyta, a couple desperate to escape the laws of the city flees to the forest, with another pair behind them; a troupe of amateur actors are already there rehearsing a play to be performed on the wedding day. Here, Oberon and Titania have quarrelled. This is when Puck appears and causes the chaos of love&#8230; and everything becomes one long dream.<\/span><\/p>\t\t\t\t\t\t<\/div>\n\t\t\t\t<\/div>\n\t\t\t\t<div class=\"elementor-element elementor-element-700ca9f9 elementor-widget elementor-widget-spacer\" data-id=\"700ca9f9\" data-element_type=\"widget\" data-widget_type=\"spacer.default\">\n\t\t\t\t<div class=\"elementor-widget-container\">\n\t\t\t\t\t<div class=\"elementor-spacer\">\n\t\t\t<div class=\"elementor-spacer-inner\"><\/div>\n\t\t<\/div>\n\t\t\t\t<\/div>\n\t\t\t\t<\/div>\n\t\t\t\t<div class=\"elementor-element elementor-element-39069a5f elementor-aspect-ratio-169 elementor-widget elementor-widget-video\" data-id=\"39069a5f\" data-element_type=\"widget\" data-settings=\"{&quot;youtube_url&quot;:&quot;https:\\\/\\\/www.youtube.com\\\/watch?v=43yJb6wSHSc&quot;,&quot;video_type&quot;:&quot;youtube&quot;,&quot;controls&quot;:&quot;yes&quot;,&quot;aspect_ratio&quot;:&quot;169&quot;}\" data-widget_type=\"video.default\">\n\t\t\t\t<div class=\"elementor-widget-container\">\n\t\t\t\t\t<div class=\"elementor-wrapper elementor-fit-aspect-ratio elementor-open-inline\">\n\t\t\t<div class=\"elementor-video\"><\/div>\t\t<\/div>\n\t\t\t\t<\/div>\n\t\t\t\t<\/div>\n\t\t\t\t<div class=\"elementor-element elementor-element-4b723956 elementor-widget elementor-widget-spacer\" data-id=\"4b723956\" data-element_type=\"widget\" data-widget_type=\"spacer.default\">\n\t\t\t\t<div class=\"elementor-widget-container\">\n\t\t\t\t\t<div class=\"elementor-spacer\">\n\t\t\t<div class=\"elementor-spacer-inner\"><\/div>\n\t\t<\/div>\n\t\t\t\t<\/div>\n\t\t\t\t<\/div>\n\t\t\t\t\t<\/div>\n\t\t<\/div>\n\t\t\t\t<div class=\"elementor-column elementor-col-33 elementor-top-column elementor-element elementor-element-4fbd6ad1 sc_layouts_column_icons_position_left\" data-id=\"4fbd6ad1\" data-element_type=\"column\">\n\t\t\t<div class=\"elementor-widget-wrap elementor-element-populated\">\n\t\t\t\t\t\t\t\t<div class=\"elementor-element elementor-element-2fd150f3 elementor-widget elementor-widget-spacer\" data-id=\"2fd150f3\" data-element_type=\"widget\" data-widget_type=\"spacer.default\">\n\t\t\t\t<div class=\"elementor-widget-container\">\n\t\t\t\t\t<div class=\"elementor-spacer\">\n\t\t\t<div class=\"elementor-spacer-inner\"><\/div>\n\t\t<\/div>\n\t\t\t\t<\/div>\n\t\t\t\t<\/div>\n\t\t\t\t<div class=\"elementor-element elementor-element-30a66790 elementor-widget elementor-widget-text-editor\" data-id=\"30a66790\" data-element_type=\"widget\" data-widget_type=\"text-editor.default\">\n\t\t\t\t<div class=\"elementor-widget-container\">\n\t\t\t\t\t\t\t<h5>Credits<\/h5>\t\t\t\t\t\t<\/div>\n\t\t\t\t<\/div>\n\t\t\t\t<div class=\"elementor-element elementor-element-22eb831b elementor-widget elementor-widget-text-editor\" data-id=\"22eb831b\" data-element_type=\"widget\" data-widget_type=\"text-editor.default\">\n\t\t\t\t<div class=\"elementor-widget-container\">\n\t\t\t\t\t\t\t<p>Director<br \/><strong>T\u00f3nan Quito<\/strong><\/p><p>Original text:<br \/><strong>William Shakespeare<\/strong><\/p><h5>Cast<\/h5><p><strong>Celeste Melo<\/strong> &#8211; Moon<br \/><strong>Carlos Nery<\/strong> &#8211; Theseus<br \/><strong>Maria Helena Fal\u00e9<\/strong> &#8211; Hippolyta<br \/><strong>Jo\u00e3o Silvestre<\/strong> &#8211; Egeus<br \/><strong>Jorge Leal Cardoso<\/strong> &#8211; Lysander<br \/><strong>Carlos Fernandes<\/strong> &#8211; Demetrius<br \/><strong>Maria Em\u00edlia Castanheira<\/strong> &#8211; Hermia<br \/><strong>Isabel Sim\u00f5es<\/strong> &#8211; Helena<br \/><strong>Maria Jos\u00e9 Bai\u00e3o<\/strong> &#8211; Peter Quince (carpenter)\/Prologue<br \/><strong>Isabel Millet<\/strong> &#8211; Nick Bottom (weaver)\/Pyramus<br \/><strong>J\u00falia Guerra<\/strong> &#8211; Francis Flute (bellows-mender)\/Thisbe<br \/><strong>Cristina Gon\u00e7alves<\/strong> &#8211; Tom Snout (tinker)\/Wall<br \/><strong>Manuela de Sousa Rama<\/strong> &#8211; Snug (joiner)\/Lion<br \/><strong>Paula B\u00e1rcia<\/strong> &#8211; Robin Starveling (tailor)\/Moonshine<br \/><strong>Ant\u00f3nio Pedrosa<\/strong> &#8211; Oberon<br \/><strong>Kimberley Ribeiro<\/strong> &#8211; Titania<br \/><strong>Elisa Worm<\/strong> &#8211; Puck<br \/><strong>Helena Marchand<\/strong>, <strong>Catarina Rico<\/strong>, <strong>Angelina Mateus<\/strong> &#8211; Fairies<\/p><p>Translation and stage version<br \/><strong>Fernando Villas-Boas<br \/><\/strong>Scenography<br \/><strong>F. Ribeiro<br \/><\/strong>Costume designer<br \/><strong>Jos\u00e9 Ant\u00f3nio Tenente<br \/><\/strong>Lighting designer<br \/><strong>Daniel Worm<br \/><\/strong>Sound designer<br \/><strong>Pedro Costa<br \/><\/strong>Staging assistant<br \/><strong>Rita Dur\u00e3o<br \/><\/strong>Photography<br \/><strong>Bruno Sim\u00e3o<br \/><\/strong>Videography<br \/><strong>Marco Arantes<br \/><\/strong>Executive production<br \/><strong>Companhia Maior<br \/><\/strong>Producer from Companhia Maior<br \/><strong>Lu\u00eds Moreira<\/strong><\/p><p>Co-production<\/p><p><strong>Centro Cultural de Bel\u00e9m<br \/><\/strong><strong>Companhia Maior<\/strong><\/p><p>Partners<\/p><p><strong>C\u00e2mara Municipal de Lisboa<br \/>Bel\u00e9m Parish Council<br \/><\/strong><strong>HomemBala<\/strong><\/p><p>Support<\/p><p><strong>ESPAZO self-storage<br \/><\/strong><strong>Efic\u00e1cia Livre<br \/><\/strong><strong>The Portuguese Army &#8211; Anti-aircraft Artillery Regiment No 1<\/strong><\/p><h5>Acknowledgements<\/h5><p><strong>Fl\u00e1vio Pereira<br \/><\/strong><strong>\u00d3scar Gouveia<br \/><\/strong><strong>Capit\u00e3o Ladeiro<br \/><\/strong><strong>Oct\u00e1vio Gon\u00e7alves<br \/><\/strong><strong>Teatro Nacional D. Maria II<\/strong><\/p><h5>Performances<\/h5><p>PREMI\u00c8RE<br \/><strong>2, 3 and 4 December 2016<br \/><\/strong>Centro Cultural de Bel\u00e9m<br \/>Lisbon<\/p>\t\t\t\t\t\t<\/div>\n\t\t\t\t<\/div>\n\t\t\t\t<div class=\"elementor-element elementor-element-a0c9d37 elementor-widget elementor-widget-text-editor\" data-id=\"a0c9d37\" data-element_type=\"widget\" data-widget_type=\"text-editor.default\">\n\t\t\t\t<div class=\"elementor-widget-container\">\n\t\t\t\t\t\t\t<p style=\"font-size: 12px;\">Photo: \u00a9 Bruno Sim\u00e3o<\/p>\t\t\t\t\t\t<\/div>\n\t\t\t\t<\/div>\n\t\t\t\t<div class=\"elementor-element elementor-element-b01c440 elementor-widget elementor-widget-spacer\" data-id=\"b01c440\" data-element_type=\"widget\" data-widget_type=\"spacer.default\">\n\t\t\t\t<div class=\"elementor-widget-container\">\n\t\t\t\t\t<div class=\"elementor-spacer\">\n\t\t\t<div class=\"elementor-spacer-inner\"><\/div>\n\t\t<\/div>\n\t\t\t\t<\/div>\n\t\t\t\t<\/div>\n\t\t\t\t\t<\/div>\n\t\t<\/div>\n\t\t\t\t\t\t\t<\/div>\n\t\t<\/section>\n\t\t\t\t\t\t<\/div>\n\t\t\t\t\t<\/div>\n\t\t","protected":false},"excerpt":{"rendered":"<p>T\u00f3nan Quito Sonho de uma Noite de Ver\u00e3o A Midsummer Night\u2019s Dream 2016 In A Midsummer Night\u2019s Dream (1594\/96), Shakespeare, taking inspiration from classical mythology, merges several stories, presenting characters in conflict and sparking confusion,&hellip;<\/p>\n","protected":false},"author":1,"featured_media":0,"parent":0,"menu_order":0,"comment_status":"closed","ping_status":"closed","template":"elementor_theme","meta":{"footnotes":""},"class_list":["post-951","page","type-page","status-publish","hentry"],"yoast_head":"<!-- This site is optimized with the Yoast SEO plugin v19.8 - https:\/\/yoast.com\/wordpress\/plugins\/seo\/ -->\n<title>Sonho de uma Noite de Ver\u00e3o - Companhia Maior<\/title>\n<meta name=\"robots\" content=\"index, follow, max-snippet:-1, max-image-preview:large, max-video-preview:-1\" \/>\n<link rel=\"canonical\" href=\"https:\/\/companhiamaior.pt\/en\/sonho-de-uma-noite-de-verao\/\" \/>\n<meta property=\"og:locale\" content=\"pt_PT\" \/>\n<meta property=\"og:type\" content=\"article\" \/>\n<meta property=\"og:title\" content=\"Sonho de uma Noite de Ver\u00e3o - Companhia Maior\" \/>\n<meta property=\"og:description\" content=\"T\u00f3nan Quito Sonho de uma Noite de Ver\u00e3o A Midsummer Night\u2019s Dream 2016 In A Midsummer Night\u2019s Dream (1594\/96), Shakespeare, taking inspiration from classical mythology, merges several stories, presenting characters in conflict and sparking confusion,&hellip;\" \/>\n<meta property=\"og:url\" content=\"https:\/\/companhiamaior.pt\/en\/sonho-de-uma-noite-de-verao\/\" \/>\n<meta property=\"og:site_name\" content=\"Companhia Maior\" \/>\n<meta property=\"article:modified_time\" content=\"2022-12-09T16:11:14+00:00\" \/>\n<meta name=\"twitter:card\" content=\"summary_large_image\" \/>\n<meta name=\"twitter:label1\" content=\"Tempo estimado de leitura\" \/>\n\t<meta name=\"twitter:data1\" content=\"2 minutos\" \/>\n<script type=\"application\/ld+json\" class=\"yoast-schema-graph\">{\"@context\":\"https:\/\/schema.org\",\"@graph\":[{\"@type\":\"WebPage\",\"@id\":\"https:\/\/companhiamaior.pt\/en\/sonho-de-uma-noite-de-verao\/\",\"url\":\"https:\/\/companhiamaior.pt\/en\/sonho-de-uma-noite-de-verao\/\",\"name\":\"Sonho de uma Noite de Ver\u00e3o - Companhia Maior\",\"isPartOf\":{\"@id\":\"https:\/\/companhiamaior.pt\/en\/#website\"},\"datePublished\":\"2021-09-14T09:42:02+00:00\",\"dateModified\":\"2022-12-09T16:11:14+00:00\",\"breadcrumb\":{\"@id\":\"https:\/\/companhiamaior.pt\/en\/sonho-de-uma-noite-de-verao\/#breadcrumb\"},\"inLanguage\":\"pt-PT\",\"potentialAction\":[{\"@type\":\"ReadAction\",\"target\":[\"https:\/\/companhiamaior.pt\/en\/sonho-de-uma-noite-de-verao\/\"]}]},{\"@type\":\"BreadcrumbList\",\"@id\":\"https:\/\/companhiamaior.pt\/en\/sonho-de-uma-noite-de-verao\/#breadcrumb\",\"itemListElement\":[{\"@type\":\"ListItem\",\"position\":1,\"name\":\"In\u00edcio\",\"item\":\"https:\/\/companhiamaior.pt\/en\/\"},{\"@type\":\"ListItem\",\"position\":2,\"name\":\"Sonho de uma Noite de Ver\u00e3o\"}]},{\"@type\":\"WebSite\",\"@id\":\"https:\/\/companhiamaior.pt\/en\/#website\",\"url\":\"https:\/\/companhiamaior.pt\/en\/\",\"name\":\"Companhia Maior\",\"description\":\"Associa\u00e7\u00e3o Cultural\",\"publisher\":{\"@id\":\"https:\/\/companhiamaior.pt\/en\/#organization\"},\"potentialAction\":[{\"@type\":\"SearchAction\",\"target\":{\"@type\":\"EntryPoint\",\"urlTemplate\":\"https:\/\/companhiamaior.pt\/en\/?s={search_term_string}\"},\"query-input\":\"required name=search_term_string\"}],\"inLanguage\":\"pt-PT\"},{\"@type\":\"Organization\",\"@id\":\"https:\/\/companhiamaior.pt\/en\/#organization\",\"name\":\"Companhia Maior\",\"url\":\"https:\/\/companhiamaior.pt\/en\/\",\"sameAs\":[],\"logo\":{\"@type\":\"ImageObject\",\"inLanguage\":\"pt-PT\",\"@id\":\"https:\/\/companhiamaior.pt\/en\/#\/schema\/logo\/image\/\",\"url\":\"https:\/\/companhiamaior.pt\/en\/wp-content\/uploads\/2021\/05\/cropped-logoHorzontalMaior.png\",\"contentUrl\":\"https:\/\/companhiamaior.pt\/en\/wp-content\/uploads\/2021\/05\/cropped-logoHorzontalMaior.png\",\"width\":472,\"height\":113,\"caption\":\"Companhia Maior\"},\"image\":{\"@id\":\"https:\/\/companhiamaior.pt\/en\/#\/schema\/logo\/image\/\"}}]}<\/script>\n<!-- \/ Yoast SEO plugin. -->","yoast_head_json":{"title":"Sonho de uma Noite de Ver\u00e3o - Companhia Maior","robots":{"index":"index","follow":"follow","max-snippet":"max-snippet:-1","max-image-preview":"max-image-preview:large","max-video-preview":"max-video-preview:-1"},"canonical":"https:\/\/companhiamaior.pt\/en\/sonho-de-uma-noite-de-verao\/","og_locale":"pt_PT","og_type":"article","og_title":"Sonho de uma Noite de Ver\u00e3o - Companhia Maior","og_description":"T\u00f3nan Quito Sonho de uma Noite de Ver\u00e3o A Midsummer Night\u2019s Dream 2016 In A Midsummer Night\u2019s Dream (1594\/96), Shakespeare, taking inspiration from classical mythology, merges several stories, presenting characters in conflict and sparking confusion,&hellip;","og_url":"https:\/\/companhiamaior.pt\/en\/sonho-de-uma-noite-de-verao\/","og_site_name":"Companhia Maior","article_modified_time":"2022-12-09T16:11:14+00:00","twitter_card":"summary_large_image","twitter_misc":{"Tempo estimado de leitura":"2 minutos"},"schema":{"@context":"https:\/\/schema.org","@graph":[{"@type":"WebPage","@id":"https:\/\/companhiamaior.pt\/en\/sonho-de-uma-noite-de-verao\/","url":"https:\/\/companhiamaior.pt\/en\/sonho-de-uma-noite-de-verao\/","name":"Sonho de uma Noite de Ver\u00e3o - Companhia Maior","isPartOf":{"@id":"https:\/\/companhiamaior.pt\/en\/#website"},"datePublished":"2021-09-14T09:42:02+00:00","dateModified":"2022-12-09T16:11:14+00:00","breadcrumb":{"@id":"https:\/\/companhiamaior.pt\/en\/sonho-de-uma-noite-de-verao\/#breadcrumb"},"inLanguage":"pt-PT","potentialAction":[{"@type":"ReadAction","target":["https:\/\/companhiamaior.pt\/en\/sonho-de-uma-noite-de-verao\/"]}]},{"@type":"BreadcrumbList","@id":"https:\/\/companhiamaior.pt\/en\/sonho-de-uma-noite-de-verao\/#breadcrumb","itemListElement":[{"@type":"ListItem","position":1,"name":"In\u00edcio","item":"https:\/\/companhiamaior.pt\/en\/"},{"@type":"ListItem","position":2,"name":"Sonho de uma Noite de Ver\u00e3o"}]},{"@type":"WebSite","@id":"https:\/\/companhiamaior.pt\/en\/#website","url":"https:\/\/companhiamaior.pt\/en\/","name":"Companhia Maior","description":"Associa\u00e7\u00e3o Cultural","publisher":{"@id":"https:\/\/companhiamaior.pt\/en\/#organization"},"potentialAction":[{"@type":"SearchAction","target":{"@type":"EntryPoint","urlTemplate":"https:\/\/companhiamaior.pt\/en\/?s={search_term_string}"},"query-input":"required name=search_term_string"}],"inLanguage":"pt-PT"},{"@type":"Organization","@id":"https:\/\/companhiamaior.pt\/en\/#organization","name":"Companhia Maior","url":"https:\/\/companhiamaior.pt\/en\/","sameAs":[],"logo":{"@type":"ImageObject","inLanguage":"pt-PT","@id":"https:\/\/companhiamaior.pt\/en\/#\/schema\/logo\/image\/","url":"https:\/\/companhiamaior.pt\/en\/wp-content\/uploads\/2021\/05\/cropped-logoHorzontalMaior.png","contentUrl":"https:\/\/companhiamaior.pt\/en\/wp-content\/uploads\/2021\/05\/cropped-logoHorzontalMaior.png","width":472,"height":113,"caption":"Companhia Maior"},"image":{"@id":"https:\/\/companhiamaior.pt\/en\/#\/schema\/logo\/image\/"}}]}},"_links":{"self":[{"href":"https:\/\/companhiamaior.pt\/en\/wp-json\/wp\/v2\/pages\/951","targetHints":{"allow":["GET"]}}],"collection":[{"href":"https:\/\/companhiamaior.pt\/en\/wp-json\/wp\/v2\/pages"}],"about":[{"href":"https:\/\/companhiamaior.pt\/en\/wp-json\/wp\/v2\/types\/page"}],"author":[{"embeddable":true,"href":"https:\/\/companhiamaior.pt\/en\/wp-json\/wp\/v2\/users\/1"}],"replies":[{"embeddable":true,"href":"https:\/\/companhiamaior.pt\/en\/wp-json\/wp\/v2\/comments?post=951"}],"version-history":[{"count":88,"href":"https:\/\/companhiamaior.pt\/en\/wp-json\/wp\/v2\/pages\/951\/revisions"}],"predecessor-version":[{"id":3851,"href":"https:\/\/companhiamaior.pt\/en\/wp-json\/wp\/v2\/pages\/951\/revisions\/3851"}],"wp:attachment":[{"href":"https:\/\/companhiamaior.pt\/en\/wp-json\/wp\/v2\/media?parent=951"}],"curies":[{"name":"wp","href":"https:\/\/api.w.org\/{rel}","templated":true}]}}