{"id":89,"date":"2021-07-01T18:17:36","date_gmt":"2021-07-01T18:17:36","guid":{"rendered":"https:\/\/companhiamaior.pt\/en\/?page_id=89"},"modified":"2022-11-02T18:43:37","modified_gmt":"2022-11-02T18:43:37","slug":"sobre","status":"publish","type":"page","link":"https:\/\/companhiamaior.pt\/en\/sobre\/","title":{"rendered":"About"},"content":{"rendered":"\t\t<div data-elementor-type=\"wp-page\" data-elementor-id=\"89\" class=\"elementor elementor-89\" data-elementor-settings=\"[]\">\n\t\t\t\t\t\t\t<div class=\"elementor-section-wrap\">\n\t\t\t\t\t\t\t<section class=\"elementor-section elementor-top-section elementor-element elementor-element-77cbf9ae elementor-section-boxed elementor-section-height-default elementor-section-height-default\" data-id=\"77cbf9ae\" data-element_type=\"section\">\n\t\t\t\t\t\t<div class=\"elementor-container elementor-column-gap-extended\">\n\t\t\t\t\t<div class=\"elementor-column elementor-col-100 elementor-top-column elementor-element elementor-element-4c664c79 sc_layouts_column_icons_position_left\" data-id=\"4c664c79\" data-element_type=\"column\">\n\t\t\t<div class=\"elementor-widget-wrap elementor-element-populated\">\n\t\t\t\t\t\t\t\t<div class=\"elementor-element elementor-element-e37d4ae elementor-widget elementor-widget-spacer\" data-id=\"e37d4ae\" data-element_type=\"widget\" data-widget_type=\"spacer.default\">\n\t\t\t\t<div class=\"elementor-widget-container\">\n\t\t\t\t\t<div class=\"elementor-spacer\">\n\t\t\t<div class=\"elementor-spacer-inner\"><\/div>\n\t\t<\/div>\n\t\t\t\t<\/div>\n\t\t\t\t<\/div>\n\t\t\t\t<div class=\"elementor-element elementor-element-d235f1f elementor-widget elementor-widget-heading\" data-id=\"d235f1f\" data-element_type=\"widget\" data-widget_type=\"heading.default\">\n\t\t\t\t<div class=\"elementor-widget-container\">\n\t\t\t<h3 class=\"elementor-heading-title elementor-size-default\">About Us<\/h3>\t\t<\/div>\n\t\t\t\t<\/div>\n\t\t\t\t<div class=\"elementor-element elementor-element-84258be elementor-widget-divider--view-line elementor-widget elementor-widget-divider\" data-id=\"84258be\" data-element_type=\"widget\" data-widget_type=\"divider.default\">\n\t\t\t\t<div class=\"elementor-widget-container\">\n\t\t\t\t\t<div class=\"elementor-divider\">\n\t\t\t<span class=\"elementor-divider-separator\">\n\t\t\t\t\t\t<\/span>\n\t\t<\/div>\n\t\t\t\t<\/div>\n\t\t\t\t<\/div>\n\t\t\t\t<div class=\"elementor-element elementor-element-a788a76 elementor-widget elementor-widget-spacer\" data-id=\"a788a76\" data-element_type=\"widget\" data-widget_type=\"spacer.default\">\n\t\t\t\t<div class=\"elementor-widget-container\">\n\t\t\t\t\t<div class=\"elementor-spacer\">\n\t\t\t<div class=\"elementor-spacer-inner\"><\/div>\n\t\t<\/div>\n\t\t\t\t<\/div>\n\t\t\t\t<\/div>\n\t\t\t\t<div class=\"elementor-element elementor-element-7cd13590 elementor-widget elementor-widget-text-editor\" data-id=\"7cd13590\" data-element_type=\"widget\" data-widget_type=\"text-editor.default\">\n\t\t\t\t<div class=\"elementor-widget-container\">\n\t\t\t\t\t\t\t<p>Companhia Maior is a creative project in the area of contemporary performing arts, developed with elderly artists. Launched in 2010, at the initiative of Lu\u00edsa Taveira, Companhia promotes creativity in the elderly, working with several generations of creators in the interdisciplinary context of contemporary creation.<\/p>\n<p>Renowned artists, including Tiago Rodrigues, Clara Andermatt, M\u00f3nica Calle, Tim Etchells, Jorge Andrade, Pedro Penim, Joana Craveiro, Sofia Dias and V\u00edtor Roriz, have created original works for Companhia Maior, highlighting the uniqueness of the cast and their capacity for expression and communication.<\/p>\n<p>Companhia Maior\u2019s innovative character sparks important debate about active ageing in Portuguese society and the role of art and culture in seeking effective solutions for a full social life.<\/p>\n<p>Companhia Maior is active on a regular basis and is involved with training in various subjects and formats linked to the creations it produces.<\/p>\t\t\t\t\t\t<\/div>\n\t\t\t\t<\/div>\n\t\t\t\t<div class=\"elementor-element elementor-element-4de96ae elementor-widget elementor-widget-spacer\" data-id=\"4de96ae\" data-element_type=\"widget\" data-widget_type=\"spacer.default\">\n\t\t\t\t<div class=\"elementor-widget-container\">\n\t\t\t\t\t<div class=\"elementor-spacer\">\n\t\t\t<div class=\"elementor-spacer-inner\"><\/div>\n\t\t<\/div>\n\t\t\t\t<\/div>\n\t\t\t\t<\/div>\n\t\t\t\t<div class=\"elementor-element elementor-element-8d6bef2 elementor-widget elementor-widget-heading\" data-id=\"8d6bef2\" data-element_type=\"widget\" data-widget_type=\"heading.default\">\n\t\t\t\t<div class=\"elementor-widget-container\">\n\t\t\t<h3 class=\"elementor-heading-title elementor-size-default\">Historic<\/h3>\t\t<\/div>\n\t\t\t\t<\/div>\n\t\t\t\t<div class=\"elementor-element elementor-element-f3868b7 elementor-widget-divider--view-line elementor-widget elementor-widget-divider\" data-id=\"f3868b7\" data-element_type=\"widget\" data-widget_type=\"divider.default\">\n\t\t\t\t<div class=\"elementor-widget-container\">\n\t\t\t\t\t<div class=\"elementor-divider\">\n\t\t\t<span class=\"elementor-divider-separator\">\n\t\t\t\t\t\t<\/span>\n\t\t<\/div>\n\t\t\t\t<\/div>\n\t\t\t\t<\/div>\n\t\t\t\t<div class=\"elementor-element elementor-element-9121ea4 elementor-widget elementor-widget-spacer\" data-id=\"9121ea4\" data-element_type=\"widget\" data-widget_type=\"spacer.default\">\n\t\t\t\t<div class=\"elementor-widget-container\">\n\t\t\t\t\t<div class=\"elementor-spacer\">\n\t\t\t<div class=\"elementor-spacer-inner\"><\/div>\n\t\t<\/div>\n\t\t\t\t<\/div>\n\t\t\t\t<\/div>\n\t\t\t\t<div class=\"elementor-element elementor-element-fbfc9f8 elementor-widget elementor-widget-text-editor\" data-id=\"fbfc9f8\" data-element_type=\"widget\" data-widget_type=\"text-editor.default\">\n\t\t\t\t<div class=\"elementor-widget-container\">\n\t\t\t\t\t\t\t<p>Companhia Maior is composed of artists who, for the most part, are over sixty years old and have backgrounds in diverse sectors of artistic and cultural activity. Created in 2010, at the initiative of Lu\u00edsa Taveira, with the mission of promoting creativity in the elderly, Companhia has worked with several generations of creators in the interdisciplinary context of contemporary creation. Companhia Maior is active on a regular basis and is involved with training in various subjects and formats linked to the creations it produces.<\/p><p>The company\u2019s first show, <strong><em>Sleeping Beauty<\/em><\/strong>, with script and stage direction by Tiago Rodrigues, opened at the CCB in 2010 with a cast of 14 performers selected through audition. This was followed in 2011 by <strong><em>Maior<\/em><\/strong> (Greater), choreographed by Clara Andermatt, this time with 17 artists in the cast, and in 2012 by <strong><em>Ilumina\u00e7\u00f5es<\/em><\/strong> (Illuminations), brought to the stage by M\u00f3nica Calle.<\/p><p>In 2013, Companhia Maior took part in a production of <strong><em>The Visit<\/em><\/strong>, directed by Nuno Cardoso, which opened in S\u00e3o Luiz Teatro Municipal. The play was a co-production by this theatre, Ao Cabo Teatro, Companhia Maior and the Centro Cultural Vila Flor, and was also performed in the Centro Cultural Vila Flor, in Guimar\u00e3es, and Teatro Nacional de S\u00e3o Jo\u00e3o, in Porto. In October of the same year, the company took part in the <strong><em>Maratona 10 anos 10 horas<\/em><\/strong> (10-year 10-hour Marathon), at Maria Matos Teatro Municipal, in Lisbon, an event marking the 10th anniversary of the theatre companies Mala Voadora and Mundo Perfeito and the 44th anniversary of the theatre. Shortly afterwards, still in 2013, it presented a new co-production with the CCB, <strong><em>Estalo Novo<\/em><\/strong> (New Snap), a creation by Ana Borralho and Jo\u00e3o Galante.<\/p><p>With an enlarged cast of 27 performers, the company premi\u00e8red two new shows almost simultaneously in Lisbon in October 2014. The first of these was <strong><em>The best fastest worst saddest longest most complex hardest funniest<\/em><\/strong>, written by Tim Etchells and directed by Jorge Andrade, presented at the CCB, and the second was <strong><em>Um de n\u00f3s<\/em><\/strong> (One of us), directed by Peter Vandenbempt and performed in Maria Matos Teatro Municipal.<\/p><p>At the end of that year, Companhia Maior made its international d\u00e9but with the presentation of <strong><em>Estalo Novo<\/em><\/strong> (New Snap) at the MA sc\u00e8ne national, in Montb\u00e9liard, France.<\/p><p>This was followed, in 2015, by <strong><em>For\u00e7a<\/em><\/strong> (Strength), with artistic direction by Filipa Francisco, then in 2016 by <strong><em>A Midsummer Night\u2019s Dream<\/em><\/strong>, directed by T\u00f3nan\u00a0Quito, in 2017 by <strong><em>Humor Maligno<\/em><\/strong> (Malign Humour), staged by Pedro Penim, and in 2018 by <strong><em>Mapa Mundi<\/em><\/strong>, directed by Joana Craveiro, all in co-production with the CCB. In parallel, in 2018, Companhia Maior presented <strong><em>Dizer\u2026 as palavras dos poetas <\/em><\/strong>(Speaking&#8230; the words of poets), directed by Miguel Azguime, in the Espa\u00e7o O\u2019culto and at Passos Manuel Secondary School, as part of European Literature Night, and, in 2019, presented <strong><em>Cord\u00e9is Minimalistas<\/em><\/strong> (Minimalist Strings), directed by Jo\u00e3o Mota, in Comuna Teatro de Pesquisa and F\u00f3rum Cultural Jos\u00e9 Manuel Figueiredo, in Moita.<\/p><p>Companhia Maior has presented its productions in cultural spaces and venues throughout Portugal, including Teatro Municipal de\u00a0Bragan\u00e7a, Cine-Teatro de Estarreja, TEMPO \u2013 Teatro Municipal de Portim\u00e3o, Centro Cultural Vila Flor (Guimar\u00e3es), Teatro Viriato (Viseu), TeCa \u2013 Teatro Carlos Alberto (Porto), Teatro Micaelense (Ponta Delgada), Teatro Virg\u00ednia (Torres Novas), Teatro Municipal da Guarda, Casa da Cultura de Alf\u00e2ndega\u00a0da F\u00e9, Centro de Espet\u00e1culos (Tr\u00f3ia), Teatro Municipal Joaquim Benite (Almada), Teatro Gil Vicente (Coimbra), Teatro-Cine de Torres Vedras, Teatro Aveirense, FIL \u2013 Feira Internacional de Lisboa, Espa\u00e7o O\u2019culto da Ajuda, Passos Manuel Secondary School, Comuna Teatro de Pesquisa and F\u00f3rum Cultural Jos\u00e9\u00a0Manuel Figueiredo.<\/p><p>Companhia Maior is registered as a Cultural Association and its members contribute actively to the continued discussion of issues related to its mission, operation, and social and artistic impact.<\/p>\t\t\t\t\t\t<\/div>\n\t\t\t\t<\/div>\n\t\t\t\t<div class=\"elementor-element elementor-element-2e0d17f elementor-widget elementor-widget-spacer\" data-id=\"2e0d17f\" data-element_type=\"widget\" data-widget_type=\"spacer.default\">\n\t\t\t\t<div class=\"elementor-widget-container\">\n\t\t\t\t\t<div class=\"elementor-spacer\">\n\t\t\t<div class=\"elementor-spacer-inner\"><\/div>\n\t\t<\/div>\n\t\t\t\t<\/div>\n\t\t\t\t<\/div>\n\t\t\t\t<div class=\"elementor-element elementor-element-004bb0a elementor-widget-divider--view-line elementor-widget elementor-widget-divider\" data-id=\"004bb0a\" data-element_type=\"widget\" data-widget_type=\"divider.default\">\n\t\t\t\t<div class=\"elementor-widget-container\">\n\t\t\t\t\t<div class=\"elementor-divider\">\n\t\t\t<span class=\"elementor-divider-separator\">\n\t\t\t\t\t\t<\/span>\n\t\t<\/div>\n\t\t\t\t<\/div>\n\t\t\t\t<\/div>\n\t\t\t\t\t<\/div>\n\t\t<\/div>\n\t\t\t\t\t\t\t<\/div>\n\t\t<\/section>\n\t\t\t\t\t\t<\/div>\n\t\t\t\t\t<\/div>\n\t\t","protected":false},"excerpt":{"rendered":"<p>About Us Companhia Maior is a creative project in the area of contemporary performing arts, developed with elderly artists. Launched in 2010, at the initiative of Lu\u00edsa Taveira, Companhia promotes creativity in the elderly, working&hellip;<\/p>\n","protected":false},"author":1,"featured_media":0,"parent":0,"menu_order":0,"comment_status":"closed","ping_status":"closed","template":"elementor_theme","meta":{"footnotes":""},"class_list":["post-89","page","type-page","status-publish","hentry"],"yoast_head":"<!-- This site is optimized with the Yoast SEO plugin v19.8 - https:\/\/yoast.com\/wordpress\/plugins\/seo\/ -->\n<title>About - Companhia Maior<\/title>\n<meta name=\"robots\" content=\"index, follow, max-snippet:-1, max-image-preview:large, max-video-preview:-1\" \/>\n<link rel=\"canonical\" href=\"https:\/\/companhiamaior.pt\/en\/sobre\/\" \/>\n<meta property=\"og:locale\" content=\"pt_PT\" \/>\n<meta property=\"og:type\" content=\"article\" \/>\n<meta property=\"og:title\" content=\"About - Companhia Maior\" \/>\n<meta property=\"og:description\" content=\"About Us Companhia Maior is a creative project in the area of contemporary performing arts, developed with elderly artists. Launched in 2010, at the initiative of Lu\u00edsa Taveira, Companhia promotes creativity in the elderly, working&hellip;\" \/>\n<meta property=\"og:url\" content=\"https:\/\/companhiamaior.pt\/en\/sobre\/\" \/>\n<meta property=\"og:site_name\" content=\"Companhia Maior\" \/>\n<meta property=\"article:modified_time\" content=\"2022-11-02T18:43:37+00:00\" \/>\n<meta name=\"twitter:card\" content=\"summary_large_image\" \/>\n<meta name=\"twitter:label1\" content=\"Tempo estimado de leitura\" \/>\n\t<meta name=\"twitter:data1\" content=\"5 minutos\" \/>\n<script type=\"application\/ld+json\" class=\"yoast-schema-graph\">{\"@context\":\"https:\/\/schema.org\",\"@graph\":[{\"@type\":\"WebPage\",\"@id\":\"https:\/\/companhiamaior.pt\/en\/sobre\/\",\"url\":\"https:\/\/companhiamaior.pt\/en\/sobre\/\",\"name\":\"About - Companhia Maior\",\"isPartOf\":{\"@id\":\"https:\/\/companhiamaior.pt\/en\/#website\"},\"datePublished\":\"2021-07-01T18:17:36+00:00\",\"dateModified\":\"2022-11-02T18:43:37+00:00\",\"breadcrumb\":{\"@id\":\"https:\/\/companhiamaior.pt\/en\/sobre\/#breadcrumb\"},\"inLanguage\":\"pt-PT\",\"potentialAction\":[{\"@type\":\"ReadAction\",\"target\":[\"https:\/\/companhiamaior.pt\/en\/sobre\/\"]}]},{\"@type\":\"BreadcrumbList\",\"@id\":\"https:\/\/companhiamaior.pt\/en\/sobre\/#breadcrumb\",\"itemListElement\":[{\"@type\":\"ListItem\",\"position\":1,\"name\":\"In\u00edcio\",\"item\":\"https:\/\/companhiamaior.pt\/en\/\"},{\"@type\":\"ListItem\",\"position\":2,\"name\":\"About\"}]},{\"@type\":\"WebSite\",\"@id\":\"https:\/\/companhiamaior.pt\/en\/#website\",\"url\":\"https:\/\/companhiamaior.pt\/en\/\",\"name\":\"Companhia Maior\",\"description\":\"Associa\u00e7\u00e3o Cultural\",\"publisher\":{\"@id\":\"https:\/\/companhiamaior.pt\/en\/#organization\"},\"potentialAction\":[{\"@type\":\"SearchAction\",\"target\":{\"@type\":\"EntryPoint\",\"urlTemplate\":\"https:\/\/companhiamaior.pt\/en\/?s={search_term_string}\"},\"query-input\":\"required name=search_term_string\"}],\"inLanguage\":\"pt-PT\"},{\"@type\":\"Organization\",\"@id\":\"https:\/\/companhiamaior.pt\/en\/#organization\",\"name\":\"Companhia Maior\",\"url\":\"https:\/\/companhiamaior.pt\/en\/\",\"sameAs\":[],\"logo\":{\"@type\":\"ImageObject\",\"inLanguage\":\"pt-PT\",\"@id\":\"https:\/\/companhiamaior.pt\/en\/#\/schema\/logo\/image\/\",\"url\":\"https:\/\/companhiamaior.pt\/en\/wp-content\/uploads\/2021\/05\/cropped-logoHorzontalMaior.png\",\"contentUrl\":\"https:\/\/companhiamaior.pt\/en\/wp-content\/uploads\/2021\/05\/cropped-logoHorzontalMaior.png\",\"width\":472,\"height\":113,\"caption\":\"Companhia Maior\"},\"image\":{\"@id\":\"https:\/\/companhiamaior.pt\/en\/#\/schema\/logo\/image\/\"}}]}<\/script>\n<!-- \/ Yoast SEO plugin. -->","yoast_head_json":{"title":"About - Companhia Maior","robots":{"index":"index","follow":"follow","max-snippet":"max-snippet:-1","max-image-preview":"max-image-preview:large","max-video-preview":"max-video-preview:-1"},"canonical":"https:\/\/companhiamaior.pt\/en\/sobre\/","og_locale":"pt_PT","og_type":"article","og_title":"About - Companhia Maior","og_description":"About Us Companhia Maior is a creative project in the area of contemporary performing arts, developed with elderly artists. Launched in 2010, at the initiative of Lu\u00edsa Taveira, Companhia promotes creativity in the elderly, working&hellip;","og_url":"https:\/\/companhiamaior.pt\/en\/sobre\/","og_site_name":"Companhia Maior","article_modified_time":"2022-11-02T18:43:37+00:00","twitter_card":"summary_large_image","twitter_misc":{"Tempo estimado de leitura":"5 minutos"},"schema":{"@context":"https:\/\/schema.org","@graph":[{"@type":"WebPage","@id":"https:\/\/companhiamaior.pt\/en\/sobre\/","url":"https:\/\/companhiamaior.pt\/en\/sobre\/","name":"About - Companhia Maior","isPartOf":{"@id":"https:\/\/companhiamaior.pt\/en\/#website"},"datePublished":"2021-07-01T18:17:36+00:00","dateModified":"2022-11-02T18:43:37+00:00","breadcrumb":{"@id":"https:\/\/companhiamaior.pt\/en\/sobre\/#breadcrumb"},"inLanguage":"pt-PT","potentialAction":[{"@type":"ReadAction","target":["https:\/\/companhiamaior.pt\/en\/sobre\/"]}]},{"@type":"BreadcrumbList","@id":"https:\/\/companhiamaior.pt\/en\/sobre\/#breadcrumb","itemListElement":[{"@type":"ListItem","position":1,"name":"In\u00edcio","item":"https:\/\/companhiamaior.pt\/en\/"},{"@type":"ListItem","position":2,"name":"About"}]},{"@type":"WebSite","@id":"https:\/\/companhiamaior.pt\/en\/#website","url":"https:\/\/companhiamaior.pt\/en\/","name":"Companhia Maior","description":"Associa\u00e7\u00e3o Cultural","publisher":{"@id":"https:\/\/companhiamaior.pt\/en\/#organization"},"potentialAction":[{"@type":"SearchAction","target":{"@type":"EntryPoint","urlTemplate":"https:\/\/companhiamaior.pt\/en\/?s={search_term_string}"},"query-input":"required name=search_term_string"}],"inLanguage":"pt-PT"},{"@type":"Organization","@id":"https:\/\/companhiamaior.pt\/en\/#organization","name":"Companhia Maior","url":"https:\/\/companhiamaior.pt\/en\/","sameAs":[],"logo":{"@type":"ImageObject","inLanguage":"pt-PT","@id":"https:\/\/companhiamaior.pt\/en\/#\/schema\/logo\/image\/","url":"https:\/\/companhiamaior.pt\/en\/wp-content\/uploads\/2021\/05\/cropped-logoHorzontalMaior.png","contentUrl":"https:\/\/companhiamaior.pt\/en\/wp-content\/uploads\/2021\/05\/cropped-logoHorzontalMaior.png","width":472,"height":113,"caption":"Companhia Maior"},"image":{"@id":"https:\/\/companhiamaior.pt\/en\/#\/schema\/logo\/image\/"}}]}},"_links":{"self":[{"href":"https:\/\/companhiamaior.pt\/en\/wp-json\/wp\/v2\/pages\/89","targetHints":{"allow":["GET"]}}],"collection":[{"href":"https:\/\/companhiamaior.pt\/en\/wp-json\/wp\/v2\/pages"}],"about":[{"href":"https:\/\/companhiamaior.pt\/en\/wp-json\/wp\/v2\/types\/page"}],"author":[{"embeddable":true,"href":"https:\/\/companhiamaior.pt\/en\/wp-json\/wp\/v2\/users\/1"}],"replies":[{"embeddable":true,"href":"https:\/\/companhiamaior.pt\/en\/wp-json\/wp\/v2\/comments?post=89"}],"version-history":[{"count":70,"href":"https:\/\/companhiamaior.pt\/en\/wp-json\/wp\/v2\/pages\/89\/revisions"}],"predecessor-version":[{"id":3482,"href":"https:\/\/companhiamaior.pt\/en\/wp-json\/wp\/v2\/pages\/89\/revisions\/3482"}],"wp:attachment":[{"href":"https:\/\/companhiamaior.pt\/en\/wp-json\/wp\/v2\/media?parent=89"}],"curies":[{"name":"wp","href":"https:\/\/api.w.org\/{rel}","templated":true}]}}