{"id":874,"date":"2021-09-09T20:19:35","date_gmt":"2021-09-09T20:19:35","guid":{"rendered":"https:\/\/companhiamaior.pt\/en\/?page_id=874"},"modified":"2022-12-09T16:01:21","modified_gmt":"2022-12-09T16:01:21","slug":"natureza-fantasma","status":"publish","type":"page","link":"https:\/\/companhiamaior.pt\/en\/natureza-fantasma\/","title":{"rendered":"Natureza Fantasma"},"content":{"rendered":"\t\t<div data-elementor-type=\"wp-page\" data-elementor-id=\"874\" class=\"elementor elementor-874\" data-elementor-settings=\"[]\">\n\t\t\t\t\t\t\t<div class=\"elementor-section-wrap\">\n\t\t\t\t\t\t\t<section class=\"elementor-section elementor-top-section elementor-element elementor-element-342962e elementor-section-height-full elementor-section-full_width elementor-section-stretched elementor-section-height-default elementor-section-items-middle\" data-id=\"342962e\" data-element_type=\"section\" data-settings=\"{&quot;background_background&quot;:&quot;slideshow&quot;,&quot;background_slideshow_gallery&quot;:[{&quot;id&quot;:1392,&quot;url&quot;:&quot;https:\\\/\\\/companhiamaior.pt\\\/en\\\/en\\\/wp-content\\\/uploads\\\/2021\\\/10\\\/1920x1080_0014_Layer-122.jpg&quot;},{&quot;id&quot;:1390,&quot;url&quot;:&quot;https:\\\/\\\/companhiamaior.pt\\\/en\\\/en\\\/wp-content\\\/uploads\\\/2021\\\/10\\\/1920x1080_0012_Layer-124.jpg&quot;},{&quot;id&quot;:2142,&quot;url&quot;:&quot;https:\\\/\\\/companhiamaior.pt\\\/en\\\/en\\\/wp-content\\\/uploads\\\/2022\\\/01\\\/Untitled-1_0002_Layer-2.jpg&quot;},{&quot;id&quot;:1385,&quot;url&quot;:&quot;https:\\\/\\\/companhiamaior.pt\\\/en\\\/en\\\/wp-content\\\/uploads\\\/2021\\\/10\\\/1920x1080_0007_Layer-129.jpg&quot;},{&quot;id&quot;:1389,&quot;url&quot;:&quot;https:\\\/\\\/companhiamaior.pt\\\/en\\\/en\\\/wp-content\\\/uploads\\\/2021\\\/10\\\/1920x1080_0011_Layer-125.jpg&quot;},{&quot;id&quot;:1391,&quot;url&quot;:&quot;https:\\\/\\\/companhiamaior.pt\\\/en\\\/en\\\/wp-content\\\/uploads\\\/2021\\\/10\\\/1920x1080_0013_Layer-123.jpg&quot;},{&quot;id&quot;:2143,&quot;url&quot;:&quot;https:\\\/\\\/companhiamaior.pt\\\/en\\\/en\\\/wp-content\\\/uploads\\\/2022\\\/01\\\/Untitled-1_0003_Layer-1.jpg&quot;},{&quot;id&quot;:1381,&quot;url&quot;:&quot;https:\\\/\\\/companhiamaior.pt\\\/en\\\/en\\\/wp-content\\\/uploads\\\/2021\\\/10\\\/1920x1080_0003_Layer-133.jpg&quot;},{&quot;id&quot;:1384,&quot;url&quot;:&quot;https:\\\/\\\/companhiamaior.pt\\\/en\\\/en\\\/wp-content\\\/uploads\\\/2021\\\/10\\\/1920x1080_0006_Layer-130.jpg&quot;},{&quot;id&quot;:1379,&quot;url&quot;:&quot;https:\\\/\\\/companhiamaior.pt\\\/en\\\/en\\\/wp-content\\\/uploads\\\/2021\\\/10\\\/1920x1080_0001_Layer-135.jpg&quot;},{&quot;id&quot;:2140,&quot;url&quot;:&quot;https:\\\/\\\/companhiamaior.pt\\\/en\\\/en\\\/wp-content\\\/uploads\\\/2022\\\/01\\\/Untitled-1_0000_Layer-4.jpg&quot;},{&quot;id&quot;:2141,&quot;url&quot;:&quot;https:\\\/\\\/companhiamaior.pt\\\/en\\\/en\\\/wp-content\\\/uploads\\\/2022\\\/01\\\/Untitled-1_0001_Layer-3.jpg&quot;}],&quot;background_slideshow_slide_transition&quot;:&quot;slide_right&quot;,&quot;stretch_section&quot;:&quot;section-stretched&quot;,&quot;background_slideshow_loop&quot;:&quot;yes&quot;,&quot;background_slideshow_slide_duration&quot;:5000,&quot;background_slideshow_transition_duration&quot;:500}\">\n\t\t\t\t\t\t<div class=\"elementor-container elementor-column-gap-extended\">\n\t\t\t\t\t<div class=\"elementor-column elementor-col-100 elementor-top-column elementor-element elementor-element-10df1913 sc_layouts_column_icons_position_left\" data-id=\"10df1913\" data-element_type=\"column\">\n\t\t\t<div class=\"elementor-widget-wrap\">\n\t\t\t\t\t\t\t\t\t<\/div>\n\t\t<\/div>\n\t\t\t\t\t\t\t<\/div>\n\t\t<\/section>\n\t\t\t\t<section class=\"elementor-section elementor-top-section elementor-element elementor-element-2833a806 elementor-section-boxed elementor-section-height-default elementor-section-height-default\" data-id=\"2833a806\" data-element_type=\"section\">\n\t\t\t\t\t\t<div class=\"elementor-container elementor-column-gap-extended\">\n\t\t\t\t\t<div class=\"elementor-column elementor-col-66 elementor-top-column elementor-element elementor-element-67195bdf sc_layouts_column_icons_position_left\" data-id=\"67195bdf\" data-element_type=\"column\">\n\t\t\t<div class=\"elementor-widget-wrap elementor-element-populated\">\n\t\t\t\t\t\t\t\t<div class=\"elementor-element elementor-element-4f1f5f71 elementor-widget elementor-widget-spacer\" data-id=\"4f1f5f71\" data-element_type=\"widget\" data-widget_type=\"spacer.default\">\n\t\t\t\t<div class=\"elementor-widget-container\">\n\t\t\t\t\t<div class=\"elementor-spacer\">\n\t\t\t<div class=\"elementor-spacer-inner\"><\/div>\n\t\t<\/div>\n\t\t\t\t<\/div>\n\t\t\t\t<\/div>\n\t\t\t\t<div class=\"elementor-element elementor-element-2134eb1 elementor-widget elementor-widget-heading\" data-id=\"2134eb1\" data-element_type=\"widget\" data-widget_type=\"heading.default\">\n\t\t\t\t<div class=\"elementor-widget-container\">\n\t\t\t<h5 class=\"elementor-heading-title elementor-size-default\">Marco Martins<\/h5>\t\t<\/div>\n\t\t\t\t<\/div>\n\t\t\t\t<div class=\"elementor-element elementor-element-7ce6ab8 elementor-widget elementor-widget-spacer\" data-id=\"7ce6ab8\" data-element_type=\"widget\" data-widget_type=\"spacer.default\">\n\t\t\t\t<div class=\"elementor-widget-container\">\n\t\t\t\t\t<div class=\"elementor-spacer\">\n\t\t\t<div class=\"elementor-spacer-inner\"><\/div>\n\t\t<\/div>\n\t\t\t\t<\/div>\n\t\t\t\t<\/div>\n\t\t\t\t<div class=\"elementor-element elementor-element-4dbffa9e elementor-widget elementor-widget-heading\" data-id=\"4dbffa9e\" data-element_type=\"widget\" data-widget_type=\"heading.default\">\n\t\t\t\t<div class=\"elementor-widget-container\">\n\t\t\t<h2 class=\"elementor-heading-title elementor-size-default\">Natureza Fantasma<\/h2>\t\t<\/div>\n\t\t\t\t<\/div>\n\t\t\t\t<div class=\"elementor-element elementor-element-7613fda elementor-widget elementor-widget-heading\" data-id=\"7613fda\" data-element_type=\"widget\" data-widget_type=\"heading.default\">\n\t\t\t\t<div class=\"elementor-widget-container\">\n\t\t\t<h5 class=\"elementor-heading-title elementor-size-default\">Phantom Nature<\/h5>\t\t<\/div>\n\t\t\t\t<\/div>\n\t\t\t\t<div class=\"elementor-element elementor-element-55b46f7 elementor-widget elementor-widget-heading\" data-id=\"55b46f7\" data-element_type=\"widget\" data-widget_type=\"heading.default\">\n\t\t\t\t<div class=\"elementor-widget-container\">\n\t\t\t<h5 class=\"elementor-heading-title elementor-size-default\">2021<\/h5>\t\t<\/div>\n\t\t\t\t<\/div>\n\t\t\t\t<div class=\"elementor-element elementor-element-7a8475a5 elementor-widget elementor-widget-spacer\" data-id=\"7a8475a5\" data-element_type=\"widget\" data-widget_type=\"spacer.default\">\n\t\t\t\t<div class=\"elementor-widget-container\">\n\t\t\t\t\t<div class=\"elementor-spacer\">\n\t\t\t<div class=\"elementor-spacer-inner\"><\/div>\n\t\t<\/div>\n\t\t\t\t<\/div>\n\t\t\t\t<\/div>\n\t\t\t\t<div class=\"elementor-element elementor-element-46b5eef7 elementor-widget elementor-widget-text-editor\" data-id=\"46b5eef7\" data-element_type=\"widget\" data-widget_type=\"text-editor.default\">\n\t\t\t\t<div class=\"elementor-widget-container\">\n\t\t\t\t\t\t\t<p>Every year since its creation in 2010, Companhia Maior has invited an artist or collective to create a show for the group. In 2020, the devastation caused by the pandemic meant that we were unable to achieve this aim. We came up with a new type of creation, however, an installation based on the childhood images and memories of the performers.<\/p><p>Based on the cast\u2019s family albums, Marco Martins, in collaboration with Fernanda Fragateiro and Gon\u00e7alo M. Tavares, created <em>Natureza Fantasma<\/em> (Phantom Nature), an installation based on the way these records shape memories, fixing certain events in a ghostly light.<\/p><p>As a more or less systematic collection, a photographic archive\u2019s personal and family aspects point to a construction in which time takes on emotional outlines and narratives, beyond a strictly chronological dimension.<\/p><p>Photographs and films, however, are always a way of recording actions and information, possessing an intrinsic materiality and constituting a means of expression that distinguishes them from other discourses found in the personal and family dimension.<\/p><p>The visual representation of this type of event (studio photography, holiday photos and photographs of various other domestic events) always involves the construction of an image representing a narration that we seek to control.<\/p><p>By confronting those images and with the presence of the people involved in Companhia Maior, now forcibly dissolved in the virtual, <em>Natureza Fantasma<\/em> grabs onto the potential of that virtual aspect, materialising that which is latent in the fictional dimension of all biographies. \u00a0<\/p>\t\t\t\t\t\t<\/div>\n\t\t\t\t<\/div>\n\t\t\t\t<div class=\"elementor-element elementor-element-63c1beb6 elementor-widget elementor-widget-spacer\" data-id=\"63c1beb6\" data-element_type=\"widget\" data-widget_type=\"spacer.default\">\n\t\t\t\t<div class=\"elementor-widget-container\">\n\t\t\t\t\t<div class=\"elementor-spacer\">\n\t\t\t<div class=\"elementor-spacer-inner\"><\/div>\n\t\t<\/div>\n\t\t\t\t<\/div>\n\t\t\t\t<\/div>\n\t\t\t\t<div class=\"elementor-element elementor-element-df747d0 elementor-widget elementor-widget-spacer\" data-id=\"df747d0\" data-element_type=\"widget\" data-widget_type=\"spacer.default\">\n\t\t\t\t<div class=\"elementor-widget-container\">\n\t\t\t\t\t<div class=\"elementor-spacer\">\n\t\t\t<div class=\"elementor-spacer-inner\"><\/div>\n\t\t<\/div>\n\t\t\t\t<\/div>\n\t\t\t\t<\/div>\n\t\t\t\t<div class=\"elementor-element elementor-element-5834dcbd elementor-widget elementor-widget-spacer\" data-id=\"5834dcbd\" data-element_type=\"widget\" data-widget_type=\"spacer.default\">\n\t\t\t\t<div class=\"elementor-widget-container\">\n\t\t\t\t\t<div class=\"elementor-spacer\">\n\t\t\t<div class=\"elementor-spacer-inner\"><\/div>\n\t\t<\/div>\n\t\t\t\t<\/div>\n\t\t\t\t<\/div>\n\t\t\t\t\t<\/div>\n\t\t<\/div>\n\t\t\t\t<div class=\"elementor-column elementor-col-33 elementor-top-column elementor-element elementor-element-7faaf256 sc_layouts_column_icons_position_left\" data-id=\"7faaf256\" data-element_type=\"column\">\n\t\t\t<div class=\"elementor-widget-wrap elementor-element-populated\">\n\t\t\t\t\t\t\t\t<div class=\"elementor-element elementor-element-2160a2e4 elementor-widget elementor-widget-spacer\" data-id=\"2160a2e4\" data-element_type=\"widget\" data-widget_type=\"spacer.default\">\n\t\t\t\t<div class=\"elementor-widget-container\">\n\t\t\t\t\t<div class=\"elementor-spacer\">\n\t\t\t<div class=\"elementor-spacer-inner\"><\/div>\n\t\t<\/div>\n\t\t\t\t<\/div>\n\t\t\t\t<\/div>\n\t\t\t\t<div class=\"elementor-element elementor-element-2d4e2b48 elementor-widget elementor-widget-text-editor\" data-id=\"2d4e2b48\" data-element_type=\"widget\" data-widget_type=\"text-editor.default\">\n\t\t\t\t<div class=\"elementor-widget-container\">\n\t\t\t\t\t\t\t<h5>Credits<\/h5>\t\t\t\t\t\t<\/div>\n\t\t\t\t<\/div>\n\t\t\t\t<div class=\"elementor-element elementor-element-78904056 elementor-widget elementor-widget-text-editor\" data-id=\"78904056\" data-element_type=\"widget\" data-widget_type=\"text-editor.default\">\n\t\t\t\t<div class=\"elementor-widget-container\">\n\t\t\t\t\t\t\t<p>Instalation by <strong>Marco Martins, Fernanda Fragateiro e Gon\u00e7alo M. tavares<br \/><\/strong><\/p><p>Film Director<strong> <br \/>Marco Martins<\/strong><\/p><p>Sculpture and set designer<br \/><strong>Fernanda Fragateiro<\/strong><\/p><p>Text<br \/><strong>Gon\u00e7alo M. Tavares<br \/><\/strong><strong>Marco Martins<\/strong><\/p><p>Companhia Maior cast<br \/><strong>Angelina Mateus, Carlos Fernandes, Carlos Nery, Catarina Rico, Cristina Gon\u00e7alves, Edmundo Sardinha, Elisa Worm, Isabel Sim\u00f5es, Jo\u00e3o Silvestre, Kimberley Ribeiro, Manuela de Sousa Rama, Maria Helena Fal\u00e9, Michel, Paula B\u00e1rcia<\/strong><\/p><p>Technical consultant, sound designer and engineer<br \/><strong>Jo\u00e3o Ferro Martins<br \/><\/strong>Digitisation and archive handling<br \/><strong>Blues Photography Studio<br \/><\/strong>Sound designer<br \/><strong>Rafael Cardoso<br \/><\/strong>Movement directors<br \/><strong>Cl\u00e1udia N\u00f3voa<br \/><\/strong><strong>V\u00e2nia Rovisco<br \/><\/strong>Staging assistant<br \/><strong>Rita Quelhas<br \/><\/strong>Manager (Arena)<br \/><strong>Marta Delgado Martins<br \/><\/strong>Production assistant<br \/><strong>Mafalda Teles<br \/><\/strong>Production<br \/><strong>Mariana Brand\u00e3o<\/strong><\/p><p>FILM<\/p><p>Director<br \/><strong>Marco Martins<\/strong><\/p><p>Companhia Maior cast<br \/><strong>Angelina Mateus, Carlos Fernandes, Carlos Nery, Catarina Rico, Cristina Gon\u00e7alves, Edmundo Sardinha, Elisa Worm, Isabel Sim\u00f5es, Jo\u00e3o Silvestre, Kimberley Ribeiro, Maria Helena Fal\u00e9, Michel, Paula B\u00e1rcia<\/strong><\/p><p>With the participation of<br \/><strong>Ema Ara\u00fajo, \u00c9rica Santos, Jo\u00e3o Vasco Bettencourt Vieira, Laura Cepeda, Leonardo Delgado Martins, Manuel Viterbo Brand\u00e3o Sardo, Melanie Neves, Mia Dewart Melo, Stefan Gomes<\/strong><\/p><p>Cinematography<br \/><strong>Carlos Lopes (K\u00e1k\u00e1)<br \/><\/strong><strong>Lisa Persson<br \/><\/strong><strong>Marco Martins<br \/><\/strong>First assistant camera<br \/><strong>Lisa Persson<br \/><\/strong>Second assistant camera<br \/><strong>Jo\u00e3o Porto<br \/><\/strong>Direction assistant<br \/><strong>Teresa Mata<br \/><\/strong>Stage manager<br \/><strong>Rosa Vale Cardoso<br \/><\/strong>Master electrician<br \/><strong>S\u00e9rgio Ca\u00e7oilo<br \/><\/strong>Sound designer<br \/><strong>Bernardo Theriaga<br \/><\/strong>Camera production assistant<br \/><strong>Tom\u00e1s Vieira<br \/><\/strong>Costume designer<br \/><strong>Isabel Carmona<br \/><\/strong>Costume designer assistant<br \/><strong>Mariana Louren\u00e7o<br \/><\/strong>Hair and make-up artist<br \/><strong>Nani<br \/><\/strong>Make-up assistant <strong>Ana Roma<br \/><\/strong>Hair assistant <strong>Marisa Marques<br \/><\/strong>Taxidermy <strong>Pedro Andrade, MUHNAC<br \/><\/strong>Colourist <strong>M\u00e1rio Gaspar<br \/><\/strong>Film editors<br \/><strong>Leonor Teles <br \/><\/strong><strong>Rita Quelhas<br \/><\/strong>Post-production coordinator <strong>Catarina Lino<br \/><\/strong>Production assistant<br \/><strong>Filipa Falc\u00e3o<br \/><\/strong>Production manager<br \/><strong>Joana Vaz da Silva<\/strong><\/p><p>ARTWORKS<\/p><p>Director<br \/><strong>Jos\u00e9 Miguel Pinto<br \/><\/strong>Art coordinator <br \/><strong>Francisca Marques<br \/><\/strong>Production coordinator<br \/><strong>Valentin Neves<br \/><\/strong>Master metal carpenter<br \/><strong>H\u00e9lder Fernandes<br \/><\/strong>Metal carpenter<br \/><strong>Jorge Santos<br \/><\/strong>Production assistants<br \/><strong>Andr\u00e9 Coelho<br \/><\/strong><strong>Carlos Arteiro<br \/><\/strong><strong>Pedro Gra\u00e7a<br \/><\/strong>Project assistant<br \/><strong>Ana Maria Trabulo<br \/><\/strong>Audiovisual coordinator <br \/><strong>Bruno Lan\u00e7a<br \/><\/strong>Manager from Ecosteel<br \/><strong>Jos\u00e9 Maria Ferreira<\/strong><\/p><p>ATELIER FERNANDA FRAGATEIRO<\/p><p>Staff<br \/><strong>Filipa Alfaro<br \/><\/strong><strong>Filipe Meireles<\/strong>Co-production<br \/><strong>Centro Cultural de Bel\u00e9m<br \/><\/strong><strong>Teatro Viriato <br \/><\/strong><strong>Companhia Maior<br \/><\/strong><strong>Arena Ensemble<\/strong><\/p><p>Companhia Maior is supported by the Lisbon City Council under RAAML and by the Parish Council of Bel\u00e9m<\/p><h5>Support<\/h5><p><strong>Artworks<br \/><\/strong><strong>C\u00e2mara Municipal de Lisboa\/MUDE &#8211; Museu do Design e da Moda<br \/><\/strong><strong>CAV \u2013 Centro de Artes Visuais<br \/><\/strong><strong>Centro Hospitalar Universit\u00e1rio de Lisboa Central<br \/><\/strong><strong>Cinemateca Portuguesa \u2013 Museu do Cinema<br \/><\/strong><strong>Minist\u00e9rio dos Filmes<br \/><\/strong><strong>Museu Nacional de Hist\u00f3ria Natural e da Ci\u00eancia<br \/><\/strong><strong>Uma Pedra no Sapato<\/strong><\/p><h5>Acknowledgements<\/h5><p><strong>Ant\u00f3nio C\u00e2mara Manuel<br \/><\/strong><strong>Cl\u00e1udio Torres<br \/><\/strong><strong>Equipa Peris Costumes<br \/><\/strong><strong>Filipa Reis<br \/><\/strong><strong>Jo\u00e3o Maria Gusm\u00e3o<br \/><\/strong><strong>Jos\u00e9 Lu\u00eds Borges Coelho<br \/><\/strong><strong>Lu\u00eds Pav\u00e3o<br \/><\/strong><strong>Maria Jos\u00e9 Pinto da Costa<br \/><\/strong><strong>Rafael Barreto<\/strong><\/p><h5>Exhibitions<\/h5><p><strong>24 June &#8211; 16 July 2021<br \/><\/strong>Centro Cultural de Bel\u00e9m, Lisbon<\/p><p><strong>14 &#8211; 24 October 2021<br \/><\/strong>Teatro Viriato, Viseu<\/p>\t\t\t\t\t\t<\/div>\n\t\t\t\t<\/div>\n\t\t\t\t<div class=\"elementor-element elementor-element-c65a208 elementor-widget elementor-widget-text-editor\" data-id=\"c65a208\" data-element_type=\"widget\" data-widget_type=\"text-editor.default\">\n\t\t\t\t<div class=\"elementor-widget-container\">\n\t\t\t\t\t\t\t<p style=\"font-size: 12px;\">Images of this page: \u00a9Bruno Lan\u00e7a &#8211; Artworks<\/p>\t\t\t\t\t\t<\/div>\n\t\t\t\t<\/div>\n\t\t\t\t\t<\/div>\n\t\t<\/div>\n\t\t\t\t\t\t\t<\/div>\n\t\t<\/section>\n\t\t\t\t\t\t<\/div>\n\t\t\t\t\t<\/div>\n\t\t","protected":false},"excerpt":{"rendered":"<p>Marco Martins Natureza Fantasma Phantom Nature 2021 Every year since its creation in 2010, Companhia Maior has invited an artist or collective to create a show for the group. In 2020, the devastation caused by&hellip;<\/p>\n","protected":false},"author":1,"featured_media":0,"parent":0,"menu_order":0,"comment_status":"closed","ping_status":"closed","template":"elementor_theme","meta":{"footnotes":""},"class_list":["post-874","page","type-page","status-publish","hentry"],"yoast_head":"<!-- This site is optimized with the Yoast SEO plugin v19.8 - https:\/\/yoast.com\/wordpress\/plugins\/seo\/ -->\n<title>Natureza Fantasma - Companhia Maior<\/title>\n<meta name=\"description\" content=\"Perante a impossibilidade de trabalhar com o elenco da companhia numa pe\u00e7a para palco, devido \u00e0 pandemia, Marco Martins, em colabora\u00e7\u00e3o com Fernanda Fragateiro e Gon\u00e7alo M. Tavares, criou Natureza Fantasma, uma instala\u00e7\u00e3o multidisciplinar.\" \/>\n<meta name=\"robots\" content=\"index, follow, max-snippet:-1, max-image-preview:large, max-video-preview:-1\" \/>\n<link rel=\"canonical\" href=\"https:\/\/companhiamaior.pt\/en\/natureza-fantasma\/\" \/>\n<meta property=\"og:locale\" content=\"pt_PT\" \/>\n<meta property=\"og:type\" content=\"article\" \/>\n<meta property=\"og:title\" content=\"Natureza Fantasma - Companhia Maior\" \/>\n<meta property=\"og:description\" content=\"Perante a impossibilidade de trabalhar com o elenco da companhia numa pe\u00e7a para palco, devido \u00e0 pandemia, Marco Martins, em colabora\u00e7\u00e3o com Fernanda Fragateiro e Gon\u00e7alo M. Tavares, criou Natureza Fantasma, uma instala\u00e7\u00e3o multidisciplinar.\" \/>\n<meta property=\"og:url\" content=\"https:\/\/companhiamaior.pt\/en\/natureza-fantasma\/\" \/>\n<meta property=\"og:site_name\" content=\"Companhia Maior\" \/>\n<meta property=\"article:modified_time\" content=\"2022-12-09T16:01:21+00:00\" \/>\n<meta name=\"twitter:card\" content=\"summary_large_image\" \/>\n<meta name=\"twitter:label1\" content=\"Tempo estimado de leitura\" \/>\n\t<meta name=\"twitter:data1\" content=\"4 minutos\" \/>\n<script type=\"application\/ld+json\" class=\"yoast-schema-graph\">{\"@context\":\"https:\/\/schema.org\",\"@graph\":[{\"@type\":\"WebPage\",\"@id\":\"https:\/\/companhiamaior.pt\/en\/natureza-fantasma\/\",\"url\":\"https:\/\/companhiamaior.pt\/en\/natureza-fantasma\/\",\"name\":\"Natureza Fantasma - Companhia Maior\",\"isPartOf\":{\"@id\":\"https:\/\/companhiamaior.pt\/en\/#website\"},\"datePublished\":\"2021-09-09T20:19:35+00:00\",\"dateModified\":\"2022-12-09T16:01:21+00:00\",\"description\":\"Perante a impossibilidade de trabalhar com o elenco da companhia numa pe\u00e7a para palco, devido \u00e0 pandemia, Marco Martins, em colabora\u00e7\u00e3o com Fernanda Fragateiro e Gon\u00e7alo M. Tavares, criou Natureza Fantasma, uma instala\u00e7\u00e3o multidisciplinar.\",\"breadcrumb\":{\"@id\":\"https:\/\/companhiamaior.pt\/en\/natureza-fantasma\/#breadcrumb\"},\"inLanguage\":\"pt-PT\",\"potentialAction\":[{\"@type\":\"ReadAction\",\"target\":[\"https:\/\/companhiamaior.pt\/en\/natureza-fantasma\/\"]}]},{\"@type\":\"BreadcrumbList\",\"@id\":\"https:\/\/companhiamaior.pt\/en\/natureza-fantasma\/#breadcrumb\",\"itemListElement\":[{\"@type\":\"ListItem\",\"position\":1,\"name\":\"In\u00edcio\",\"item\":\"https:\/\/companhiamaior.pt\/en\/\"},{\"@type\":\"ListItem\",\"position\":2,\"name\":\"Natureza Fantasma\"}]},{\"@type\":\"WebSite\",\"@id\":\"https:\/\/companhiamaior.pt\/en\/#website\",\"url\":\"https:\/\/companhiamaior.pt\/en\/\",\"name\":\"Companhia Maior\",\"description\":\"Associa\u00e7\u00e3o Cultural\",\"publisher\":{\"@id\":\"https:\/\/companhiamaior.pt\/en\/#organization\"},\"potentialAction\":[{\"@type\":\"SearchAction\",\"target\":{\"@type\":\"EntryPoint\",\"urlTemplate\":\"https:\/\/companhiamaior.pt\/en\/?s={search_term_string}\"},\"query-input\":\"required name=search_term_string\"}],\"inLanguage\":\"pt-PT\"},{\"@type\":\"Organization\",\"@id\":\"https:\/\/companhiamaior.pt\/en\/#organization\",\"name\":\"Companhia Maior\",\"url\":\"https:\/\/companhiamaior.pt\/en\/\",\"sameAs\":[],\"logo\":{\"@type\":\"ImageObject\",\"inLanguage\":\"pt-PT\",\"@id\":\"https:\/\/companhiamaior.pt\/en\/#\/schema\/logo\/image\/\",\"url\":\"https:\/\/companhiamaior.pt\/en\/wp-content\/uploads\/2021\/05\/cropped-logoHorzontalMaior.png\",\"contentUrl\":\"https:\/\/companhiamaior.pt\/en\/wp-content\/uploads\/2021\/05\/cropped-logoHorzontalMaior.png\",\"width\":472,\"height\":113,\"caption\":\"Companhia Maior\"},\"image\":{\"@id\":\"https:\/\/companhiamaior.pt\/en\/#\/schema\/logo\/image\/\"}}]}<\/script>\n<!-- \/ Yoast SEO plugin. -->","yoast_head_json":{"title":"Natureza Fantasma - Companhia Maior","description":"Perante a impossibilidade de trabalhar com o elenco da companhia numa pe\u00e7a para palco, devido \u00e0 pandemia, Marco Martins, em colabora\u00e7\u00e3o com Fernanda Fragateiro e Gon\u00e7alo M. Tavares, criou Natureza Fantasma, uma instala\u00e7\u00e3o multidisciplinar.","robots":{"index":"index","follow":"follow","max-snippet":"max-snippet:-1","max-image-preview":"max-image-preview:large","max-video-preview":"max-video-preview:-1"},"canonical":"https:\/\/companhiamaior.pt\/en\/natureza-fantasma\/","og_locale":"pt_PT","og_type":"article","og_title":"Natureza Fantasma - Companhia Maior","og_description":"Perante a impossibilidade de trabalhar com o elenco da companhia numa pe\u00e7a para palco, devido \u00e0 pandemia, Marco Martins, em colabora\u00e7\u00e3o com Fernanda Fragateiro e Gon\u00e7alo M. Tavares, criou Natureza Fantasma, uma instala\u00e7\u00e3o multidisciplinar.","og_url":"https:\/\/companhiamaior.pt\/en\/natureza-fantasma\/","og_site_name":"Companhia Maior","article_modified_time":"2022-12-09T16:01:21+00:00","twitter_card":"summary_large_image","twitter_misc":{"Tempo estimado de leitura":"4 minutos"},"schema":{"@context":"https:\/\/schema.org","@graph":[{"@type":"WebPage","@id":"https:\/\/companhiamaior.pt\/en\/natureza-fantasma\/","url":"https:\/\/companhiamaior.pt\/en\/natureza-fantasma\/","name":"Natureza Fantasma - Companhia Maior","isPartOf":{"@id":"https:\/\/companhiamaior.pt\/en\/#website"},"datePublished":"2021-09-09T20:19:35+00:00","dateModified":"2022-12-09T16:01:21+00:00","description":"Perante a impossibilidade de trabalhar com o elenco da companhia numa pe\u00e7a para palco, devido \u00e0 pandemia, Marco Martins, em colabora\u00e7\u00e3o com Fernanda Fragateiro e Gon\u00e7alo M. Tavares, criou Natureza Fantasma, uma instala\u00e7\u00e3o multidisciplinar.","breadcrumb":{"@id":"https:\/\/companhiamaior.pt\/en\/natureza-fantasma\/#breadcrumb"},"inLanguage":"pt-PT","potentialAction":[{"@type":"ReadAction","target":["https:\/\/companhiamaior.pt\/en\/natureza-fantasma\/"]}]},{"@type":"BreadcrumbList","@id":"https:\/\/companhiamaior.pt\/en\/natureza-fantasma\/#breadcrumb","itemListElement":[{"@type":"ListItem","position":1,"name":"In\u00edcio","item":"https:\/\/companhiamaior.pt\/en\/"},{"@type":"ListItem","position":2,"name":"Natureza Fantasma"}]},{"@type":"WebSite","@id":"https:\/\/companhiamaior.pt\/en\/#website","url":"https:\/\/companhiamaior.pt\/en\/","name":"Companhia Maior","description":"Associa\u00e7\u00e3o Cultural","publisher":{"@id":"https:\/\/companhiamaior.pt\/en\/#organization"},"potentialAction":[{"@type":"SearchAction","target":{"@type":"EntryPoint","urlTemplate":"https:\/\/companhiamaior.pt\/en\/?s={search_term_string}"},"query-input":"required name=search_term_string"}],"inLanguage":"pt-PT"},{"@type":"Organization","@id":"https:\/\/companhiamaior.pt\/en\/#organization","name":"Companhia Maior","url":"https:\/\/companhiamaior.pt\/en\/","sameAs":[],"logo":{"@type":"ImageObject","inLanguage":"pt-PT","@id":"https:\/\/companhiamaior.pt\/en\/#\/schema\/logo\/image\/","url":"https:\/\/companhiamaior.pt\/en\/wp-content\/uploads\/2021\/05\/cropped-logoHorzontalMaior.png","contentUrl":"https:\/\/companhiamaior.pt\/en\/wp-content\/uploads\/2021\/05\/cropped-logoHorzontalMaior.png","width":472,"height":113,"caption":"Companhia Maior"},"image":{"@id":"https:\/\/companhiamaior.pt\/en\/#\/schema\/logo\/image\/"}}]}},"_links":{"self":[{"href":"https:\/\/companhiamaior.pt\/en\/wp-json\/wp\/v2\/pages\/874","targetHints":{"allow":["GET"]}}],"collection":[{"href":"https:\/\/companhiamaior.pt\/en\/wp-json\/wp\/v2\/pages"}],"about":[{"href":"https:\/\/companhiamaior.pt\/en\/wp-json\/wp\/v2\/types\/page"}],"author":[{"embeddable":true,"href":"https:\/\/companhiamaior.pt\/en\/wp-json\/wp\/v2\/users\/1"}],"replies":[{"embeddable":true,"href":"https:\/\/companhiamaior.pt\/en\/wp-json\/wp\/v2\/comments?post=874"}],"version-history":[{"count":125,"href":"https:\/\/companhiamaior.pt\/en\/wp-json\/wp\/v2\/pages\/874\/revisions"}],"predecessor-version":[{"id":3823,"href":"https:\/\/companhiamaior.pt\/en\/wp-json\/wp\/v2\/pages\/874\/revisions\/3823"}],"wp:attachment":[{"href":"https:\/\/companhiamaior.pt\/en\/wp-json\/wp\/v2\/media?parent=874"}],"curies":[{"name":"wp","href":"https:\/\/api.w.org\/{rel}","templated":true}]}}