{"id":804,"date":"2021-09-09T17:48:04","date_gmt":"2021-09-09T17:48:04","guid":{"rendered":"https:\/\/companhiamaior.pt\/en\/?page_id=804"},"modified":"2022-12-09T16:11:04","modified_gmt":"2022-12-09T16:11:04","slug":"mapa-mundi","status":"publish","type":"page","link":"https:\/\/companhiamaior.pt\/en\/mapa-mundi\/","title":{"rendered":"Mapa Mundi"},"content":{"rendered":"\t\t<div data-elementor-type=\"wp-page\" data-elementor-id=\"804\" class=\"elementor elementor-804\" data-elementor-settings=\"[]\">\n\t\t\t\t\t\t\t<div class=\"elementor-section-wrap\">\n\t\t\t\t\t\t\t<section class=\"elementor-section elementor-top-section elementor-element elementor-element-5315a3ea elementor-section-height-full elementor-section-full_width elementor-section-stretched elementor-section-height-default elementor-section-items-middle\" data-id=\"5315a3ea\" data-element_type=\"section\" data-settings=\"{&quot;background_background&quot;:&quot;slideshow&quot;,&quot;background_slideshow_gallery&quot;:[{&quot;id&quot;:832,&quot;url&quot;:&quot;https:\\\/\\\/companhiamaior.pt\\\/en\\\/wp-content\\\/uploads\\\/2021\\\/09\\\/1920x1080_0011_Layer-79.jpg&quot;},{&quot;id&quot;:833,&quot;url&quot;:&quot;https:\\\/\\\/companhiamaior.pt\\\/en\\\/wp-content\\\/uploads\\\/2021\\\/09\\\/1920x1080_0012_Layer-78.jpg&quot;},{&quot;id&quot;:830,&quot;url&quot;:&quot;https:\\\/\\\/companhiamaior.pt\\\/en\\\/wp-content\\\/uploads\\\/2021\\\/09\\\/1920x1080_0009_Layer-81.jpg&quot;},{&quot;id&quot;:826,&quot;url&quot;:&quot;https:\\\/\\\/companhiamaior.pt\\\/en\\\/wp-content\\\/uploads\\\/2021\\\/09\\\/1920x1080_0005_Layer-85.jpg&quot;},{&quot;id&quot;:822,&quot;url&quot;:&quot;https:\\\/\\\/companhiamaior.pt\\\/en\\\/wp-content\\\/uploads\\\/2021\\\/09\\\/1920x1080_0001_Layer-89.jpg&quot;},{&quot;id&quot;:827,&quot;url&quot;:&quot;https:\\\/\\\/companhiamaior.pt\\\/en\\\/wp-content\\\/uploads\\\/2021\\\/09\\\/1920x1080_0006_Layer-84.jpg&quot;},{&quot;id&quot;:829,&quot;url&quot;:&quot;https:\\\/\\\/companhiamaior.pt\\\/en\\\/wp-content\\\/uploads\\\/2021\\\/09\\\/1920x1080_0008_Layer-82.jpg&quot;},{&quot;id&quot;:828,&quot;url&quot;:&quot;https:\\\/\\\/companhiamaior.pt\\\/en\\\/wp-content\\\/uploads\\\/2021\\\/09\\\/1920x1080_0007_Layer-83.jpg&quot;},{&quot;id&quot;:831,&quot;url&quot;:&quot;https:\\\/\\\/companhiamaior.pt\\\/en\\\/wp-content\\\/uploads\\\/2021\\\/09\\\/1920x1080_0010_Layer-80.jpg&quot;},{&quot;id&quot;:821,&quot;url&quot;:&quot;https:\\\/\\\/companhiamaior.pt\\\/en\\\/wp-content\\\/uploads\\\/2021\\\/09\\\/1920x1080_0000_Layer-90.jpg&quot;}],&quot;background_slideshow_slide_transition&quot;:&quot;slide_right&quot;,&quot;stretch_section&quot;:&quot;section-stretched&quot;,&quot;background_slideshow_loop&quot;:&quot;yes&quot;,&quot;background_slideshow_slide_duration&quot;:5000,&quot;background_slideshow_transition_duration&quot;:500}\">\n\t\t\t\t\t\t<div class=\"elementor-container elementor-column-gap-extended\">\n\t\t\t\t\t<div class=\"elementor-column elementor-col-100 elementor-top-column elementor-element elementor-element-41e006a sc_layouts_column_icons_position_left\" data-id=\"41e006a\" data-element_type=\"column\">\n\t\t\t<div class=\"elementor-widget-wrap\">\n\t\t\t\t\t\t\t\t\t<\/div>\n\t\t<\/div>\n\t\t\t\t\t\t\t<\/div>\n\t\t<\/section>\n\t\t\t\t<section class=\"elementor-section elementor-top-section elementor-element elementor-element-3f2c0195 elementor-section-boxed elementor-section-height-default elementor-section-height-default\" data-id=\"3f2c0195\" data-element_type=\"section\">\n\t\t\t\t\t\t<div class=\"elementor-container elementor-column-gap-extended\">\n\t\t\t\t\t<div class=\"elementor-column elementor-col-66 elementor-top-column elementor-element elementor-element-130a6a35 sc_layouts_column_icons_position_left\" data-id=\"130a6a35\" data-element_type=\"column\">\n\t\t\t<div class=\"elementor-widget-wrap elementor-element-populated\">\n\t\t\t\t\t\t\t\t<div class=\"elementor-element elementor-element-74ae8b2d elementor-widget elementor-widget-spacer\" data-id=\"74ae8b2d\" data-element_type=\"widget\" data-widget_type=\"spacer.default\">\n\t\t\t\t<div class=\"elementor-widget-container\">\n\t\t\t\t\t<div class=\"elementor-spacer\">\n\t\t\t<div class=\"elementor-spacer-inner\"><\/div>\n\t\t<\/div>\n\t\t\t\t<\/div>\n\t\t\t\t<\/div>\n\t\t\t\t<div class=\"elementor-element elementor-element-29ba9e8 elementor-widget elementor-widget-heading\" data-id=\"29ba9e8\" data-element_type=\"widget\" data-widget_type=\"heading.default\">\n\t\t\t\t<div class=\"elementor-widget-container\">\n\t\t\t<h5 class=\"elementor-heading-title elementor-size-default\">Joana Craveiro<\/h5>\t\t<\/div>\n\t\t\t\t<\/div>\n\t\t\t\t<div class=\"elementor-element elementor-element-7df8d11 elementor-widget elementor-widget-spacer\" data-id=\"7df8d11\" data-element_type=\"widget\" data-widget_type=\"spacer.default\">\n\t\t\t\t<div class=\"elementor-widget-container\">\n\t\t\t\t\t<div class=\"elementor-spacer\">\n\t\t\t<div class=\"elementor-spacer-inner\"><\/div>\n\t\t<\/div>\n\t\t\t\t<\/div>\n\t\t\t\t<\/div>\n\t\t\t\t<div class=\"elementor-element elementor-element-337c7066 elementor-widget elementor-widget-heading\" data-id=\"337c7066\" data-element_type=\"widget\" data-widget_type=\"heading.default\">\n\t\t\t\t<div class=\"elementor-widget-container\">\n\t\t\t<h2 class=\"elementor-heading-title elementor-size-default\">Mapa Mundi<\/h2>\t\t<\/div>\n\t\t\t\t<\/div>\n\t\t\t\t<div class=\"elementor-element elementor-element-dea260f elementor-widget elementor-widget-heading\" data-id=\"dea260f\" data-element_type=\"widget\" data-widget_type=\"heading.default\">\n\t\t\t\t<div class=\"elementor-widget-container\">\n\t\t\t<h5 class=\"elementor-heading-title elementor-size-default\">2018<\/h5>\t\t<\/div>\n\t\t\t\t<\/div>\n\t\t\t\t<div class=\"elementor-element elementor-element-76224d30 elementor-widget elementor-widget-spacer\" data-id=\"76224d30\" data-element_type=\"widget\" data-widget_type=\"spacer.default\">\n\t\t\t\t<div class=\"elementor-widget-container\">\n\t\t\t\t\t<div class=\"elementor-spacer\">\n\t\t\t<div class=\"elementor-spacer-inner\"><\/div>\n\t\t<\/div>\n\t\t\t\t<\/div>\n\t\t\t\t<\/div>\n\t\t\t\t<div class=\"elementor-element elementor-element-64a3feca elementor-widget elementor-widget-text-editor\" data-id=\"64a3feca\" data-element_type=\"widget\" data-widget_type=\"text-editor.default\">\n\t\t\t\t<div class=\"elementor-widget-container\">\n\t\t\t\t\t\t\t<p><span lang=\"EN-GB\">An original text by Joana Craveiro, written for Companhia Maior, based on the memories, impressions of reality and various geographies, both physical and emotional, of the cast. Structured like an internal map, this show aims to celebrate the richness and depth of the lives of the Companhia artists, as well as creating, with the cast, a poetic geography of the places they have inhabited, visited or would like to visit, while also revisiting their favourite books, which have shaped them as people and thinking beings.<\/span><\/p><p><style>@font-face\n\t{font-family:\"Cambria Math\";\n\tpanose-1:2 4 5 3 5 4 6 3 2 4;\n\tmso-font-charset:0;\n\tmso-generic-font-family:roman;\n\tmso-font-pitch:variable;\n\tmso-font-signature:-536870145 1107305727 0 0 415 0;}@font-face\n\t{font-family:Calibri;\n\tpanose-1:2 15 5 2 2 2 4 3 2 4;\n\tmso-font-charset:0;\n\tmso-generic-font-family:swiss;\n\tmso-font-pitch:variable;\n\tmso-font-signature:-536859905 -1073732485 9 0 511 0;}p.MsoNormal, li.MsoNormal, div.MsoNormal\n\t{mso-style-unhide:no;\n\tmso-style-qformat:yes;\n\tmso-style-parent:\"\";\n\tmargin:0cm;\n\tmso-pagination:widow-orphan;\n\tfont-size:12.0pt;\n\tfont-family:\"Calibri\",sans-serif;\n\tmso-ascii-font-family:Calibri;\n\tmso-ascii-theme-font:minor-latin;\n\tmso-fareast-font-family:Calibri;\n\tmso-fareast-theme-font:minor-latin;\n\tmso-hansi-font-family:Calibri;\n\tmso-hansi-theme-font:minor-latin;\n\tmso-bidi-font-family:\"Times New Roman\";\n\tmso-bidi-theme-font:minor-bidi;\n\tmso-ansi-language:EN-GB;\n\tmso-fareast-language:EN-US;}p\n\t{mso-style-noshow:yes;\n\tmso-style-priority:99;\n\tmso-margin-top-alt:auto;\n\tmargin-right:0cm;\n\tmso-margin-bottom-alt:auto;\n\tmargin-left:0cm;\n\tmso-pagination:widow-orphan;\n\tfont-size:12.0pt;\n\tfont-family:\"Times New Roman\",serif;\n\tmso-fareast-font-family:\"Times New Roman\";\n\tmso-ansi-language:EN-GB;}.MsoChpDefault\n\t{mso-style-type:export-only;\n\tmso-default-props:yes;\n\tfont-family:\"Calibri\",sans-serif;\n\tmso-ascii-font-family:Calibri;\n\tmso-ascii-theme-font:minor-latin;\n\tmso-fareast-font-family:Calibri;\n\tmso-fareast-theme-font:minor-latin;\n\tmso-hansi-font-family:Calibri;\n\tmso-hansi-theme-font:minor-latin;\n\tmso-bidi-font-family:\"Times New Roman\";\n\tmso-bidi-theme-font:minor-bidi;\n\tmso-ansi-language:EN-GB;\n\tmso-fareast-language:EN-US;}div.WordSection1\n\t{page:WordSection1;}<\/style><\/p>\t\t\t\t\t\t<\/div>\n\t\t\t\t<\/div>\n\t\t\t\t<div class=\"elementor-element elementor-element-9559245 elementor-widget elementor-widget-spacer\" data-id=\"9559245\" data-element_type=\"widget\" data-widget_type=\"spacer.default\">\n\t\t\t\t<div class=\"elementor-widget-container\">\n\t\t\t\t\t<div class=\"elementor-spacer\">\n\t\t\t<div class=\"elementor-spacer-inner\"><\/div>\n\t\t<\/div>\n\t\t\t\t<\/div>\n\t\t\t\t<\/div>\n\t\t\t\t<div class=\"elementor-element elementor-element-167663b9 elementor-aspect-ratio-169 elementor-widget elementor-widget-video\" data-id=\"167663b9\" data-element_type=\"widget\" data-settings=\"{&quot;youtube_url&quot;:&quot;https:\\\/\\\/www.youtube.com\\\/watch?v=4BjkzfgAcbM&quot;,&quot;video_type&quot;:&quot;youtube&quot;,&quot;controls&quot;:&quot;yes&quot;,&quot;aspect_ratio&quot;:&quot;169&quot;}\" data-widget_type=\"video.default\">\n\t\t\t\t<div class=\"elementor-widget-container\">\n\t\t\t\t\t<div class=\"elementor-wrapper elementor-fit-aspect-ratio elementor-open-inline\">\n\t\t\t<div class=\"elementor-video\"><\/div>\t\t<\/div>\n\t\t\t\t<\/div>\n\t\t\t\t<\/div>\n\t\t\t\t<div class=\"elementor-element elementor-element-6142e076 elementor-widget elementor-widget-spacer\" data-id=\"6142e076\" data-element_type=\"widget\" data-widget_type=\"spacer.default\">\n\t\t\t\t<div class=\"elementor-widget-container\">\n\t\t\t\t\t<div class=\"elementor-spacer\">\n\t\t\t<div class=\"elementor-spacer-inner\"><\/div>\n\t\t<\/div>\n\t\t\t\t<\/div>\n\t\t\t\t<\/div>\n\t\t\t\t\t<\/div>\n\t\t<\/div>\n\t\t\t\t<div class=\"elementor-column elementor-col-33 elementor-top-column elementor-element elementor-element-5b76de94 sc_layouts_column_icons_position_left\" data-id=\"5b76de94\" data-element_type=\"column\">\n\t\t\t<div class=\"elementor-widget-wrap elementor-element-populated\">\n\t\t\t\t\t\t\t\t<div class=\"elementor-element elementor-element-24eff4a0 elementor-widget elementor-widget-spacer\" data-id=\"24eff4a0\" data-element_type=\"widget\" data-widget_type=\"spacer.default\">\n\t\t\t\t<div class=\"elementor-widget-container\">\n\t\t\t\t\t<div class=\"elementor-spacer\">\n\t\t\t<div class=\"elementor-spacer-inner\"><\/div>\n\t\t<\/div>\n\t\t\t\t<\/div>\n\t\t\t\t<\/div>\n\t\t\t\t<div class=\"elementor-element elementor-element-26456087 elementor-widget elementor-widget-text-editor\" data-id=\"26456087\" data-element_type=\"widget\" data-widget_type=\"text-editor.default\">\n\t\t\t\t<div class=\"elementor-widget-container\">\n\t\t\t\t\t\t\t<h5>Credits<\/h5>\t\t\t\t\t\t<\/div>\n\t\t\t\t<\/div>\n\t\t\t\t<div class=\"elementor-element elementor-element-66cb61f8 elementor-widget elementor-widget-text-editor\" data-id=\"66cb61f8\" data-element_type=\"widget\" data-widget_type=\"text-editor.default\">\n\t\t\t\t<div class=\"elementor-widget-container\">\n\t\t\t\t\t\t\t<p>Direction and texts<br \/><strong>Joana Craveiro<\/strong><\/p><p>Cast<br \/><strong>Angelina Mateus, Carlos Fernandes, Carlos Nery, Catarina Rico, Cristina Gon\u00e7alves, Elisa Worm, Isabel Sim\u00f5es, Jo\u00e3o Silvestre, Jorge Leal Cardoso, J\u00falia Guerra, Kimberley Ribeiro, Manuela de Sousa Rama, Maria Em\u00edlia Castanheira, Maria Helena Fal\u00e9, Maria Jos\u00e9 Bai\u00e3o, M\u00e1rio Figueiredo, Paula B\u00e1rcia <\/strong>(Companhia Maior)<strong> and Estev\u00e3o Antunes, In\u00eas Rosado, Pedro Caeiro, Simon Frankel, T\u00e2nia Guerreiro<\/strong> (Teatro do Vestido)<\/p><p>Lighting designer<br \/><strong>Jo\u00e3o Cachulo<br \/><\/strong>Music<br \/><strong>BlackBambi (Miguel Bonneville)<br \/><\/strong>Costume designer<br \/><strong>T\u00e2nia Guerreiro<br \/><\/strong>Scenography<br \/><strong>Carla Martinez<br \/><\/strong>Sound designer<br \/><strong>S\u00e9rgio Milhano | Ponto Zurca<br \/><\/strong>Photography<br \/><strong>Bruno Sim\u00e3o<br \/><\/strong>Videographer<br \/><strong>Marco Arantes<br \/><\/strong>Executive production<br \/><strong>Companhia Maior<br \/><\/strong>Producers from Teatro do Vestido<br \/><strong>Cl\u00e1udia Teixeira and Joana Cordeiro<br \/><\/strong>Producer from Companhia Maior<br \/><strong>Lu\u00eds Moreira<\/strong><\/p><p>Co-production<br \/><strong>Centro Cultural de Bel\u00e9m<br \/><\/strong><strong>Companhia Maior<br \/><\/strong><strong>Teatro do Vestido<\/strong><\/p><p>Institutional partners<br \/><strong>Lisbon City Council<br \/><\/strong><strong>Junta de Freguesia de Bel\u00e9m<\/strong><\/p><h5>Support<\/h5><p><strong>El Corte Ingl\u00eas<br \/><\/strong><strong>ESPAZO self-storage<br \/><\/strong><strong>Efic\u00e1cia Livre<br \/><\/strong><strong>Turismo de Lisboa<\/strong><\/p><p>Acknowledgements<br \/><strong>Armando Oliveira<br \/><\/strong><strong>Carlos Ramos<br \/><\/strong><strong>Centro Social de Bel\u00e9m<br \/><\/strong><strong>Rodrigo Francisco<\/strong><\/p><p>Companhia Maior in residence at Centro Cultural de Bel\u00e9m is supported by the Lisbon City Council under RAAML<\/p><p>Teatro do Vestido is funded by the Portuguese Republic \/ Ministry of Culture \/ General-Directorate for the Arts.<\/p><p>Joana Craveiro is resident artist at Teatro Viriato<\/p><h5>Performances<\/h5><p>PREMI\u00c8RE<\/p><p><strong>9 &#8211; 12 December 2018<br \/><\/strong>Centro Cultural de Bel\u00e9m<br \/>Lisbon<\/p>\t\t\t\t\t\t<\/div>\n\t\t\t\t<\/div>\n\t\t\t\t<div class=\"elementor-element elementor-element-1280221 elementor-widget elementor-widget-spacer\" data-id=\"1280221\" data-element_type=\"widget\" data-widget_type=\"spacer.default\">\n\t\t\t\t<div class=\"elementor-widget-container\">\n\t\t\t\t\t<div class=\"elementor-spacer\">\n\t\t\t<div class=\"elementor-spacer-inner\"><\/div>\n\t\t<\/div>\n\t\t\t\t<\/div>\n\t\t\t\t<\/div>\n\t\t\t\t<div class=\"elementor-element elementor-element-63d774e elementor-widget elementor-widget-text-editor\" data-id=\"63d774e\" data-element_type=\"widget\" data-widget_type=\"text-editor.default\">\n\t\t\t\t<div class=\"elementor-widget-container\">\n\t\t\t\t\t\t\t<p style=\"font-size: 12px;\">Photos: \u00a9 Bruno Sim\u00e3o<\/p>\t\t\t\t\t\t<\/div>\n\t\t\t\t<\/div>\n\t\t\t\t\t<\/div>\n\t\t<\/div>\n\t\t\t\t\t\t\t<\/div>\n\t\t<\/section>\n\t\t\t\t\t\t<\/div>\n\t\t\t\t\t<\/div>\n\t\t","protected":false},"excerpt":{"rendered":"<p>Joana Craveiro Mapa Mundi 2018 An original text by Joana Craveiro, written for Companhia Maior, based on the memories, impressions of reality and various geographies, both physical and emotional, of the cast. Structured like an&hellip;<\/p>\n","protected":false},"author":1,"featured_media":0,"parent":0,"menu_order":0,"comment_status":"closed","ping_status":"closed","template":"elementor_theme","meta":{"footnotes":""},"class_list":["post-804","page","type-page","status-publish","hentry"],"yoast_head":"<!-- This site is optimized with the Yoast SEO plugin v19.8 - https:\/\/yoast.com\/wordpress\/plugins\/seo\/ -->\n<title>Mapa Mundi - Companhia Maior<\/title>\n<meta name=\"description\" content=\"Um texto original de Joana Craveiro, escrito para a Companhia Maior, a partir de mem\u00f3rias, impress\u00f5es da realidade e geografias v\u00e1rias, f\u00edsicas e emocionais do seu elenco.\" \/>\n<meta name=\"robots\" content=\"index, follow, max-snippet:-1, max-image-preview:large, max-video-preview:-1\" \/>\n<link rel=\"canonical\" href=\"https:\/\/companhiamaior.pt\/en\/mapa-mundi\/\" \/>\n<meta property=\"og:locale\" content=\"pt_PT\" \/>\n<meta property=\"og:type\" content=\"article\" \/>\n<meta property=\"og:title\" content=\"Mapa Mundi - Companhia Maior\" \/>\n<meta property=\"og:description\" content=\"Um texto original de Joana Craveiro, escrito para a Companhia Maior, a partir de mem\u00f3rias, impress\u00f5es da realidade e geografias v\u00e1rias, f\u00edsicas e emocionais do seu elenco.\" \/>\n<meta property=\"og:url\" content=\"https:\/\/companhiamaior.pt\/en\/mapa-mundi\/\" \/>\n<meta property=\"og:site_name\" content=\"Companhia Maior\" \/>\n<meta property=\"article:modified_time\" content=\"2022-12-09T16:11:04+00:00\" \/>\n<meta name=\"twitter:card\" content=\"summary_large_image\" \/>\n<meta name=\"twitter:label1\" content=\"Tempo estimado de leitura\" \/>\n\t<meta name=\"twitter:data1\" content=\"3 minutos\" \/>\n<script type=\"application\/ld+json\" class=\"yoast-schema-graph\">{\"@context\":\"https:\/\/schema.org\",\"@graph\":[{\"@type\":\"WebPage\",\"@id\":\"https:\/\/companhiamaior.pt\/en\/mapa-mundi\/\",\"url\":\"https:\/\/companhiamaior.pt\/en\/mapa-mundi\/\",\"name\":\"Mapa Mundi - Companhia Maior\",\"isPartOf\":{\"@id\":\"https:\/\/companhiamaior.pt\/en\/#website\"},\"datePublished\":\"2021-09-09T17:48:04+00:00\",\"dateModified\":\"2022-12-09T16:11:04+00:00\",\"description\":\"Um texto original de Joana Craveiro, escrito para a Companhia Maior, a partir de mem\u00f3rias, impress\u00f5es da realidade e geografias v\u00e1rias, f\u00edsicas e emocionais do seu elenco.\",\"breadcrumb\":{\"@id\":\"https:\/\/companhiamaior.pt\/en\/mapa-mundi\/#breadcrumb\"},\"inLanguage\":\"pt-PT\",\"potentialAction\":[{\"@type\":\"ReadAction\",\"target\":[\"https:\/\/companhiamaior.pt\/en\/mapa-mundi\/\"]}]},{\"@type\":\"BreadcrumbList\",\"@id\":\"https:\/\/companhiamaior.pt\/en\/mapa-mundi\/#breadcrumb\",\"itemListElement\":[{\"@type\":\"ListItem\",\"position\":1,\"name\":\"In\u00edcio\",\"item\":\"https:\/\/companhiamaior.pt\/en\/\"},{\"@type\":\"ListItem\",\"position\":2,\"name\":\"Mapa Mundi\"}]},{\"@type\":\"WebSite\",\"@id\":\"https:\/\/companhiamaior.pt\/en\/#website\",\"url\":\"https:\/\/companhiamaior.pt\/en\/\",\"name\":\"Companhia Maior\",\"description\":\"Associa\u00e7\u00e3o Cultural\",\"publisher\":{\"@id\":\"https:\/\/companhiamaior.pt\/en\/#organization\"},\"potentialAction\":[{\"@type\":\"SearchAction\",\"target\":{\"@type\":\"EntryPoint\",\"urlTemplate\":\"https:\/\/companhiamaior.pt\/en\/?s={search_term_string}\"},\"query-input\":\"required name=search_term_string\"}],\"inLanguage\":\"pt-PT\"},{\"@type\":\"Organization\",\"@id\":\"https:\/\/companhiamaior.pt\/en\/#organization\",\"name\":\"Companhia Maior\",\"url\":\"https:\/\/companhiamaior.pt\/en\/\",\"sameAs\":[],\"logo\":{\"@type\":\"ImageObject\",\"inLanguage\":\"pt-PT\",\"@id\":\"https:\/\/companhiamaior.pt\/en\/#\/schema\/logo\/image\/\",\"url\":\"https:\/\/companhiamaior.pt\/en\/wp-content\/uploads\/2021\/05\/cropped-logoHorzontalMaior.png\",\"contentUrl\":\"https:\/\/companhiamaior.pt\/en\/wp-content\/uploads\/2021\/05\/cropped-logoHorzontalMaior.png\",\"width\":472,\"height\":113,\"caption\":\"Companhia Maior\"},\"image\":{\"@id\":\"https:\/\/companhiamaior.pt\/en\/#\/schema\/logo\/image\/\"}}]}<\/script>\n<!-- \/ Yoast SEO plugin. -->","yoast_head_json":{"title":"Mapa Mundi - Companhia Maior","description":"Um texto original de Joana Craveiro, escrito para a Companhia Maior, a partir de mem\u00f3rias, impress\u00f5es da realidade e geografias v\u00e1rias, f\u00edsicas e emocionais do seu elenco.","robots":{"index":"index","follow":"follow","max-snippet":"max-snippet:-1","max-image-preview":"max-image-preview:large","max-video-preview":"max-video-preview:-1"},"canonical":"https:\/\/companhiamaior.pt\/en\/mapa-mundi\/","og_locale":"pt_PT","og_type":"article","og_title":"Mapa Mundi - Companhia Maior","og_description":"Um texto original de Joana Craveiro, escrito para a Companhia Maior, a partir de mem\u00f3rias, impress\u00f5es da realidade e geografias v\u00e1rias, f\u00edsicas e emocionais do seu elenco.","og_url":"https:\/\/companhiamaior.pt\/en\/mapa-mundi\/","og_site_name":"Companhia Maior","article_modified_time":"2022-12-09T16:11:04+00:00","twitter_card":"summary_large_image","twitter_misc":{"Tempo estimado de leitura":"3 minutos"},"schema":{"@context":"https:\/\/schema.org","@graph":[{"@type":"WebPage","@id":"https:\/\/companhiamaior.pt\/en\/mapa-mundi\/","url":"https:\/\/companhiamaior.pt\/en\/mapa-mundi\/","name":"Mapa Mundi - Companhia Maior","isPartOf":{"@id":"https:\/\/companhiamaior.pt\/en\/#website"},"datePublished":"2021-09-09T17:48:04+00:00","dateModified":"2022-12-09T16:11:04+00:00","description":"Um texto original de Joana Craveiro, escrito para a Companhia Maior, a partir de mem\u00f3rias, impress\u00f5es da realidade e geografias v\u00e1rias, f\u00edsicas e emocionais do seu elenco.","breadcrumb":{"@id":"https:\/\/companhiamaior.pt\/en\/mapa-mundi\/#breadcrumb"},"inLanguage":"pt-PT","potentialAction":[{"@type":"ReadAction","target":["https:\/\/companhiamaior.pt\/en\/mapa-mundi\/"]}]},{"@type":"BreadcrumbList","@id":"https:\/\/companhiamaior.pt\/en\/mapa-mundi\/#breadcrumb","itemListElement":[{"@type":"ListItem","position":1,"name":"In\u00edcio","item":"https:\/\/companhiamaior.pt\/en\/"},{"@type":"ListItem","position":2,"name":"Mapa Mundi"}]},{"@type":"WebSite","@id":"https:\/\/companhiamaior.pt\/en\/#website","url":"https:\/\/companhiamaior.pt\/en\/","name":"Companhia Maior","description":"Associa\u00e7\u00e3o Cultural","publisher":{"@id":"https:\/\/companhiamaior.pt\/en\/#organization"},"potentialAction":[{"@type":"SearchAction","target":{"@type":"EntryPoint","urlTemplate":"https:\/\/companhiamaior.pt\/en\/?s={search_term_string}"},"query-input":"required name=search_term_string"}],"inLanguage":"pt-PT"},{"@type":"Organization","@id":"https:\/\/companhiamaior.pt\/en\/#organization","name":"Companhia Maior","url":"https:\/\/companhiamaior.pt\/en\/","sameAs":[],"logo":{"@type":"ImageObject","inLanguage":"pt-PT","@id":"https:\/\/companhiamaior.pt\/en\/#\/schema\/logo\/image\/","url":"https:\/\/companhiamaior.pt\/en\/wp-content\/uploads\/2021\/05\/cropped-logoHorzontalMaior.png","contentUrl":"https:\/\/companhiamaior.pt\/en\/wp-content\/uploads\/2021\/05\/cropped-logoHorzontalMaior.png","width":472,"height":113,"caption":"Companhia Maior"},"image":{"@id":"https:\/\/companhiamaior.pt\/en\/#\/schema\/logo\/image\/"}}]}},"_links":{"self":[{"href":"https:\/\/companhiamaior.pt\/en\/wp-json\/wp\/v2\/pages\/804","targetHints":{"allow":["GET"]}}],"collection":[{"href":"https:\/\/companhiamaior.pt\/en\/wp-json\/wp\/v2\/pages"}],"about":[{"href":"https:\/\/companhiamaior.pt\/en\/wp-json\/wp\/v2\/types\/page"}],"author":[{"embeddable":true,"href":"https:\/\/companhiamaior.pt\/en\/wp-json\/wp\/v2\/users\/1"}],"replies":[{"embeddable":true,"href":"https:\/\/companhiamaior.pt\/en\/wp-json\/wp\/v2\/comments?post=804"}],"version-history":[{"count":61,"href":"https:\/\/companhiamaior.pt\/en\/wp-json\/wp\/v2\/pages\/804\/revisions"}],"predecessor-version":[{"id":3845,"href":"https:\/\/companhiamaior.pt\/en\/wp-json\/wp\/v2\/pages\/804\/revisions\/3845"}],"wp:attachment":[{"href":"https:\/\/companhiamaior.pt\/en\/wp-json\/wp\/v2\/media?parent=804"}],"curies":[{"name":"wp","href":"https:\/\/api.w.org\/{rel}","templated":true}]}}