{"id":744,"date":"2021-09-02T20:59:06","date_gmt":"2021-09-02T20:59:06","guid":{"rendered":"https:\/\/companhiamaior.pt\/en\/?page_id=744"},"modified":"2022-12-09T16:11:10","modified_gmt":"2022-12-09T16:11:10","slug":"humor-maligno","status":"publish","type":"page","link":"https:\/\/companhiamaior.pt\/en\/humor-maligno\/","title":{"rendered":"Humor Maligno"},"content":{"rendered":"\t\t<div data-elementor-type=\"wp-page\" data-elementor-id=\"744\" class=\"elementor elementor-744\" data-elementor-settings=\"[]\">\n\t\t\t\t\t\t\t<div class=\"elementor-section-wrap\">\n\t\t\t\t\t\t\t<section class=\"elementor-section elementor-top-section elementor-element elementor-element-77e8d1cc elementor-section-height-full elementor-section-full_width elementor-section-stretched elementor-section-height-default elementor-section-items-middle\" data-id=\"77e8d1cc\" data-element_type=\"section\" data-settings=\"{&quot;background_background&quot;:&quot;slideshow&quot;,&quot;background_slideshow_gallery&quot;:[{&quot;id&quot;:759,&quot;url&quot;:&quot;https:\\\/\\\/companhiamaior.pt\\\/en\\\/wp-content\\\/uploads\\\/2021\\\/09\\\/1920x1080_0002_Layer-75.jpg&quot;},{&quot;id&quot;:758,&quot;url&quot;:&quot;https:\\\/\\\/companhiamaior.pt\\\/en\\\/wp-content\\\/uploads\\\/2021\\\/09\\\/1920x1080_0001_Layer-76.jpg&quot;},{&quot;id&quot;:761,&quot;url&quot;:&quot;https:\\\/\\\/companhiamaior.pt\\\/en\\\/wp-content\\\/uploads\\\/2021\\\/09\\\/1920x1080_0004_Layer-73.jpg&quot;},{&quot;id&quot;:762,&quot;url&quot;:&quot;https:\\\/\\\/companhiamaior.pt\\\/en\\\/wp-content\\\/uploads\\\/2021\\\/09\\\/1920x1080_0005_Layer-72.jpg&quot;},{&quot;id&quot;:757,&quot;url&quot;:&quot;https:\\\/\\\/companhiamaior.pt\\\/en\\\/wp-content\\\/uploads\\\/2021\\\/09\\\/1920x1080_0000_Layer-77.jpg&quot;},{&quot;id&quot;:763,&quot;url&quot;:&quot;https:\\\/\\\/companhiamaior.pt\\\/en\\\/wp-content\\\/uploads\\\/2021\\\/09\\\/1920x1080_0006_Layer-71.jpg&quot;},{&quot;id&quot;:760,&quot;url&quot;:&quot;https:\\\/\\\/companhiamaior.pt\\\/en\\\/wp-content\\\/uploads\\\/2021\\\/09\\\/1920x1080_0003_Layer-74.jpg&quot;},{&quot;id&quot;:765,&quot;url&quot;:&quot;https:\\\/\\\/companhiamaior.pt\\\/en\\\/wp-content\\\/uploads\\\/2021\\\/09\\\/1920x1080_0008_Layer-69.jpg&quot;},{&quot;id&quot;:769,&quot;url&quot;:&quot;https:\\\/\\\/companhiamaior.pt\\\/en\\\/wp-content\\\/uploads\\\/2021\\\/09\\\/1920x1080_0012_Layer-65.jpg&quot;},{&quot;id&quot;:768,&quot;url&quot;:&quot;https:\\\/\\\/companhiamaior.pt\\\/en\\\/wp-content\\\/uploads\\\/2021\\\/09\\\/1920x1080_0011_Layer-66.jpg&quot;}],&quot;background_slideshow_slide_transition&quot;:&quot;slide_right&quot;,&quot;stretch_section&quot;:&quot;section-stretched&quot;,&quot;background_slideshow_loop&quot;:&quot;yes&quot;,&quot;background_slideshow_slide_duration&quot;:5000,&quot;background_slideshow_transition_duration&quot;:500}\">\n\t\t\t\t\t\t<div class=\"elementor-container elementor-column-gap-extended\">\n\t\t\t\t\t<div class=\"elementor-column elementor-col-100 elementor-top-column elementor-element elementor-element-837bee9 sc_layouts_column_icons_position_left\" data-id=\"837bee9\" data-element_type=\"column\">\n\t\t\t<div class=\"elementor-widget-wrap\">\n\t\t\t\t\t\t\t\t\t<\/div>\n\t\t<\/div>\n\t\t\t\t\t\t\t<\/div>\n\t\t<\/section>\n\t\t\t\t<section class=\"elementor-section elementor-top-section elementor-element elementor-element-7c881e15 elementor-section-boxed elementor-section-height-default elementor-section-height-default\" data-id=\"7c881e15\" data-element_type=\"section\">\n\t\t\t\t\t\t<div class=\"elementor-container elementor-column-gap-extended\">\n\t\t\t\t\t<div class=\"elementor-column elementor-col-66 elementor-top-column elementor-element elementor-element-31d5b5fa sc_layouts_column_icons_position_left\" data-id=\"31d5b5fa\" data-element_type=\"column\">\n\t\t\t<div class=\"elementor-widget-wrap elementor-element-populated\">\n\t\t\t\t\t\t\t\t<div class=\"elementor-element elementor-element-631ceb47 elementor-widget elementor-widget-spacer\" data-id=\"631ceb47\" data-element_type=\"widget\" data-widget_type=\"spacer.default\">\n\t\t\t\t<div class=\"elementor-widget-container\">\n\t\t\t\t\t<div class=\"elementor-spacer\">\n\t\t\t<div class=\"elementor-spacer-inner\"><\/div>\n\t\t<\/div>\n\t\t\t\t<\/div>\n\t\t\t\t<\/div>\n\t\t\t\t<div class=\"elementor-element elementor-element-0056add elementor-widget elementor-widget-heading\" data-id=\"0056add\" data-element_type=\"widget\" data-widget_type=\"heading.default\">\n\t\t\t\t<div class=\"elementor-widget-container\">\n\t\t\t<h5 class=\"elementor-heading-title elementor-size-default\">Pedro Penim<\/h5>\t\t<\/div>\n\t\t\t\t<\/div>\n\t\t\t\t<div class=\"elementor-element elementor-element-0d0ac44 elementor-widget elementor-widget-spacer\" data-id=\"0d0ac44\" data-element_type=\"widget\" data-widget_type=\"spacer.default\">\n\t\t\t\t<div class=\"elementor-widget-container\">\n\t\t\t\t\t<div class=\"elementor-spacer\">\n\t\t\t<div class=\"elementor-spacer-inner\"><\/div>\n\t\t<\/div>\n\t\t\t\t<\/div>\n\t\t\t\t<\/div>\n\t\t\t\t<div class=\"elementor-element elementor-element-2e483905 elementor-widget elementor-widget-heading\" data-id=\"2e483905\" data-element_type=\"widget\" data-widget_type=\"heading.default\">\n\t\t\t\t<div class=\"elementor-widget-container\">\n\t\t\t<h2 class=\"elementor-heading-title elementor-size-default\">Humor Maligno<\/h2>\t\t<\/div>\n\t\t\t\t<\/div>\n\t\t\t\t<div class=\"elementor-element elementor-element-9b3ceef elementor-widget elementor-widget-heading\" data-id=\"9b3ceef\" data-element_type=\"widget\" data-widget_type=\"heading.default\">\n\t\t\t\t<div class=\"elementor-widget-container\">\n\t\t\t<h5 class=\"elementor-heading-title elementor-size-default\">Malign Humour<\/h5>\t\t<\/div>\n\t\t\t\t<\/div>\n\t\t\t\t<div class=\"elementor-element elementor-element-52c8d18 elementor-widget elementor-widget-heading\" data-id=\"52c8d18\" data-element_type=\"widget\" data-widget_type=\"heading.default\">\n\t\t\t\t<div class=\"elementor-widget-container\">\n\t\t\t<h5 class=\"elementor-heading-title elementor-size-default\">2017<\/h5>\t\t<\/div>\n\t\t\t\t<\/div>\n\t\t\t\t<div class=\"elementor-element elementor-element-2bb74d81 elementor-widget elementor-widget-spacer\" data-id=\"2bb74d81\" data-element_type=\"widget\" data-widget_type=\"spacer.default\">\n\t\t\t\t<div class=\"elementor-widget-container\">\n\t\t\t\t\t<div class=\"elementor-spacer\">\n\t\t\t<div class=\"elementor-spacer-inner\"><\/div>\n\t\t<\/div>\n\t\t\t\t<\/div>\n\t\t\t\t<\/div>\n\t\t\t\t<div class=\"elementor-element elementor-element-38c3f8c elementor-widget elementor-widget-heading\" data-id=\"38c3f8c\" data-element_type=\"widget\" data-widget_type=\"heading.default\">\n\t\t\t\t<div class=\"elementor-widget-container\">\n\t\t\t<h4 class=\"elementor-heading-title elementor-size-default\">Who can say whether what we do today will seem \ninhumane tomorrow?<\/h4>\t\t<\/div>\n\t\t\t\t<\/div>\n\t\t\t\t<div class=\"elementor-element elementor-element-8c4a2b8 elementor-widget elementor-widget-spacer\" data-id=\"8c4a2b8\" data-element_type=\"widget\" data-widget_type=\"spacer.default\">\n\t\t\t\t<div class=\"elementor-widget-container\">\n\t\t\t\t\t<div class=\"elementor-spacer\">\n\t\t\t<div class=\"elementor-spacer-inner\"><\/div>\n\t\t<\/div>\n\t\t\t\t<\/div>\n\t\t\t\t<\/div>\n\t\t\t\t<div class=\"elementor-element elementor-element-246bd51 elementor-widget elementor-widget-text-editor\" data-id=\"246bd51\" data-element_type=\"widget\" data-widget_type=\"text-editor.default\">\n\t\t\t\t<div class=\"elementor-widget-container\">\n\t\t\t\t\t\t\t<p><span lang=\"EN-GB\">In 1782, a widow, remembered by history simply as Mrs Fitzherbert, died after laughing for more than 24 hours straight following a performance of <i>The Beggar\u2019s Opera<\/i> in a London theatre. Sitting in the audience, she began to laugh uncontrollably when a male actor took to the stage dressed as Polly Peachum. Her giggles were such that she had to leave the theatre before the end of the second act. The obituary published in <i>The Gentleman\u2019s Magazine<\/i> related that \u2018not being able to banish the figure from her memory, she was thrown into hysterics, which continued without intermission [from Wednesday night] until she expired on Friday morning.\u2019\u00a0<\/span><\/p><p><span lang=\"EN-GB\">Mrs Fitzherbert was not just immensely transphobic but she also took the idea of laughing until you\u2019re breathless a little too far.\u00a0<\/span><\/p><p><span lang=\"EN-GB\">This process is called Fatal Hilarity, death caused by a fit of laughter to the point of asphyxia, cardiac arrest, pneumothorax&#8230;\u00a0<\/span><\/p><p><span lang=\"EN-GB\">In 1939, a year when it seemed like no one wanted\/was able to laugh, Andr\u00e9 Breton published the first version of the Anthology of Black Humour, thus coining a term that allows us to laugh at the misfortune of others (or at misfortune, period), offering the experience of giggles and discomfort, often at the same time.<\/span><\/p><p><span lang=\"EN-GB\">It hurts when we laugh.<\/span><\/p><p><span lang=\"EN-GB\">That\u2019s Malign Humour. It\u2019s gallows humour.<\/span><\/p><p><span lang=\"EN-GB\">Pedro Penim<\/span><\/p>\t\t\t\t\t\t<\/div>\n\t\t\t\t<\/div>\n\t\t\t\t<div class=\"elementor-element elementor-element-ed6ba0b elementor-widget elementor-widget-spacer\" data-id=\"ed6ba0b\" data-element_type=\"widget\" data-widget_type=\"spacer.default\">\n\t\t\t\t<div class=\"elementor-widget-container\">\n\t\t\t\t\t<div class=\"elementor-spacer\">\n\t\t\t<div class=\"elementor-spacer-inner\"><\/div>\n\t\t<\/div>\n\t\t\t\t<\/div>\n\t\t\t\t<\/div>\n\t\t\t\t<div class=\"elementor-element elementor-element-175c0af elementor-widget-divider--view-line elementor-widget elementor-widget-divider\" data-id=\"175c0af\" data-element_type=\"widget\" data-widget_type=\"divider.default\">\n\t\t\t\t<div class=\"elementor-widget-container\">\n\t\t\t\t\t<div class=\"elementor-divider\">\n\t\t\t<span class=\"elementor-divider-separator\">\n\t\t\t\t\t\t<\/span>\n\t\t<\/div>\n\t\t\t\t<\/div>\n\t\t\t\t<\/div>\n\t\t\t\t<div class=\"elementor-element elementor-element-7108fd4 elementor-widget elementor-widget-image\" data-id=\"7108fd4\" data-element_type=\"widget\" data-widget_type=\"image.default\">\n\t\t\t\t<div class=\"elementor-widget-container\">\n\t\t\t\t\t\t\t\t\t\t\t\t\t\t\t<img loading=\"lazy\" decoding=\"async\" width=\"1024\" height=\"556\" src=\"https:\/\/companhiamaior.pt\/en\/wp-content\/uploads\/2022\/01\/Humor-Maligno_20172-3-1024x556.png\" class=\"attachment-large size-large\" alt=\"\" srcset=\"https:\/\/companhiamaior.pt\/en\/wp-content\/uploads\/2022\/01\/Humor-Maligno_20172-3-1024x556.png 1024w, https:\/\/companhiamaior.pt\/en\/wp-content\/uploads\/2022\/01\/Humor-Maligno_20172-3-300x163.png 300w, https:\/\/companhiamaior.pt\/en\/wp-content\/uploads\/2022\/01\/Humor-Maligno_20172-3-768x417.png 768w, https:\/\/companhiamaior.pt\/en\/wp-content\/uploads\/2022\/01\/Humor-Maligno_20172-3-1536x834.png 1536w, https:\/\/companhiamaior.pt\/en\/wp-content\/uploads\/2022\/01\/Humor-Maligno_20172-3-370x201.png 370w, https:\/\/companhiamaior.pt\/en\/wp-content\/uploads\/2022\/01\/Humor-Maligno_20172-3-812x441.png 812w, https:\/\/companhiamaior.pt\/en\/wp-content\/uploads\/2022\/01\/Humor-Maligno_20172-3-406x220.png 406w, https:\/\/companhiamaior.pt\/en\/wp-content\/uploads\/2022\/01\/Humor-Maligno_20172-3-24x13.png 24w, https:\/\/companhiamaior.pt\/en\/wp-content\/uploads\/2022\/01\/Humor-Maligno_20172-3-36x20.png 36w, https:\/\/companhiamaior.pt\/en\/wp-content\/uploads\/2022\/01\/Humor-Maligno_20172-3-48x26.png 48w, https:\/\/companhiamaior.pt\/en\/wp-content\/uploads\/2022\/01\/Humor-Maligno_20172-3.png 1748w\" sizes=\"auto, (max-width: 1024px) 100vw, 1024px\" \/>\t\t\t\t\t\t\t\t\t\t\t\t\t\t\t<\/div>\n\t\t\t\t<\/div>\n\t\t\t\t<div class=\"elementor-element elementor-element-09d6817 elementor-widget-divider--view-line elementor-widget elementor-widget-divider\" data-id=\"09d6817\" data-element_type=\"widget\" data-widget_type=\"divider.default\">\n\t\t\t\t<div class=\"elementor-widget-container\">\n\t\t\t\t\t<div class=\"elementor-divider\">\n\t\t\t<span class=\"elementor-divider-separator\">\n\t\t\t\t\t\t<\/span>\n\t\t<\/div>\n\t\t\t\t<\/div>\n\t\t\t\t<\/div>\n\t\t\t\t<div class=\"elementor-element elementor-element-6d16a836 elementor-widget elementor-widget-spacer\" data-id=\"6d16a836\" data-element_type=\"widget\" data-widget_type=\"spacer.default\">\n\t\t\t\t<div class=\"elementor-widget-container\">\n\t\t\t\t\t<div class=\"elementor-spacer\">\n\t\t\t<div class=\"elementor-spacer-inner\"><\/div>\n\t\t<\/div>\n\t\t\t\t<\/div>\n\t\t\t\t<\/div>\n\t\t\t\t<div class=\"elementor-element elementor-element-59fa7e0a elementor-aspect-ratio-169 elementor-widget elementor-widget-video\" data-id=\"59fa7e0a\" data-element_type=\"widget\" data-settings=\"{&quot;youtube_url&quot;:&quot;https:\\\/\\\/www.youtube.com\\\/watch?v=t6l6nLNIBy8&quot;,&quot;video_type&quot;:&quot;youtube&quot;,&quot;controls&quot;:&quot;yes&quot;,&quot;aspect_ratio&quot;:&quot;169&quot;}\" data-widget_type=\"video.default\">\n\t\t\t\t<div class=\"elementor-widget-container\">\n\t\t\t\t\t<div class=\"elementor-wrapper elementor-fit-aspect-ratio elementor-open-inline\">\n\t\t\t<div class=\"elementor-video\"><\/div>\t\t<\/div>\n\t\t\t\t<\/div>\n\t\t\t\t<\/div>\n\t\t\t\t<div class=\"elementor-element elementor-element-71cb68c1 elementor-widget elementor-widget-spacer\" data-id=\"71cb68c1\" data-element_type=\"widget\" data-widget_type=\"spacer.default\">\n\t\t\t\t<div class=\"elementor-widget-container\">\n\t\t\t\t\t<div class=\"elementor-spacer\">\n\t\t\t<div class=\"elementor-spacer-inner\"><\/div>\n\t\t<\/div>\n\t\t\t\t<\/div>\n\t\t\t\t<\/div>\n\t\t\t\t\t<\/div>\n\t\t<\/div>\n\t\t\t\t<div class=\"elementor-column elementor-col-33 elementor-top-column elementor-element elementor-element-7d0becca sc_layouts_column_icons_position_left\" data-id=\"7d0becca\" data-element_type=\"column\">\n\t\t\t<div class=\"elementor-widget-wrap elementor-element-populated\">\n\t\t\t\t\t\t\t\t<div class=\"elementor-element elementor-element-17045a85 elementor-widget elementor-widget-spacer\" data-id=\"17045a85\" data-element_type=\"widget\" data-widget_type=\"spacer.default\">\n\t\t\t\t<div class=\"elementor-widget-container\">\n\t\t\t\t\t<div class=\"elementor-spacer\">\n\t\t\t<div class=\"elementor-spacer-inner\"><\/div>\n\t\t<\/div>\n\t\t\t\t<\/div>\n\t\t\t\t<\/div>\n\t\t\t\t<div class=\"elementor-element elementor-element-164717e3 elementor-widget elementor-widget-text-editor\" data-id=\"164717e3\" data-element_type=\"widget\" data-widget_type=\"text-editor.default\">\n\t\t\t\t<div class=\"elementor-widget-container\">\n\t\t\t\t\t\t\t<h5>Credits<\/h5>\t\t\t\t\t\t<\/div>\n\t\t\t\t<\/div>\n\t\t\t\t<div class=\"elementor-element elementor-element-49762aa elementor-widget elementor-widget-text-editor\" data-id=\"49762aa\" data-element_type=\"widget\" data-widget_type=\"text-editor.default\">\n\t\t\t\t<div class=\"elementor-widget-container\">\n\t\t\t\t\t\t\t<p>Director<br \/><strong>Pedro Penim<\/strong><\/p><p>Texts<br \/><strong>Pedro Penim <\/strong>and <strong>Hugo van der Ding<\/strong><\/p><p>Cast<br \/><strong>Angelina Mateus, Carlos Fernandes, Carlos Nery, Catarina Rico, Cristina Gon\u00e7alves, Elisa Worm, Helena Marchand, Isabel Millet, Isabel Sim\u00f5es, Jo\u00e3o Silvestre, Jorge Leal Cardoso, J\u00falia Guerra, Kimberley Ribeiro, Manuela de Sousa Rama, Maria Em\u00edlia Castanheira, Maria Helena Fal\u00e9, Maria Jos\u00e9 Bai\u00e3o, M\u00e1rio Figueiredo, Paula B\u00e1rcia<\/strong><\/p><p>With the special participation of<br \/><strong>Hugo van der Ding<\/strong><\/p><p>Set designer<br \/><strong>B\u00e1rbara Falc\u00e3o Fernandes<br \/><\/strong>Costume designer<br \/><strong>Joana Barrios<br \/><\/strong>Lighting designer<br \/><strong>Daniel Worm<br \/><\/strong>Staging assistant<br \/><strong>\u00d3scar Silva<br \/><\/strong>Photography<br \/><strong>Bruno Sim\u00e3o<br \/><\/strong>Videographer<br \/><strong>Marco Arantes<br \/><\/strong>Executive production<br \/><strong>Companhia Maior<br \/><\/strong>Producer from Companhia Maior<br \/><strong>Lu\u00eds Moreira<\/strong><\/p><p>Co-production<br \/><strong>Centro Cultural de Bel\u00e9m<br \/><\/strong><strong>Companhia Maior<\/strong><\/p><p>Partners<br \/><strong>Lisbon City Council<br \/><\/strong><strong>Bel\u00e9m Parish Council<br \/><\/strong><strong>Turismo de Lisboa<\/strong><\/p><p>Support<br \/><strong>El Corte Ingl\u00eas<br \/><\/strong><strong>ESPAZO self-storage<\/strong><\/p><h5>Acknowledgements<\/h5><p><strong>Efic\u00e1cia Livre<br \/><\/strong><strong>Restaurante Andorinhas<br \/><\/strong><strong>Centro Social de Bel\u00e9m<br \/><\/strong><strong>Rita Vasconcelos<br \/><\/strong><strong>Madalena Costa<br \/><\/strong><strong>Andr\u00e9 e. Teod\u00f3sio<\/strong><\/p><p>This play quotes Agatha Christie, Andr\u00e9 Breton, Andr\u00e9 e. Teod\u00f3sio, Anne Geddes, Botho Strauss, Chris Dercon, Holger Syme, Jimmy Carr, Jonathan Lowen, Jonathan Swift, Jos\u00e9 Maria Vieira Mendes, Louis C. K., Miley Cyrus, Olav Westphalen, Paul B. Preciado, Roee Rosen, Sarah Silverman, South Park, and Woody Allen. Companhia Maior. And the Internet.<\/p><h5>Performances<\/h5><p>PREMI\u00c8RE<br \/><strong>18 &#8211; 21 November 2017<br \/><\/strong>Centro Cultural de Bel\u00e9m<br \/>Lisbon<\/p>\t\t\t\t\t\t<\/div>\n\t\t\t\t<\/div>\n\t\t\t\t<div class=\"elementor-element elementor-element-353b379 elementor-widget elementor-widget-spacer\" data-id=\"353b379\" data-element_type=\"widget\" data-widget_type=\"spacer.default\">\n\t\t\t\t<div class=\"elementor-widget-container\">\n\t\t\t\t\t<div class=\"elementor-spacer\">\n\t\t\t<div class=\"elementor-spacer-inner\"><\/div>\n\t\t<\/div>\n\t\t\t\t<\/div>\n\t\t\t\t<\/div>\n\t\t\t\t<div class=\"elementor-element elementor-element-0738e48 elementor-widget elementor-widget-text-editor\" data-id=\"0738e48\" data-element_type=\"widget\" data-widget_type=\"text-editor.default\">\n\t\t\t\t<div class=\"elementor-widget-container\">\n\t\t\t\t\t\t\t<p style=\"font-size: 12px;\">Photos: \u00a9 Bruno Sim\u00e3o<\/p>\t\t\t\t\t\t<\/div>\n\t\t\t\t<\/div>\n\t\t\t\t\t<\/div>\n\t\t<\/div>\n\t\t\t\t\t\t\t<\/div>\n\t\t<\/section>\n\t\t\t\t\t\t<\/div>\n\t\t\t\t\t<\/div>\n\t\t","protected":false},"excerpt":{"rendered":"<p>Pedro Penim Humor Maligno Malign Humour 2017 Who can say whether what we do today will seem inhumane tomorrow? In 1782, a widow, remembered by history simply as Mrs Fitzherbert, died after laughing for more&hellip;<\/p>\n","protected":false},"author":1,"featured_media":0,"parent":0,"menu_order":0,"comment_status":"closed","ping_status":"closed","template":"elementor_theme","meta":{"footnotes":""},"class_list":["post-744","page","type-page","status-publish","hentry"],"yoast_head":"<!-- This site is optimized with the Yoast SEO plugin v19.8 - https:\/\/yoast.com\/wordpress\/plugins\/seo\/ -->\n<title>Humor Maligno - Companhia Maior<\/title>\n<meta name=\"description\" content=\"Humor Maligno de Pedro Penin\" \/>\n<meta name=\"robots\" content=\"index, follow, max-snippet:-1, max-image-preview:large, max-video-preview:-1\" \/>\n<link rel=\"canonical\" href=\"https:\/\/companhiamaior.pt\/en\/humor-maligno\/\" \/>\n<meta property=\"og:locale\" content=\"pt_PT\" \/>\n<meta property=\"og:type\" content=\"article\" \/>\n<meta property=\"og:title\" content=\"Humor Maligno - Companhia Maior\" \/>\n<meta property=\"og:description\" content=\"Humor Maligno de Pedro Penin\" \/>\n<meta property=\"og:url\" content=\"https:\/\/companhiamaior.pt\/en\/humor-maligno\/\" \/>\n<meta property=\"og:site_name\" content=\"Companhia Maior\" \/>\n<meta property=\"article:modified_time\" content=\"2022-12-09T16:11:10+00:00\" \/>\n<meta property=\"og:image\" content=\"https:\/\/companhiamaior.pt\/en\/wp-content\/uploads\/2022\/01\/Humor-Maligno_20172-3-1024x556.png\" \/>\n<meta name=\"twitter:card\" content=\"summary_large_image\" \/>\n<meta name=\"twitter:label1\" content=\"Tempo estimado de leitura\" \/>\n\t<meta name=\"twitter:data1\" content=\"3 minutos\" \/>\n<script type=\"application\/ld+json\" class=\"yoast-schema-graph\">{\"@context\":\"https:\/\/schema.org\",\"@graph\":[{\"@type\":\"WebPage\",\"@id\":\"https:\/\/companhiamaior.pt\/en\/humor-maligno\/\",\"url\":\"https:\/\/companhiamaior.pt\/en\/humor-maligno\/\",\"name\":\"Humor Maligno - Companhia Maior\",\"isPartOf\":{\"@id\":\"https:\/\/companhiamaior.pt\/en\/#website\"},\"datePublished\":\"2021-09-02T20:59:06+00:00\",\"dateModified\":\"2022-12-09T16:11:10+00:00\",\"description\":\"Humor Maligno de Pedro Penin\",\"breadcrumb\":{\"@id\":\"https:\/\/companhiamaior.pt\/en\/humor-maligno\/#breadcrumb\"},\"inLanguage\":\"pt-PT\",\"potentialAction\":[{\"@type\":\"ReadAction\",\"target\":[\"https:\/\/companhiamaior.pt\/en\/humor-maligno\/\"]}]},{\"@type\":\"BreadcrumbList\",\"@id\":\"https:\/\/companhiamaior.pt\/en\/humor-maligno\/#breadcrumb\",\"itemListElement\":[{\"@type\":\"ListItem\",\"position\":1,\"name\":\"In\u00edcio\",\"item\":\"https:\/\/companhiamaior.pt\/en\/\"},{\"@type\":\"ListItem\",\"position\":2,\"name\":\"Humor Maligno\"}]},{\"@type\":\"WebSite\",\"@id\":\"https:\/\/companhiamaior.pt\/en\/#website\",\"url\":\"https:\/\/companhiamaior.pt\/en\/\",\"name\":\"Companhia Maior\",\"description\":\"Associa\u00e7\u00e3o Cultural\",\"publisher\":{\"@id\":\"https:\/\/companhiamaior.pt\/en\/#organization\"},\"potentialAction\":[{\"@type\":\"SearchAction\",\"target\":{\"@type\":\"EntryPoint\",\"urlTemplate\":\"https:\/\/companhiamaior.pt\/en\/?s={search_term_string}\"},\"query-input\":\"required name=search_term_string\"}],\"inLanguage\":\"pt-PT\"},{\"@type\":\"Organization\",\"@id\":\"https:\/\/companhiamaior.pt\/en\/#organization\",\"name\":\"Companhia Maior\",\"url\":\"https:\/\/companhiamaior.pt\/en\/\",\"sameAs\":[],\"logo\":{\"@type\":\"ImageObject\",\"inLanguage\":\"pt-PT\",\"@id\":\"https:\/\/companhiamaior.pt\/en\/#\/schema\/logo\/image\/\",\"url\":\"https:\/\/companhiamaior.pt\/en\/wp-content\/uploads\/2021\/05\/cropped-logoHorzontalMaior.png\",\"contentUrl\":\"https:\/\/companhiamaior.pt\/en\/wp-content\/uploads\/2021\/05\/cropped-logoHorzontalMaior.png\",\"width\":472,\"height\":113,\"caption\":\"Companhia Maior\"},\"image\":{\"@id\":\"https:\/\/companhiamaior.pt\/en\/#\/schema\/logo\/image\/\"}}]}<\/script>\n<!-- \/ Yoast SEO plugin. -->","yoast_head_json":{"title":"Humor Maligno - Companhia Maior","description":"Humor Maligno de Pedro Penin","robots":{"index":"index","follow":"follow","max-snippet":"max-snippet:-1","max-image-preview":"max-image-preview:large","max-video-preview":"max-video-preview:-1"},"canonical":"https:\/\/companhiamaior.pt\/en\/humor-maligno\/","og_locale":"pt_PT","og_type":"article","og_title":"Humor Maligno - Companhia Maior","og_description":"Humor Maligno de Pedro Penin","og_url":"https:\/\/companhiamaior.pt\/en\/humor-maligno\/","og_site_name":"Companhia Maior","article_modified_time":"2022-12-09T16:11:10+00:00","og_image":[{"url":"https:\/\/companhiamaior.pt\/en\/wp-content\/uploads\/2022\/01\/Humor-Maligno_20172-3-1024x556.png"}],"twitter_card":"summary_large_image","twitter_misc":{"Tempo estimado de leitura":"3 minutos"},"schema":{"@context":"https:\/\/schema.org","@graph":[{"@type":"WebPage","@id":"https:\/\/companhiamaior.pt\/en\/humor-maligno\/","url":"https:\/\/companhiamaior.pt\/en\/humor-maligno\/","name":"Humor Maligno - Companhia Maior","isPartOf":{"@id":"https:\/\/companhiamaior.pt\/en\/#website"},"datePublished":"2021-09-02T20:59:06+00:00","dateModified":"2022-12-09T16:11:10+00:00","description":"Humor Maligno de Pedro Penin","breadcrumb":{"@id":"https:\/\/companhiamaior.pt\/en\/humor-maligno\/#breadcrumb"},"inLanguage":"pt-PT","potentialAction":[{"@type":"ReadAction","target":["https:\/\/companhiamaior.pt\/en\/humor-maligno\/"]}]},{"@type":"BreadcrumbList","@id":"https:\/\/companhiamaior.pt\/en\/humor-maligno\/#breadcrumb","itemListElement":[{"@type":"ListItem","position":1,"name":"In\u00edcio","item":"https:\/\/companhiamaior.pt\/en\/"},{"@type":"ListItem","position":2,"name":"Humor Maligno"}]},{"@type":"WebSite","@id":"https:\/\/companhiamaior.pt\/en\/#website","url":"https:\/\/companhiamaior.pt\/en\/","name":"Companhia Maior","description":"Associa\u00e7\u00e3o Cultural","publisher":{"@id":"https:\/\/companhiamaior.pt\/en\/#organization"},"potentialAction":[{"@type":"SearchAction","target":{"@type":"EntryPoint","urlTemplate":"https:\/\/companhiamaior.pt\/en\/?s={search_term_string}"},"query-input":"required name=search_term_string"}],"inLanguage":"pt-PT"},{"@type":"Organization","@id":"https:\/\/companhiamaior.pt\/en\/#organization","name":"Companhia Maior","url":"https:\/\/companhiamaior.pt\/en\/","sameAs":[],"logo":{"@type":"ImageObject","inLanguage":"pt-PT","@id":"https:\/\/companhiamaior.pt\/en\/#\/schema\/logo\/image\/","url":"https:\/\/companhiamaior.pt\/en\/wp-content\/uploads\/2021\/05\/cropped-logoHorzontalMaior.png","contentUrl":"https:\/\/companhiamaior.pt\/en\/wp-content\/uploads\/2021\/05\/cropped-logoHorzontalMaior.png","width":472,"height":113,"caption":"Companhia Maior"},"image":{"@id":"https:\/\/companhiamaior.pt\/en\/#\/schema\/logo\/image\/"}}]}},"_links":{"self":[{"href":"https:\/\/companhiamaior.pt\/en\/wp-json\/wp\/v2\/pages\/744","targetHints":{"allow":["GET"]}}],"collection":[{"href":"https:\/\/companhiamaior.pt\/en\/wp-json\/wp\/v2\/pages"}],"about":[{"href":"https:\/\/companhiamaior.pt\/en\/wp-json\/wp\/v2\/types\/page"}],"author":[{"embeddable":true,"href":"https:\/\/companhiamaior.pt\/en\/wp-json\/wp\/v2\/users\/1"}],"replies":[{"embeddable":true,"href":"https:\/\/companhiamaior.pt\/en\/wp-json\/wp\/v2\/comments?post=744"}],"version-history":[{"count":94,"href":"https:\/\/companhiamaior.pt\/en\/wp-json\/wp\/v2\/pages\/744\/revisions"}],"predecessor-version":[{"id":3848,"href":"https:\/\/companhiamaior.pt\/en\/wp-json\/wp\/v2\/pages\/744\/revisions\/3848"}],"wp:attachment":[{"href":"https:\/\/companhiamaior.pt\/en\/wp-json\/wp\/v2\/media?parent=744"}],"curies":[{"name":"wp","href":"https:\/\/api.w.org\/{rel}","templated":true}]}}