{"id":725,"date":"2021-09-02T19:28:38","date_gmt":"2021-09-02T19:28:38","guid":{"rendered":"https:\/\/companhiamaior.pt\/en\/?page_id=725"},"modified":"2022-12-09T16:11:21","modified_gmt":"2022-12-09T16:11:21","slug":"a-visita-da-velha-senhora","status":"publish","type":"page","link":"https:\/\/companhiamaior.pt\/en\/a-visita-da-velha-senhora\/","title":{"rendered":"A visita da velha senhora"},"content":{"rendered":"\t\t<div data-elementor-type=\"wp-page\" data-elementor-id=\"725\" class=\"elementor elementor-725\" data-elementor-settings=\"[]\">\n\t\t\t\t\t\t\t<div class=\"elementor-section-wrap\">\n\t\t\t\t\t\t\t<section class=\"elementor-section elementor-top-section elementor-element elementor-element-7fb75304 elementor-section-height-full elementor-section-full_width elementor-section-stretched elementor-section-height-default elementor-section-items-middle\" data-id=\"7fb75304\" data-element_type=\"section\" data-settings=\"{&quot;background_background&quot;:&quot;slideshow&quot;,&quot;background_slideshow_gallery&quot;:[{&quot;id&quot;:740,&quot;url&quot;:&quot;https:\\\/\\\/companhiamaior.pt\\\/en\\\/wp-content\\\/uploads\\\/2021\\\/09\\\/1920x1080_0008_Layer-55.jpg&quot;},{&quot;id&quot;:739,&quot;url&quot;:&quot;https:\\\/\\\/companhiamaior.pt\\\/en\\\/wp-content\\\/uploads\\\/2021\\\/09\\\/1920x1080_0007_Layer-56.jpg&quot;},{&quot;id&quot;:738,&quot;url&quot;:&quot;https:\\\/\\\/companhiamaior.pt\\\/en\\\/wp-content\\\/uploads\\\/2021\\\/09\\\/1920x1080_0006_Layer-57.jpg&quot;},{&quot;id&quot;:737,&quot;url&quot;:&quot;https:\\\/\\\/companhiamaior.pt\\\/en\\\/wp-content\\\/uploads\\\/2021\\\/09\\\/1920x1080_0005_Layer-58.jpg&quot;},{&quot;id&quot;:735,&quot;url&quot;:&quot;https:\\\/\\\/companhiamaior.pt\\\/en\\\/wp-content\\\/uploads\\\/2021\\\/09\\\/1920x1080_0003_Layer-60.jpg&quot;},{&quot;id&quot;:732,&quot;url&quot;:&quot;https:\\\/\\\/companhiamaior.pt\\\/en\\\/wp-content\\\/uploads\\\/2021\\\/09\\\/1920x1080_0000_Layer-63.jpg&quot;},{&quot;id&quot;:733,&quot;url&quot;:&quot;https:\\\/\\\/companhiamaior.pt\\\/en\\\/wp-content\\\/uploads\\\/2021\\\/09\\\/1920x1080_0001_Layer-62.jpg&quot;},{&quot;id&quot;:734,&quot;url&quot;:&quot;https:\\\/\\\/companhiamaior.pt\\\/en\\\/wp-content\\\/uploads\\\/2021\\\/09\\\/1920x1080_0002_Layer-61.jpg&quot;},{&quot;id&quot;:736,&quot;url&quot;:&quot;https:\\\/\\\/companhiamaior.pt\\\/en\\\/wp-content\\\/uploads\\\/2021\\\/09\\\/1920x1080_0004_Layer-59.jpg&quot;}],&quot;background_slideshow_slide_transition&quot;:&quot;slide_right&quot;,&quot;stretch_section&quot;:&quot;section-stretched&quot;,&quot;background_slideshow_loop&quot;:&quot;yes&quot;,&quot;background_slideshow_slide_duration&quot;:5000,&quot;background_slideshow_transition_duration&quot;:500}\">\n\t\t\t\t\t\t<div class=\"elementor-container elementor-column-gap-extended\">\n\t\t\t\t\t<div class=\"elementor-column elementor-col-100 elementor-top-column elementor-element elementor-element-5a64f812 sc_layouts_column_icons_position_left\" data-id=\"5a64f812\" data-element_type=\"column\">\n\t\t\t<div class=\"elementor-widget-wrap\">\n\t\t\t\t\t\t\t\t\t<\/div>\n\t\t<\/div>\n\t\t\t\t\t\t\t<\/div>\n\t\t<\/section>\n\t\t\t\t<section class=\"elementor-section elementor-top-section elementor-element elementor-element-69005da2 elementor-section-boxed elementor-section-height-default elementor-section-height-default\" data-id=\"69005da2\" data-element_type=\"section\">\n\t\t\t\t\t\t<div class=\"elementor-container elementor-column-gap-extended\">\n\t\t\t\t\t<div class=\"elementor-column elementor-col-66 elementor-top-column elementor-element elementor-element-4b4bbea6 sc_layouts_column_icons_position_left\" data-id=\"4b4bbea6\" data-element_type=\"column\">\n\t\t\t<div class=\"elementor-widget-wrap elementor-element-populated\">\n\t\t\t\t\t\t\t\t<div class=\"elementor-element elementor-element-30db1fe1 elementor-widget elementor-widget-spacer\" data-id=\"30db1fe1\" data-element_type=\"widget\" data-widget_type=\"spacer.default\">\n\t\t\t\t<div class=\"elementor-widget-container\">\n\t\t\t\t\t<div class=\"elementor-spacer\">\n\t\t\t<div class=\"elementor-spacer-inner\"><\/div>\n\t\t<\/div>\n\t\t\t\t<\/div>\n\t\t\t\t<\/div>\n\t\t\t\t<div class=\"elementor-element elementor-element-0afd5af elementor-widget elementor-widget-heading\" data-id=\"0afd5af\" data-element_type=\"widget\" data-widget_type=\"heading.default\">\n\t\t\t\t<div class=\"elementor-widget-container\">\n\t\t\t<h5 class=\"elementor-heading-title elementor-size-default\">Nuno Cardoso<\/h5>\t\t<\/div>\n\t\t\t\t<\/div>\n\t\t\t\t<div class=\"elementor-element elementor-element-25a1a8e elementor-widget elementor-widget-spacer\" data-id=\"25a1a8e\" data-element_type=\"widget\" data-widget_type=\"spacer.default\">\n\t\t\t\t<div class=\"elementor-widget-container\">\n\t\t\t\t\t<div class=\"elementor-spacer\">\n\t\t\t<div class=\"elementor-spacer-inner\"><\/div>\n\t\t<\/div>\n\t\t\t\t<\/div>\n\t\t\t\t<\/div>\n\t\t\t\t<div class=\"elementor-element elementor-element-4ff7073a elementor-widget elementor-widget-heading\" data-id=\"4ff7073a\" data-element_type=\"widget\" data-widget_type=\"heading.default\">\n\t\t\t\t<div class=\"elementor-widget-container\">\n\t\t\t<h2 class=\"elementor-heading-title elementor-size-default\">A Visita da Velha Senhora<\/h2>\t\t<\/div>\n\t\t\t\t<\/div>\n\t\t\t\t<div class=\"elementor-element elementor-element-4fb362f elementor-widget elementor-widget-heading\" data-id=\"4fb362f\" data-element_type=\"widget\" data-widget_type=\"heading.default\">\n\t\t\t\t<div class=\"elementor-widget-container\">\n\t\t\t<h5 class=\"elementor-heading-title elementor-size-default\">The visit of the richest woman<\/h5>\t\t<\/div>\n\t\t\t\t<\/div>\n\t\t\t\t<div class=\"elementor-element elementor-element-172e168 elementor-widget elementor-widget-heading\" data-id=\"172e168\" data-element_type=\"widget\" data-widget_type=\"heading.default\">\n\t\t\t\t<div class=\"elementor-widget-container\">\n\t\t\t<h5 class=\"elementor-heading-title elementor-size-default\">2013<\/h5>\t\t<\/div>\n\t\t\t\t<\/div>\n\t\t\t\t<div class=\"elementor-element elementor-element-7ceb54df elementor-widget elementor-widget-spacer\" data-id=\"7ceb54df\" data-element_type=\"widget\" data-widget_type=\"spacer.default\">\n\t\t\t\t<div class=\"elementor-widget-container\">\n\t\t\t\t\t<div class=\"elementor-spacer\">\n\t\t\t<div class=\"elementor-spacer-inner\"><\/div>\n\t\t<\/div>\n\t\t\t\t<\/div>\n\t\t\t\t<\/div>\n\t\t\t\t<div class=\"elementor-element elementor-element-1162b8d7 elementor-widget elementor-widget-text-editor\" data-id=\"1162b8d7\" data-element_type=\"widget\" data-widget_type=\"text-editor.default\">\n\t\t\t\t<div class=\"elementor-widget-container\">\n\t\t\t\t\t\t\t<p><span lang=\"EN-GB\">In 1956, D\u00fcrrenmatt wrote a brilliant play about a ruined city awaiting the visit of the richest woman in the world to instigate its economic recovery. Exactly fifty-six years later, it would be hard to find another text that takes us back, with such great precision, to the ethical and political confusion into which the state of financial need casts a community that has always been guided by conventional values. Claire Zachanassian is the archetype of power, of its discretion and its driving force. She is the face of money, cold and determined.<\/span><\/p><p><span lang=\"EN-GB\">This staging of <i>The Visit<\/i>, however, is the face of collaboration and the potentialities of artistic sharing and investment with the aim of constructing a show on a scale that is unusual, especially in these times of crisis.<\/span><\/p><p><span lang=\"EN-GB\">Two companies and two theatres (so far&#8230;) have joined forces, casts, creative and technical teams, to pursue the idea of Theatre as a mechanism, dark and comical, for questioning ourselves.<\/span><\/p>\t\t\t\t\t\t<\/div>\n\t\t\t\t<\/div>\n\t\t\t\t<div class=\"elementor-element elementor-element-210411b7 elementor-widget elementor-widget-spacer\" data-id=\"210411b7\" data-element_type=\"widget\" data-widget_type=\"spacer.default\">\n\t\t\t\t<div class=\"elementor-widget-container\">\n\t\t\t\t\t<div class=\"elementor-spacer\">\n\t\t\t<div class=\"elementor-spacer-inner\"><\/div>\n\t\t<\/div>\n\t\t\t\t<\/div>\n\t\t\t\t<\/div>\n\t\t\t\t<div class=\"elementor-element elementor-element-7d04df7 elementor-widget elementor-widget-image\" data-id=\"7d04df7\" data-element_type=\"widget\" data-widget_type=\"image.default\">\n\t\t\t\t<div class=\"elementor-widget-container\">\n\t\t\t\t\t\t\t\t\t\t\t\t\t\t\t<img loading=\"lazy\" decoding=\"async\" width=\"768\" height=\"1087\" src=\"https:\/\/companhiamaior.pt\/en\/wp-content\/uploads\/2022\/01\/avisita_cartaz_web-768x1087.jpg\" class=\"attachment-medium_large size-medium_large\" alt=\"\" srcset=\"https:\/\/companhiamaior.pt\/en\/wp-content\/uploads\/2022\/01\/avisita_cartaz_web-768x1087.jpg 768w, https:\/\/companhiamaior.pt\/en\/wp-content\/uploads\/2022\/01\/avisita_cartaz_web-212x300.jpg 212w, https:\/\/companhiamaior.pt\/en\/wp-content\/uploads\/2022\/01\/avisita_cartaz_web-724x1024.jpg 724w, https:\/\/companhiamaior.pt\/en\/wp-content\/uploads\/2022\/01\/avisita_cartaz_web-370x524.jpg 370w, https:\/\/companhiamaior.pt\/en\/wp-content\/uploads\/2022\/01\/avisita_cartaz_web-812x1149.jpg 812w, https:\/\/companhiamaior.pt\/en\/wp-content\/uploads\/2022\/01\/avisita_cartaz_web-406x575.jpg 406w, https:\/\/companhiamaior.pt\/en\/wp-content\/uploads\/2022\/01\/avisita_cartaz_web-17x24.jpg 17w, https:\/\/companhiamaior.pt\/en\/wp-content\/uploads\/2022\/01\/avisita_cartaz_web-25x36.jpg 25w, https:\/\/companhiamaior.pt\/en\/wp-content\/uploads\/2022\/01\/avisita_cartaz_web-34x48.jpg 34w, https:\/\/companhiamaior.pt\/en\/wp-content\/uploads\/2022\/01\/avisita_cartaz_web.jpg 848w\" sizes=\"auto, (max-width: 768px) 100vw, 768px\" \/>\t\t\t\t\t\t\t\t\t\t\t\t\t\t\t<\/div>\n\t\t\t\t<\/div>\n\t\t\t\t<div class=\"elementor-element elementor-element-75804a9e elementor-widget elementor-widget-spacer\" data-id=\"75804a9e\" data-element_type=\"widget\" data-widget_type=\"spacer.default\">\n\t\t\t\t<div class=\"elementor-widget-container\">\n\t\t\t\t\t<div class=\"elementor-spacer\">\n\t\t\t<div class=\"elementor-spacer-inner\"><\/div>\n\t\t<\/div>\n\t\t\t\t<\/div>\n\t\t\t\t<\/div>\n\t\t\t\t\t<\/div>\n\t\t<\/div>\n\t\t\t\t<div class=\"elementor-column elementor-col-33 elementor-top-column elementor-element elementor-element-1504a410 sc_layouts_column_icons_position_left\" data-id=\"1504a410\" data-element_type=\"column\">\n\t\t\t<div class=\"elementor-widget-wrap elementor-element-populated\">\n\t\t\t\t\t\t\t\t<div class=\"elementor-element elementor-element-12fb87f3 elementor-widget elementor-widget-spacer\" data-id=\"12fb87f3\" data-element_type=\"widget\" data-widget_type=\"spacer.default\">\n\t\t\t\t<div class=\"elementor-widget-container\">\n\t\t\t\t\t<div class=\"elementor-spacer\">\n\t\t\t<div class=\"elementor-spacer-inner\"><\/div>\n\t\t<\/div>\n\t\t\t\t<\/div>\n\t\t\t\t<\/div>\n\t\t\t\t<div class=\"elementor-element elementor-element-4b07065f elementor-widget elementor-widget-text-editor\" data-id=\"4b07065f\" data-element_type=\"widget\" data-widget_type=\"text-editor.default\">\n\t\t\t\t<div class=\"elementor-widget-container\">\n\t\t\t\t\t\t\t<h5>Credits<\/h5>\t\t\t\t\t\t<\/div>\n\t\t\t\t<\/div>\n\t\t\t\t<div class=\"elementor-element elementor-element-443b634f elementor-widget elementor-widget-text-editor\" data-id=\"443b634f\" data-element_type=\"widget\" data-widget_type=\"text-editor.default\">\n\t\t\t\t<div class=\"elementor-widget-container\">\n\t\t\t\t\t\t\t<p>Text<br \/><strong>Friedrich D\u00fcrrenmatt<\/strong><\/p><p>Translation<br \/><strong>Jo\u00e3o Barrento<\/strong><\/p><p>Director<br \/><strong>Nuno Cardoso<\/strong><\/p><p>Cast<br \/><strong>Maria Jo\u00e3o Lu\u00eds, Hor\u00e1cio Manuel, C\u00e2ndido Ferreira, Lu\u00eds Lucas, T\u00f3nan Quito, Daniel Pinto, Jo\u00e3o Melo, Pedro Frias<\/strong><\/p><p>and<\/p><p><strong>Ant\u00f3nio Pedrosa, Carlos Nery, Cristina Gon\u00e7alves, Diana Coelho, Helena Marchand, Isabel Millet, Isabel Sim\u00f5es, Iva Delgado, Jorge Fal\u00e9, J\u00falia Guerra, Kimberley Ribeiro, Manuela de Sousa Rama, Paula B\u00e1rcia, V\u00edtor Lopes<\/strong> (Companhia Maior)<\/p><p>Staging assistant and movement director<br \/><strong>V\u00edtor Hugo Pontes<br \/><\/strong>Scenography<br \/><strong>F. Ribeiro<br \/><\/strong>Lighting designer<br \/><strong>Jos\u00e9 \u00c1lvaro Correia<br \/><\/strong>Original music<br \/><strong>Rui Lima, S\u00e9rgio Martins<br \/><\/strong>Producers from Ao Cabo Teatro<br \/><strong>Carla Moreira,<br \/><\/strong><strong>H\u00e9lder Sousa<br \/><\/strong>Producer from Companhia Maior<br \/><strong>Lu\u00eds Moreira<\/strong><\/p><p>Co-production<br \/><strong>Ao Cabo Teatro, Companhia Maior, Centro Cultural Vila Flor, S\u00e3o Luiz Teatro Municipal<\/strong><\/p><p>Support<br \/><strong>CNB \u2013 Companhia Nacional de Bailado<br \/><\/strong><strong>Centro Cultural de Bel\u00e9m<br \/><\/strong><strong>Funda\u00e7\u00e3o EDP<\/strong><\/p><h5>Acknowledgements<\/h5><p><strong>Agostinho Feixeira \u2013 M\u00f3veis e Velharias Atelier Real<\/strong><br \/><strong>Lisbon City Council<\/strong><br \/><strong>Municipal Directorate of Urban Environment \/ Public Lighting Division<\/strong><br \/><strong>Celso Costa<\/strong><br \/><strong>Carlota Maricato<\/strong><br \/><strong>Cristina Vidal<\/strong><br \/><strong>Daniela Costa<\/strong><br \/><strong>Dinis Pedroso<\/strong><br \/><strong>Funda\u00e7\u00e3o EDP<\/strong><br \/><strong>Mundo Perfeito<\/strong><br \/><strong>M Ventura &amp; Partners<\/strong><br \/><strong>Paula Braga \u2013 Centro de Documenta\u00e7\u00e3o TNSJ Teatro da Trindade \u2013 Funda\u00e7\u00e3o Inatel<\/strong><\/p><h5>Performances<\/h5><p>PREMI\u00c8RE<br \/><strong>7 &#8211; 27 March 2013<br \/><\/strong>S\u00e3o Luiz Teatro Municipal<br \/>Lisbon<\/p><p>FURTHER PERFORMANCES<\/p><p><strong>30 March 2013<br \/><\/strong>Centro Cultural Vila Flor<br \/>Guimar\u00e3es<\/p><p><strong>10 &#8211; 14 July 2013<br \/><\/strong>Teatro Nacional S\u00e3o Jo\u00e3o<br \/>Porto<\/p>\t\t\t\t\t\t<\/div>\n\t\t\t\t<\/div>\n\t\t\t\t<div class=\"elementor-element elementor-element-e66d405 elementor-widget elementor-widget-spacer\" data-id=\"e66d405\" data-element_type=\"widget\" data-widget_type=\"spacer.default\">\n\t\t\t\t<div class=\"elementor-widget-container\">\n\t\t\t\t\t<div class=\"elementor-spacer\">\n\t\t\t<div class=\"elementor-spacer-inner\"><\/div>\n\t\t<\/div>\n\t\t\t\t<\/div>\n\t\t\t\t<\/div>\n\t\t\t\t<div class=\"elementor-element elementor-element-2e65ca8 elementor-widget elementor-widget-text-editor\" data-id=\"2e65ca8\" data-element_type=\"widget\" data-widget_type=\"text-editor.default\">\n\t\t\t\t<div class=\"elementor-widget-container\">\n\t\t\t\t\t\t\t<p style=\"font-size: 12px;\">Photos: \u00a9 Bruno Sim\u00e3o<\/p>\t\t\t\t\t\t<\/div>\n\t\t\t\t<\/div>\n\t\t\t\t\t<\/div>\n\t\t<\/div>\n\t\t\t\t\t\t\t<\/div>\n\t\t<\/section>\n\t\t\t\t\t\t<\/div>\n\t\t\t\t\t<\/div>\n\t\t","protected":false},"excerpt":{"rendered":"<p>Nuno Cardoso A Visita da Velha Senhora The visit of the richest woman 2013 In 1956, D\u00fcrrenmatt wrote a brilliant play about a ruined city awaiting the visit of the richest woman in the world&hellip;<\/p>\n","protected":false},"author":1,"featured_media":0,"parent":0,"menu_order":0,"comment_status":"closed","ping_status":"closed","template":"elementor_theme","meta":{"footnotes":""},"class_list":["post-725","page","type-page","status-publish","hentry"],"yoast_head":"<!-- This site is optimized with the Yoast SEO plugin v19.8 - https:\/\/yoast.com\/wordpress\/plugins\/seo\/ -->\n<title>A visita da velha senhora - Companhia Maior<\/title>\n<meta name=\"description\" content=\"Esta montagem d\u2019A Visita da Velha Senhora \u00e9, ao contr\u00e1rio da pe\u00e7a fulgurante de 1956 de D\u00fcrrenmatt, a face da colabora\u00e7\u00e3o e das virtualidades da partilha art\u00edstica e de investimento com o objetivo de construir um espet\u00e1culo \u00e0 escala que j\u00e1 n\u00e3o \u00e9 habitual, nestes tempos de todas as crises.\" \/>\n<meta name=\"robots\" content=\"index, follow, max-snippet:-1, max-image-preview:large, max-video-preview:-1\" \/>\n<link rel=\"canonical\" href=\"https:\/\/companhiamaior.pt\/en\/a-visita-da-velha-senhora\/\" \/>\n<meta property=\"og:locale\" content=\"pt_PT\" \/>\n<meta property=\"og:type\" content=\"article\" \/>\n<meta property=\"og:title\" content=\"A visita da velha senhora - Companhia Maior\" \/>\n<meta property=\"og:description\" content=\"Esta montagem d\u2019A Visita da Velha Senhora \u00e9, ao contr\u00e1rio da pe\u00e7a fulgurante de 1956 de D\u00fcrrenmatt, a face da colabora\u00e7\u00e3o e das virtualidades da partilha art\u00edstica e de investimento com o objetivo de construir um espet\u00e1culo \u00e0 escala que j\u00e1 n\u00e3o \u00e9 habitual, nestes tempos de todas as crises.\" \/>\n<meta property=\"og:url\" content=\"https:\/\/companhiamaior.pt\/en\/a-visita-da-velha-senhora\/\" \/>\n<meta property=\"og:site_name\" content=\"Companhia Maior\" \/>\n<meta property=\"article:modified_time\" content=\"2022-12-09T16:11:21+00:00\" \/>\n<meta property=\"og:image\" content=\"https:\/\/companhiamaior.pt\/en\/wp-content\/uploads\/2022\/01\/avisita_cartaz_web-768x1087.jpg\" \/>\n<meta name=\"twitter:card\" content=\"summary_large_image\" \/>\n<meta name=\"twitter:label1\" content=\"Tempo estimado de leitura\" \/>\n\t<meta name=\"twitter:data1\" content=\"3 minutos\" \/>\n<script type=\"application\/ld+json\" class=\"yoast-schema-graph\">{\"@context\":\"https:\/\/schema.org\",\"@graph\":[{\"@type\":\"WebPage\",\"@id\":\"https:\/\/companhiamaior.pt\/en\/a-visita-da-velha-senhora\/\",\"url\":\"https:\/\/companhiamaior.pt\/en\/a-visita-da-velha-senhora\/\",\"name\":\"A visita da velha senhora - Companhia Maior\",\"isPartOf\":{\"@id\":\"https:\/\/companhiamaior.pt\/en\/#website\"},\"datePublished\":\"2021-09-02T19:28:38+00:00\",\"dateModified\":\"2022-12-09T16:11:21+00:00\",\"description\":\"Esta montagem d\u2019A Visita da Velha Senhora \u00e9, ao contr\u00e1rio da pe\u00e7a fulgurante de 1956 de D\u00fcrrenmatt, a face da colabora\u00e7\u00e3o e das virtualidades da partilha art\u00edstica e de investimento com o objetivo de construir um espet\u00e1culo \u00e0 escala que j\u00e1 n\u00e3o \u00e9 habitual, nestes tempos de todas as crises.\",\"breadcrumb\":{\"@id\":\"https:\/\/companhiamaior.pt\/en\/a-visita-da-velha-senhora\/#breadcrumb\"},\"inLanguage\":\"pt-PT\",\"potentialAction\":[{\"@type\":\"ReadAction\",\"target\":[\"https:\/\/companhiamaior.pt\/en\/a-visita-da-velha-senhora\/\"]}]},{\"@type\":\"BreadcrumbList\",\"@id\":\"https:\/\/companhiamaior.pt\/en\/a-visita-da-velha-senhora\/#breadcrumb\",\"itemListElement\":[{\"@type\":\"ListItem\",\"position\":1,\"name\":\"In\u00edcio\",\"item\":\"https:\/\/companhiamaior.pt\/en\/\"},{\"@type\":\"ListItem\",\"position\":2,\"name\":\"A visita da velha senhora\"}]},{\"@type\":\"WebSite\",\"@id\":\"https:\/\/companhiamaior.pt\/en\/#website\",\"url\":\"https:\/\/companhiamaior.pt\/en\/\",\"name\":\"Companhia Maior\",\"description\":\"Associa\u00e7\u00e3o Cultural\",\"publisher\":{\"@id\":\"https:\/\/companhiamaior.pt\/en\/#organization\"},\"potentialAction\":[{\"@type\":\"SearchAction\",\"target\":{\"@type\":\"EntryPoint\",\"urlTemplate\":\"https:\/\/companhiamaior.pt\/en\/?s={search_term_string}\"},\"query-input\":\"required name=search_term_string\"}],\"inLanguage\":\"pt-PT\"},{\"@type\":\"Organization\",\"@id\":\"https:\/\/companhiamaior.pt\/en\/#organization\",\"name\":\"Companhia Maior\",\"url\":\"https:\/\/companhiamaior.pt\/en\/\",\"sameAs\":[],\"logo\":{\"@type\":\"ImageObject\",\"inLanguage\":\"pt-PT\",\"@id\":\"https:\/\/companhiamaior.pt\/en\/#\/schema\/logo\/image\/\",\"url\":\"https:\/\/companhiamaior.pt\/en\/wp-content\/uploads\/2021\/05\/cropped-logoHorzontalMaior.png\",\"contentUrl\":\"https:\/\/companhiamaior.pt\/en\/wp-content\/uploads\/2021\/05\/cropped-logoHorzontalMaior.png\",\"width\":472,\"height\":113,\"caption\":\"Companhia Maior\"},\"image\":{\"@id\":\"https:\/\/companhiamaior.pt\/en\/#\/schema\/logo\/image\/\"}}]}<\/script>\n<!-- \/ Yoast SEO plugin. -->","yoast_head_json":{"title":"A visita da velha senhora - Companhia Maior","description":"Esta montagem d\u2019A Visita da Velha Senhora \u00e9, ao contr\u00e1rio da pe\u00e7a fulgurante de 1956 de D\u00fcrrenmatt, a face da colabora\u00e7\u00e3o e das virtualidades da partilha art\u00edstica e de investimento com o objetivo de construir um espet\u00e1culo \u00e0 escala que j\u00e1 n\u00e3o \u00e9 habitual, nestes tempos de todas as crises.","robots":{"index":"index","follow":"follow","max-snippet":"max-snippet:-1","max-image-preview":"max-image-preview:large","max-video-preview":"max-video-preview:-1"},"canonical":"https:\/\/companhiamaior.pt\/en\/a-visita-da-velha-senhora\/","og_locale":"pt_PT","og_type":"article","og_title":"A visita da velha senhora - Companhia Maior","og_description":"Esta montagem d\u2019A Visita da Velha Senhora \u00e9, ao contr\u00e1rio da pe\u00e7a fulgurante de 1956 de D\u00fcrrenmatt, a face da colabora\u00e7\u00e3o e das virtualidades da partilha art\u00edstica e de investimento com o objetivo de construir um espet\u00e1culo \u00e0 escala que j\u00e1 n\u00e3o \u00e9 habitual, nestes tempos de todas as crises.","og_url":"https:\/\/companhiamaior.pt\/en\/a-visita-da-velha-senhora\/","og_site_name":"Companhia Maior","article_modified_time":"2022-12-09T16:11:21+00:00","og_image":[{"url":"https:\/\/companhiamaior.pt\/en\/wp-content\/uploads\/2022\/01\/avisita_cartaz_web-768x1087.jpg"}],"twitter_card":"summary_large_image","twitter_misc":{"Tempo estimado de leitura":"3 minutos"},"schema":{"@context":"https:\/\/schema.org","@graph":[{"@type":"WebPage","@id":"https:\/\/companhiamaior.pt\/en\/a-visita-da-velha-senhora\/","url":"https:\/\/companhiamaior.pt\/en\/a-visita-da-velha-senhora\/","name":"A visita da velha senhora - Companhia Maior","isPartOf":{"@id":"https:\/\/companhiamaior.pt\/en\/#website"},"datePublished":"2021-09-02T19:28:38+00:00","dateModified":"2022-12-09T16:11:21+00:00","description":"Esta montagem d\u2019A Visita da Velha Senhora \u00e9, ao contr\u00e1rio da pe\u00e7a fulgurante de 1956 de D\u00fcrrenmatt, a face da colabora\u00e7\u00e3o e das virtualidades da partilha art\u00edstica e de investimento com o objetivo de construir um espet\u00e1culo \u00e0 escala que j\u00e1 n\u00e3o \u00e9 habitual, nestes tempos de todas as crises.","breadcrumb":{"@id":"https:\/\/companhiamaior.pt\/en\/a-visita-da-velha-senhora\/#breadcrumb"},"inLanguage":"pt-PT","potentialAction":[{"@type":"ReadAction","target":["https:\/\/companhiamaior.pt\/en\/a-visita-da-velha-senhora\/"]}]},{"@type":"BreadcrumbList","@id":"https:\/\/companhiamaior.pt\/en\/a-visita-da-velha-senhora\/#breadcrumb","itemListElement":[{"@type":"ListItem","position":1,"name":"In\u00edcio","item":"https:\/\/companhiamaior.pt\/en\/"},{"@type":"ListItem","position":2,"name":"A visita da velha senhora"}]},{"@type":"WebSite","@id":"https:\/\/companhiamaior.pt\/en\/#website","url":"https:\/\/companhiamaior.pt\/en\/","name":"Companhia Maior","description":"Associa\u00e7\u00e3o Cultural","publisher":{"@id":"https:\/\/companhiamaior.pt\/en\/#organization"},"potentialAction":[{"@type":"SearchAction","target":{"@type":"EntryPoint","urlTemplate":"https:\/\/companhiamaior.pt\/en\/?s={search_term_string}"},"query-input":"required name=search_term_string"}],"inLanguage":"pt-PT"},{"@type":"Organization","@id":"https:\/\/companhiamaior.pt\/en\/#organization","name":"Companhia Maior","url":"https:\/\/companhiamaior.pt\/en\/","sameAs":[],"logo":{"@type":"ImageObject","inLanguage":"pt-PT","@id":"https:\/\/companhiamaior.pt\/en\/#\/schema\/logo\/image\/","url":"https:\/\/companhiamaior.pt\/en\/wp-content\/uploads\/2021\/05\/cropped-logoHorzontalMaior.png","contentUrl":"https:\/\/companhiamaior.pt\/en\/wp-content\/uploads\/2021\/05\/cropped-logoHorzontalMaior.png","width":472,"height":113,"caption":"Companhia Maior"},"image":{"@id":"https:\/\/companhiamaior.pt\/en\/#\/schema\/logo\/image\/"}}]}},"_links":{"self":[{"href":"https:\/\/companhiamaior.pt\/en\/wp-json\/wp\/v2\/pages\/725","targetHints":{"allow":["GET"]}}],"collection":[{"href":"https:\/\/companhiamaior.pt\/en\/wp-json\/wp\/v2\/pages"}],"about":[{"href":"https:\/\/companhiamaior.pt\/en\/wp-json\/wp\/v2\/types\/page"}],"author":[{"embeddable":true,"href":"https:\/\/companhiamaior.pt\/en\/wp-json\/wp\/v2\/users\/1"}],"replies":[{"embeddable":true,"href":"https:\/\/companhiamaior.pt\/en\/wp-json\/wp\/v2\/comments?post=725"}],"version-history":[{"count":92,"href":"https:\/\/companhiamaior.pt\/en\/wp-json\/wp\/v2\/pages\/725\/revisions"}],"predecessor-version":[{"id":3857,"href":"https:\/\/companhiamaior.pt\/en\/wp-json\/wp\/v2\/pages\/725\/revisions\/3857"}],"wp:attachment":[{"href":"https:\/\/companhiamaior.pt\/en\/wp-json\/wp\/v2\/media?parent=725"}],"curies":[{"name":"wp","href":"https:\/\/api.w.org\/{rel}","templated":true}]}}