{"id":693,"date":"2021-09-02T18:34:54","date_gmt":"2021-09-02T18:34:54","guid":{"rendered":"https:\/\/companhiamaior.pt\/en\/?page_id=693"},"modified":"2022-12-09T16:04:04","modified_gmt":"2022-12-09T16:04:04","slug":"um-de-nos","status":"publish","type":"page","link":"https:\/\/companhiamaior.pt\/en\/um-de-nos\/","title":{"rendered":"Um de n\u00f3s"},"content":{"rendered":"\t\t<div data-elementor-type=\"wp-page\" data-elementor-id=\"693\" class=\"elementor elementor-693\" data-elementor-settings=\"[]\">\n\t\t\t\t\t\t\t<div class=\"elementor-section-wrap\">\n\t\t\t\t\t\t\t<section class=\"elementor-section elementor-top-section elementor-element elementor-element-f64320e elementor-section-height-full elementor-section-full_width elementor-section-stretched elementor-section-height-default elementor-section-items-middle\" data-id=\"f64320e\" data-element_type=\"section\" data-settings=\"{&quot;background_background&quot;:&quot;slideshow&quot;,&quot;background_slideshow_gallery&quot;:[{&quot;id&quot;:713,&quot;url&quot;:&quot;https:\\\/\\\/companhiamaior.pt\\\/en\\\/wp-content\\\/uploads\\\/2021\\\/09\\\/1920x1080_0007_Layer-47.jpg&quot;},{&quot;id&quot;:711,&quot;url&quot;:&quot;https:\\\/\\\/companhiamaior.pt\\\/en\\\/wp-content\\\/uploads\\\/2021\\\/09\\\/1920x1080_0005_Layer-49.jpg&quot;},{&quot;id&quot;:714,&quot;url&quot;:&quot;https:\\\/\\\/companhiamaior.pt\\\/en\\\/wp-content\\\/uploads\\\/2021\\\/09\\\/1920x1080_0008_Layer-46.jpg&quot;},{&quot;id&quot;:706,&quot;url&quot;:&quot;https:\\\/\\\/companhiamaior.pt\\\/en\\\/wp-content\\\/uploads\\\/2021\\\/09\\\/1920x1080_0000_Layer-54.jpg&quot;},{&quot;id&quot;:707,&quot;url&quot;:&quot;https:\\\/\\\/companhiamaior.pt\\\/en\\\/wp-content\\\/uploads\\\/2021\\\/09\\\/1920x1080_0001_Layer-53.jpg&quot;},{&quot;id&quot;:708,&quot;url&quot;:&quot;https:\\\/\\\/companhiamaior.pt\\\/en\\\/wp-content\\\/uploads\\\/2021\\\/09\\\/1920x1080_0002_Layer-52.jpg&quot;},{&quot;id&quot;:710,&quot;url&quot;:&quot;https:\\\/\\\/companhiamaior.pt\\\/en\\\/wp-content\\\/uploads\\\/2021\\\/09\\\/1920x1080_0004_Layer-50.jpg&quot;},{&quot;id&quot;:709,&quot;url&quot;:&quot;https:\\\/\\\/companhiamaior.pt\\\/en\\\/wp-content\\\/uploads\\\/2021\\\/09\\\/1920x1080_0003_Layer-51.jpg&quot;},{&quot;id&quot;:715,&quot;url&quot;:&quot;https:\\\/\\\/companhiamaior.pt\\\/en\\\/wp-content\\\/uploads\\\/2021\\\/09\\\/1920x1080_0009_Layer-45.jpg&quot;},{&quot;id&quot;:712,&quot;url&quot;:&quot;https:\\\/\\\/companhiamaior.pt\\\/en\\\/wp-content\\\/uploads\\\/2021\\\/09\\\/1920x1080_0006_Layer-48.jpg&quot;}],&quot;background_slideshow_slide_transition&quot;:&quot;slide_right&quot;,&quot;stretch_section&quot;:&quot;section-stretched&quot;,&quot;background_slideshow_loop&quot;:&quot;yes&quot;,&quot;background_slideshow_slide_duration&quot;:5000,&quot;background_slideshow_transition_duration&quot;:500}\">\n\t\t\t\t\t\t<div class=\"elementor-container elementor-column-gap-extended\">\n\t\t\t\t\t<div class=\"elementor-column elementor-col-100 elementor-top-column elementor-element elementor-element-334a0cea sc_layouts_column_icons_position_left\" data-id=\"334a0cea\" data-element_type=\"column\">\n\t\t\t<div class=\"elementor-widget-wrap\">\n\t\t\t\t\t\t\t\t\t<\/div>\n\t\t<\/div>\n\t\t\t\t\t\t\t<\/div>\n\t\t<\/section>\n\t\t\t\t<section class=\"elementor-section elementor-top-section elementor-element elementor-element-7b53854d elementor-section-boxed elementor-section-height-default elementor-section-height-default\" data-id=\"7b53854d\" data-element_type=\"section\">\n\t\t\t\t\t\t<div class=\"elementor-container elementor-column-gap-extended\">\n\t\t\t\t\t<div class=\"elementor-column elementor-col-66 elementor-top-column elementor-element elementor-element-39106397 sc_layouts_column_icons_position_left\" data-id=\"39106397\" data-element_type=\"column\">\n\t\t\t<div class=\"elementor-widget-wrap elementor-element-populated\">\n\t\t\t\t\t\t\t\t<div class=\"elementor-element elementor-element-32a54488 elementor-widget elementor-widget-spacer\" data-id=\"32a54488\" data-element_type=\"widget\" data-widget_type=\"spacer.default\">\n\t\t\t\t<div class=\"elementor-widget-container\">\n\t\t\t\t\t<div class=\"elementor-spacer\">\n\t\t\t<div class=\"elementor-spacer-inner\"><\/div>\n\t\t<\/div>\n\t\t\t\t<\/div>\n\t\t\t\t<\/div>\n\t\t\t\t<div class=\"elementor-element elementor-element-ee4317d elementor-widget elementor-widget-heading\" data-id=\"ee4317d\" data-element_type=\"widget\" data-widget_type=\"heading.default\">\n\t\t\t\t<div class=\"elementor-widget-container\">\n\t\t\t<h5 class=\"elementor-heading-title elementor-size-default\">Peter Vandenbempt<\/h5>\t\t<\/div>\n\t\t\t\t<\/div>\n\t\t\t\t<div class=\"elementor-element elementor-element-0ec6af1 elementor-widget elementor-widget-spacer\" data-id=\"0ec6af1\" data-element_type=\"widget\" data-widget_type=\"spacer.default\">\n\t\t\t\t<div class=\"elementor-widget-container\">\n\t\t\t\t\t<div class=\"elementor-spacer\">\n\t\t\t<div class=\"elementor-spacer-inner\"><\/div>\n\t\t<\/div>\n\t\t\t\t<\/div>\n\t\t\t\t<\/div>\n\t\t\t\t<div class=\"elementor-element elementor-element-62907458 elementor-widget elementor-widget-heading\" data-id=\"62907458\" data-element_type=\"widget\" data-widget_type=\"heading.default\">\n\t\t\t\t<div class=\"elementor-widget-container\">\n\t\t\t<h2 class=\"elementor-heading-title elementor-size-default\">Um de n\u00f3s<\/h2>\t\t<\/div>\n\t\t\t\t<\/div>\n\t\t\t\t<div class=\"elementor-element elementor-element-7f6df0f elementor-widget elementor-widget-heading\" data-id=\"7f6df0f\" data-element_type=\"widget\" data-widget_type=\"heading.default\">\n\t\t\t\t<div class=\"elementor-widget-container\">\n\t\t\t<h5 class=\"elementor-heading-title elementor-size-default\">One of us<\/h5>\t\t<\/div>\n\t\t\t\t<\/div>\n\t\t\t\t<div class=\"elementor-element elementor-element-cb16aa9 elementor-widget elementor-widget-heading\" data-id=\"cb16aa9\" data-element_type=\"widget\" data-widget_type=\"heading.default\">\n\t\t\t\t<div class=\"elementor-widget-container\">\n\t\t\t<h5 class=\"elementor-heading-title elementor-size-default\">2014<\/h5>\t\t<\/div>\n\t\t\t\t<\/div>\n\t\t\t\t<div class=\"elementor-element elementor-element-7780d0fb elementor-widget elementor-widget-spacer\" data-id=\"7780d0fb\" data-element_type=\"widget\" data-widget_type=\"spacer.default\">\n\t\t\t\t<div class=\"elementor-widget-container\">\n\t\t\t\t\t<div class=\"elementor-spacer\">\n\t\t\t<div class=\"elementor-spacer-inner\"><\/div>\n\t\t<\/div>\n\t\t\t\t<\/div>\n\t\t\t\t<\/div>\n\t\t\t\t<div class=\"elementor-element elementor-element-4c931b0c elementor-widget elementor-widget-text-editor\" data-id=\"4c931b0c\" data-element_type=\"widget\" data-widget_type=\"text-editor.default\">\n\t\t\t\t<div class=\"elementor-widget-container\">\n\t\t\t\t\t\t\t<p><i><span lang=\"EN-GB\">Um de n\u00f3s <\/span><\/i><span lang=\"EN-GB\">(One of us) is a play with a strict, three-part structure. The first part consists of around 200 statements about politics, beginning with the words \u2018In politics&#8230;\u2019 followed by opinions, statements (more or less accurate), clich\u00e9s and other supposed truths we glean from conversations in caf\u00e9s, television or the internet. They appear to say something true about politics, but, at the same time, they are easy to refute. The accumulation of statements illustrates the complexity of the topic.\u00a0<\/span><\/p><p><span lang=\"EN-GB\">The second part, which has an identical number of statements, begins with the words \u2018In love&#8230;\u2019. The declarations about love require us to look back at the first part from a new perspective. After politics and public life, we have moved on to amorous relationships. Both systems of relationship present similar problems, which is amusingly illustrated, as most of the statements about politics can also be applied to love. The greatest difference is the level of emotional involvement.\u00a0<\/span><\/p><p><span lang=\"EN-GB\">In the third part, we are confronted with a collection of <i>fait-divers<\/i>, confessions and personal secrets from the actors themselves. We continue moving from the general to the specific: from politics, through personal relationships, to the individual. Each phrase in the third part thus begins with the words \u2018One of us&#8230;\u2019.\u00a0<\/span><\/p><p><span lang=\"EN-GB\">The text is created in collaboration with the actors. The responses are genuine, but no one knows to whom each statement or confession belongs.<\/span><\/p>\t\t\t\t\t\t<\/div>\n\t\t\t\t<\/div>\n\t\t\t\t<div class=\"elementor-element elementor-element-16409564 elementor-aspect-ratio-169 elementor-widget elementor-widget-video\" data-id=\"16409564\" data-element_type=\"widget\" data-settings=\"{&quot;youtube_url&quot;:&quot;https:\\\/\\\/www.youtube.com\\\/watch?v=rHRMQzWTybE&amp;t=444s&quot;,&quot;video_type&quot;:&quot;youtube&quot;,&quot;controls&quot;:&quot;yes&quot;,&quot;aspect_ratio&quot;:&quot;169&quot;}\" data-widget_type=\"video.default\">\n\t\t\t\t<div class=\"elementor-widget-container\">\n\t\t\t\t\t<div class=\"elementor-wrapper elementor-fit-aspect-ratio elementor-open-inline\">\n\t\t\t<div class=\"elementor-video\"><\/div>\t\t<\/div>\n\t\t\t\t<\/div>\n\t\t\t\t<\/div>\n\t\t\t\t\t<\/div>\n\t\t<\/div>\n\t\t\t\t<div class=\"elementor-column elementor-col-33 elementor-top-column elementor-element elementor-element-2bb2fae0 sc_layouts_column_icons_position_left\" data-id=\"2bb2fae0\" data-element_type=\"column\">\n\t\t\t<div class=\"elementor-widget-wrap elementor-element-populated\">\n\t\t\t\t\t\t\t\t<div class=\"elementor-element elementor-element-4532db50 elementor-widget elementor-widget-spacer\" data-id=\"4532db50\" data-element_type=\"widget\" data-widget_type=\"spacer.default\">\n\t\t\t\t<div class=\"elementor-widget-container\">\n\t\t\t\t\t<div class=\"elementor-spacer\">\n\t\t\t<div class=\"elementor-spacer-inner\"><\/div>\n\t\t<\/div>\n\t\t\t\t<\/div>\n\t\t\t\t<\/div>\n\t\t\t\t<div class=\"elementor-element elementor-element-475fd556 elementor-widget elementor-widget-text-editor\" data-id=\"475fd556\" data-element_type=\"widget\" data-widget_type=\"text-editor.default\">\n\t\t\t\t<div class=\"elementor-widget-container\">\n\t\t\t\t\t\t\t<h5>Credits<\/h5>\t\t\t\t\t\t<\/div>\n\t\t\t\t<\/div>\n\t\t\t\t<div class=\"elementor-element elementor-element-40d29b28 elementor-widget elementor-widget-text-editor\" data-id=\"40d29b28\" data-element_type=\"widget\" data-widget_type=\"text-editor.default\">\n\t\t\t\t<div class=\"elementor-widget-container\">\n\t\t\t\t\t\t\t<p>Director<br \/><strong>Peter Vandenbempt<\/strong><\/p><p>Cast<br \/><strong>Carlos Fernandes, Elisa Worm, Isabel Sim\u00f5es, Jo\u00e3o Silvestre, J\u00falia Guerra, Maria Helena Fal\u00e9, Maria Jos\u00e9 Bai\u00e3o, Maria Emilia Castanheira<\/strong><\/p><p>Staging assistant<br \/><strong>Henrique Neves<\/strong><\/p><p>Text<br \/><strong>Peter Vandenbempt<\/strong> in collaboration with the cast and <strong>Henrique Neves<\/strong><\/p><p>Translation<br \/><strong>Susana Canhoto<br \/><\/strong>Translation support<br \/><strong>Flemish Literature Fund<br \/><\/strong>Scenography<br \/><strong>Emma Denis<br \/><\/strong>Master carpenter<br \/><strong>Jo\u00e3o Paulo Ara\u00fajo<br \/><\/strong>Videography<br \/><strong>Patr\u00edcia Saramago<br \/><\/strong>Photography<br \/><strong>Bruno Sim\u00e3o<br \/><\/strong>Producer from Companhia Maior<br \/><strong>Lu\u00eds Moreira<br \/><\/strong>Production assistant<br \/><strong>L\u00facia Marta<\/strong><\/p><p>Commissioned by<br \/><strong>Maria Matos Teatro Municipal<\/strong><\/p><p>Co-production<br \/><strong>Companhia Maior, Tristero <\/strong>and <strong>Maria Matos Teatro Municipal<\/strong><\/p><p>Tristero is supported by Flemish Authorities \u2013 International Projects and Vlaamse Gemeenschapscommissie van het Brussels Hoofdstedelijk Gewest<\/p><h5>Acknowledgements<\/h5><p><strong>Centro Cultural de Bel\u00e9m<br \/><\/strong><strong>Comuna Teatro de Pesquisa<br \/><\/strong><strong>Teatro Cam\u00f5es<br \/><\/strong><strong>Efic\u00e1cia Livre<\/strong><\/p><h5>Performances<\/h5><p>PREMI\u00c8RE<br \/><strong>29 October &#8211; 2 November 2014<br \/><\/strong>Maria Matos Teatro Municipal<br \/>Lisbon<\/p><p>FURTHER PERFORMANCES<\/p><p><strong>24 March 2018<br \/><\/strong>Audit\u00f3rio Municipal Ant\u00f3nio Silva<br \/>Cac\u00e9m<\/p>\t\t\t\t\t\t<\/div>\n\t\t\t\t<\/div>\n\t\t\t\t<div class=\"elementor-element elementor-element-1d19a12 elementor-widget elementor-widget-spacer\" data-id=\"1d19a12\" data-element_type=\"widget\" data-widget_type=\"spacer.default\">\n\t\t\t\t<div class=\"elementor-widget-container\">\n\t\t\t\t\t<div class=\"elementor-spacer\">\n\t\t\t<div class=\"elementor-spacer-inner\"><\/div>\n\t\t<\/div>\n\t\t\t\t<\/div>\n\t\t\t\t<\/div>\n\t\t\t\t<div class=\"elementor-element elementor-element-edc96ef elementor-widget elementor-widget-text-editor\" data-id=\"edc96ef\" data-element_type=\"widget\" data-widget_type=\"text-editor.default\">\n\t\t\t\t<div class=\"elementor-widget-container\">\n\t\t\t\t\t\t\t<p style=\"font-size: 12px;\">Photos: \u00a9 Bruno Sim\u00e3o<\/p>\t\t\t\t\t\t<\/div>\n\t\t\t\t<\/div>\n\t\t\t\t\t<\/div>\n\t\t<\/div>\n\t\t\t\t\t\t\t<\/div>\n\t\t<\/section>\n\t\t\t\t\t\t<\/div>\n\t\t\t\t\t<\/div>\n\t\t","protected":false},"excerpt":{"rendered":"<p>Peter Vandenbempt Um de n\u00f3s One of us 2014 Um de n\u00f3s (One of us) is a play with a strict, three-part structure. The first part consists of around 200 statements about politics, beginning with&hellip;<\/p>\n","protected":false},"author":1,"featured_media":0,"parent":0,"menu_order":0,"comment_status":"closed","ping_status":"closed","template":"elementor_theme","meta":{"footnotes":""},"class_list":["post-693","page","type-page","status-publish","hentry"],"yoast_head":"<!-- This site is optimized with the Yoast SEO plugin v19.8 - https:\/\/yoast.com\/wordpress\/plugins\/seo\/ -->\n<title>Um de n\u00f3s - Companhia Maior<\/title>\n<meta name=\"robots\" content=\"index, follow, max-snippet:-1, max-image-preview:large, max-video-preview:-1\" \/>\n<link rel=\"canonical\" href=\"https:\/\/companhiamaior.pt\/en\/um-de-nos\/\" \/>\n<meta property=\"og:locale\" content=\"pt_PT\" \/>\n<meta property=\"og:type\" content=\"article\" \/>\n<meta property=\"og:title\" content=\"Um de n\u00f3s - Companhia Maior\" \/>\n<meta property=\"og:description\" content=\"Peter Vandenbempt Um de n\u00f3s One of us 2014 Um de n\u00f3s (One of us) is a play with a strict, three-part structure. The first part consists of around 200 statements about politics, beginning with&hellip;\" \/>\n<meta property=\"og:url\" content=\"https:\/\/companhiamaior.pt\/en\/um-de-nos\/\" \/>\n<meta property=\"og:site_name\" content=\"Companhia Maior\" \/>\n<meta property=\"article:modified_time\" content=\"2022-12-09T16:04:04+00:00\" \/>\n<meta name=\"twitter:card\" content=\"summary_large_image\" \/>\n<meta name=\"twitter:label1\" content=\"Tempo estimado de leitura\" \/>\n\t<meta name=\"twitter:data1\" content=\"3 minutos\" \/>\n<script type=\"application\/ld+json\" class=\"yoast-schema-graph\">{\"@context\":\"https:\/\/schema.org\",\"@graph\":[{\"@type\":\"WebPage\",\"@id\":\"https:\/\/companhiamaior.pt\/en\/um-de-nos\/\",\"url\":\"https:\/\/companhiamaior.pt\/en\/um-de-nos\/\",\"name\":\"Um de n\u00f3s - Companhia Maior\",\"isPartOf\":{\"@id\":\"https:\/\/companhiamaior.pt\/en\/#website\"},\"datePublished\":\"2021-09-02T18:34:54+00:00\",\"dateModified\":\"2022-12-09T16:04:04+00:00\",\"breadcrumb\":{\"@id\":\"https:\/\/companhiamaior.pt\/en\/um-de-nos\/#breadcrumb\"},\"inLanguage\":\"pt-PT\",\"potentialAction\":[{\"@type\":\"ReadAction\",\"target\":[\"https:\/\/companhiamaior.pt\/en\/um-de-nos\/\"]}]},{\"@type\":\"BreadcrumbList\",\"@id\":\"https:\/\/companhiamaior.pt\/en\/um-de-nos\/#breadcrumb\",\"itemListElement\":[{\"@type\":\"ListItem\",\"position\":1,\"name\":\"In\u00edcio\",\"item\":\"https:\/\/companhiamaior.pt\/en\/\"},{\"@type\":\"ListItem\",\"position\":2,\"name\":\"Um de n\u00f3s\"}]},{\"@type\":\"WebSite\",\"@id\":\"https:\/\/companhiamaior.pt\/en\/#website\",\"url\":\"https:\/\/companhiamaior.pt\/en\/\",\"name\":\"Companhia Maior\",\"description\":\"Associa\u00e7\u00e3o Cultural\",\"publisher\":{\"@id\":\"https:\/\/companhiamaior.pt\/en\/#organization\"},\"potentialAction\":[{\"@type\":\"SearchAction\",\"target\":{\"@type\":\"EntryPoint\",\"urlTemplate\":\"https:\/\/companhiamaior.pt\/en\/?s={search_term_string}\"},\"query-input\":\"required name=search_term_string\"}],\"inLanguage\":\"pt-PT\"},{\"@type\":\"Organization\",\"@id\":\"https:\/\/companhiamaior.pt\/en\/#organization\",\"name\":\"Companhia Maior\",\"url\":\"https:\/\/companhiamaior.pt\/en\/\",\"sameAs\":[],\"logo\":{\"@type\":\"ImageObject\",\"inLanguage\":\"pt-PT\",\"@id\":\"https:\/\/companhiamaior.pt\/en\/#\/schema\/logo\/image\/\",\"url\":\"https:\/\/companhiamaior.pt\/en\/wp-content\/uploads\/2021\/05\/cropped-logoHorzontalMaior.png\",\"contentUrl\":\"https:\/\/companhiamaior.pt\/en\/wp-content\/uploads\/2021\/05\/cropped-logoHorzontalMaior.png\",\"width\":472,\"height\":113,\"caption\":\"Companhia Maior\"},\"image\":{\"@id\":\"https:\/\/companhiamaior.pt\/en\/#\/schema\/logo\/image\/\"}}]}<\/script>\n<!-- \/ Yoast SEO plugin. -->","yoast_head_json":{"title":"Um de n\u00f3s - Companhia Maior","robots":{"index":"index","follow":"follow","max-snippet":"max-snippet:-1","max-image-preview":"max-image-preview:large","max-video-preview":"max-video-preview:-1"},"canonical":"https:\/\/companhiamaior.pt\/en\/um-de-nos\/","og_locale":"pt_PT","og_type":"article","og_title":"Um de n\u00f3s - Companhia Maior","og_description":"Peter Vandenbempt Um de n\u00f3s One of us 2014 Um de n\u00f3s (One of us) is a play with a strict, three-part structure. The first part consists of around 200 statements about politics, beginning with&hellip;","og_url":"https:\/\/companhiamaior.pt\/en\/um-de-nos\/","og_site_name":"Companhia Maior","article_modified_time":"2022-12-09T16:04:04+00:00","twitter_card":"summary_large_image","twitter_misc":{"Tempo estimado de leitura":"3 minutos"},"schema":{"@context":"https:\/\/schema.org","@graph":[{"@type":"WebPage","@id":"https:\/\/companhiamaior.pt\/en\/um-de-nos\/","url":"https:\/\/companhiamaior.pt\/en\/um-de-nos\/","name":"Um de n\u00f3s - Companhia Maior","isPartOf":{"@id":"https:\/\/companhiamaior.pt\/en\/#website"},"datePublished":"2021-09-02T18:34:54+00:00","dateModified":"2022-12-09T16:04:04+00:00","breadcrumb":{"@id":"https:\/\/companhiamaior.pt\/en\/um-de-nos\/#breadcrumb"},"inLanguage":"pt-PT","potentialAction":[{"@type":"ReadAction","target":["https:\/\/companhiamaior.pt\/en\/um-de-nos\/"]}]},{"@type":"BreadcrumbList","@id":"https:\/\/companhiamaior.pt\/en\/um-de-nos\/#breadcrumb","itemListElement":[{"@type":"ListItem","position":1,"name":"In\u00edcio","item":"https:\/\/companhiamaior.pt\/en\/"},{"@type":"ListItem","position":2,"name":"Um de n\u00f3s"}]},{"@type":"WebSite","@id":"https:\/\/companhiamaior.pt\/en\/#website","url":"https:\/\/companhiamaior.pt\/en\/","name":"Companhia Maior","description":"Associa\u00e7\u00e3o Cultural","publisher":{"@id":"https:\/\/companhiamaior.pt\/en\/#organization"},"potentialAction":[{"@type":"SearchAction","target":{"@type":"EntryPoint","urlTemplate":"https:\/\/companhiamaior.pt\/en\/?s={search_term_string}"},"query-input":"required name=search_term_string"}],"inLanguage":"pt-PT"},{"@type":"Organization","@id":"https:\/\/companhiamaior.pt\/en\/#organization","name":"Companhia Maior","url":"https:\/\/companhiamaior.pt\/en\/","sameAs":[],"logo":{"@type":"ImageObject","inLanguage":"pt-PT","@id":"https:\/\/companhiamaior.pt\/en\/#\/schema\/logo\/image\/","url":"https:\/\/companhiamaior.pt\/en\/wp-content\/uploads\/2021\/05\/cropped-logoHorzontalMaior.png","contentUrl":"https:\/\/companhiamaior.pt\/en\/wp-content\/uploads\/2021\/05\/cropped-logoHorzontalMaior.png","width":472,"height":113,"caption":"Companhia Maior"},"image":{"@id":"https:\/\/companhiamaior.pt\/en\/#\/schema\/logo\/image\/"}}]}},"_links":{"self":[{"href":"https:\/\/companhiamaior.pt\/en\/wp-json\/wp\/v2\/pages\/693","targetHints":{"allow":["GET"]}}],"collection":[{"href":"https:\/\/companhiamaior.pt\/en\/wp-json\/wp\/v2\/pages"}],"about":[{"href":"https:\/\/companhiamaior.pt\/en\/wp-json\/wp\/v2\/types\/page"}],"author":[{"embeddable":true,"href":"https:\/\/companhiamaior.pt\/en\/wp-json\/wp\/v2\/users\/1"}],"replies":[{"embeddable":true,"href":"https:\/\/companhiamaior.pt\/en\/wp-json\/wp\/v2\/comments?post=693"}],"version-history":[{"count":55,"href":"https:\/\/companhiamaior.pt\/en\/wp-json\/wp\/v2\/pages\/693\/revisions"}],"predecessor-version":[{"id":3838,"href":"https:\/\/companhiamaior.pt\/en\/wp-json\/wp\/v2\/pages\/693\/revisions\/3838"}],"wp:attachment":[{"href":"https:\/\/companhiamaior.pt\/en\/wp-json\/wp\/v2\/media?parent=693"}],"curies":[{"name":"wp","href":"https:\/\/api.w.org\/{rel}","templated":true}]}}