{"id":647,"date":"2021-09-02T11:37:21","date_gmt":"2021-09-02T11:37:21","guid":{"rendered":"https:\/\/companhiamaior.pt\/en\/?page_id=647"},"modified":"2022-12-09T16:03:09","modified_gmt":"2022-12-09T16:03:09","slug":"o-melhor-e-o-mais-rapido","status":"publish","type":"page","link":"https:\/\/companhiamaior.pt\/en\/o-melhor-e-o-mais-rapido\/","title":{"rendered":"o melhor e o mais r\u00e1pido, o pior e o mais triste, o mais longo, o mais complexo, o mais dif\u00edcil e o mais divertido"},"content":{"rendered":"\t\t<div data-elementor-type=\"wp-page\" data-elementor-id=\"647\" class=\"elementor elementor-647\" data-elementor-settings=\"[]\">\n\t\t\t\t\t\t\t<div class=\"elementor-section-wrap\">\n\t\t\t\t\t\t\t<section class=\"elementor-section elementor-top-section elementor-element elementor-element-57b484db elementor-section-height-full elementor-section-full_width elementor-section-stretched elementor-section-height-default elementor-section-items-middle\" data-id=\"57b484db\" data-element_type=\"section\" data-settings=\"{&quot;background_background&quot;:&quot;slideshow&quot;,&quot;background_slideshow_gallery&quot;:[{&quot;id&quot;:671,&quot;url&quot;:&quot;https:\\\/\\\/companhiamaior.pt\\\/en\\\/wp-content\\\/uploads\\\/2021\\\/09\\\/1920x1080_0000_Layer-44.jpg&quot;},{&quot;id&quot;:659,&quot;url&quot;:&quot;https:\\\/\\\/companhiamaior.pt\\\/en\\\/wp-content\\\/uploads\\\/2021\\\/09\\\/1920x1080_0002_Layer-42.jpg&quot;},{&quot;id&quot;:665,&quot;url&quot;:&quot;https:\\\/\\\/companhiamaior.pt\\\/en\\\/wp-content\\\/uploads\\\/2021\\\/09\\\/1920x1080_0008_Layer-36.jpg&quot;},{&quot;id&quot;:668,&quot;url&quot;:&quot;https:\\\/\\\/companhiamaior.pt\\\/en\\\/wp-content\\\/uploads\\\/2021\\\/09\\\/1920x1080_0011_Layer-33.jpg&quot;},{&quot;id&quot;:667,&quot;url&quot;:&quot;https:\\\/\\\/companhiamaior.pt\\\/en\\\/wp-content\\\/uploads\\\/2021\\\/09\\\/1920x1080_0010_Layer-34.jpg&quot;},{&quot;id&quot;:669,&quot;url&quot;:&quot;https:\\\/\\\/companhiamaior.pt\\\/en\\\/wp-content\\\/uploads\\\/2021\\\/09\\\/1920x1080_0012_Layer-32.jpg&quot;},{&quot;id&quot;:663,&quot;url&quot;:&quot;https:\\\/\\\/companhiamaior.pt\\\/en\\\/wp-content\\\/uploads\\\/2021\\\/09\\\/1920x1080_0006_Layer-38.jpg&quot;},{&quot;id&quot;:664,&quot;url&quot;:&quot;https:\\\/\\\/companhiamaior.pt\\\/en\\\/wp-content\\\/uploads\\\/2021\\\/09\\\/1920x1080_0007_Layer-37.jpg&quot;},{&quot;id&quot;:661,&quot;url&quot;:&quot;https:\\\/\\\/companhiamaior.pt\\\/en\\\/wp-content\\\/uploads\\\/2021\\\/09\\\/1920x1080_0004_Layer-40.jpg&quot;}],&quot;background_slideshow_slide_transition&quot;:&quot;slide_right&quot;,&quot;stretch_section&quot;:&quot;section-stretched&quot;,&quot;background_slideshow_loop&quot;:&quot;yes&quot;,&quot;background_slideshow_slide_duration&quot;:5000,&quot;background_slideshow_transition_duration&quot;:500}\">\n\t\t\t\t\t\t<div class=\"elementor-container elementor-column-gap-extended\">\n\t\t\t\t\t<div class=\"elementor-column elementor-col-100 elementor-top-column elementor-element elementor-element-2af2e908 sc_layouts_column_icons_position_left\" data-id=\"2af2e908\" data-element_type=\"column\">\n\t\t\t<div class=\"elementor-widget-wrap\">\n\t\t\t\t\t\t\t\t\t<\/div>\n\t\t<\/div>\n\t\t\t\t\t\t\t<\/div>\n\t\t<\/section>\n\t\t\t\t<section class=\"elementor-section elementor-top-section elementor-element elementor-element-48641fb3 elementor-section-boxed elementor-section-height-default elementor-section-height-default\" data-id=\"48641fb3\" data-element_type=\"section\">\n\t\t\t\t\t\t<div class=\"elementor-container elementor-column-gap-extended\">\n\t\t\t\t\t<div class=\"elementor-column elementor-col-66 elementor-top-column elementor-element elementor-element-3b71e2b8 sc_layouts_column_icons_position_left\" data-id=\"3b71e2b8\" data-element_type=\"column\">\n\t\t\t<div class=\"elementor-widget-wrap elementor-element-populated\">\n\t\t\t\t\t\t\t\t<div class=\"elementor-element elementor-element-7ab2590b elementor-widget elementor-widget-spacer\" data-id=\"7ab2590b\" data-element_type=\"widget\" data-widget_type=\"spacer.default\">\n\t\t\t\t<div class=\"elementor-widget-container\">\n\t\t\t\t\t<div class=\"elementor-spacer\">\n\t\t\t<div class=\"elementor-spacer-inner\"><\/div>\n\t\t<\/div>\n\t\t\t\t<\/div>\n\t\t\t\t<\/div>\n\t\t\t\t<div class=\"elementor-element elementor-element-d4a2b0e elementor-widget elementor-widget-heading\" data-id=\"d4a2b0e\" data-element_type=\"widget\" data-widget_type=\"heading.default\">\n\t\t\t\t<div class=\"elementor-widget-container\">\n\t\t\t<h5 class=\"elementor-heading-title elementor-size-default\">Jorge Andrade<\/h5>\t\t<\/div>\n\t\t\t\t<\/div>\n\t\t\t\t<div class=\"elementor-element elementor-element-8e65f2d elementor-widget elementor-widget-spacer\" data-id=\"8e65f2d\" data-element_type=\"widget\" data-widget_type=\"spacer.default\">\n\t\t\t\t<div class=\"elementor-widget-container\">\n\t\t\t\t\t<div class=\"elementor-spacer\">\n\t\t\t<div class=\"elementor-spacer-inner\"><\/div>\n\t\t<\/div>\n\t\t\t\t<\/div>\n\t\t\t\t<\/div>\n\t\t\t\t<div class=\"elementor-element elementor-element-4ca44413 elementor-widget elementor-widget-heading\" data-id=\"4ca44413\" data-element_type=\"widget\" data-widget_type=\"heading.default\">\n\t\t\t\t<div class=\"elementor-widget-container\">\n\t\t\t<h2 class=\"elementor-heading-title elementor-size-default\">o melhor e o mais r\u00e1pido, \no pior e o mais triste, \no mais longo, o mais complexo, \no mais dif\u00edcil e o mais divertido<\/h2>\t\t<\/div>\n\t\t\t\t<\/div>\n\t\t\t\t<div class=\"elementor-element elementor-element-ce4e2d9 elementor-widget elementor-widget-heading\" data-id=\"ce4e2d9\" data-element_type=\"widget\" data-widget_type=\"heading.default\">\n\t\t\t\t<div class=\"elementor-widget-container\">\n\t\t\t<h5 class=\"elementor-heading-title elementor-size-default\">The best, fastest, worst, saddest, longest, most complex, hardest, funniest<\/h5>\t\t<\/div>\n\t\t\t\t<\/div>\n\t\t\t\t<div class=\"elementor-element elementor-element-7ded186 elementor-widget elementor-widget-heading\" data-id=\"7ded186\" data-element_type=\"widget\" data-widget_type=\"heading.default\">\n\t\t\t\t<div class=\"elementor-widget-container\">\n\t\t\t<h5 class=\"elementor-heading-title elementor-size-default\">2014<\/h5>\t\t<\/div>\n\t\t\t\t<\/div>\n\t\t\t\t<div class=\"elementor-element elementor-element-700a2c9 elementor-widget elementor-widget-spacer\" data-id=\"700a2c9\" data-element_type=\"widget\" data-widget_type=\"spacer.default\">\n\t\t\t\t<div class=\"elementor-widget-container\">\n\t\t\t\t\t<div class=\"elementor-spacer\">\n\t\t\t<div class=\"elementor-spacer-inner\"><\/div>\n\t\t<\/div>\n\t\t\t\t<\/div>\n\t\t\t\t<\/div>\n\t\t\t\t<div class=\"elementor-element elementor-element-63080e89 elementor-widget elementor-widget-text-editor\" data-id=\"63080e89\" data-element_type=\"widget\" data-widget_type=\"text-editor.default\">\n\t\t\t\t<div class=\"elementor-widget-container\">\n\t\t\t\t\t\t\t<p>Companhia Maior was associated with the 2014 Artist in the City biennial (Lisbon) and challenged artist Tim Etchells to write the original text for its team of performers. The result was <em><strong>The best fastest worst saddest longest most complex hardest funniest<\/strong><\/em> brought to the stage by the Portuguese director Jorge Andrade.<\/p><p>In the show, each actor speaks in turn and all mention something superlative \u2013 the something-est&#8230; Or, as we read in the title, the best fastest worst saddest most complex hardest funniest. But not just that. They also talk about the smallest thing in the world, and the largest, about the best way to die, the best city to fall in love in, the most dangerous idea in the world, the hardest thing to measure, the hardest thing to make disappear for good, the hardest song to sing at karaoke, the loneliest time of day, the hardest yoga position, the best way to get over the past, the best lovers, the worst way to fall in love, the best way to spoil a story while telling it, the best place to have sex, the most useful superpower you could have, the worst jokes, the best way to survive an Apocalypse, or a divorce, the household object that can be most easily turned into a weapon, the most pleasurable way of waking someone, the worst way to say no, the stupidest way to tell someone we love them, the best way to say goodbye and, finally, the best way to end a theatre event.<\/p><p>All this comes into the show, as if it were a contest of opinions that might happen at any family get-together, or when meeting friends, around a table having a drink, or an evening slouching on the sofa. Each actor says something even more impressive than the last, or merely expresses their idiosyncrasies: what makes them laugh, or feel afraid, or gives them hope. The words spoken by the actors, despite having been written by Tim Etchells, seem to come from them. Banal things. The things onto which we project our feelings in all their inevitable banality. The things that make us \u2018human\u2019. But, to say these things to the audience, Companhia Maior made it a bit more special. A gala night.<\/p><p>\u00a0<\/p>\t\t\t\t\t\t<\/div>\n\t\t\t\t<\/div>\n\t\t\t\t<div class=\"elementor-element elementor-element-3dcd01a7 elementor-widget elementor-widget-spacer\" data-id=\"3dcd01a7\" data-element_type=\"widget\" data-widget_type=\"spacer.default\">\n\t\t\t\t<div class=\"elementor-widget-container\">\n\t\t\t\t\t<div class=\"elementor-spacer\">\n\t\t\t<div class=\"elementor-spacer-inner\"><\/div>\n\t\t<\/div>\n\t\t\t\t<\/div>\n\t\t\t\t<\/div>\n\t\t\t\t<div class=\"elementor-element elementor-element-1e11a49d elementor-aspect-ratio-169 elementor-widget elementor-widget-video\" data-id=\"1e11a49d\" data-element_type=\"widget\" data-settings=\"{&quot;youtube_url&quot;:&quot;https:\\\/\\\/www.youtube.com\\\/watch?v=vxe7fjdpCSk&quot;,&quot;video_type&quot;:&quot;youtube&quot;,&quot;controls&quot;:&quot;yes&quot;,&quot;aspect_ratio&quot;:&quot;169&quot;}\" data-widget_type=\"video.default\">\n\t\t\t\t<div class=\"elementor-widget-container\">\n\t\t\t\t\t<div class=\"elementor-wrapper elementor-fit-aspect-ratio elementor-open-inline\">\n\t\t\t<div class=\"elementor-video\"><\/div>\t\t<\/div>\n\t\t\t\t<\/div>\n\t\t\t\t<\/div>\n\t\t\t\t<div class=\"elementor-element elementor-element-27c5628e elementor-widget elementor-widget-spacer\" data-id=\"27c5628e\" data-element_type=\"widget\" data-widget_type=\"spacer.default\">\n\t\t\t\t<div class=\"elementor-widget-container\">\n\t\t\t\t\t<div class=\"elementor-spacer\">\n\t\t\t<div class=\"elementor-spacer-inner\"><\/div>\n\t\t<\/div>\n\t\t\t\t<\/div>\n\t\t\t\t<\/div>\n\t\t\t\t\t<\/div>\n\t\t<\/div>\n\t\t\t\t<div class=\"elementor-column elementor-col-33 elementor-top-column elementor-element elementor-element-2f421f65 sc_layouts_column_icons_position_left\" data-id=\"2f421f65\" data-element_type=\"column\">\n\t\t\t<div class=\"elementor-widget-wrap elementor-element-populated\">\n\t\t\t\t\t\t\t\t<div class=\"elementor-element elementor-element-6cd2ad13 elementor-widget elementor-widget-spacer\" data-id=\"6cd2ad13\" data-element_type=\"widget\" data-widget_type=\"spacer.default\">\n\t\t\t\t<div class=\"elementor-widget-container\">\n\t\t\t\t\t<div class=\"elementor-spacer\">\n\t\t\t<div class=\"elementor-spacer-inner\"><\/div>\n\t\t<\/div>\n\t\t\t\t<\/div>\n\t\t\t\t<\/div>\n\t\t\t\t<div class=\"elementor-element elementor-element-428af5ce elementor-widget elementor-widget-text-editor\" data-id=\"428af5ce\" data-element_type=\"widget\" data-widget_type=\"text-editor.default\">\n\t\t\t\t<div class=\"elementor-widget-container\">\n\t\t\t\t\t\t\t<h5>Credits<\/h5>\t\t\t\t\t\t<\/div>\n\t\t\t\t<\/div>\n\t\t\t\t<div class=\"elementor-element elementor-element-351292b9 elementor-widget elementor-widget-text-editor\" data-id=\"351292b9\" data-element_type=\"widget\" data-widget_type=\"text-editor.default\">\n\t\t\t\t<div class=\"elementor-widget-container\">\n\t\t\t\t\t\t\t<p>Director<br \/><strong>Jorge Andrade<\/strong><\/p><p>Original text<br \/><strong>Tim Etchells<\/strong><\/p><p>Cast<br \/><strong>Ant\u00f3nio Pedrosa, Celeste Melo, Cristina Gon\u00e7alves, Diana Coelho, Helena Marchand, Isabel Millet, Jorge Fal\u00e9, Jorge Leal Cardoso, Kimberley Ribeiro, Manuela de Sousa Rama, Paula B\u00e1rci<\/strong>a<\/p><p>Translation<br \/><strong>Fernando Villas-Boas<br \/><\/strong>Staging assistant<br \/><strong>David Cabecinha<br \/><\/strong>Scenography<br \/><strong>Jos\u00e9 Capela<br \/><\/strong>With photography by<br \/><strong>Bruno Sim\u00e3o<br \/><\/strong>Costume designer<br \/><strong>Jos\u00e9 Capela<br \/><\/strong>Lighting designer<br \/><strong>Daniel Worm d&#8217;Assump\u00e7\u00e3o<br \/><\/strong>Soundtrack<br \/><strong>Rui Lima <\/strong>and<strong> S\u00e9rgio Martins<br \/><\/strong>Photography<br \/><strong>Bruno Sim\u00e3o<br \/><\/strong>Videography<br \/><strong>Jorge J\u00e1come<br \/><\/strong>Executive production<br \/><strong>Companhia Maior<br \/><\/strong>Producer from Companhia Maior<br \/><strong>Lu\u00eds Moreira<br \/><\/strong>Producers from mala voadora<br \/><strong>Manuel Po\u00e7as<br \/><\/strong><strong>Joana Costa Santos<\/strong><\/p><p>Co-production <br \/><strong>Centro Cultural de Bel\u00e9m<br \/>Companhia Maior<br \/>Mala Voadora<\/strong><\/p><h5>Acknowledgements<\/h5><p><strong>Comuna Teatro de Pesquisa<br \/><\/strong><strong>Pal\u00e1cio Foz<br \/><\/strong><strong>Teatro Cam\u00f5es<br \/><\/strong><strong>Teatro Politeama<\/strong><\/p><p>Support<\/p><p><strong>El Corte Ingl\u00eas<br \/><\/strong><strong>Efic\u00e1cia Livre<br \/><\/strong><strong>S\u00e3o Rocha Cabeleireiros<\/strong><\/p><h5>Performances<\/h5><p>PREMI\u00c8RE<br \/><strong>24 &#8211; 27 October 2014<br \/><\/strong>Centro Cultural de Bel\u00e9m<\/p>\t\t\t\t\t\t<\/div>\n\t\t\t\t<\/div>\n\t\t\t\t<div class=\"elementor-element elementor-element-af6a4b5 elementor-widget elementor-widget-spacer\" data-id=\"af6a4b5\" data-element_type=\"widget\" data-widget_type=\"spacer.default\">\n\t\t\t\t<div class=\"elementor-widget-container\">\n\t\t\t\t\t<div class=\"elementor-spacer\">\n\t\t\t<div class=\"elementor-spacer-inner\"><\/div>\n\t\t<\/div>\n\t\t\t\t<\/div>\n\t\t\t\t<\/div>\n\t\t\t\t<div class=\"elementor-element elementor-element-9416851 elementor-widget elementor-widget-text-editor\" data-id=\"9416851\" data-element_type=\"widget\" data-widget_type=\"text-editor.default\">\n\t\t\t\t<div class=\"elementor-widget-container\">\n\t\t\t\t\t\t\t<p style=\"font-size: 12px;\">Photos: \u00a9 Bruno Sim\u00e3o<\/p>\t\t\t\t\t\t<\/div>\n\t\t\t\t<\/div>\n\t\t\t\t\t<\/div>\n\t\t<\/div>\n\t\t\t\t\t\t\t<\/div>\n\t\t<\/section>\n\t\t\t\t\t\t<\/div>\n\t\t\t\t\t<\/div>\n\t\t","protected":false},"excerpt":{"rendered":"<p>Jorge Andrade o melhor e o mais r\u00e1pido, o pior e o mais triste, o mais longo, o mais complexo, o mais dif\u00edcil e o mais divertido The best, fastest, worst, saddest, longest, most complex,&hellip;<\/p>\n","protected":false},"author":1,"featured_media":0,"parent":0,"menu_order":0,"comment_status":"closed","ping_status":"closed","template":"elementor_theme","meta":{"footnotes":""},"class_list":["post-647","page","type-page","status-publish","hentry"],"yoast_head":"<!-- This site is optimized with the Yoast SEO plugin v19.8 - https:\/\/yoast.com\/wordpress\/plugins\/seo\/ -->\n<title>o melhor e o mais r\u00e1pido, o pior e o mais triste, o mais longo, o mais complexo, o mais dif\u00edcil e o mais divertido - Companhia Maior<\/title>\n<meta name=\"description\" content=\"Cada um diz uma coisa ainda mais impressionante do que o anterior, ou expressa apenas as suas idiossincrasias: aquilo que o faz rir, ou ter medo, ou sentir-se otimista. Aquilo que os atores dizem, apesar de ter sido escrito por Tim Etchells, parece ter sido dito por eles pr\u00f3prios. Coisas banais. As coisas em que os nossos sentimentos se projetam na sua incontorn\u00e1vel banalidade. Que fazem de n\u00f3s \u201chumanos\u201d.\" \/>\n<meta name=\"robots\" content=\"index, follow, max-snippet:-1, max-image-preview:large, max-video-preview:-1\" \/>\n<link rel=\"canonical\" href=\"https:\/\/companhiamaior.pt\/en\/o-melhor-e-o-mais-rapido\/\" \/>\n<meta property=\"og:locale\" content=\"pt_PT\" \/>\n<meta property=\"og:type\" content=\"article\" \/>\n<meta property=\"og:title\" content=\"o melhor e o mais r\u00e1pido, o pior e o mais triste, o mais longo, o mais complexo, o mais dif\u00edcil e o mais divertido - Companhia Maior\" \/>\n<meta property=\"og:description\" content=\"Cada um diz uma coisa ainda mais impressionante do que o anterior, ou expressa apenas as suas idiossincrasias: aquilo que o faz rir, ou ter medo, ou sentir-se otimista. Aquilo que os atores dizem, apesar de ter sido escrito por Tim Etchells, parece ter sido dito por eles pr\u00f3prios. Coisas banais. As coisas em que os nossos sentimentos se projetam na sua incontorn\u00e1vel banalidade. Que fazem de n\u00f3s \u201chumanos\u201d.\" \/>\n<meta property=\"og:url\" content=\"https:\/\/companhiamaior.pt\/en\/o-melhor-e-o-mais-rapido\/\" \/>\n<meta property=\"og:site_name\" content=\"Companhia Maior\" \/>\n<meta property=\"article:modified_time\" content=\"2022-12-09T16:03:09+00:00\" \/>\n<meta name=\"twitter:card\" content=\"summary_large_image\" \/>\n<meta name=\"twitter:label1\" content=\"Tempo estimado de leitura\" \/>\n\t<meta name=\"twitter:data1\" content=\"4 minutos\" \/>\n<script type=\"application\/ld+json\" class=\"yoast-schema-graph\">{\"@context\":\"https:\/\/schema.org\",\"@graph\":[{\"@type\":\"WebPage\",\"@id\":\"https:\/\/companhiamaior.pt\/en\/o-melhor-e-o-mais-rapido\/\",\"url\":\"https:\/\/companhiamaior.pt\/en\/o-melhor-e-o-mais-rapido\/\",\"name\":\"o melhor e o mais r\u00e1pido, o pior e o mais triste, o mais longo, o mais complexo, o mais dif\u00edcil e o mais divertido - Companhia Maior\",\"isPartOf\":{\"@id\":\"https:\/\/companhiamaior.pt\/en\/#website\"},\"datePublished\":\"2021-09-02T11:37:21+00:00\",\"dateModified\":\"2022-12-09T16:03:09+00:00\",\"description\":\"Cada um diz uma coisa ainda mais impressionante do que o anterior, ou expressa apenas as suas idiossincrasias: aquilo que o faz rir, ou ter medo, ou sentir-se otimista. Aquilo que os atores dizem, apesar de ter sido escrito por Tim Etchells, parece ter sido dito por eles pr\u00f3prios. Coisas banais. As coisas em que os nossos sentimentos se projetam na sua incontorn\u00e1vel banalidade. Que fazem de n\u00f3s \u201chumanos\u201d.\",\"breadcrumb\":{\"@id\":\"https:\/\/companhiamaior.pt\/en\/o-melhor-e-o-mais-rapido\/#breadcrumb\"},\"inLanguage\":\"pt-PT\",\"potentialAction\":[{\"@type\":\"ReadAction\",\"target\":[\"https:\/\/companhiamaior.pt\/en\/o-melhor-e-o-mais-rapido\/\"]}]},{\"@type\":\"BreadcrumbList\",\"@id\":\"https:\/\/companhiamaior.pt\/en\/o-melhor-e-o-mais-rapido\/#breadcrumb\",\"itemListElement\":[{\"@type\":\"ListItem\",\"position\":1,\"name\":\"In\u00edcio\",\"item\":\"https:\/\/companhiamaior.pt\/en\/\"},{\"@type\":\"ListItem\",\"position\":2,\"name\":\"o melhor e o mais r\u00e1pido, o pior e o mais triste, o mais longo, o mais complexo, o mais dif\u00edcil e o mais divertido\"}]},{\"@type\":\"WebSite\",\"@id\":\"https:\/\/companhiamaior.pt\/en\/#website\",\"url\":\"https:\/\/companhiamaior.pt\/en\/\",\"name\":\"Companhia Maior\",\"description\":\"Associa\u00e7\u00e3o Cultural\",\"publisher\":{\"@id\":\"https:\/\/companhiamaior.pt\/en\/#organization\"},\"potentialAction\":[{\"@type\":\"SearchAction\",\"target\":{\"@type\":\"EntryPoint\",\"urlTemplate\":\"https:\/\/companhiamaior.pt\/en\/?s={search_term_string}\"},\"query-input\":\"required name=search_term_string\"}],\"inLanguage\":\"pt-PT\"},{\"@type\":\"Organization\",\"@id\":\"https:\/\/companhiamaior.pt\/en\/#organization\",\"name\":\"Companhia Maior\",\"url\":\"https:\/\/companhiamaior.pt\/en\/\",\"sameAs\":[],\"logo\":{\"@type\":\"ImageObject\",\"inLanguage\":\"pt-PT\",\"@id\":\"https:\/\/companhiamaior.pt\/en\/#\/schema\/logo\/image\/\",\"url\":\"https:\/\/companhiamaior.pt\/en\/wp-content\/uploads\/2021\/05\/cropped-logoHorzontalMaior.png\",\"contentUrl\":\"https:\/\/companhiamaior.pt\/en\/wp-content\/uploads\/2021\/05\/cropped-logoHorzontalMaior.png\",\"width\":472,\"height\":113,\"caption\":\"Companhia Maior\"},\"image\":{\"@id\":\"https:\/\/companhiamaior.pt\/en\/#\/schema\/logo\/image\/\"}}]}<\/script>\n<!-- \/ Yoast SEO plugin. -->","yoast_head_json":{"title":"o melhor e o mais r\u00e1pido, o pior e o mais triste, o mais longo, o mais complexo, o mais dif\u00edcil e o mais divertido - Companhia Maior","description":"Cada um diz uma coisa ainda mais impressionante do que o anterior, ou expressa apenas as suas idiossincrasias: aquilo que o faz rir, ou ter medo, ou sentir-se otimista. Aquilo que os atores dizem, apesar de ter sido escrito por Tim Etchells, parece ter sido dito por eles pr\u00f3prios. Coisas banais. As coisas em que os nossos sentimentos se projetam na sua incontorn\u00e1vel banalidade. Que fazem de n\u00f3s \u201chumanos\u201d.","robots":{"index":"index","follow":"follow","max-snippet":"max-snippet:-1","max-image-preview":"max-image-preview:large","max-video-preview":"max-video-preview:-1"},"canonical":"https:\/\/companhiamaior.pt\/en\/o-melhor-e-o-mais-rapido\/","og_locale":"pt_PT","og_type":"article","og_title":"o melhor e o mais r\u00e1pido, o pior e o mais triste, o mais longo, o mais complexo, o mais dif\u00edcil e o mais divertido - Companhia Maior","og_description":"Cada um diz uma coisa ainda mais impressionante do que o anterior, ou expressa apenas as suas idiossincrasias: aquilo que o faz rir, ou ter medo, ou sentir-se otimista. Aquilo que os atores dizem, apesar de ter sido escrito por Tim Etchells, parece ter sido dito por eles pr\u00f3prios. Coisas banais. As coisas em que os nossos sentimentos se projetam na sua incontorn\u00e1vel banalidade. Que fazem de n\u00f3s \u201chumanos\u201d.","og_url":"https:\/\/companhiamaior.pt\/en\/o-melhor-e-o-mais-rapido\/","og_site_name":"Companhia Maior","article_modified_time":"2022-12-09T16:03:09+00:00","twitter_card":"summary_large_image","twitter_misc":{"Tempo estimado de leitura":"4 minutos"},"schema":{"@context":"https:\/\/schema.org","@graph":[{"@type":"WebPage","@id":"https:\/\/companhiamaior.pt\/en\/o-melhor-e-o-mais-rapido\/","url":"https:\/\/companhiamaior.pt\/en\/o-melhor-e-o-mais-rapido\/","name":"o melhor e o mais r\u00e1pido, o pior e o mais triste, o mais longo, o mais complexo, o mais dif\u00edcil e o mais divertido - Companhia Maior","isPartOf":{"@id":"https:\/\/companhiamaior.pt\/en\/#website"},"datePublished":"2021-09-02T11:37:21+00:00","dateModified":"2022-12-09T16:03:09+00:00","description":"Cada um diz uma coisa ainda mais impressionante do que o anterior, ou expressa apenas as suas idiossincrasias: aquilo que o faz rir, ou ter medo, ou sentir-se otimista. Aquilo que os atores dizem, apesar de ter sido escrito por Tim Etchells, parece ter sido dito por eles pr\u00f3prios. Coisas banais. As coisas em que os nossos sentimentos se projetam na sua incontorn\u00e1vel banalidade. Que fazem de n\u00f3s \u201chumanos\u201d.","breadcrumb":{"@id":"https:\/\/companhiamaior.pt\/en\/o-melhor-e-o-mais-rapido\/#breadcrumb"},"inLanguage":"pt-PT","potentialAction":[{"@type":"ReadAction","target":["https:\/\/companhiamaior.pt\/en\/o-melhor-e-o-mais-rapido\/"]}]},{"@type":"BreadcrumbList","@id":"https:\/\/companhiamaior.pt\/en\/o-melhor-e-o-mais-rapido\/#breadcrumb","itemListElement":[{"@type":"ListItem","position":1,"name":"In\u00edcio","item":"https:\/\/companhiamaior.pt\/en\/"},{"@type":"ListItem","position":2,"name":"o melhor e o mais r\u00e1pido, o pior e o mais triste, o mais longo, o mais complexo, o mais dif\u00edcil e o mais divertido"}]},{"@type":"WebSite","@id":"https:\/\/companhiamaior.pt\/en\/#website","url":"https:\/\/companhiamaior.pt\/en\/","name":"Companhia Maior","description":"Associa\u00e7\u00e3o Cultural","publisher":{"@id":"https:\/\/companhiamaior.pt\/en\/#organization"},"potentialAction":[{"@type":"SearchAction","target":{"@type":"EntryPoint","urlTemplate":"https:\/\/companhiamaior.pt\/en\/?s={search_term_string}"},"query-input":"required name=search_term_string"}],"inLanguage":"pt-PT"},{"@type":"Organization","@id":"https:\/\/companhiamaior.pt\/en\/#organization","name":"Companhia Maior","url":"https:\/\/companhiamaior.pt\/en\/","sameAs":[],"logo":{"@type":"ImageObject","inLanguage":"pt-PT","@id":"https:\/\/companhiamaior.pt\/en\/#\/schema\/logo\/image\/","url":"https:\/\/companhiamaior.pt\/en\/wp-content\/uploads\/2021\/05\/cropped-logoHorzontalMaior.png","contentUrl":"https:\/\/companhiamaior.pt\/en\/wp-content\/uploads\/2021\/05\/cropped-logoHorzontalMaior.png","width":472,"height":113,"caption":"Companhia Maior"},"image":{"@id":"https:\/\/companhiamaior.pt\/en\/#\/schema\/logo\/image\/"}}]}},"_links":{"self":[{"href":"https:\/\/companhiamaior.pt\/en\/wp-json\/wp\/v2\/pages\/647","targetHints":{"allow":["GET"]}}],"collection":[{"href":"https:\/\/companhiamaior.pt\/en\/wp-json\/wp\/v2\/pages"}],"about":[{"href":"https:\/\/companhiamaior.pt\/en\/wp-json\/wp\/v2\/types\/page"}],"author":[{"embeddable":true,"href":"https:\/\/companhiamaior.pt\/en\/wp-json\/wp\/v2\/users\/1"}],"replies":[{"embeddable":true,"href":"https:\/\/companhiamaior.pt\/en\/wp-json\/wp\/v2\/comments?post=647"}],"version-history":[{"count":94,"href":"https:\/\/companhiamaior.pt\/en\/wp-json\/wp\/v2\/pages\/647\/revisions"}],"predecessor-version":[{"id":3835,"href":"https:\/\/companhiamaior.pt\/en\/wp-json\/wp\/v2\/pages\/647\/revisions\/3835"}],"wp:attachment":[{"href":"https:\/\/companhiamaior.pt\/en\/wp-json\/wp\/v2\/media?parent=647"}],"curies":[{"name":"wp","href":"https:\/\/api.w.org\/{rel}","templated":true}]}}