{"id":610,"date":"2021-09-02T10:34:43","date_gmt":"2021-09-02T10:34:43","guid":{"rendered":"https:\/\/companhiamaior.pt\/en\/?page_id=610"},"modified":"2022-12-09T16:11:26","modified_gmt":"2022-12-09T16:11:26","slug":"estalo-novo","status":"publish","type":"page","link":"https:\/\/companhiamaior.pt\/en\/estalo-novo\/","title":{"rendered":"Estalo Novo"},"content":{"rendered":"\t\t<div data-elementor-type=\"wp-page\" data-elementor-id=\"610\" class=\"elementor elementor-610\" data-elementor-settings=\"[]\">\n\t\t\t\t\t\t\t<div class=\"elementor-section-wrap\">\n\t\t\t\t\t\t\t<section class=\"elementor-section elementor-top-section elementor-element elementor-element-1b5d79bf elementor-section-height-full elementor-section-full_width elementor-section-stretched elementor-section-height-default elementor-section-items-middle\" data-id=\"1b5d79bf\" data-element_type=\"section\" data-settings=\"{&quot;background_background&quot;:&quot;slideshow&quot;,&quot;background_slideshow_gallery&quot;:[{&quot;id&quot;:628,&quot;url&quot;:&quot;https:\\\/\\\/companhiamaior.pt\\\/en\\\/wp-content\\\/uploads\\\/2021\\\/09\\\/1920x1080_0002_Layer-27.jpg&quot;},{&quot;id&quot;:634,&quot;url&quot;:&quot;https:\\\/\\\/companhiamaior.pt\\\/en\\\/wp-content\\\/uploads\\\/2021\\\/09\\\/1920x1080_0008_Layer-21.jpg&quot;},{&quot;id&quot;:626,&quot;url&quot;:&quot;https:\\\/\\\/companhiamaior.pt\\\/en\\\/wp-content\\\/uploads\\\/2021\\\/09\\\/1920x1080_0000_Layer-29.jpg&quot;},{&quot;id&quot;:627,&quot;url&quot;:&quot;https:\\\/\\\/companhiamaior.pt\\\/en\\\/wp-content\\\/uploads\\\/2021\\\/09\\\/1920x1080_0001_Layer-28.jpg&quot;},{&quot;id&quot;:643,&quot;url&quot;:&quot;https:\\\/\\\/companhiamaior.pt\\\/en\\\/wp-content\\\/uploads\\\/2021\\\/09\\\/1920x1080layer.jpg&quot;},{&quot;id&quot;:633,&quot;url&quot;:&quot;https:\\\/\\\/companhiamaior.pt\\\/en\\\/wp-content\\\/uploads\\\/2021\\\/09\\\/1920x1080_0007_Layer-22.jpg&quot;},{&quot;id&quot;:632,&quot;url&quot;:&quot;https:\\\/\\\/companhiamaior.pt\\\/en\\\/wp-content\\\/uploads\\\/2021\\\/09\\\/1920x1080_0006_Layer-23.jpg&quot;},{&quot;id&quot;:629,&quot;url&quot;:&quot;https:\\\/\\\/companhiamaior.pt\\\/en\\\/wp-content\\\/uploads\\\/2021\\\/09\\\/1920x1080_0003_Layer-26.jpg&quot;},{&quot;id&quot;:630,&quot;url&quot;:&quot;https:\\\/\\\/companhiamaior.pt\\\/en\\\/wp-content\\\/uploads\\\/2021\\\/09\\\/1920x1080_0004_Layer-25.jpg&quot;},{&quot;id&quot;:631,&quot;url&quot;:&quot;https:\\\/\\\/companhiamaior.pt\\\/en\\\/wp-content\\\/uploads\\\/2021\\\/09\\\/1920x1080_0005_Layer-24.jpg&quot;}],&quot;background_slideshow_slide_transition&quot;:&quot;slide_right&quot;,&quot;stretch_section&quot;:&quot;section-stretched&quot;,&quot;background_slideshow_loop&quot;:&quot;yes&quot;,&quot;background_slideshow_slide_duration&quot;:5000,&quot;background_slideshow_transition_duration&quot;:500}\">\n\t\t\t\t\t\t<div class=\"elementor-container elementor-column-gap-extended\">\n\t\t\t\t\t<div class=\"elementor-column elementor-col-100 elementor-top-column elementor-element elementor-element-12771f6 sc_layouts_column_icons_position_left\" data-id=\"12771f6\" data-element_type=\"column\">\n\t\t\t<div class=\"elementor-widget-wrap\">\n\t\t\t\t\t\t\t\t\t<\/div>\n\t\t<\/div>\n\t\t\t\t\t\t\t<\/div>\n\t\t<\/section>\n\t\t\t\t<section class=\"elementor-section elementor-top-section elementor-element elementor-element-3655197d elementor-section-boxed elementor-section-height-default elementor-section-height-default\" data-id=\"3655197d\" data-element_type=\"section\">\n\t\t\t\t\t\t<div class=\"elementor-container elementor-column-gap-extended\">\n\t\t\t\t\t<div class=\"elementor-column elementor-col-66 elementor-top-column elementor-element elementor-element-52a6a43 sc_layouts_column_icons_position_left\" data-id=\"52a6a43\" data-element_type=\"column\">\n\t\t\t<div class=\"elementor-widget-wrap elementor-element-populated\">\n\t\t\t\t\t\t\t\t<div class=\"elementor-element elementor-element-25f2559f elementor-widget elementor-widget-spacer\" data-id=\"25f2559f\" data-element_type=\"widget\" data-widget_type=\"spacer.default\">\n\t\t\t\t<div class=\"elementor-widget-container\">\n\t\t\t\t\t<div class=\"elementor-spacer\">\n\t\t\t<div class=\"elementor-spacer-inner\"><\/div>\n\t\t<\/div>\n\t\t\t\t<\/div>\n\t\t\t\t<\/div>\n\t\t\t\t<div class=\"elementor-element elementor-element-814fa1b elementor-widget elementor-widget-heading\" data-id=\"814fa1b\" data-element_type=\"widget\" data-widget_type=\"heading.default\">\n\t\t\t\t<div class=\"elementor-widget-container\">\n\t\t\t<h5 class=\"elementor-heading-title elementor-size-default\">Ana Borralho and Jo\u00e3o Galante<\/h5>\t\t<\/div>\n\t\t\t\t<\/div>\n\t\t\t\t<div class=\"elementor-element elementor-element-c37bf08 elementor-widget elementor-widget-spacer\" data-id=\"c37bf08\" data-element_type=\"widget\" data-widget_type=\"spacer.default\">\n\t\t\t\t<div class=\"elementor-widget-container\">\n\t\t\t\t\t<div class=\"elementor-spacer\">\n\t\t\t<div class=\"elementor-spacer-inner\"><\/div>\n\t\t<\/div>\n\t\t\t\t<\/div>\n\t\t\t\t<\/div>\n\t\t\t\t<div class=\"elementor-element elementor-element-370805b elementor-widget elementor-widget-heading\" data-id=\"370805b\" data-element_type=\"widget\" data-widget_type=\"heading.default\">\n\t\t\t\t<div class=\"elementor-widget-container\">\n\t\t\t<h2 class=\"elementor-heading-title elementor-size-default\">Estalo Novo<\/h2>\t\t<\/div>\n\t\t\t\t<\/div>\n\t\t\t\t<div class=\"elementor-element elementor-element-54ba9e7 elementor-widget elementor-widget-heading\" data-id=\"54ba9e7\" data-element_type=\"widget\" data-widget_type=\"heading.default\">\n\t\t\t\t<div class=\"elementor-widget-container\">\n\t\t\t<h5 class=\"elementor-heading-title elementor-size-default\">New Snap<\/h5>\t\t<\/div>\n\t\t\t\t<\/div>\n\t\t\t\t<div class=\"elementor-element elementor-element-1e4dc2b elementor-widget elementor-widget-heading\" data-id=\"1e4dc2b\" data-element_type=\"widget\" data-widget_type=\"heading.default\">\n\t\t\t\t<div class=\"elementor-widget-container\">\n\t\t\t<h5 class=\"elementor-heading-title elementor-size-default\">2013<\/h5>\t\t<\/div>\n\t\t\t\t<\/div>\n\t\t\t\t<div class=\"elementor-element elementor-element-75f6833c elementor-widget elementor-widget-spacer\" data-id=\"75f6833c\" data-element_type=\"widget\" data-widget_type=\"spacer.default\">\n\t\t\t\t<div class=\"elementor-widget-container\">\n\t\t\t\t\t<div class=\"elementor-spacer\">\n\t\t\t<div class=\"elementor-spacer-inner\"><\/div>\n\t\t<\/div>\n\t\t\t\t<\/div>\n\t\t\t\t<\/div>\n\t\t\t\t<div class=\"elementor-element elementor-element-710fd92f elementor-widget elementor-widget-text-editor\" data-id=\"710fd92f\" data-element_type=\"widget\" data-widget_type=\"text-editor.default\">\n\t\t\t\t<div class=\"elementor-widget-container\">\n\t\t\t\t\t\t\t<p><span lang=\"EN-GB\">Based on an initial idea by the duo Ana Borralho \u2013 Jo\u00e3o Galante, about forms of disobedience, later transformed into a small survey by Rui Catal\u00e3o given to the Companhia Maior cast, <i>Estalo Novo<\/i> (New Snap) is a collaborative project in which these ideas generate personal testimonies, which in turn generate materials with which to work as a group. Making the most of the experiences of people who lived and worked through the context of the <i>Estado Novo<\/i> dictatorship, as well as the revolution of April 1974 and the resulting democratic stabilisation, the aim of this work is to reflect on the history of a country, the stories of the bodies that live in it and the regime in which we currently live. <i>Estalo Novo<\/i>, the play that resulted from this process, is a war of words that bear witness to great and small wars, some public, others private, some collective and others still individual. They all fight for their legacy of histories, of testimonies. They all fight to make their voices heard. The past builds what we are in the present. It is a to-and-fro of disputed histories. Each performer moves to centre-stage and starts to speak without asking permission. Their words drown out the word of the person who stood there before, and in turn are drowned out by the speech of the person who follows.<\/span><\/p>\t\t\t\t\t\t<\/div>\n\t\t\t\t<\/div>\n\t\t\t\t<div class=\"elementor-element elementor-element-026d820 elementor-widget elementor-widget-spacer\" data-id=\"026d820\" data-element_type=\"widget\" data-widget_type=\"spacer.default\">\n\t\t\t\t<div class=\"elementor-widget-container\">\n\t\t\t\t\t<div class=\"elementor-spacer\">\n\t\t\t<div class=\"elementor-spacer-inner\"><\/div>\n\t\t<\/div>\n\t\t\t\t<\/div>\n\t\t\t\t<\/div>\n\t\t\t\t<div class=\"elementor-element elementor-element-9e3f6bf elementor-aspect-ratio-169 elementor-widget elementor-widget-video\" data-id=\"9e3f6bf\" data-element_type=\"widget\" data-settings=\"{&quot;youtube_url&quot;:&quot;https:\\\/\\\/www.youtube.com\\\/watch?v=_NK--b79rok&quot;,&quot;video_type&quot;:&quot;youtube&quot;,&quot;controls&quot;:&quot;yes&quot;,&quot;aspect_ratio&quot;:&quot;169&quot;}\" data-widget_type=\"video.default\">\n\t\t\t\t<div class=\"elementor-widget-container\">\n\t\t\t\t\t<div class=\"elementor-wrapper elementor-fit-aspect-ratio elementor-open-inline\">\n\t\t\t<div class=\"elementor-video\"><\/div>\t\t<\/div>\n\t\t\t\t<\/div>\n\t\t\t\t<\/div>\n\t\t\t\t<div class=\"elementor-element elementor-element-131c7629 elementor-widget elementor-widget-spacer\" data-id=\"131c7629\" data-element_type=\"widget\" data-widget_type=\"spacer.default\">\n\t\t\t\t<div class=\"elementor-widget-container\">\n\t\t\t\t\t<div class=\"elementor-spacer\">\n\t\t\t<div class=\"elementor-spacer-inner\"><\/div>\n\t\t<\/div>\n\t\t\t\t<\/div>\n\t\t\t\t<\/div>\n\t\t\t\t\t<\/div>\n\t\t<\/div>\n\t\t\t\t<div class=\"elementor-column elementor-col-33 elementor-top-column elementor-element elementor-element-182ea161 sc_layouts_column_icons_position_left\" data-id=\"182ea161\" data-element_type=\"column\">\n\t\t\t<div class=\"elementor-widget-wrap elementor-element-populated\">\n\t\t\t\t\t\t\t\t<div class=\"elementor-element elementor-element-c374ab9 elementor-widget elementor-widget-spacer\" data-id=\"c374ab9\" data-element_type=\"widget\" data-widget_type=\"spacer.default\">\n\t\t\t\t<div class=\"elementor-widget-container\">\n\t\t\t\t\t<div class=\"elementor-spacer\">\n\t\t\t<div class=\"elementor-spacer-inner\"><\/div>\n\t\t<\/div>\n\t\t\t\t<\/div>\n\t\t\t\t<\/div>\n\t\t\t\t<div class=\"elementor-element elementor-element-245a2e2c elementor-widget elementor-widget-text-editor\" data-id=\"245a2e2c\" data-element_type=\"widget\" data-widget_type=\"text-editor.default\">\n\t\t\t\t<div class=\"elementor-widget-container\">\n\t\t\t\t\t\t\t<h5>Credits<\/h5>\t\t\t\t\t\t<\/div>\n\t\t\t\t<\/div>\n\t\t\t\t<div class=\"elementor-element elementor-element-2217aafb elementor-widget elementor-widget-text-editor\" data-id=\"2217aafb\" data-element_type=\"widget\" data-widget_type=\"text-editor.default\">\n\t\t\t\t<div class=\"elementor-widget-container\">\n\t\t\t\t\t\t\t<p>Concept, art direction and scenography<br \/><strong>Ana Borralho &amp; Jo\u00e3o Galante<\/strong><\/p><p>Cast<br \/><strong>Carlos Nery, Carlos Fernandes, Cristina Gon\u00e7alves, Diana Coelho, Elisa Worm, Helena Marchand, Isabel Millet, Isabel Sim\u00f5es, Iva Delgado, Jorge Fal\u00e9, J\u00falia Guerra, Kimberley Ribeiro, L\u00facia Marta, Michel, Paula B\u00e1rcia, V\u00edtor Lopes<\/strong><\/p><p>Dramaturgy assistant<br \/><strong>Rui Catal\u00e3o<br \/><\/strong>Lighting designer<br \/><strong>Thomas Walgrave<br \/><\/strong>Original soundtrack<br \/><strong>Pedro Augusto (a.k.a. Ghuna X)<br \/><\/strong>Rehearsal assistants<br \/><strong>Catarina Gon\u00e7alves <\/strong>and <strong>Tiago Gandra<br \/><\/strong>Art collaboration<br \/><strong>Fernando Ribeiro<br \/><\/strong>Photography<br \/><strong>Bruno Sim\u00e3o<br \/><\/strong>Videography<br \/><strong>Patr\u00edcia Saramago<br \/><\/strong>Executive production<br \/><strong>Companhia Maior<br \/><\/strong>Producer from Companhia Maior<br \/><strong>Lu\u00eds Moreira<\/strong><\/p><h5>Acknowledgements<\/h5><p><strong>MAISMENOS<br \/><\/strong><strong>LAC \u2013 Laborat\u00f3rio de Atividades Criativas<br \/><\/strong><strong>M\u00f3nica Sam\u00f5es<\/strong><\/p><h5>Performances<\/h5><p>PREMI\u00c8RE<\/p><p><strong>28 &#8211; 30 November 2013<br \/><\/strong><strong>1 December 2013<br \/><\/strong>Centro Cultural de Bel\u00e9m<br \/>Lisbon<\/p><p>FURTHER PERFORMANCES<\/p><p><strong>7 December 2014<br \/><\/strong>MA sc\u00e8ne nationale<br \/>Montb\u00e9liard, France<\/p>\t\t\t\t\t\t<\/div>\n\t\t\t\t<\/div>\n\t\t\t\t<div class=\"elementor-element elementor-element-5e3e7c7 elementor-widget elementor-widget-spacer\" data-id=\"5e3e7c7\" data-element_type=\"widget\" data-widget_type=\"spacer.default\">\n\t\t\t\t<div class=\"elementor-widget-container\">\n\t\t\t\t\t<div class=\"elementor-spacer\">\n\t\t\t<div class=\"elementor-spacer-inner\"><\/div>\n\t\t<\/div>\n\t\t\t\t<\/div>\n\t\t\t\t<\/div>\n\t\t\t\t<div class=\"elementor-element elementor-element-5d3eba9 elementor-widget elementor-widget-text-editor\" data-id=\"5d3eba9\" data-element_type=\"widget\" data-widget_type=\"text-editor.default\">\n\t\t\t\t<div class=\"elementor-widget-container\">\n\t\t\t\t\t\t\t<p style=\"font-size: 12px;\">Photos: \u00a9 Bruno Sim\u00e3o<\/p>\t\t\t\t\t\t<\/div>\n\t\t\t\t<\/div>\n\t\t\t\t\t<\/div>\n\t\t<\/div>\n\t\t\t\t\t\t\t<\/div>\n\t\t<\/section>\n\t\t\t\t<section class=\"elementor-section elementor-top-section elementor-element elementor-element-ee33806 elementor-section-boxed elementor-section-height-default elementor-section-height-default\" data-id=\"ee33806\" data-element_type=\"section\">\n\t\t\t\t\t\t<div class=\"elementor-container elementor-column-gap-extended\">\n\t\t\t\t\t<div class=\"elementor-column elementor-col-100 elementor-top-column elementor-element elementor-element-b08bfbb sc_layouts_column_icons_position_left\" data-id=\"b08bfbb\" data-element_type=\"column\">\n\t\t\t<div class=\"elementor-widget-wrap elementor-element-populated\">\n\t\t\t\t\t\t\t\t<div class=\"elementor-element elementor-element-ed3f425 elementor-widget elementor-widget-spacer\" data-id=\"ed3f425\" data-element_type=\"widget\" data-widget_type=\"spacer.default\">\n\t\t\t\t<div class=\"elementor-widget-container\">\n\t\t\t\t\t<div class=\"elementor-spacer\">\n\t\t\t<div class=\"elementor-spacer-inner\"><\/div>\n\t\t<\/div>\n\t\t\t\t<\/div>\n\t\t\t\t<\/div>\n\t\t\t\t\t<\/div>\n\t\t<\/div>\n\t\t\t\t\t\t\t<\/div>\n\t\t<\/section>\n\t\t\t\t\t\t<\/div>\n\t\t\t\t\t<\/div>\n\t\t","protected":false},"excerpt":{"rendered":"<p>Ana Borralho and Jo\u00e3o Galante Estalo Novo New Snap 2013 Based on an initial idea by the duo Ana Borralho \u2013 Jo\u00e3o Galante, about forms of disobedience, later transformed into a small survey by Rui&hellip;<\/p>\n","protected":false},"author":1,"featured_media":0,"parent":0,"menu_order":0,"comment_status":"closed","ping_status":"closed","template":"elementor_theme","meta":{"footnotes":""},"class_list":["post-610","page","type-page","status-publish","hentry"],"yoast_head":"<!-- This site is optimized with the Yoast SEO plugin v19.8 - https:\/\/yoast.com\/wordpress\/plugins\/seo\/ -->\n<title>Estalo Novo - Companhia Maior<\/title>\n<meta name=\"description\" content=\"ESTALO NOVO, de Ana Borralho e Jo\u00e3o Galante, incide sobre formas de desobedi\u00eancia, atrav\u00e9s de um inqu\u00e9rito de Rui Catal\u00e3o entregue ao elenco. \u00c9 um projeto de colabora\u00e7\u00e3o em que as ideias geram testemunhos pessoais, que depois geram mat\u00e9rias a serem trabalhadas em coletivo.\" \/>\n<meta name=\"robots\" content=\"index, follow, max-snippet:-1, max-image-preview:large, max-video-preview:-1\" \/>\n<link rel=\"canonical\" href=\"https:\/\/companhiamaior.pt\/en\/estalo-novo\/\" \/>\n<meta property=\"og:locale\" content=\"pt_PT\" \/>\n<meta property=\"og:type\" content=\"article\" \/>\n<meta property=\"og:title\" content=\"Estalo Novo - Companhia Maior\" \/>\n<meta property=\"og:description\" content=\"ESTALO NOVO, de Ana Borralho e Jo\u00e3o Galante, incide sobre formas de desobedi\u00eancia, atrav\u00e9s de um inqu\u00e9rito de Rui Catal\u00e3o entregue ao elenco. \u00c9 um projeto de colabora\u00e7\u00e3o em que as ideias geram testemunhos pessoais, que depois geram mat\u00e9rias a serem trabalhadas em coletivo.\" \/>\n<meta property=\"og:url\" content=\"https:\/\/companhiamaior.pt\/en\/estalo-novo\/\" \/>\n<meta property=\"og:site_name\" content=\"Companhia Maior\" \/>\n<meta property=\"article:modified_time\" content=\"2022-12-09T16:11:26+00:00\" \/>\n<meta name=\"twitter:card\" content=\"summary_large_image\" \/>\n<meta name=\"twitter:label1\" content=\"Tempo estimado de leitura\" \/>\n\t<meta name=\"twitter:data1\" content=\"2 minutos\" \/>\n<script type=\"application\/ld+json\" class=\"yoast-schema-graph\">{\"@context\":\"https:\/\/schema.org\",\"@graph\":[{\"@type\":\"WebPage\",\"@id\":\"https:\/\/companhiamaior.pt\/en\/estalo-novo\/\",\"url\":\"https:\/\/companhiamaior.pt\/en\/estalo-novo\/\",\"name\":\"Estalo Novo - Companhia Maior\",\"isPartOf\":{\"@id\":\"https:\/\/companhiamaior.pt\/en\/#website\"},\"datePublished\":\"2021-09-02T10:34:43+00:00\",\"dateModified\":\"2022-12-09T16:11:26+00:00\",\"description\":\"ESTALO NOVO, de Ana Borralho e Jo\u00e3o Galante, incide sobre formas de desobedi\u00eancia, atrav\u00e9s de um inqu\u00e9rito de Rui Catal\u00e3o entregue ao elenco. \u00c9 um projeto de colabora\u00e7\u00e3o em que as ideias geram testemunhos pessoais, que depois geram mat\u00e9rias a serem trabalhadas em coletivo.\",\"breadcrumb\":{\"@id\":\"https:\/\/companhiamaior.pt\/en\/estalo-novo\/#breadcrumb\"},\"inLanguage\":\"pt-PT\",\"potentialAction\":[{\"@type\":\"ReadAction\",\"target\":[\"https:\/\/companhiamaior.pt\/en\/estalo-novo\/\"]}]},{\"@type\":\"BreadcrumbList\",\"@id\":\"https:\/\/companhiamaior.pt\/en\/estalo-novo\/#breadcrumb\",\"itemListElement\":[{\"@type\":\"ListItem\",\"position\":1,\"name\":\"In\u00edcio\",\"item\":\"https:\/\/companhiamaior.pt\/en\/\"},{\"@type\":\"ListItem\",\"position\":2,\"name\":\"Estalo Novo\"}]},{\"@type\":\"WebSite\",\"@id\":\"https:\/\/companhiamaior.pt\/en\/#website\",\"url\":\"https:\/\/companhiamaior.pt\/en\/\",\"name\":\"Companhia Maior\",\"description\":\"Associa\u00e7\u00e3o Cultural\",\"publisher\":{\"@id\":\"https:\/\/companhiamaior.pt\/en\/#organization\"},\"potentialAction\":[{\"@type\":\"SearchAction\",\"target\":{\"@type\":\"EntryPoint\",\"urlTemplate\":\"https:\/\/companhiamaior.pt\/en\/?s={search_term_string}\"},\"query-input\":\"required name=search_term_string\"}],\"inLanguage\":\"pt-PT\"},{\"@type\":\"Organization\",\"@id\":\"https:\/\/companhiamaior.pt\/en\/#organization\",\"name\":\"Companhia Maior\",\"url\":\"https:\/\/companhiamaior.pt\/en\/\",\"sameAs\":[],\"logo\":{\"@type\":\"ImageObject\",\"inLanguage\":\"pt-PT\",\"@id\":\"https:\/\/companhiamaior.pt\/en\/#\/schema\/logo\/image\/\",\"url\":\"https:\/\/companhiamaior.pt\/en\/wp-content\/uploads\/2021\/05\/cropped-logoHorzontalMaior.png\",\"contentUrl\":\"https:\/\/companhiamaior.pt\/en\/wp-content\/uploads\/2021\/05\/cropped-logoHorzontalMaior.png\",\"width\":472,\"height\":113,\"caption\":\"Companhia Maior\"},\"image\":{\"@id\":\"https:\/\/companhiamaior.pt\/en\/#\/schema\/logo\/image\/\"}}]}<\/script>\n<!-- \/ Yoast SEO plugin. -->","yoast_head_json":{"title":"Estalo Novo - Companhia Maior","description":"ESTALO NOVO, de Ana Borralho e Jo\u00e3o Galante, incide sobre formas de desobedi\u00eancia, atrav\u00e9s de um inqu\u00e9rito de Rui Catal\u00e3o entregue ao elenco. \u00c9 um projeto de colabora\u00e7\u00e3o em que as ideias geram testemunhos pessoais, que depois geram mat\u00e9rias a serem trabalhadas em coletivo.","robots":{"index":"index","follow":"follow","max-snippet":"max-snippet:-1","max-image-preview":"max-image-preview:large","max-video-preview":"max-video-preview:-1"},"canonical":"https:\/\/companhiamaior.pt\/en\/estalo-novo\/","og_locale":"pt_PT","og_type":"article","og_title":"Estalo Novo - Companhia Maior","og_description":"ESTALO NOVO, de Ana Borralho e Jo\u00e3o Galante, incide sobre formas de desobedi\u00eancia, atrav\u00e9s de um inqu\u00e9rito de Rui Catal\u00e3o entregue ao elenco. \u00c9 um projeto de colabora\u00e7\u00e3o em que as ideias geram testemunhos pessoais, que depois geram mat\u00e9rias a serem trabalhadas em coletivo.","og_url":"https:\/\/companhiamaior.pt\/en\/estalo-novo\/","og_site_name":"Companhia Maior","article_modified_time":"2022-12-09T16:11:26+00:00","twitter_card":"summary_large_image","twitter_misc":{"Tempo estimado de leitura":"2 minutos"},"schema":{"@context":"https:\/\/schema.org","@graph":[{"@type":"WebPage","@id":"https:\/\/companhiamaior.pt\/en\/estalo-novo\/","url":"https:\/\/companhiamaior.pt\/en\/estalo-novo\/","name":"Estalo Novo - Companhia Maior","isPartOf":{"@id":"https:\/\/companhiamaior.pt\/en\/#website"},"datePublished":"2021-09-02T10:34:43+00:00","dateModified":"2022-12-09T16:11:26+00:00","description":"ESTALO NOVO, de Ana Borralho e Jo\u00e3o Galante, incide sobre formas de desobedi\u00eancia, atrav\u00e9s de um inqu\u00e9rito de Rui Catal\u00e3o entregue ao elenco. \u00c9 um projeto de colabora\u00e7\u00e3o em que as ideias geram testemunhos pessoais, que depois geram mat\u00e9rias a serem trabalhadas em coletivo.","breadcrumb":{"@id":"https:\/\/companhiamaior.pt\/en\/estalo-novo\/#breadcrumb"},"inLanguage":"pt-PT","potentialAction":[{"@type":"ReadAction","target":["https:\/\/companhiamaior.pt\/en\/estalo-novo\/"]}]},{"@type":"BreadcrumbList","@id":"https:\/\/companhiamaior.pt\/en\/estalo-novo\/#breadcrumb","itemListElement":[{"@type":"ListItem","position":1,"name":"In\u00edcio","item":"https:\/\/companhiamaior.pt\/en\/"},{"@type":"ListItem","position":2,"name":"Estalo Novo"}]},{"@type":"WebSite","@id":"https:\/\/companhiamaior.pt\/en\/#website","url":"https:\/\/companhiamaior.pt\/en\/","name":"Companhia Maior","description":"Associa\u00e7\u00e3o Cultural","publisher":{"@id":"https:\/\/companhiamaior.pt\/en\/#organization"},"potentialAction":[{"@type":"SearchAction","target":{"@type":"EntryPoint","urlTemplate":"https:\/\/companhiamaior.pt\/en\/?s={search_term_string}"},"query-input":"required name=search_term_string"}],"inLanguage":"pt-PT"},{"@type":"Organization","@id":"https:\/\/companhiamaior.pt\/en\/#organization","name":"Companhia Maior","url":"https:\/\/companhiamaior.pt\/en\/","sameAs":[],"logo":{"@type":"ImageObject","inLanguage":"pt-PT","@id":"https:\/\/companhiamaior.pt\/en\/#\/schema\/logo\/image\/","url":"https:\/\/companhiamaior.pt\/en\/wp-content\/uploads\/2021\/05\/cropped-logoHorzontalMaior.png","contentUrl":"https:\/\/companhiamaior.pt\/en\/wp-content\/uploads\/2021\/05\/cropped-logoHorzontalMaior.png","width":472,"height":113,"caption":"Companhia Maior"},"image":{"@id":"https:\/\/companhiamaior.pt\/en\/#\/schema\/logo\/image\/"}}]}},"_links":{"self":[{"href":"https:\/\/companhiamaior.pt\/en\/wp-json\/wp\/v2\/pages\/610","targetHints":{"allow":["GET"]}}],"collection":[{"href":"https:\/\/companhiamaior.pt\/en\/wp-json\/wp\/v2\/pages"}],"about":[{"href":"https:\/\/companhiamaior.pt\/en\/wp-json\/wp\/v2\/types\/page"}],"author":[{"embeddable":true,"href":"https:\/\/companhiamaior.pt\/en\/wp-json\/wp\/v2\/users\/1"}],"replies":[{"embeddable":true,"href":"https:\/\/companhiamaior.pt\/en\/wp-json\/wp\/v2\/comments?post=610"}],"version-history":[{"count":94,"href":"https:\/\/companhiamaior.pt\/en\/wp-json\/wp\/v2\/pages\/610\/revisions"}],"predecessor-version":[{"id":3860,"href":"https:\/\/companhiamaior.pt\/en\/wp-json\/wp\/v2\/pages\/610\/revisions\/3860"}],"wp:attachment":[{"href":"https:\/\/companhiamaior.pt\/en\/wp-json\/wp\/v2\/media?parent=610"}],"curies":[{"name":"wp","href":"https:\/\/api.w.org\/{rel}","templated":true}]}}