{"id":2647,"date":"2022-01-25T18:53:38","date_gmt":"2022-01-25T18:53:38","guid":{"rendered":"https:\/\/companhiamaior.pt\/en\/DEMO2021\/?page_id=2647"},"modified":"2022-12-09T16:02:23","modified_gmt":"2022-12-09T16:02:23","slug":"cordeis-minimalistas","status":"publish","type":"page","link":"https:\/\/companhiamaior.pt\/en\/cordeis-minimalistas\/","title":{"rendered":"Cord\u00e9is Minimalistas"},"content":{"rendered":"\t\t<div data-elementor-type=\"wp-page\" data-elementor-id=\"2647\" class=\"elementor elementor-2647\" data-elementor-settings=\"[]\">\n\t\t\t\t\t\t\t<div class=\"elementor-section-wrap\">\n\t\t\t\t\t\t\t<section class=\"elementor-section elementor-top-section elementor-element elementor-element-3912c0b6 elementor-section-height-full elementor-section-full_width elementor-section-stretched elementor-section-height-default elementor-section-items-middle\" data-id=\"3912c0b6\" data-element_type=\"section\" data-settings=\"{&quot;background_background&quot;:&quot;slideshow&quot;,&quot;background_slideshow_gallery&quot;:[{&quot;id&quot;:2668,&quot;url&quot;:&quot;https:\\\/\\\/companhiamaior.pt\\\/en\\\/en\\\/wp-content\\\/uploads\\\/2022\\\/01\\\/Untitled-1_0009_Layer-8.jpg&quot;},{&quot;id&quot;:2669,&quot;url&quot;:&quot;https:\\\/\\\/companhiamaior.pt\\\/en\\\/en\\\/wp-content\\\/uploads\\\/2022\\\/01\\\/Untitled-1_0010_Layer-7.jpg&quot;},{&quot;id&quot;:2670,&quot;url&quot;:&quot;https:\\\/\\\/companhiamaior.pt\\\/en\\\/en\\\/wp-content\\\/uploads\\\/2022\\\/01\\\/Untitled-1_0011_Layer-6.jpg&quot;},{&quot;id&quot;:2660,&quot;url&quot;:&quot;https:\\\/\\\/companhiamaior.pt\\\/en\\\/en\\\/wp-content\\\/uploads\\\/2022\\\/01\\\/Untitled-1_0001_Layer-16.jpg&quot;},{&quot;id&quot;:2661,&quot;url&quot;:&quot;https:\\\/\\\/companhiamaior.pt\\\/en\\\/en\\\/wp-content\\\/uploads\\\/2022\\\/01\\\/Untitled-1_0002_Layer-15.jpg&quot;},{&quot;id&quot;:2664,&quot;url&quot;:&quot;https:\\\/\\\/companhiamaior.pt\\\/en\\\/en\\\/wp-content\\\/uploads\\\/2022\\\/01\\\/Untitled-1_0005_Layer-12.jpg&quot;},{&quot;id&quot;:2663,&quot;url&quot;:&quot;https:\\\/\\\/companhiamaior.pt\\\/en\\\/en\\\/wp-content\\\/uploads\\\/2022\\\/01\\\/Untitled-1_0004_Layer-13.jpg&quot;},{&quot;id&quot;:2662,&quot;url&quot;:&quot;https:\\\/\\\/companhiamaior.pt\\\/en\\\/en\\\/wp-content\\\/uploads\\\/2022\\\/01\\\/Untitled-1_0003_Layer-14.jpg&quot;},{&quot;id&quot;:2665,&quot;url&quot;:&quot;https:\\\/\\\/companhiamaior.pt\\\/en\\\/en\\\/wp-content\\\/uploads\\\/2022\\\/01\\\/Untitled-1_0006_Layer-11.jpg&quot;},{&quot;id&quot;:2666,&quot;url&quot;:&quot;https:\\\/\\\/companhiamaior.pt\\\/en\\\/en\\\/wp-content\\\/uploads\\\/2022\\\/01\\\/Untitled-1_0007_Layer-10.jpg&quot;},{&quot;id&quot;:2667,&quot;url&quot;:&quot;https:\\\/\\\/companhiamaior.pt\\\/en\\\/en\\\/wp-content\\\/uploads\\\/2022\\\/01\\\/Untitled-1_0008_Layer-9.jpg&quot;},{&quot;id&quot;:2659,&quot;url&quot;:&quot;https:\\\/\\\/companhiamaior.pt\\\/en\\\/en\\\/wp-content\\\/uploads\\\/2022\\\/01\\\/Untitled-1_0000_Layer-17.jpg&quot;}],&quot;background_slideshow_slide_transition&quot;:&quot;slide_right&quot;,&quot;stretch_section&quot;:&quot;section-stretched&quot;,&quot;background_slideshow_loop&quot;:&quot;yes&quot;,&quot;background_slideshow_slide_duration&quot;:5000,&quot;background_slideshow_transition_duration&quot;:500}\">\n\t\t\t\t\t\t<div class=\"elementor-container elementor-column-gap-extended\">\n\t\t\t\t\t<div class=\"elementor-column elementor-col-100 elementor-top-column elementor-element elementor-element-ffdac8e sc_layouts_column_icons_position_left\" data-id=\"ffdac8e\" data-element_type=\"column\">\n\t\t\t<div class=\"elementor-widget-wrap\">\n\t\t\t\t\t\t\t\t\t<\/div>\n\t\t<\/div>\n\t\t\t\t\t\t\t<\/div>\n\t\t<\/section>\n\t\t\t\t<section class=\"elementor-section elementor-top-section elementor-element elementor-element-37215fac elementor-section-boxed elementor-section-height-default elementor-section-height-default\" data-id=\"37215fac\" data-element_type=\"section\">\n\t\t\t\t\t\t<div class=\"elementor-container elementor-column-gap-extended\">\n\t\t\t\t\t<div class=\"elementor-column elementor-col-66 elementor-top-column elementor-element elementor-element-28746afb sc_layouts_column_icons_position_left\" data-id=\"28746afb\" data-element_type=\"column\">\n\t\t\t<div class=\"elementor-widget-wrap elementor-element-populated\">\n\t\t\t\t\t\t\t\t<div class=\"elementor-element elementor-element-5e0139e8 elementor-widget elementor-widget-spacer\" data-id=\"5e0139e8\" data-element_type=\"widget\" data-widget_type=\"spacer.default\">\n\t\t\t\t<div class=\"elementor-widget-container\">\n\t\t\t\t\t<div class=\"elementor-spacer\">\n\t\t\t<div class=\"elementor-spacer-inner\"><\/div>\n\t\t<\/div>\n\t\t\t\t<\/div>\n\t\t\t\t<\/div>\n\t\t\t\t<div class=\"elementor-element elementor-element-0aeeac8 elementor-widget elementor-widget-heading\" data-id=\"0aeeac8\" data-element_type=\"widget\" data-widget_type=\"heading.default\">\n\t\t\t\t<div class=\"elementor-widget-container\">\n\t\t\t<h5 class=\"elementor-heading-title elementor-size-default\">Jo\u00e3o Mota<\/h5>\t\t<\/div>\n\t\t\t\t<\/div>\n\t\t\t\t<div class=\"elementor-element elementor-element-58858fa6 elementor-widget elementor-widget-heading\" data-id=\"58858fa6\" data-element_type=\"widget\" data-widget_type=\"heading.default\">\n\t\t\t\t<div class=\"elementor-widget-container\">\n\t\t\t<h2 class=\"elementor-heading-title elementor-size-default\">Cord\u00e9is Minimalistas<\/h2>\t\t<\/div>\n\t\t\t\t<\/div>\n\t\t\t\t<div class=\"elementor-element elementor-element-0cca47d elementor-widget elementor-widget-heading\" data-id=\"0cca47d\" data-element_type=\"widget\" data-widget_type=\"heading.default\">\n\t\t\t\t<div class=\"elementor-widget-container\">\n\t\t\t<h5 class=\"elementor-heading-title elementor-size-default\">Minimalist Strings<\/h5>\t\t<\/div>\n\t\t\t\t<\/div>\n\t\t\t\t<div class=\"elementor-element elementor-element-7588430 elementor-widget elementor-widget-heading\" data-id=\"7588430\" data-element_type=\"widget\" data-widget_type=\"heading.default\">\n\t\t\t\t<div class=\"elementor-widget-container\">\n\t\t\t<h5 class=\"elementor-heading-title elementor-size-default\">2019<\/h5>\t\t<\/div>\n\t\t\t\t<\/div>\n\t\t\t\t<div class=\"elementor-element elementor-element-10c84d21 elementor-widget elementor-widget-spacer\" data-id=\"10c84d21\" data-element_type=\"widget\" data-widget_type=\"spacer.default\">\n\t\t\t\t<div class=\"elementor-widget-container\">\n\t\t\t\t\t<div class=\"elementor-spacer\">\n\t\t\t<div class=\"elementor-spacer-inner\"><\/div>\n\t\t<\/div>\n\t\t\t\t<\/div>\n\t\t\t\t<\/div>\n\t\t\t\t<div class=\"elementor-element elementor-element-7e342b6e elementor-widget elementor-widget-text-editor\" data-id=\"7e342b6e\" data-element_type=\"widget\" data-widget_type=\"text-editor.default\">\n\t\t\t\t<div class=\"elementor-widget-container\">\n\t\t\t\t\t\t\t<p><span lang=\"EN-GB\">Jo\u00e3o Mota directed the artists of Companhia Maior in a play based on an amusing and topical script by Luiz Felipe Botelho, which culminated in a public performance at Comuna Teatro de Pesquisa, in February 2019. In a sequence of scenes based on a text of Brazilian \u2018<i>cordel<\/i>\u2019 (string) literature, satire and comedy go hand in hand, resulting in a funny and very lively show.<\/span><\/p>\t\t\t\t\t\t<\/div>\n\t\t\t\t<\/div>\n\t\t\t\t<div class=\"elementor-element elementor-element-3e2026e2 elementor-widget elementor-widget-spacer\" data-id=\"3e2026e2\" data-element_type=\"widget\" data-widget_type=\"spacer.default\">\n\t\t\t\t<div class=\"elementor-widget-container\">\n\t\t\t\t\t<div class=\"elementor-spacer\">\n\t\t\t<div class=\"elementor-spacer-inner\"><\/div>\n\t\t<\/div>\n\t\t\t\t<\/div>\n\t\t\t\t<\/div>\n\t\t\t\t<div class=\"elementor-element elementor-element-5951123 elementor-widget elementor-widget-image\" data-id=\"5951123\" data-element_type=\"widget\" data-widget_type=\"image.default\">\n\t\t\t\t<div class=\"elementor-widget-container\">\n\t\t\t\t\t\t\t\t\t\t\t\t\t\t\t<img loading=\"lazy\" decoding=\"async\" width=\"720\" height=\"480\" src=\"https:\/\/companhiamaior.pt\/en\/wp-content\/uploads\/2022\/01\/br010_workshop-joao-mota_\u220fbrunosimao_.jpg\" class=\"attachment-large size-large\" alt=\"\" srcset=\"https:\/\/companhiamaior.pt\/en\/wp-content\/uploads\/2022\/01\/br010_workshop-joao-mota_\u220fbrunosimao_.jpg 720w, https:\/\/companhiamaior.pt\/en\/wp-content\/uploads\/2022\/01\/br010_workshop-joao-mota_\u220fbrunosimao_-300x200.jpg 300w, https:\/\/companhiamaior.pt\/en\/wp-content\/uploads\/2022\/01\/br010_workshop-joao-mota_\u220fbrunosimao_-370x247.jpg 370w, https:\/\/companhiamaior.pt\/en\/wp-content\/uploads\/2022\/01\/br010_workshop-joao-mota_\u220fbrunosimao_-406x271.jpg 406w, https:\/\/companhiamaior.pt\/en\/wp-content\/uploads\/2022\/01\/br010_workshop-joao-mota_\u220fbrunosimao_-24x16.jpg 24w, https:\/\/companhiamaior.pt\/en\/wp-content\/uploads\/2022\/01\/br010_workshop-joao-mota_\u220fbrunosimao_-36x24.jpg 36w, https:\/\/companhiamaior.pt\/en\/wp-content\/uploads\/2022\/01\/br010_workshop-joao-mota_\u220fbrunosimao_-48x32.jpg 48w\" sizes=\"auto, (max-width: 720px) 100vw, 720px\" \/>\t\t\t\t\t\t\t\t\t\t\t\t\t\t\t<\/div>\n\t\t\t\t<\/div>\n\t\t\t\t\t<\/div>\n\t\t<\/div>\n\t\t\t\t<div class=\"elementor-column elementor-col-33 elementor-top-column elementor-element elementor-element-6105c43e sc_layouts_column_icons_position_left\" data-id=\"6105c43e\" data-element_type=\"column\">\n\t\t\t<div class=\"elementor-widget-wrap elementor-element-populated\">\n\t\t\t\t\t\t\t\t<div class=\"elementor-element elementor-element-51a8f1dd elementor-widget elementor-widget-spacer\" data-id=\"51a8f1dd\" data-element_type=\"widget\" data-widget_type=\"spacer.default\">\n\t\t\t\t<div class=\"elementor-widget-container\">\n\t\t\t\t\t<div class=\"elementor-spacer\">\n\t\t\t<div class=\"elementor-spacer-inner\"><\/div>\n\t\t<\/div>\n\t\t\t\t<\/div>\n\t\t\t\t<\/div>\n\t\t\t\t<div class=\"elementor-element elementor-element-6d3f6493 elementor-widget elementor-widget-text-editor\" data-id=\"6d3f6493\" data-element_type=\"widget\" data-widget_type=\"text-editor.default\">\n\t\t\t\t<div class=\"elementor-widget-container\">\n\t\t\t\t\t\t\t<h5>Credits<\/h5>\t\t\t\t\t\t<\/div>\n\t\t\t\t<\/div>\n\t\t\t\t<div class=\"elementor-element elementor-element-5a23eee4 elementor-widget elementor-widget-text-editor\" data-id=\"5a23eee4\" data-element_type=\"widget\" data-widget_type=\"text-editor.default\">\n\t\t\t\t<div class=\"elementor-widget-container\">\n\t\t\t\t\t\t\t<p>Director<br \/><strong>Jo\u00e3o Mota<\/strong><\/p><p>Improvised texts based on the work by <strong>\u00a0<br \/>Luiz Felipe Botelho<\/strong><\/p><p>Coordinated and directed by<strong> <br \/>Jo\u00e3o Mota<\/strong><\/p><p>Companhia Maior cast <br \/><strong>Angelina Mateus, Carlos Fernandes, Carlos Nery, Catarina Rico, Cristina Gon\u00e7alves, Elisa Worm, Isabel Sim\u00f5es, Jo\u00e3o Silvestre, J\u00falia Guerra, Kimberley Ribeiro, Maria Em\u00edlia Castanheira, Maria Helena Fal\u00e9, Maria Jos\u00e9 Bai\u00e3o, Michel, Paula B\u00e1rcia <\/strong><\/p><p>Co-production <br \/><strong>Companhia Maior<\/strong> and <strong>Comuna Teatro Pesquisa<\/strong><\/p><h5>Acknowledgements<\/h5><p><strong>Comuna Teatro Pesquisa<\/strong><\/p><h5>Performances<\/h5><p><strong>10 February 2019<br \/><\/strong>Comuna Teatro de Pesquisa<\/p><p><strong>18 May 2019<br \/><\/strong>F\u00f3rum Cultural Jos\u00e9 Manuel Figueiredo, <br \/>Baixa da Banheira<\/p>\t\t\t\t\t\t<\/div>\n\t\t\t\t<\/div>\n\t\t\t\t<div class=\"elementor-element elementor-element-0ac1a25 elementor-widget elementor-widget-text-editor\" data-id=\"0ac1a25\" data-element_type=\"widget\" data-widget_type=\"text-editor.default\">\n\t\t\t\t<div class=\"elementor-widget-container\">\n\t\t\t\t\t\t\t<p style=\"font-size: 12px;\">Photos: \u00a9 Bruno Sim\u00e3o<\/p>\t\t\t\t\t\t<\/div>\n\t\t\t\t<\/div>\n\t\t\t\t\t<\/div>\n\t\t<\/div>\n\t\t\t\t\t\t\t<\/div>\n\t\t<\/section>\n\t\t\t\t\t\t<\/div>\n\t\t\t\t\t<\/div>\n\t\t","protected":false},"excerpt":{"rendered":"<p>Jo\u00e3o Mota Cord\u00e9is Minimalistas Minimalist Strings 2019 Jo\u00e3o Mota directed the artists of Companhia Maior in a play based on an amusing and topical script by Luiz Felipe Botelho, which culminated in a public performance&hellip;<\/p>\n","protected":false},"author":1,"featured_media":0,"parent":0,"menu_order":0,"comment_status":"closed","ping_status":"closed","template":"elementor_theme","meta":{"footnotes":""},"class_list":["post-2647","page","type-page","status-publish","hentry"],"yoast_head":"<!-- This site is optimized with the Yoast SEO plugin v19.8 - https:\/\/yoast.com\/wordpress\/plugins\/seo\/ -->\n<title>Cord\u00e9is Minimalistas - Companhia Maior<\/title>\n<meta name=\"robots\" content=\"index, follow, max-snippet:-1, max-image-preview:large, max-video-preview:-1\" \/>\n<link rel=\"canonical\" href=\"https:\/\/companhiamaior.pt\/en\/cordeis-minimalistas\/\" \/>\n<meta property=\"og:locale\" content=\"pt_PT\" \/>\n<meta property=\"og:type\" content=\"article\" \/>\n<meta property=\"og:title\" content=\"Cord\u00e9is Minimalistas - Companhia Maior\" \/>\n<meta property=\"og:description\" content=\"Jo\u00e3o Mota Cord\u00e9is Minimalistas Minimalist Strings 2019 Jo\u00e3o Mota directed the artists of Companhia Maior in a play based on an amusing and topical script by Luiz Felipe Botelho, which culminated in a public performance&hellip;\" \/>\n<meta property=\"og:url\" content=\"https:\/\/companhiamaior.pt\/en\/cordeis-minimalistas\/\" \/>\n<meta property=\"og:site_name\" content=\"Companhia Maior\" \/>\n<meta property=\"article:modified_time\" content=\"2022-12-09T16:02:23+00:00\" \/>\n<meta name=\"twitter:card\" content=\"summary_large_image\" \/>\n<meta name=\"twitter:label1\" content=\"Tempo estimado de leitura\" \/>\n\t<meta name=\"twitter:data1\" content=\"2 minutos\" \/>\n<script type=\"application\/ld+json\" class=\"yoast-schema-graph\">{\"@context\":\"https:\/\/schema.org\",\"@graph\":[{\"@type\":\"WebPage\",\"@id\":\"https:\/\/companhiamaior.pt\/en\/cordeis-minimalistas\/\",\"url\":\"https:\/\/companhiamaior.pt\/en\/cordeis-minimalistas\/\",\"name\":\"Cord\u00e9is Minimalistas - Companhia Maior\",\"isPartOf\":{\"@id\":\"https:\/\/companhiamaior.pt\/en\/#website\"},\"datePublished\":\"2022-01-25T18:53:38+00:00\",\"dateModified\":\"2022-12-09T16:02:23+00:00\",\"breadcrumb\":{\"@id\":\"https:\/\/companhiamaior.pt\/en\/cordeis-minimalistas\/#breadcrumb\"},\"inLanguage\":\"pt-PT\",\"potentialAction\":[{\"@type\":\"ReadAction\",\"target\":[\"https:\/\/companhiamaior.pt\/en\/cordeis-minimalistas\/\"]}]},{\"@type\":\"BreadcrumbList\",\"@id\":\"https:\/\/companhiamaior.pt\/en\/cordeis-minimalistas\/#breadcrumb\",\"itemListElement\":[{\"@type\":\"ListItem\",\"position\":1,\"name\":\"In\u00edcio\",\"item\":\"https:\/\/companhiamaior.pt\/en\/\"},{\"@type\":\"ListItem\",\"position\":2,\"name\":\"Cord\u00e9is Minimalistas\"}]},{\"@type\":\"WebSite\",\"@id\":\"https:\/\/companhiamaior.pt\/en\/#website\",\"url\":\"https:\/\/companhiamaior.pt\/en\/\",\"name\":\"Companhia Maior\",\"description\":\"Associa\u00e7\u00e3o Cultural\",\"publisher\":{\"@id\":\"https:\/\/companhiamaior.pt\/en\/#organization\"},\"potentialAction\":[{\"@type\":\"SearchAction\",\"target\":{\"@type\":\"EntryPoint\",\"urlTemplate\":\"https:\/\/companhiamaior.pt\/en\/?s={search_term_string}\"},\"query-input\":\"required name=search_term_string\"}],\"inLanguage\":\"pt-PT\"},{\"@type\":\"Organization\",\"@id\":\"https:\/\/companhiamaior.pt\/en\/#organization\",\"name\":\"Companhia Maior\",\"url\":\"https:\/\/companhiamaior.pt\/en\/\",\"sameAs\":[],\"logo\":{\"@type\":\"ImageObject\",\"inLanguage\":\"pt-PT\",\"@id\":\"https:\/\/companhiamaior.pt\/en\/#\/schema\/logo\/image\/\",\"url\":\"https:\/\/companhiamaior.pt\/en\/wp-content\/uploads\/2021\/05\/cropped-logoHorzontalMaior.png\",\"contentUrl\":\"https:\/\/companhiamaior.pt\/en\/wp-content\/uploads\/2021\/05\/cropped-logoHorzontalMaior.png\",\"width\":472,\"height\":113,\"caption\":\"Companhia Maior\"},\"image\":{\"@id\":\"https:\/\/companhiamaior.pt\/en\/#\/schema\/logo\/image\/\"}}]}<\/script>\n<!-- \/ Yoast SEO plugin. -->","yoast_head_json":{"title":"Cord\u00e9is Minimalistas - Companhia Maior","robots":{"index":"index","follow":"follow","max-snippet":"max-snippet:-1","max-image-preview":"max-image-preview:large","max-video-preview":"max-video-preview:-1"},"canonical":"https:\/\/companhiamaior.pt\/en\/cordeis-minimalistas\/","og_locale":"pt_PT","og_type":"article","og_title":"Cord\u00e9is Minimalistas - Companhia Maior","og_description":"Jo\u00e3o Mota Cord\u00e9is Minimalistas Minimalist Strings 2019 Jo\u00e3o Mota directed the artists of Companhia Maior in a play based on an amusing and topical script by Luiz Felipe Botelho, which culminated in a public performance&hellip;","og_url":"https:\/\/companhiamaior.pt\/en\/cordeis-minimalistas\/","og_site_name":"Companhia Maior","article_modified_time":"2022-12-09T16:02:23+00:00","twitter_card":"summary_large_image","twitter_misc":{"Tempo estimado de leitura":"2 minutos"},"schema":{"@context":"https:\/\/schema.org","@graph":[{"@type":"WebPage","@id":"https:\/\/companhiamaior.pt\/en\/cordeis-minimalistas\/","url":"https:\/\/companhiamaior.pt\/en\/cordeis-minimalistas\/","name":"Cord\u00e9is Minimalistas - Companhia Maior","isPartOf":{"@id":"https:\/\/companhiamaior.pt\/en\/#website"},"datePublished":"2022-01-25T18:53:38+00:00","dateModified":"2022-12-09T16:02:23+00:00","breadcrumb":{"@id":"https:\/\/companhiamaior.pt\/en\/cordeis-minimalistas\/#breadcrumb"},"inLanguage":"pt-PT","potentialAction":[{"@type":"ReadAction","target":["https:\/\/companhiamaior.pt\/en\/cordeis-minimalistas\/"]}]},{"@type":"BreadcrumbList","@id":"https:\/\/companhiamaior.pt\/en\/cordeis-minimalistas\/#breadcrumb","itemListElement":[{"@type":"ListItem","position":1,"name":"In\u00edcio","item":"https:\/\/companhiamaior.pt\/en\/"},{"@type":"ListItem","position":2,"name":"Cord\u00e9is Minimalistas"}]},{"@type":"WebSite","@id":"https:\/\/companhiamaior.pt\/en\/#website","url":"https:\/\/companhiamaior.pt\/en\/","name":"Companhia Maior","description":"Associa\u00e7\u00e3o Cultural","publisher":{"@id":"https:\/\/companhiamaior.pt\/en\/#organization"},"potentialAction":[{"@type":"SearchAction","target":{"@type":"EntryPoint","urlTemplate":"https:\/\/companhiamaior.pt\/en\/?s={search_term_string}"},"query-input":"required name=search_term_string"}],"inLanguage":"pt-PT"},{"@type":"Organization","@id":"https:\/\/companhiamaior.pt\/en\/#organization","name":"Companhia Maior","url":"https:\/\/companhiamaior.pt\/en\/","sameAs":[],"logo":{"@type":"ImageObject","inLanguage":"pt-PT","@id":"https:\/\/companhiamaior.pt\/en\/#\/schema\/logo\/image\/","url":"https:\/\/companhiamaior.pt\/en\/wp-content\/uploads\/2021\/05\/cropped-logoHorzontalMaior.png","contentUrl":"https:\/\/companhiamaior.pt\/en\/wp-content\/uploads\/2021\/05\/cropped-logoHorzontalMaior.png","width":472,"height":113,"caption":"Companhia Maior"},"image":{"@id":"https:\/\/companhiamaior.pt\/en\/#\/schema\/logo\/image\/"}}]}},"_links":{"self":[{"href":"https:\/\/companhiamaior.pt\/en\/wp-json\/wp\/v2\/pages\/2647","targetHints":{"allow":["GET"]}}],"collection":[{"href":"https:\/\/companhiamaior.pt\/en\/wp-json\/wp\/v2\/pages"}],"about":[{"href":"https:\/\/companhiamaior.pt\/en\/wp-json\/wp\/v2\/types\/page"}],"author":[{"embeddable":true,"href":"https:\/\/companhiamaior.pt\/en\/wp-json\/wp\/v2\/users\/1"}],"replies":[{"embeddable":true,"href":"https:\/\/companhiamaior.pt\/en\/wp-json\/wp\/v2\/comments?post=2647"}],"version-history":[{"count":47,"href":"https:\/\/companhiamaior.pt\/en\/wp-json\/wp\/v2\/pages\/2647\/revisions"}],"predecessor-version":[{"id":3902,"href":"https:\/\/companhiamaior.pt\/en\/wp-json\/wp\/v2\/pages\/2647\/revisions\/3902"}],"wp:attachment":[{"href":"https:\/\/companhiamaior.pt\/en\/wp-json\/wp\/v2\/media?parent=2647"}],"curies":[{"name":"wp","href":"https:\/\/api.w.org\/{rel}","templated":true}]}}