{"id":1435,"date":"2021-10-15T15:40:25","date_gmt":"2021-10-15T15:40:25","guid":{"rendered":"https:\/\/companhiamaior.pt\/en\/DEMO2021\/?page_id=1435"},"modified":"2022-12-09T16:11:18","modified_gmt":"2022-12-09T16:11:18","slug":"forca","status":"publish","type":"page","link":"https:\/\/companhiamaior.pt\/en\/forca\/","title":{"rendered":"For\u00e7a"},"content":{"rendered":"\t\t<div data-elementor-type=\"wp-page\" data-elementor-id=\"1435\" class=\"elementor elementor-1435\" data-elementor-settings=\"[]\">\n\t\t\t\t\t\t\t<div class=\"elementor-section-wrap\">\n\t\t\t\t\t\t\t<section class=\"elementor-section elementor-top-section elementor-element elementor-element-77692da6 elementor-section-height-full elementor-section-stretched elementor-section-boxed elementor-section-height-default elementor-section-items-middle\" data-id=\"77692da6\" data-element_type=\"section\" data-settings=\"{&quot;background_background&quot;:&quot;slideshow&quot;,&quot;background_slideshow_gallery&quot;:[{&quot;id&quot;:1461,&quot;url&quot;:&quot;https:\\\/\\\/companhiamaior.pt\\\/en\\\/en\\\/wp-content\\\/uploads\\\/2021\\\/10\\\/1920x1080_0010_Layer-138.jpg&quot;},{&quot;id&quot;:1460,&quot;url&quot;:&quot;https:\\\/\\\/companhiamaior.pt\\\/en\\\/en\\\/wp-content\\\/uploads\\\/2021\\\/10\\\/1920x1080_0009_Layer-139.jpg&quot;},{&quot;id&quot;:1457,&quot;url&quot;:&quot;https:\\\/\\\/companhiamaior.pt\\\/en\\\/en\\\/wp-content\\\/uploads\\\/2021\\\/10\\\/1920x1080_0006_Layer-142.jpg&quot;},{&quot;id&quot;:1459,&quot;url&quot;:&quot;https:\\\/\\\/companhiamaior.pt\\\/en\\\/en\\\/wp-content\\\/uploads\\\/2021\\\/10\\\/1920x1080_0008_Layer-140.jpg&quot;},{&quot;id&quot;:1458,&quot;url&quot;:&quot;https:\\\/\\\/companhiamaior.pt\\\/en\\\/en\\\/wp-content\\\/uploads\\\/2021\\\/10\\\/1920x1080_0007_Layer-141.jpg&quot;},{&quot;id&quot;:1454,&quot;url&quot;:&quot;https:\\\/\\\/companhiamaior.pt\\\/en\\\/en\\\/wp-content\\\/uploads\\\/2021\\\/10\\\/1920x1080_0003_Layer-145.jpg&quot;},{&quot;id&quot;:1453,&quot;url&quot;:&quot;https:\\\/\\\/companhiamaior.pt\\\/en\\\/en\\\/wp-content\\\/uploads\\\/2021\\\/10\\\/1920x1080_0002_Layer-146.jpg&quot;},{&quot;id&quot;:1452,&quot;url&quot;:&quot;https:\\\/\\\/companhiamaior.pt\\\/en\\\/en\\\/wp-content\\\/uploads\\\/2021\\\/10\\\/1920x1080_0001_Layer-147.jpg&quot;},{&quot;id&quot;:1451,&quot;url&quot;:&quot;https:\\\/\\\/companhiamaior.pt\\\/en\\\/en\\\/wp-content\\\/uploads\\\/2021\\\/10\\\/1920x1080_0000_Layer-148.jpg&quot;},{&quot;id&quot;:1455,&quot;url&quot;:&quot;https:\\\/\\\/companhiamaior.pt\\\/en\\\/en\\\/wp-content\\\/uploads\\\/2021\\\/10\\\/1920x1080_0004_Layer-144.jpg&quot;},{&quot;id&quot;:1456,&quot;url&quot;:&quot;https:\\\/\\\/companhiamaior.pt\\\/en\\\/en\\\/wp-content\\\/uploads\\\/2021\\\/10\\\/1920x1080_0005_Layer-143.jpg&quot;},{&quot;id&quot;:1462,&quot;url&quot;:&quot;https:\\\/\\\/companhiamaior.pt\\\/en\\\/en\\\/wp-content\\\/uploads\\\/2021\\\/10\\\/1920x1080_0011_Layer-137.jpg&quot;}],&quot;background_slideshow_slide_transition&quot;:&quot;slide_right&quot;,&quot;stretch_section&quot;:&quot;section-stretched&quot;,&quot;background_slideshow_loop&quot;:&quot;yes&quot;,&quot;background_slideshow_slide_duration&quot;:5000,&quot;background_slideshow_transition_duration&quot;:500}\">\n\t\t\t\t\t\t<div class=\"elementor-container elementor-column-gap-extended\">\n\t\t\t\t\t<div class=\"elementor-column elementor-col-100 elementor-top-column elementor-element elementor-element-195be38b sc_layouts_column_icons_position_left\" data-id=\"195be38b\" data-element_type=\"column\">\n\t\t\t<div class=\"elementor-widget-wrap\">\n\t\t\t\t\t\t\t\t\t<\/div>\n\t\t<\/div>\n\t\t\t\t\t\t\t<\/div>\n\t\t<\/section>\n\t\t\t\t<section class=\"elementor-section elementor-top-section elementor-element elementor-element-7cd9f296 elementor-section-boxed elementor-section-height-default elementor-section-height-default\" data-id=\"7cd9f296\" data-element_type=\"section\">\n\t\t\t\t\t\t<div class=\"elementor-container elementor-column-gap-extended\">\n\t\t\t\t\t<div class=\"elementor-column elementor-col-66 elementor-top-column elementor-element elementor-element-176b8d7 sc_layouts_column_icons_position_left\" data-id=\"176b8d7\" data-element_type=\"column\">\n\t\t\t<div class=\"elementor-widget-wrap elementor-element-populated\">\n\t\t\t\t\t\t\t\t<div class=\"elementor-element elementor-element-3e299dc elementor-widget elementor-widget-spacer\" data-id=\"3e299dc\" data-element_type=\"widget\" data-widget_type=\"spacer.default\">\n\t\t\t\t<div class=\"elementor-widget-container\">\n\t\t\t\t\t<div class=\"elementor-spacer\">\n\t\t\t<div class=\"elementor-spacer-inner\"><\/div>\n\t\t<\/div>\n\t\t\t\t<\/div>\n\t\t\t\t<\/div>\n\t\t\t\t<div class=\"elementor-element elementor-element-b2c9a1c elementor-widget elementor-widget-heading\" data-id=\"b2c9a1c\" data-element_type=\"widget\" data-widget_type=\"heading.default\">\n\t\t\t\t<div class=\"elementor-widget-container\">\n\t\t\t<h5 class=\"elementor-heading-title elementor-size-default\">Filipa Francisco<\/h5>\t\t<\/div>\n\t\t\t\t<\/div>\n\t\t\t\t<div class=\"elementor-element elementor-element-7ea6c7b2 elementor-widget elementor-widget-heading\" data-id=\"7ea6c7b2\" data-element_type=\"widget\" data-widget_type=\"heading.default\">\n\t\t\t\t<div class=\"elementor-widget-container\">\n\t\t\t<h2 class=\"elementor-heading-title elementor-size-default\">For\u00e7a<\/h2>\t\t<\/div>\n\t\t\t\t<\/div>\n\t\t\t\t<div class=\"elementor-element elementor-element-a7d5a75 elementor-widget elementor-widget-heading\" data-id=\"a7d5a75\" data-element_type=\"widget\" data-widget_type=\"heading.default\">\n\t\t\t\t<div class=\"elementor-widget-container\">\n\t\t\t<h5 class=\"elementor-heading-title elementor-size-default\">Strength<\/h5>\t\t<\/div>\n\t\t\t\t<\/div>\n\t\t\t\t<div class=\"elementor-element elementor-element-59f9f54 elementor-widget elementor-widget-heading\" data-id=\"59f9f54\" data-element_type=\"widget\" data-widget_type=\"heading.default\">\n\t\t\t\t<div class=\"elementor-widget-container\">\n\t\t\t<h5 class=\"elementor-heading-title elementor-size-default\">2015<\/h5>\t\t<\/div>\n\t\t\t\t<\/div>\n\t\t\t\t<div class=\"elementor-element elementor-element-50a0a63e elementor-widget elementor-widget-spacer\" data-id=\"50a0a63e\" data-element_type=\"widget\" data-widget_type=\"spacer.default\">\n\t\t\t\t<div class=\"elementor-widget-container\">\n\t\t\t\t\t<div class=\"elementor-spacer\">\n\t\t\t<div class=\"elementor-spacer-inner\"><\/div>\n\t\t<\/div>\n\t\t\t\t<\/div>\n\t\t\t\t<\/div>\n\t\t\t\t<div class=\"elementor-element elementor-element-77f66098 elementor-widget elementor-widget-text-editor\" data-id=\"77f66098\" data-element_type=\"widget\" data-widget_type=\"text-editor.default\">\n\t\t\t\t<div class=\"elementor-widget-container\">\n\t\t\t\t\t\t\t<p>Filipa Francisco works passionately with people and their individual or community characteristics. She is also an interventional artist who is mindful of human rights, as is clear in her representations of domestic violence (<em>No Meio<\/em> \/ In the Middle), women of the Republic (<em>Para Onde Vamos?<\/em> \/ Where Are We Going?) and the social exclusion of prisoners (<em>Rexistir<\/em> \/ Rexist). In her work with the young people of Cova da Moura (<em>\u00cdman<\/em> \/ Magnet) and the groups of folk dancers (<em>A Viagem<\/em> \/ The Journey), the value of cultural difference is obvious. These demanding adventures blend satire and beauty and convey the value of art for the experience itself and for participation in life. With Companhia Maior, the choreographer hails the latent strength of bodies that we judge to be frail and gives a voice to people who want to talk about what is happening in the world.<\/p>\n<p>Paula Varanda<\/p>\t\t\t\t\t\t<\/div>\n\t\t\t\t<\/div>\n\t\t\t\t<div class=\"elementor-element elementor-element-304807ab elementor-widget elementor-widget-spacer\" data-id=\"304807ab\" data-element_type=\"widget\" data-widget_type=\"spacer.default\">\n\t\t\t\t<div class=\"elementor-widget-container\">\n\t\t\t\t\t<div class=\"elementor-spacer\">\n\t\t\t<div class=\"elementor-spacer-inner\"><\/div>\n\t\t<\/div>\n\t\t\t\t<\/div>\n\t\t\t\t<\/div>\n\t\t\t\t<div class=\"elementor-element elementor-element-58dc51e6 elementor-aspect-ratio-169 elementor-widget elementor-widget-video\" data-id=\"58dc51e6\" data-element_type=\"widget\" data-settings=\"{&quot;youtube_url&quot;:&quot;https:\\\/\\\/www.youtube.com\\\/watch?v=RrbbG0GbhJk&quot;,&quot;video_type&quot;:&quot;youtube&quot;,&quot;controls&quot;:&quot;yes&quot;,&quot;aspect_ratio&quot;:&quot;169&quot;}\" data-widget_type=\"video.default\">\n\t\t\t\t<div class=\"elementor-widget-container\">\n\t\t\t\t\t<div class=\"elementor-wrapper elementor-fit-aspect-ratio elementor-open-inline\">\n\t\t\t<div class=\"elementor-video\"><\/div>\t\t<\/div>\n\t\t\t\t<\/div>\n\t\t\t\t<\/div>\n\t\t\t\t<div class=\"elementor-element elementor-element-66ec0431 elementor-widget elementor-widget-spacer\" data-id=\"66ec0431\" data-element_type=\"widget\" data-widget_type=\"spacer.default\">\n\t\t\t\t<div class=\"elementor-widget-container\">\n\t\t\t\t\t<div class=\"elementor-spacer\">\n\t\t\t<div class=\"elementor-spacer-inner\"><\/div>\n\t\t<\/div>\n\t\t\t\t<\/div>\n\t\t\t\t<\/div>\n\t\t\t\t<div class=\"elementor-element elementor-element-313d29b elementor-aspect-ratio-169 elementor-widget elementor-widget-video\" data-id=\"313d29b\" data-element_type=\"widget\" data-settings=\"{&quot;youtube_url&quot;:&quot;https:\\\/\\\/www.youtube.com\\\/watch?v=tRcBl2sBWNM&quot;,&quot;video_type&quot;:&quot;youtube&quot;,&quot;controls&quot;:&quot;yes&quot;,&quot;aspect_ratio&quot;:&quot;169&quot;}\" data-widget_type=\"video.default\">\n\t\t\t\t<div class=\"elementor-widget-container\">\n\t\t\t\t\t<div class=\"elementor-wrapper elementor-fit-aspect-ratio elementor-open-inline\">\n\t\t\t<div class=\"elementor-video\"><\/div>\t\t<\/div>\n\t\t\t\t<\/div>\n\t\t\t\t<\/div>\n\t\t\t\t\t<\/div>\n\t\t<\/div>\n\t\t\t\t<div class=\"elementor-column elementor-col-33 elementor-top-column elementor-element elementor-element-2ac4f937 sc_layouts_column_icons_position_left\" data-id=\"2ac4f937\" data-element_type=\"column\">\n\t\t\t<div class=\"elementor-widget-wrap elementor-element-populated\">\n\t\t\t\t\t\t\t\t<div class=\"elementor-element elementor-element-7efdd9e6 elementor-widget elementor-widget-spacer\" data-id=\"7efdd9e6\" data-element_type=\"widget\" data-widget_type=\"spacer.default\">\n\t\t\t\t<div class=\"elementor-widget-container\">\n\t\t\t\t\t<div class=\"elementor-spacer\">\n\t\t\t<div class=\"elementor-spacer-inner\"><\/div>\n\t\t<\/div>\n\t\t\t\t<\/div>\n\t\t\t\t<\/div>\n\t\t\t\t<div class=\"elementor-element elementor-element-5056f53d elementor-widget elementor-widget-text-editor\" data-id=\"5056f53d\" data-element_type=\"widget\" data-widget_type=\"text-editor.default\">\n\t\t\t\t<div class=\"elementor-widget-container\">\n\t\t\t\t\t\t\t<h5>Credits<\/h5>\t\t\t\t\t\t<\/div>\n\t\t\t\t<\/div>\n\t\t\t\t<div class=\"elementor-element elementor-element-5532bb73 elementor-widget elementor-widget-text-editor\" data-id=\"5532bb73\" data-element_type=\"widget\" data-widget_type=\"text-editor.default\">\n\t\t\t\t<div class=\"elementor-widget-container\">\n\t\t\t\t\t\t\t<p>Concept and artistic director<br \/><strong>Filipa Francisco<\/strong><\/p><p>Soundtrack and musical direction<br \/><strong>Ant\u00f3nio-Pedro<\/strong><\/p><p>Co-creation and interpretation<br \/>&#8211; Group directed by Filipa Francisco<\/p><p><strong>Carlos Fernandes<br \/><\/strong><strong>Carlos Nery<br \/><\/strong><strong>Celeste Melo<br \/><\/strong><strong>Cristina Gon\u00e7alves<br \/><\/strong><strong>Isabel Millet<br \/><\/strong><strong>Iva Delgado<br \/><\/strong><strong>Jo\u00e3o Silvestre<br \/><\/strong><strong>Jorge Leal Cardoso<br \/><\/strong><strong>J\u00falia Guerra<br \/><\/strong><strong>Kimberley Ribeiro<br \/><\/strong><strong>Michel<br \/><\/strong><strong>Paula B\u00e1rcia<\/strong><\/p><p>&#8211; Group directed by Ant\u00f3nio-Pedro<\/p><p><strong>Angelina Mateus<br \/><\/strong><strong>Diana Coelho<br \/><\/strong><strong>Helena Marchand<br \/><\/strong><strong>Manuela de Sousa Rama<br \/><\/strong><strong>Maria Em\u00edlia Castanheira<br \/><\/strong><strong>Maria Jos\u00e9 Bai\u00e3o<\/strong><\/p><p>Musical co-director<br \/><strong>Michel<br \/><\/strong>Staging assistant<br \/><strong>Kimberley Ribeiro<br \/><\/strong>Choral director<br \/><strong>Margarida Mestre<br \/><\/strong>Lighting designer and technical director<br \/><strong>Carlos Ramos<br \/><\/strong>Costume designer<br \/><strong>Ainhoa Vidal<br \/><\/strong>Texts about the show<br \/><strong>Paula Varanda<br \/><\/strong>Photography<br \/><strong>Bruno Sim\u00e3o<br \/><\/strong>Videography<br \/><strong>F\u00e1bio Silva<br \/><\/strong>Executive production<br \/><strong>Companhia Maior<br \/><\/strong>Producer from Companhia Maior<br \/><strong>Lu\u00eds Moreira<\/strong><\/p><h5>Acknowledgements<\/h5><p><strong>Backlight<br \/><\/strong><strong>Companhia Nacional de Bailado<br \/><\/strong><strong>Efic\u00e1cia Livre<br \/><\/strong><strong>El Corte Ingl\u00e9s<br \/><\/strong><strong>Escola Superior de M\u00fasica de Lisboa<br \/><\/strong><strong>Espazo Self-Storage<br \/><\/strong><strong>Jorge Silva<br \/><\/strong><strong>Laurentiu Ivan Coca<br \/><\/strong><strong>Maria Jo\u00e3o Cortes<br \/><\/strong><strong>Neorelva Embalagens Met\u00e1licas SA<br \/><\/strong><strong>Restart Instituto da Criatividade, Artes e Tecnologias<br \/><\/strong><strong>Vitor Lajes<br \/><\/strong><strong>Viveiros das Naus<\/strong><\/p><p>\u201cCarinhoso\u201d<\/p><p>Lyrics by <strong>Jo\u00e3o de Barros<br \/><\/strong>Music by <strong>Pixinguinha<br \/><\/strong>Performed by <strong>Maria Jos\u00e9 Bai\u00e3o<\/strong><\/p><h5>Performances<\/h5><p>PREMI\u00c8RE<br \/><strong>12 &#8211; 15 November 2015<br \/><\/strong>Centro Cultural de Bel\u00e9m<br \/>Lisbon<\/p>\t\t\t\t\t\t<\/div>\n\t\t\t\t<\/div>\n\t\t\t\t<div class=\"elementor-element elementor-element-b59fea2 elementor-widget elementor-widget-text-editor\" data-id=\"b59fea2\" data-element_type=\"widget\" data-widget_type=\"text-editor.default\">\n\t\t\t\t<div class=\"elementor-widget-container\">\n\t\t\t\t\t\t\t<p style=\"font-size: 12px;\">Photos: \u00a9 Bruno Sim\u00e3o<\/p>\t\t\t\t\t\t<\/div>\n\t\t\t\t<\/div>\n\t\t\t\t\t<\/div>\n\t\t<\/div>\n\t\t\t\t\t\t\t<\/div>\n\t\t<\/section>\n\t\t\t\t\t\t<\/div>\n\t\t\t\t\t<\/div>\n\t\t","protected":false},"excerpt":{"rendered":"<p>Filipa Francisco For\u00e7a Strength 2015 Filipa Francisco works passionately with people and their individual or community characteristics. She is also an interventional artist who is mindful of human rights, as is clear in her representations&hellip;<\/p>\n","protected":false},"author":1,"featured_media":0,"parent":0,"menu_order":0,"comment_status":"closed","ping_status":"closed","template":"elementor_theme","meta":{"footnotes":""},"class_list":["post-1435","page","type-page","status-publish","hentry"],"yoast_head":"<!-- This site is optimized with the Yoast SEO plugin v19.8 - https:\/\/yoast.com\/wordpress\/plugins\/seo\/ -->\n<title>For\u00e7a de Filipa Francisco<\/title>\n<meta name=\"description\" content=\"Filipa Francisco trabalha com as pessoas e as suas caracter\u00edsticas individuais ou de comunidade com paix\u00e3o. \u00c9 tamb\u00e9m uma artista interventiva atenta aos direitos humanos, como vimos nas suas representa\u00e7\u00f5es da viol\u00eancia dom\u00e9stica (No Meio), das mulheres da Rep\u00fablica (Para Onde Vamos?) e da exclus\u00e3o social de reclusos (Rexistir). Na obra com os jovens da Cova da Moura (\u00cdman) e os ranchos folcl\u00f3ricos (A Viagem) a preciosidade da diferen\u00e7a cultural \u00e9 evidente. Estas exigentes aventuras harmonizam s\u00e1tira e beleza e transmitem o valor da arte para a experi\u00eancia e participa\u00e7\u00e3o na vida. Com a Companhia Maior a core\u00f3grafa elogia a for\u00e7a latente de corpos que julgamos fr\u00e1geis e d\u00e1 voz a pessoas que querem falar do que est\u00e1 a acontecer ao mundo.\" \/>\n<meta name=\"robots\" content=\"index, follow, max-snippet:-1, max-image-preview:large, max-video-preview:-1\" \/>\n<link rel=\"canonical\" href=\"https:\/\/companhiamaior.pt\/en\/forca\/\" \/>\n<meta property=\"og:locale\" content=\"pt_PT\" \/>\n<meta property=\"og:type\" content=\"article\" \/>\n<meta property=\"og:title\" content=\"For\u00e7a de Filipa Francisco\" \/>\n<meta property=\"og:description\" content=\"Filipa Francisco trabalha com as pessoas e as suas caracter\u00edsticas individuais ou de comunidade com paix\u00e3o. \u00c9 tamb\u00e9m uma artista interventiva atenta aos direitos humanos, como vimos nas suas representa\u00e7\u00f5es da viol\u00eancia dom\u00e9stica (No Meio), das mulheres da Rep\u00fablica (Para Onde Vamos?) e da exclus\u00e3o social de reclusos (Rexistir). Na obra com os jovens da Cova da Moura (\u00cdman) e os ranchos folcl\u00f3ricos (A Viagem) a preciosidade da diferen\u00e7a cultural \u00e9 evidente. Estas exigentes aventuras harmonizam s\u00e1tira e beleza e transmitem o valor da arte para a experi\u00eancia e participa\u00e7\u00e3o na vida. Com a Companhia Maior a core\u00f3grafa elogia a for\u00e7a latente de corpos que julgamos fr\u00e1geis e d\u00e1 voz a pessoas que querem falar do que est\u00e1 a acontecer ao mundo.\" \/>\n<meta property=\"og:url\" content=\"https:\/\/companhiamaior.pt\/en\/forca\/\" \/>\n<meta property=\"og:site_name\" content=\"Companhia Maior\" \/>\n<meta property=\"article:modified_time\" content=\"2022-12-09T16:11:18+00:00\" \/>\n<meta name=\"twitter:card\" content=\"summary_large_image\" \/>\n<meta name=\"twitter:label1\" content=\"Tempo estimado de leitura\" \/>\n\t<meta name=\"twitter:data1\" content=\"2 minutos\" \/>\n<script type=\"application\/ld+json\" class=\"yoast-schema-graph\">{\"@context\":\"https:\/\/schema.org\",\"@graph\":[{\"@type\":\"WebPage\",\"@id\":\"https:\/\/companhiamaior.pt\/en\/forca\/\",\"url\":\"https:\/\/companhiamaior.pt\/en\/forca\/\",\"name\":\"For\u00e7a de Filipa Francisco\",\"isPartOf\":{\"@id\":\"https:\/\/companhiamaior.pt\/en\/#website\"},\"datePublished\":\"2021-10-15T15:40:25+00:00\",\"dateModified\":\"2022-12-09T16:11:18+00:00\",\"description\":\"Filipa Francisco trabalha com as pessoas e as suas caracter\u00edsticas individuais ou de comunidade com paix\u00e3o. \u00c9 tamb\u00e9m uma artista interventiva atenta aos direitos humanos, como vimos nas suas representa\u00e7\u00f5es da viol\u00eancia dom\u00e9stica (No Meio), das mulheres da Rep\u00fablica (Para Onde Vamos?) e da exclus\u00e3o social de reclusos (Rexistir). Na obra com os jovens da Cova da Moura (\u00cdman) e os ranchos folcl\u00f3ricos (A Viagem) a preciosidade da diferen\u00e7a cultural \u00e9 evidente. Estas exigentes aventuras harmonizam s\u00e1tira e beleza e transmitem o valor da arte para a experi\u00eancia e participa\u00e7\u00e3o na vida. Com a Companhia Maior a core\u00f3grafa elogia a for\u00e7a latente de corpos que julgamos fr\u00e1geis e d\u00e1 voz a pessoas que querem falar do que est\u00e1 a acontecer ao mundo.\",\"breadcrumb\":{\"@id\":\"https:\/\/companhiamaior.pt\/en\/forca\/#breadcrumb\"},\"inLanguage\":\"pt-PT\",\"potentialAction\":[{\"@type\":\"ReadAction\",\"target\":[\"https:\/\/companhiamaior.pt\/en\/forca\/\"]}]},{\"@type\":\"BreadcrumbList\",\"@id\":\"https:\/\/companhiamaior.pt\/en\/forca\/#breadcrumb\",\"itemListElement\":[{\"@type\":\"ListItem\",\"position\":1,\"name\":\"In\u00edcio\",\"item\":\"https:\/\/companhiamaior.pt\/en\/\"},{\"@type\":\"ListItem\",\"position\":2,\"name\":\"For\u00e7a\"}]},{\"@type\":\"WebSite\",\"@id\":\"https:\/\/companhiamaior.pt\/en\/#website\",\"url\":\"https:\/\/companhiamaior.pt\/en\/\",\"name\":\"Companhia Maior\",\"description\":\"Associa\u00e7\u00e3o Cultural\",\"publisher\":{\"@id\":\"https:\/\/companhiamaior.pt\/en\/#organization\"},\"potentialAction\":[{\"@type\":\"SearchAction\",\"target\":{\"@type\":\"EntryPoint\",\"urlTemplate\":\"https:\/\/companhiamaior.pt\/en\/?s={search_term_string}\"},\"query-input\":\"required name=search_term_string\"}],\"inLanguage\":\"pt-PT\"},{\"@type\":\"Organization\",\"@id\":\"https:\/\/companhiamaior.pt\/en\/#organization\",\"name\":\"Companhia Maior\",\"url\":\"https:\/\/companhiamaior.pt\/en\/\",\"sameAs\":[],\"logo\":{\"@type\":\"ImageObject\",\"inLanguage\":\"pt-PT\",\"@id\":\"https:\/\/companhiamaior.pt\/en\/#\/schema\/logo\/image\/\",\"url\":\"https:\/\/companhiamaior.pt\/en\/wp-content\/uploads\/2021\/05\/cropped-logoHorzontalMaior.png\",\"contentUrl\":\"https:\/\/companhiamaior.pt\/en\/wp-content\/uploads\/2021\/05\/cropped-logoHorzontalMaior.png\",\"width\":472,\"height\":113,\"caption\":\"Companhia Maior\"},\"image\":{\"@id\":\"https:\/\/companhiamaior.pt\/en\/#\/schema\/logo\/image\/\"}}]}<\/script>\n<!-- \/ Yoast SEO plugin. -->","yoast_head_json":{"title":"For\u00e7a de Filipa Francisco","description":"Filipa Francisco trabalha com as pessoas e as suas caracter\u00edsticas individuais ou de comunidade com paix\u00e3o. \u00c9 tamb\u00e9m uma artista interventiva atenta aos direitos humanos, como vimos nas suas representa\u00e7\u00f5es da viol\u00eancia dom\u00e9stica (No Meio), das mulheres da Rep\u00fablica (Para Onde Vamos?) e da exclus\u00e3o social de reclusos (Rexistir). Na obra com os jovens da Cova da Moura (\u00cdman) e os ranchos folcl\u00f3ricos (A Viagem) a preciosidade da diferen\u00e7a cultural \u00e9 evidente. Estas exigentes aventuras harmonizam s\u00e1tira e beleza e transmitem o valor da arte para a experi\u00eancia e participa\u00e7\u00e3o na vida. Com a Companhia Maior a core\u00f3grafa elogia a for\u00e7a latente de corpos que julgamos fr\u00e1geis e d\u00e1 voz a pessoas que querem falar do que est\u00e1 a acontecer ao mundo.","robots":{"index":"index","follow":"follow","max-snippet":"max-snippet:-1","max-image-preview":"max-image-preview:large","max-video-preview":"max-video-preview:-1"},"canonical":"https:\/\/companhiamaior.pt\/en\/forca\/","og_locale":"pt_PT","og_type":"article","og_title":"For\u00e7a de Filipa Francisco","og_description":"Filipa Francisco trabalha com as pessoas e as suas caracter\u00edsticas individuais ou de comunidade com paix\u00e3o. \u00c9 tamb\u00e9m uma artista interventiva atenta aos direitos humanos, como vimos nas suas representa\u00e7\u00f5es da viol\u00eancia dom\u00e9stica (No Meio), das mulheres da Rep\u00fablica (Para Onde Vamos?) e da exclus\u00e3o social de reclusos (Rexistir). Na obra com os jovens da Cova da Moura (\u00cdman) e os ranchos folcl\u00f3ricos (A Viagem) a preciosidade da diferen\u00e7a cultural \u00e9 evidente. Estas exigentes aventuras harmonizam s\u00e1tira e beleza e transmitem o valor da arte para a experi\u00eancia e participa\u00e7\u00e3o na vida. Com a Companhia Maior a core\u00f3grafa elogia a for\u00e7a latente de corpos que julgamos fr\u00e1geis e d\u00e1 voz a pessoas que querem falar do que est\u00e1 a acontecer ao mundo.","og_url":"https:\/\/companhiamaior.pt\/en\/forca\/","og_site_name":"Companhia Maior","article_modified_time":"2022-12-09T16:11:18+00:00","twitter_card":"summary_large_image","twitter_misc":{"Tempo estimado de leitura":"2 minutos"},"schema":{"@context":"https:\/\/schema.org","@graph":[{"@type":"WebPage","@id":"https:\/\/companhiamaior.pt\/en\/forca\/","url":"https:\/\/companhiamaior.pt\/en\/forca\/","name":"For\u00e7a de Filipa Francisco","isPartOf":{"@id":"https:\/\/companhiamaior.pt\/en\/#website"},"datePublished":"2021-10-15T15:40:25+00:00","dateModified":"2022-12-09T16:11:18+00:00","description":"Filipa Francisco trabalha com as pessoas e as suas caracter\u00edsticas individuais ou de comunidade com paix\u00e3o. \u00c9 tamb\u00e9m uma artista interventiva atenta aos direitos humanos, como vimos nas suas representa\u00e7\u00f5es da viol\u00eancia dom\u00e9stica (No Meio), das mulheres da Rep\u00fablica (Para Onde Vamos?) e da exclus\u00e3o social de reclusos (Rexistir). Na obra com os jovens da Cova da Moura (\u00cdman) e os ranchos folcl\u00f3ricos (A Viagem) a preciosidade da diferen\u00e7a cultural \u00e9 evidente. Estas exigentes aventuras harmonizam s\u00e1tira e beleza e transmitem o valor da arte para a experi\u00eancia e participa\u00e7\u00e3o na vida. Com a Companhia Maior a core\u00f3grafa elogia a for\u00e7a latente de corpos que julgamos fr\u00e1geis e d\u00e1 voz a pessoas que querem falar do que est\u00e1 a acontecer ao mundo.","breadcrumb":{"@id":"https:\/\/companhiamaior.pt\/en\/forca\/#breadcrumb"},"inLanguage":"pt-PT","potentialAction":[{"@type":"ReadAction","target":["https:\/\/companhiamaior.pt\/en\/forca\/"]}]},{"@type":"BreadcrumbList","@id":"https:\/\/companhiamaior.pt\/en\/forca\/#breadcrumb","itemListElement":[{"@type":"ListItem","position":1,"name":"In\u00edcio","item":"https:\/\/companhiamaior.pt\/en\/"},{"@type":"ListItem","position":2,"name":"For\u00e7a"}]},{"@type":"WebSite","@id":"https:\/\/companhiamaior.pt\/en\/#website","url":"https:\/\/companhiamaior.pt\/en\/","name":"Companhia Maior","description":"Associa\u00e7\u00e3o Cultural","publisher":{"@id":"https:\/\/companhiamaior.pt\/en\/#organization"},"potentialAction":[{"@type":"SearchAction","target":{"@type":"EntryPoint","urlTemplate":"https:\/\/companhiamaior.pt\/en\/?s={search_term_string}"},"query-input":"required name=search_term_string"}],"inLanguage":"pt-PT"},{"@type":"Organization","@id":"https:\/\/companhiamaior.pt\/en\/#organization","name":"Companhia Maior","url":"https:\/\/companhiamaior.pt\/en\/","sameAs":[],"logo":{"@type":"ImageObject","inLanguage":"pt-PT","@id":"https:\/\/companhiamaior.pt\/en\/#\/schema\/logo\/image\/","url":"https:\/\/companhiamaior.pt\/en\/wp-content\/uploads\/2021\/05\/cropped-logoHorzontalMaior.png","contentUrl":"https:\/\/companhiamaior.pt\/en\/wp-content\/uploads\/2021\/05\/cropped-logoHorzontalMaior.png","width":472,"height":113,"caption":"Companhia Maior"},"image":{"@id":"https:\/\/companhiamaior.pt\/en\/#\/schema\/logo\/image\/"}}]}},"_links":{"self":[{"href":"https:\/\/companhiamaior.pt\/en\/wp-json\/wp\/v2\/pages\/1435","targetHints":{"allow":["GET"]}}],"collection":[{"href":"https:\/\/companhiamaior.pt\/en\/wp-json\/wp\/v2\/pages"}],"about":[{"href":"https:\/\/companhiamaior.pt\/en\/wp-json\/wp\/v2\/types\/page"}],"author":[{"embeddable":true,"href":"https:\/\/companhiamaior.pt\/en\/wp-json\/wp\/v2\/users\/1"}],"replies":[{"embeddable":true,"href":"https:\/\/companhiamaior.pt\/en\/wp-json\/wp\/v2\/comments?post=1435"}],"version-history":[{"count":77,"href":"https:\/\/companhiamaior.pt\/en\/wp-json\/wp\/v2\/pages\/1435\/revisions"}],"predecessor-version":[{"id":3854,"href":"https:\/\/companhiamaior.pt\/en\/wp-json\/wp\/v2\/pages\/1435\/revisions\/3854"}],"wp:attachment":[{"href":"https:\/\/companhiamaior.pt\/en\/wp-json\/wp\/v2\/media?parent=1435"}],"curies":[{"name":"wp","href":"https:\/\/api.w.org\/{rel}","templated":true}]}}