{"id":604,"date":"2023-03-11T22:30:44","date_gmt":"2023-03-11T22:30:44","guid":{"rendered":"https:\/\/companhiamaior.pt\/arquivo\/?page_id=604"},"modified":"2023-06-27T15:55:18","modified_gmt":"2023-06-27T15:55:18","slug":"sobre-o-arquivo","status":"publish","type":"page","link":"https:\/\/companhiamaior.pt\/arquivo\/sobre-o-arquivo\/","title":{"rendered":"Sobre o Arquivo"},"content":{"rendered":"\t\t<div data-elementor-type=\"wp-page\" data-elementor-id=\"604\" class=\"elementor elementor-604\">\n\t\t\t\t\t\t\t\t\t<section class=\"elementor-section elementor-top-section elementor-element elementor-element-ffd947b elementor-section-full_width elementor-section-height-default elementor-section-height-default\" data-id=\"ffd947b\" data-element_type=\"section\">\n\t\t\t\t\t\t<div class=\"elementor-container elementor-column-gap-default\">\n\t\t\t\t\t<div class=\"elementor-column elementor-col-100 elementor-top-column elementor-element elementor-element-e117c26\" data-id=\"e117c26\" data-element_type=\"column\">\n\t\t\t<div class=\"elementor-widget-wrap elementor-element-populated\">\n\t\t\t\t\t\t\t\t<div class=\"elementor-element elementor-element-fed636f elementor-widget elementor-widget-heading\" data-id=\"fed636f\" data-element_type=\"widget\" data-widget_type=\"heading.default\">\n\t\t\t\t<div class=\"elementor-widget-container\">\n\t\t\t<style>\/*! elementor - v3.13.3 - 28-05-2023 *\/\n.elementor-heading-title{padding:0;margin:0;line-height:1}.elementor-widget-heading .elementor-heading-title[class*=elementor-size-]>a{color:inherit;font-size:inherit;line-height:inherit}.elementor-widget-heading .elementor-heading-title.elementor-size-small{font-size:15px}.elementor-widget-heading .elementor-heading-title.elementor-size-medium{font-size:19px}.elementor-widget-heading .elementor-heading-title.elementor-size-large{font-size:29px}.elementor-widget-heading .elementor-heading-title.elementor-size-xl{font-size:39px}.elementor-widget-heading .elementor-heading-title.elementor-size-xxl{font-size:59px}<\/style><h4 class=\"elementor-heading-title elementor-size-default\">Sobre o Arquivo<\/h4>\t\t<\/div>\n\t\t\t\t<\/div>\n\t\t\t\t\t<\/div>\n\t\t<\/div>\n\t\t\t\t\t\t\t<\/div>\n\t\t<\/section>\n\t\t\t\t<section class=\"elementor-section elementor-top-section elementor-element elementor-element-85418c8 elementor-section-boxed elementor-section-height-default elementor-section-height-default\" data-id=\"85418c8\" data-element_type=\"section\">\n\t\t\t\t\t\t<div class=\"elementor-container elementor-column-gap-default\">\n\t\t\t\t\t<div class=\"elementor-column elementor-col-100 elementor-top-column elementor-element elementor-element-fe28fab\" data-id=\"fe28fab\" data-element_type=\"column\">\n\t\t\t<div class=\"elementor-widget-wrap elementor-element-populated\">\n\t\t\t\t\t\t\t\t<div class=\"elementor-element elementor-element-1880362 elementor-widget elementor-widget-spacer\" data-id=\"1880362\" data-element_type=\"widget\" data-widget_type=\"spacer.default\">\n\t\t\t\t<div class=\"elementor-widget-container\">\n\t\t\t<style>\/*! elementor - v3.13.3 - 28-05-2023 *\/\n.elementor-column .elementor-spacer-inner{height:var(--spacer-size)}.e-con{--container-widget-width:100%}.e-con-inner>.elementor-widget-spacer,.e-con>.elementor-widget-spacer{width:var(--container-widget-width,var(--spacer-size));--align-self:var(--container-widget-align-self,initial);--flex-shrink:0}.e-con-inner>.elementor-widget-spacer>.elementor-widget-container,.e-con-inner>.elementor-widget-spacer>.elementor-widget-container>.elementor-spacer,.e-con>.elementor-widget-spacer>.elementor-widget-container,.e-con>.elementor-widget-spacer>.elementor-widget-container>.elementor-spacer{height:100%}.e-con-inner>.elementor-widget-spacer>.elementor-widget-container>.elementor-spacer>.elementor-spacer-inner,.e-con>.elementor-widget-spacer>.elementor-widget-container>.elementor-spacer>.elementor-spacer-inner{height:var(--container-widget-height,var(--spacer-size))}<\/style>\t\t<div class=\"elementor-spacer\">\n\t\t\t<div class=\"elementor-spacer-inner\"><\/div>\n\t\t<\/div>\n\t\t\t\t<\/div>\n\t\t\t\t<\/div>\n\t\t\t\t<div class=\"elementor-element elementor-element-d6723e8 elementor-widget elementor-widget-text-editor\" data-id=\"d6723e8\" data-element_type=\"widget\" data-widget_type=\"text-editor.default\">\n\t\t\t\t<div class=\"elementor-widget-container\">\n\t\t\t<style>\/*! elementor - v3.13.3 - 28-05-2023 *\/\n.elementor-widget-text-editor.elementor-drop-cap-view-stacked .elementor-drop-cap{background-color:#69727d;color:#fff}.elementor-widget-text-editor.elementor-drop-cap-view-framed .elementor-drop-cap{color:#69727d;border:3px solid;background-color:transparent}.elementor-widget-text-editor:not(.elementor-drop-cap-view-default) .elementor-drop-cap{margin-top:8px}.elementor-widget-text-editor:not(.elementor-drop-cap-view-default) .elementor-drop-cap-letter{width:1em;height:1em}.elementor-widget-text-editor .elementor-drop-cap{float:left;text-align:center;line-height:1;font-size:50px}.elementor-widget-text-editor .elementor-drop-cap-letter{display:inline-block}<\/style>\t\t\t\t<p>Este projeto re\u00fane, cataloga, digitaliza e reproduz um arquivo de documentos de todos os anos de trabalho da Companhia Maior. O arquivo provoca e resulta da organiza\u00e7\u00e3o sistem\u00e1tica e rigorosa da sua mem\u00f3ria feita de um trabalho realizado em Portugal, apresentado em Teatros de refer\u00eancia e em colabora\u00e7\u00e3o com artistas com carreiras consolidadas no contexto interdisciplinar da cria\u00e7\u00e3o contempor\u00e2nea.<\/p><p>\u00a0<\/p><p>As artes performativas, e neste caso particular a cria\u00e7\u00e3o contempor\u00e2nea de dan\u00e7a e teatro, s\u00e3o extremamente vulner\u00e1veis ao desaparecimento pela natureza imaterial e concretizada em acontecimentos ef\u00e9meros. Tratar e disponibilizar o esp\u00f3lio documental desta Companhia, com vista \u00e0 sua conserva\u00e7\u00e3o para disponibiliza\u00e7\u00e3o futura, \u00e9 um ato de resist\u00eancia e uma prova de vitalidade, contra o esquecimento.<\/p><p>\u00a0<\/p><p>Para a conce\u00e7\u00e3o e realiza\u00e7\u00e3o do arquivo foi feita uma pesquisa sobre o tratamento de dados para cataloga\u00e7\u00e3o empregue por museus, bibliotecas e outras associa\u00e7\u00f5es culturais em Portugal, bem como uma an\u00e1lise te\u00f3rica de quest\u00f5es sobre a documenta\u00e7\u00e3o do patrim\u00f3nio imaterial e as pr\u00e1ticas de arquivo da arte performativa contempor\u00e2nea.<\/p><p>\u00a0<\/p><p>O arquivo digital da Companhia Maior est\u00e1 organizado por obra e por ordem cronol\u00f3gica. Para cada obra, existe um conjunto de materiais distribu\u00eddos por cinco categorias: materiais de comunica\u00e7\u00e3o, fotografias, v\u00eddeos,\u00a0 textos e materiais de trabalho dos autores. Dentro das categorias poder\u00e1 encontrar subcategorias de modo a pormenorizar os conte\u00fados de cada uma. Para algumas categorias, verificou-se a necessidade de criar ainda sub-subcategorias.<\/p><p>\u00a0<\/p><p>Foi atribu\u00edda uma refer\u00eancia para cada material partindo de abreviaturas geradas para o nome das categorias, subcategorias e sub-subcategorias \u00e0s quais pertence. A refer\u00eancia inicia com o n\u00famero da obra &#8211; definido em fun\u00e7\u00e3o da ordem cronol\u00f3gica de cria\u00e7\u00e3o -, seguido da abreviatura da categoria, depois a abreviatura da subcategoria e por \u00faltimo, quando se aplicar, a abreviatura da sub-subcategoria. Havendo mais ficheiros dentro de um mesmo local, eles ser\u00e3o numerados, estando o n\u00famero no final da refer\u00eancia.<\/p><p>\u00a0<\/p><p>Na sec\u00e7\u00e3o de pesquisa geral os conte\u00fados poder\u00e3o ser procurados transversal e categoricamente.<\/p><p>Explorar este arquivo \u00e9 fazer uma viagem pelo hist\u00f3rico da Companhia Maior atrav\u00e9s de um conjunto de registos que comp\u00f5em a sua mem\u00f3ria de trabalho de 2010 at\u00e9 2022.<\/p><p>Sejam muito bem vindos!<\/p><p>\u00a0<\/p><p>Equipa:<br \/>Coordena\u00e7\u00e3o Cient\u00edfica: <strong>Paula Varanda<\/strong> (IHA-NOVA FCSH\/IN2PAST e Dire\u00e7\u00e3o Companhia Maior)<br \/>Consultoria: <strong>Paula B\u00e1rcia<\/strong> (Elenco Companhia Maior)<br \/>Web Design: <strong>Sofia Baptista<\/strong> (Coordena\u00e7\u00e3o Executiva Companhia Maior)<br \/>Bolseira de investiga\u00e7\u00e3o: <strong>Raquel Magayevski<\/strong>\u00a0<\/p><p>Apoio T\u00e9cnico: <strong>Ver\u00f3nica Guerreiro<\/strong> &#8211; Bloco D<\/p><p>\u00a0<\/p><p>Este arquivo foi viabilizado com o apoio do programa em Parceria \u2013 Arquivos de Dan\u00e7a, Teatro e Cruzamento Disciplinar \u2013 da Dire\u00e7\u00e3o-Geral das Artes com o Centro de Estudos de Teatro da Faculdade de Letras de Lisboa e financiado por Fundos Nacionais atrav\u00e9s da FCT \u2013 Funda\u00e7\u00e3o para a Ci\u00eancia e a Tecnologia, I.P., atrav\u00e9s do Instituto de Hist\u00f3ria de Arte da Faculdade de Ci\u00eancias Sociais e Humanas da Universidade NOVA de Lisboa, no \u00e2mbito do IHA seed-project &#8220;Arquivo Companhia Maior&#8221; [UIDB\/00417\/2020].<\/p>\t\t\t\t\t\t<\/div>\n\t\t\t\t<\/div>\n\t\t\t\t\t<\/div>\n\t\t<\/div>\n\t\t\t\t\t\t\t<\/div>\n\t\t<\/section>\n\t\t\t\t<section class=\"elementor-section elementor-top-section elementor-element elementor-element-1669dc2 elementor-section-boxed elementor-section-height-default elementor-section-height-default\" data-id=\"1669dc2\" data-element_type=\"section\">\n\t\t\t\t\t\t<div class=\"elementor-container elementor-column-gap-default\">\n\t\t\t\t\t<div class=\"elementor-column elementor-col-100 elementor-top-column elementor-element elementor-element-1827979\" data-id=\"1827979\" data-element_type=\"column\">\n\t\t\t<div class=\"elementor-widget-wrap elementor-element-populated\">\n\t\t\t\t\t\t\t\t<div class=\"elementor-element elementor-element-c29d152 elementor-widget elementor-widget-spacer\" data-id=\"c29d152\" data-element_type=\"widget\" data-widget_type=\"spacer.default\">\n\t\t\t\t<div class=\"elementor-widget-container\">\n\t\t\t\t\t<div class=\"elementor-spacer\">\n\t\t\t<div class=\"elementor-spacer-inner\"><\/div>\n\t\t<\/div>\n\t\t\t\t<\/div>\n\t\t\t\t<\/div>\n\t\t\t\t<div class=\"elementor-element elementor-element-d5b6fe7 elementor-widget elementor-widget-text-editor\" data-id=\"d5b6fe7\" data-element_type=\"widget\" data-widget_type=\"text-editor.default\">\n\t\t\t\t<div class=\"elementor-widget-container\">\n\t\t\t\t\t\t\t<p style=\"text-align: center;\">Descarregue aqui o manual de navega\u00e7\u00e3o<\/p>\t\t\t\t\t\t<\/div>\n\t\t\t\t<\/div>\n\t\t\t\t<div class=\"elementor-element elementor-element-aca3aea elementor-widget elementor-widget-text-editor\" data-id=\"aca3aea\" data-element_type=\"widget\" data-widget_type=\"text-editor.default\">\n\t\t\t\t<div class=\"elementor-widget-container\">\n\t\t\t\t\t\t\t<h4 style=\"text-align: center;\"><a href=\"https:\/\/companhiamaior.pt\/arquivo\/wp-content\/uploads\/2023\/06\/Guia-Rapido.pdf\" target=\"_blank\" rel=\"noopener\">Guia R\u00e1pido de Navega\u00e7\u00e3o<\/a><\/h4>\t\t\t\t\t\t<\/div>\n\t\t\t\t<\/div>\n\t\t\t\t<div class=\"elementor-element elementor-element-a16b64e elementor-widget elementor-widget-spacer\" data-id=\"a16b64e\" data-element_type=\"widget\" data-widget_type=\"spacer.default\">\n\t\t\t\t<div class=\"elementor-widget-container\">\n\t\t\t\t\t<div class=\"elementor-spacer\">\n\t\t\t<div class=\"elementor-spacer-inner\"><\/div>\n\t\t<\/div>\n\t\t\t\t<\/div>\n\t\t\t\t<\/div>\n\t\t\t\t\t<\/div>\n\t\t<\/div>\n\t\t\t\t\t\t\t<\/div>\n\t\t<\/section>\n\t\t\t\t<section class=\"elementor-section elementor-top-section elementor-element elementor-element-f02ec01 elementor-section-boxed elementor-section-height-default elementor-section-height-default\" data-id=\"f02ec01\" data-element_type=\"section\">\n\t\t\t\t\t\t<div class=\"elementor-container elementor-column-gap-default\">\n\t\t\t\t\t<div class=\"elementor-column elementor-col-100 elementor-top-column elementor-element elementor-element-d046061\" data-id=\"d046061\" data-element_type=\"column\">\n\t\t\t<div class=\"elementor-widget-wrap elementor-element-populated\">\n\t\t\t\t\t\t\t\t<div class=\"elementor-element elementor-element-f3835e9 elementor-widget elementor-widget-spacer\" data-id=\"f3835e9\" data-element_type=\"widget\" data-widget_type=\"spacer.default\">\n\t\t\t\t<div class=\"elementor-widget-container\">\n\t\t\t\t\t<div class=\"elementor-spacer\">\n\t\t\t<div class=\"elementor-spacer-inner\"><\/div>\n\t\t<\/div>\n\t\t\t\t<\/div>\n\t\t\t\t<\/div>\n\t\t\t\t<div class=\"elementor-element elementor-element-2f64955 elementor-widget-divider--view-line elementor-widget elementor-widget-divider\" data-id=\"2f64955\" data-element_type=\"widget\" data-widget_type=\"divider.default\">\n\t\t\t\t<div class=\"elementor-widget-container\">\n\t\t\t<style>\/*! elementor - v3.13.3 - 28-05-2023 *\/\n.elementor-widget-divider{--divider-border-style:none;--divider-border-width:1px;--divider-color:#0c0d0e;--divider-icon-size:20px;--divider-element-spacing:10px;--divider-pattern-height:24px;--divider-pattern-size:20px;--divider-pattern-url:none;--divider-pattern-repeat:repeat-x}.elementor-widget-divider .elementor-divider{display:flex}.elementor-widget-divider .elementor-divider__text{font-size:15px;line-height:1;max-width:95%}.elementor-widget-divider .elementor-divider__element{margin:0 var(--divider-element-spacing);flex-shrink:0}.elementor-widget-divider .elementor-icon{font-size:var(--divider-icon-size)}.elementor-widget-divider .elementor-divider-separator{display:flex;margin:0;direction:ltr}.elementor-widget-divider--view-line_icon .elementor-divider-separator,.elementor-widget-divider--view-line_text .elementor-divider-separator{align-items:center}.elementor-widget-divider--view-line_icon .elementor-divider-separator:after,.elementor-widget-divider--view-line_icon .elementor-divider-separator:before,.elementor-widget-divider--view-line_text .elementor-divider-separator:after,.elementor-widget-divider--view-line_text .elementor-divider-separator:before{display:block;content:\"\";border-bottom:0;flex-grow:1;border-top:var(--divider-border-width) var(--divider-border-style) var(--divider-color)}.elementor-widget-divider--element-align-left .elementor-divider .elementor-divider-separator>.elementor-divider__svg:first-of-type{flex-grow:0;flex-shrink:100}.elementor-widget-divider--element-align-left .elementor-divider-separator:before{content:none}.elementor-widget-divider--element-align-left .elementor-divider__element{margin-left:0}.elementor-widget-divider--element-align-right .elementor-divider .elementor-divider-separator>.elementor-divider__svg:last-of-type{flex-grow:0;flex-shrink:100}.elementor-widget-divider--element-align-right .elementor-divider-separator:after{content:none}.elementor-widget-divider--element-align-right .elementor-divider__element{margin-right:0}.elementor-widget-divider:not(.elementor-widget-divider--view-line_text):not(.elementor-widget-divider--view-line_icon) .elementor-divider-separator{border-top:var(--divider-border-width) var(--divider-border-style) var(--divider-color)}.elementor-widget-divider--separator-type-pattern{--divider-border-style:none}.elementor-widget-divider--separator-type-pattern.elementor-widget-divider--view-line .elementor-divider-separator,.elementor-widget-divider--separator-type-pattern:not(.elementor-widget-divider--view-line) .elementor-divider-separator:after,.elementor-widget-divider--separator-type-pattern:not(.elementor-widget-divider--view-line) .elementor-divider-separator:before,.elementor-widget-divider--separator-type-pattern:not([class*=elementor-widget-divider--view]) .elementor-divider-separator{width:100%;min-height:var(--divider-pattern-height);-webkit-mask-size:var(--divider-pattern-size) 100%;mask-size:var(--divider-pattern-size) 100%;-webkit-mask-repeat:var(--divider-pattern-repeat);mask-repeat:var(--divider-pattern-repeat);background-color:var(--divider-color);-webkit-mask-image:var(--divider-pattern-url);mask-image:var(--divider-pattern-url)}.elementor-widget-divider--no-spacing{--divider-pattern-size:auto}.elementor-widget-divider--bg-round{--divider-pattern-repeat:round}.rtl .elementor-widget-divider .elementor-divider__text{direction:rtl}.e-con-inner>.elementor-widget-divider,.e-con>.elementor-widget-divider{width:var(--container-widget-width,100%);--flex-grow:var(--container-widget-flex-grow)}<\/style>\t\t<div class=\"elementor-divider\">\n\t\t\t<span class=\"elementor-divider-separator\">\n\t\t\t\t\t\t<\/span>\n\t\t<\/div>\n\t\t\t\t<\/div>\n\t\t\t\t<\/div>\n\t\t\t\t<div class=\"elementor-element elementor-element-8dd4a6f elementor-widget elementor-widget-text-editor\" data-id=\"8dd4a6f\" data-element_type=\"widget\" data-widget_type=\"text-editor.default\">\n\t\t\t\t<div class=\"elementor-widget-container\">\n\t\t\t\t\t\t\t<p>Caso encontre no Arquivo Digital da Companhia Maior conte\u00fado da sua autoria, e caso n\u00e3o tenha sido contactado para este efeito, o que significa que n\u00e3o conseguimos identificar ou localizar o respetivo autor, por favor entre em <strong><a href=\"mailto:companhiamaior@gmail.com\" target=\"_blank\" rel=\"noopener\">contacto connosco<\/a><\/strong>.<\/p>\t\t\t\t\t\t<\/div>\n\t\t\t\t<\/div>\n\t\t\t\t<div class=\"elementor-element elementor-element-d6a8b70 elementor-widget-divider--view-line elementor-widget elementor-widget-divider\" data-id=\"d6a8b70\" data-element_type=\"widget\" data-widget_type=\"divider.default\">\n\t\t\t\t<div class=\"elementor-widget-container\">\n\t\t\t\t\t<div class=\"elementor-divider\">\n\t\t\t<span class=\"elementor-divider-separator\">\n\t\t\t\t\t\t<\/span>\n\t\t<\/div>\n\t\t\t\t<\/div>\n\t\t\t\t<\/div>\n\t\t\t\t<div class=\"elementor-element elementor-element-cb359cb elementor-widget elementor-widget-text-editor\" data-id=\"cb359cb\" data-element_type=\"widget\" data-widget_type=\"text-editor.default\">\n\t\t\t\t<div class=\"elementor-widget-container\">\n\t\t\t\t\t\t\t<p style=\"text-align: center;\">\u00a0\u00a9 Todos os direitos reservados.<\/p>\t\t\t\t\t\t<\/div>\n\t\t\t\t<\/div>\n\t\t\t\t<div class=\"elementor-element elementor-element-76af6c6 elementor-widget elementor-widget-spacer\" data-id=\"76af6c6\" data-element_type=\"widget\" data-widget_type=\"spacer.default\">\n\t\t\t\t<div class=\"elementor-widget-container\">\n\t\t\t\t\t<div class=\"elementor-spacer\">\n\t\t\t<div class=\"elementor-spacer-inner\"><\/div>\n\t\t<\/div>\n\t\t\t\t<\/div>\n\t\t\t\t<\/div>\n\t\t\t\t\t<\/div>\n\t\t<\/div>\n\t\t\t\t\t\t\t<\/div>\n\t\t<\/section>\n\t\t\t\t\t\t\t<\/div>\n\t\t","protected":false},"excerpt":{"rendered":"<p>Sobre o Arquivo Este projeto re\u00fane, cataloga, digitaliza e reproduz um arquivo de documentos de todos os anos de trabalho da Companhia Maior. O arquivo provoca e resulta da organiza\u00e7\u00e3o sistem\u00e1tica e rigorosa da sua mem\u00f3ria feita de um trabalho realizado em Portugal, apresentado em Teatros de refer\u00eancia e em colabora\u00e7\u00e3o com artistas com carreiras&hellip; <a class=\"more-link\" href=\"https:\/\/companhiamaior.pt\/arquivo\/sobre-o-arquivo\/\">Continue reading <span class=\"screen-reader-text\">Sobre o Arquivo<\/span><\/a><\/p>\n","protected":false},"author":1,"featured_media":0,"parent":0,"menu_order":0,"comment_status":"closed","ping_status":"closed","template":"","meta":{"footnotes":""},"elenco":[],"autor":[],"titulo_da_obra":[],"ano":[],"fotografia-de":[],"espaco":[],"localidade":[],"notas":[],"sub-categoria":[],"data":[],"class_list":["post-604","page","type-page","status-publish","hentry","entry"],"_links":{"self":[{"href":"https:\/\/companhiamaior.pt\/arquivo\/wp-json\/wp\/v2\/pages\/604","targetHints":{"allow":["GET"]}}],"collection":[{"href":"https:\/\/companhiamaior.pt\/arquivo\/wp-json\/wp\/v2\/pages"}],"about":[{"href":"https:\/\/companhiamaior.pt\/arquivo\/wp-json\/wp\/v2\/types\/page"}],"author":[{"embeddable":true,"href":"https:\/\/companhiamaior.pt\/arquivo\/wp-json\/wp\/v2\/users\/1"}],"replies":[{"embeddable":true,"href":"https:\/\/companhiamaior.pt\/arquivo\/wp-json\/wp\/v2\/comments?post=604"}],"version-history":[{"count":68,"href":"https:\/\/companhiamaior.pt\/arquivo\/wp-json\/wp\/v2\/pages\/604\/revisions"}],"predecessor-version":[{"id":4772,"href":"https:\/\/companhiamaior.pt\/arquivo\/wp-json\/wp\/v2\/pages\/604\/revisions\/4772"}],"wp:attachment":[{"href":"https:\/\/companhiamaior.pt\/arquivo\/wp-json\/wp\/v2\/media?parent=604"}],"wp:term":[{"taxonomy":"elenco","embeddable":true,"href":"https:\/\/companhiamaior.pt\/arquivo\/wp-json\/wp\/v2\/elenco?post=604"},{"taxonomy":"autor","embeddable":true,"href":"https:\/\/companhiamaior.pt\/arquivo\/wp-json\/wp\/v2\/autor?post=604"},{"taxonomy":"titulo_da_obra","embeddable":true,"href":"https:\/\/companhiamaior.pt\/arquivo\/wp-json\/wp\/v2\/titulo_da_obra?post=604"},{"taxonomy":"ano","embeddable":true,"href":"https:\/\/companhiamaior.pt\/arquivo\/wp-json\/wp\/v2\/ano?post=604"},{"taxonomy":"fotografia-de","embeddable":true,"href":"https:\/\/companhiamaior.pt\/arquivo\/wp-json\/wp\/v2\/fotografia-de?post=604"},{"taxonomy":"espaco","embeddable":true,"href":"https:\/\/companhiamaior.pt\/arquivo\/wp-json\/wp\/v2\/espaco?post=604"},{"taxonomy":"localidade","embeddable":true,"href":"https:\/\/companhiamaior.pt\/arquivo\/wp-json\/wp\/v2\/localidade?post=604"},{"taxonomy":"notas","embeddable":true,"href":"https:\/\/companhiamaior.pt\/arquivo\/wp-json\/wp\/v2\/notas?post=604"},{"taxonomy":"sub-categoria","embeddable":true,"href":"https:\/\/companhiamaior.pt\/arquivo\/wp-json\/wp\/v2\/sub-categoria?post=604"},{"taxonomy":"data","embeddable":true,"href":"https:\/\/companhiamaior.pt\/arquivo\/wp-json\/wp\/v2\/data?post=604"}],"curies":[{"name":"wp","href":"https:\/\/api.w.org\/{rel}","templated":true}]}}