{"id":4226,"date":"2023-05-17T12:22:33","date_gmt":"2023-05-17T12:22:33","guid":{"rendered":"https:\/\/companhiamaior.pt\/arquivo\/?page_id=4226"},"modified":"2023-05-17T12:26:52","modified_gmt":"2023-05-17T12:26:52","slug":"textos-bela-adormecida","status":"publish","type":"page","link":"https:\/\/companhiamaior.pt\/arquivo\/textos-bela-adormecida\/","title":{"rendered":"Textos Bela Adormecida"},"content":{"rendered":"\t\t<div data-elementor-type=\"wp-page\" data-elementor-id=\"4226\" class=\"elementor elementor-4226\" data-elementor-post-type=\"page\">\n\t\t\t\t\t\t<section class=\"elementor-section elementor-top-section elementor-element elementor-element-df16ef0 elementor-section-boxed elementor-section-height-default elementor-section-height-default\" data-id=\"df16ef0\" data-element_type=\"section\" data-e-type=\"section\">\n\t\t\t\t\t\t<div class=\"elementor-container elementor-column-gap-default\">\n\t\t\t\t\t<div class=\"elementor-column elementor-col-100 elementor-top-column elementor-element elementor-element-dde0a10\" data-id=\"dde0a10\" data-element_type=\"column\" data-e-type=\"column\">\n\t\t\t<div class=\"elementor-widget-wrap elementor-element-populated\">\n\t\t\t\t\t\t<div class=\"elementor-element elementor-element-19ed4aa elementor-widget elementor-widget-heading\" data-id=\"19ed4aa\" data-element_type=\"widget\" data-e-type=\"widget\" data-widget_type=\"heading.default\">\n\t\t\t\t<div class=\"elementor-widget-container\">\n\t\t\t\t\t<h2 class=\"elementor-heading-title elementor-size-default\">Bela Adormecida<\/h2>\t\t\t\t<\/div>\n\t\t\t\t<\/div>\n\t\t\t\t<div class=\"elementor-element elementor-element-2cb8dd6 elementor-widget elementor-widget-heading\" data-id=\"2cb8dd6\" data-element_type=\"widget\" data-e-type=\"widget\" data-widget_type=\"heading.default\">\n\t\t\t\t<div class=\"elementor-widget-container\">\n\t\t\t\t\t<h4 class=\"elementor-heading-title elementor-size-default\">Textos<\/h4>\t\t\t\t<\/div>\n\t\t\t\t<\/div>\n\t\t\t\t<div class=\"elementor-element elementor-element-b677fa2 elementor-widget elementor-widget-spacer\" data-id=\"b677fa2\" data-element_type=\"widget\" data-e-type=\"widget\" data-widget_type=\"spacer.default\">\n\t\t\t\t<div class=\"elementor-widget-container\">\n\t\t\t\t\t\t\t<div class=\"elementor-spacer\">\n\t\t\t<div class=\"elementor-spacer-inner\"><\/div>\n\t\t<\/div>\n\t\t\t\t\t\t<\/div>\n\t\t\t\t<\/div>\n\t\t\t\t\t<\/div>\n\t\t<\/div>\n\t\t\t\t\t<\/div>\n\t\t<\/section>\n\t\t\t\t<section class=\"elementor-section elementor-top-section elementor-element elementor-element-8d91e31 elementor-section-boxed elementor-section-height-default elementor-section-height-default\" data-id=\"8d91e31\" data-element_type=\"section\" data-e-type=\"section\">\n\t\t\t\t\t\t<div class=\"elementor-container elementor-column-gap-default\">\n\t\t\t\t\t<div class=\"elementor-column elementor-col-100 elementor-top-column elementor-element elementor-element-b097618\" data-id=\"b097618\" data-element_type=\"column\" data-e-type=\"column\">\n\t\t\t<div class=\"elementor-widget-wrap elementor-element-populated\">\n\t\t\t\t\t\t<div class=\"elementor-element elementor-element-a520eeb elementor-widget elementor-widget-heading\" data-id=\"a520eeb\" data-element_type=\"widget\" data-e-type=\"widget\" data-widget_type=\"heading.default\">\n\t\t\t\t<div class=\"elementor-widget-container\">\n\t\t\t\t\t<h4 class=\"elementor-heading-title elementor-size-default\">Sobre a Companhia Maior<\/h4>\t\t\t\t<\/div>\n\t\t\t\t<\/div>\n\t\t\t\t<div class=\"elementor-element elementor-element-23b767d elementor-widget elementor-widget-text-editor\" data-id=\"23b767d\" data-element_type=\"widget\" data-e-type=\"widget\" data-widget_type=\"text-editor.default\">\n\t\t\t\t<div class=\"elementor-widget-container\">\n\t\t\t\t\t\t\t\t\t<div class=\"page\" title=\"Page 4\">\n<div class=\"layoutArea\">\n<div class=\"column\">\n<p>Texto de Lu\u00edsa Taveira, e inclu\u00eddo na Folha de Sala.<\/p>\n<\/div>\n<\/div>\n<\/div>\t\t\t\t\t\t\t\t<\/div>\n\t\t\t\t<\/div>\n\t\t\t\t<div class=\"elementor-element elementor-element-700bac0 elementor-widget elementor-widget-spacer\" data-id=\"700bac0\" data-element_type=\"widget\" data-e-type=\"widget\" data-widget_type=\"spacer.default\">\n\t\t\t\t<div class=\"elementor-widget-container\">\n\t\t\t\t\t\t\t<div class=\"elementor-spacer\">\n\t\t\t<div class=\"elementor-spacer-inner\"><\/div>\n\t\t<\/div>\n\t\t\t\t\t\t<\/div>\n\t\t\t\t<\/div>\n\t\t\t\t<div class=\"elementor-element elementor-element-71a7942 elementor-widget elementor-widget-text-editor\" data-id=\"71a7942\" data-element_type=\"widget\" data-e-type=\"widget\" data-widget_type=\"text-editor.default\">\n\t\t\t\t<div class=\"elementor-widget-container\">\n\t\t\t\t\t\t\t\t\t<p>O cerne do projecto desta companhia, cuja ideia data de 2007, \u00e9 o aproveitamento da experi\u00eancia acumulada de artistas oriundos das diversas vertentes das artes performativas. Trata-se de valorizar a maturidade, os saberes forjados e aperfei\u00e7oados ao longo do tempo e o intenso desejo de comunicar desta fase da vida, em que a reflex\u00e3o e a pondera\u00e7\u00e3o j\u00e1 tiveram mais espa\u00e7o para vaguear, mais tempo para duvidar, equacionar, concluir&#8230;<\/p><p>\u00a0<\/p><p>O tempo, a mem\u00f3ria e a experi\u00eancia s\u00e3o elementos chave neste projecto de artistas que, em tempo de balan\u00e7os e avalia\u00e7\u00f5es, se encontram tamb\u00e9m na fase mais prop\u00edcia ao estabelecimento de di\u00e1logos e entendimentos: entre diversas maneiras de fazer, entre diferentes of\u00edcios, mas tamb\u00e9m entre tempos e gera\u00e7\u00f5es diferentes. S\u00e3o artistas intervenientes a quem a vida n\u00e3o roubou a insatisfa\u00e7\u00e3o e a curiosidade e, por outro lado, cuja idade j\u00e1 nada tem a ver com oportunismos ou efeitos f\u00e1ceis.<\/p><p>\u00a0<\/p><p>A reac\u00e7\u00e3o do Centro Cultural de Bel\u00e9m a esta proposta foi imediata e de grande entusiasmo, bem como a de diversos agentes culturais que foram sendo contactados. \u00c0 medida que fomos auscultando estas opini\u00f5es, foi crescendo em n\u00f3s alguma ansiedade perante as expectativas do projecto. Conhec\u00edamos bem n\u00e3o s\u00f3 as responsabilidades art\u00edsticas, como as sociais e \u00e9ticas que nele estavam impl\u00edcitas, mas o car\u00e1cter in\u00e9dito desta iniciativa exigia de n\u00f3s o esfor\u00e7o e, mais do que isso, o engenho de a transformar numa experi\u00eancia t\u00e3o exemplar quanto poss\u00edvel.<\/p><p>\u00a0<\/p><p>Foram dois anos de matura\u00e7\u00e3o e de trabalho de campo, onde as pr\u00e1ticas de uma Company of Elders, em Inglaterra, de um Nederlands Dance Theater 2, na Holanda e a do The Bealtaine Festival, na Irlanda foram bons pontos de partida. A adapta\u00e7\u00e3o a uma realidade art\u00edstica e social portuguesa protagonizou a fase seguinte. Os pareceres de amigos e profissionais foram de grande import\u00e2ncia, sobretudo os de Tiago Rodrigues que esteve presente quase desde o in\u00edcio e cujo envolvimento foi fundamental.<\/p><p>\u00a0<\/p><p>Pensamos neste projecto como extravasando qualquer personalidade ou institui\u00e7\u00e3o. \u00c9 do CCB que ele nasce, e \u00e9 tamb\u00e9m a casa que o pode acolher, mas julgamos que s\u00f3 ser\u00e1 MAIOR se verdadeiramente nos pertencer a todos. A presen\u00e7a de um conselho consultivo, t\u00e3o habitual nas forma\u00e7\u00f5es anglo-sax\u00f3nicas e constitu\u00eddo por personalidades<\/p><p>da sociedade civil, \u00e9 uma das respostas a esta inten\u00e7\u00e3o.<\/p><p>\u00a0<\/p><p>Empenharmo-nos nesta causa de dar voz \u00e0 criatividade de uma idade maior n\u00e3o \u00e9 s\u00f3 um dever. \u00c9 sobretudo uma janela aberta para um potencial art\u00edstico que, numa era onde se preza a jovialidade da imagem e da atitude, pode ser de uma frescura arrebatadora, porque \u00e9 pleno de VIDA na verdadeira assun\u00e7\u00e3o da palavra.<\/p>\t\t\t\t\t\t\t\t<\/div>\n\t\t\t\t<\/div>\n\t\t\t\t<div class=\"elementor-element elementor-element-c61d234 elementor-widget elementor-widget-spacer\" data-id=\"c61d234\" data-element_type=\"widget\" data-e-type=\"widget\" data-widget_type=\"spacer.default\">\n\t\t\t\t<div class=\"elementor-widget-container\">\n\t\t\t\t\t\t\t<div class=\"elementor-spacer\">\n\t\t\t<div class=\"elementor-spacer-inner\"><\/div>\n\t\t<\/div>\n\t\t\t\t\t\t<\/div>\n\t\t\t\t<\/div>\n\t\t\t\t\t<\/div>\n\t\t<\/div>\n\t\t\t\t\t<\/div>\n\t\t<\/section>\n\t\t\t\t<section class=\"elementor-section elementor-top-section elementor-element elementor-element-454a460 elementor-section-boxed elementor-section-height-default elementor-section-height-default\" data-id=\"454a460\" data-element_type=\"section\" data-e-type=\"section\">\n\t\t\t\t\t\t<div class=\"elementor-container elementor-column-gap-default\">\n\t\t\t\t\t<div class=\"elementor-column elementor-col-100 elementor-top-column elementor-element elementor-element-e8616da\" data-id=\"e8616da\" data-element_type=\"column\" data-e-type=\"column\">\n\t\t\t<div class=\"elementor-widget-wrap elementor-element-populated\">\n\t\t\t\t\t\t<div class=\"elementor-element elementor-element-4201a9d elementor-widget elementor-widget-spacer\" data-id=\"4201a9d\" data-element_type=\"widget\" data-e-type=\"widget\" data-widget_type=\"spacer.default\">\n\t\t\t\t<div class=\"elementor-widget-container\">\n\t\t\t\t\t\t\t<div class=\"elementor-spacer\">\n\t\t\t<div class=\"elementor-spacer-inner\"><\/div>\n\t\t<\/div>\n\t\t\t\t\t\t<\/div>\n\t\t\t\t<\/div>\n\t\t\t\t<div class=\"elementor-element elementor-element-512897f elementor-widget elementor-widget-heading\" data-id=\"512897f\" data-element_type=\"widget\" data-e-type=\"widget\" data-widget_type=\"heading.default\">\n\t\t\t\t<div class=\"elementor-widget-container\">\n\t\t\t\t\t<h4 class=\"elementor-heading-title elementor-size-default\"><a href=\"https:\/\/companhiamaior.pt\/arquivo\/bela-adormecida\/\" target=\"_blank\">&lt; Voltar P\u00e1gina Bela Adormecida<\/a><\/h4>\t\t\t\t<\/div>\n\t\t\t\t<\/div>\n\t\t\t\t\t<\/div>\n\t\t<\/div>\n\t\t\t\t\t<\/div>\n\t\t<\/section>\n\t\t\t\t<\/div>\n\t\t","protected":false},"excerpt":{"rendered":"<p>Bela Adormecida Textos Sobre a Companhia Maior Texto de Lu\u00edsa Taveira, e inclu\u00eddo na Folha de Sala. O cerne do projecto desta companhia, cuja ideia data de 2007, \u00e9 o aproveitamento da experi\u00eancia acumulada de artistas oriundos das diversas vertentes das artes performativas. Trata-se de valorizar a maturidade, os saberes forjados e aperfei\u00e7oados ao longo&hellip; <a class=\"more-link\" href=\"https:\/\/companhiamaior.pt\/arquivo\/textos-bela-adormecida\/\">Continue reading <span class=\"screen-reader-text\">Textos Bela Adormecida<\/span><\/a><\/p>\n","protected":false},"author":2,"featured_media":0,"parent":0,"menu_order":0,"comment_status":"closed","ping_status":"closed","template":"","meta":{"footnotes":""},"elenco":[],"autor":[],"titulo_da_obra":[],"ano":[],"fotografia-de":[],"espaco":[],"localidade":[],"notas":[],"sub-categoria":[],"data":[],"class_list":["post-4226","page","type-page","status-publish","hentry","entry"],"_links":{"self":[{"href":"https:\/\/companhiamaior.pt\/arquivo\/wp-json\/wp\/v2\/pages\/4226","targetHints":{"allow":["GET"]}}],"collection":[{"href":"https:\/\/companhiamaior.pt\/arquivo\/wp-json\/wp\/v2\/pages"}],"about":[{"href":"https:\/\/companhiamaior.pt\/arquivo\/wp-json\/wp\/v2\/types\/page"}],"author":[{"embeddable":true,"href":"https:\/\/companhiamaior.pt\/arquivo\/wp-json\/wp\/v2\/users\/2"}],"replies":[{"embeddable":true,"href":"https:\/\/companhiamaior.pt\/arquivo\/wp-json\/wp\/v2\/comments?post=4226"}],"version-history":[{"count":10,"href":"https:\/\/companhiamaior.pt\/arquivo\/wp-json\/wp\/v2\/pages\/4226\/revisions"}],"predecessor-version":[{"id":4240,"href":"https:\/\/companhiamaior.pt\/arquivo\/wp-json\/wp\/v2\/pages\/4226\/revisions\/4240"}],"wp:attachment":[{"href":"https:\/\/companhiamaior.pt\/arquivo\/wp-json\/wp\/v2\/media?parent=4226"}],"wp:term":[{"taxonomy":"elenco","embeddable":true,"href":"https:\/\/companhiamaior.pt\/arquivo\/wp-json\/wp\/v2\/elenco?post=4226"},{"taxonomy":"autor","embeddable":true,"href":"https:\/\/companhiamaior.pt\/arquivo\/wp-json\/wp\/v2\/autor?post=4226"},{"taxonomy":"titulo_da_obra","embeddable":true,"href":"https:\/\/companhiamaior.pt\/arquivo\/wp-json\/wp\/v2\/titulo_da_obra?post=4226"},{"taxonomy":"ano","embeddable":true,"href":"https:\/\/companhiamaior.pt\/arquivo\/wp-json\/wp\/v2\/ano?post=4226"},{"taxonomy":"fotografia-de","embeddable":true,"href":"https:\/\/companhiamaior.pt\/arquivo\/wp-json\/wp\/v2\/fotografia-de?post=4226"},{"taxonomy":"espaco","embeddable":true,"href":"https:\/\/companhiamaior.pt\/arquivo\/wp-json\/wp\/v2\/espaco?post=4226"},{"taxonomy":"localidade","embeddable":true,"href":"https:\/\/companhiamaior.pt\/arquivo\/wp-json\/wp\/v2\/localidade?post=4226"},{"taxonomy":"notas","embeddable":true,"href":"https:\/\/companhiamaior.pt\/arquivo\/wp-json\/wp\/v2\/notas?post=4226"},{"taxonomy":"sub-categoria","embeddable":true,"href":"https:\/\/companhiamaior.pt\/arquivo\/wp-json\/wp\/v2\/sub-categoria?post=4226"},{"taxonomy":"data","embeddable":true,"href":"https:\/\/companhiamaior.pt\/arquivo\/wp-json\/wp\/v2\/data?post=4226"}],"curies":[{"name":"wp","href":"https:\/\/api.w.org\/{rel}","templated":true}]}}