{"id":4220,"date":"2023-05-17T12:16:02","date_gmt":"2023-05-17T12:16:02","guid":{"rendered":"https:\/\/companhiamaior.pt\/arquivo\/?page_id=4220"},"modified":"2023-05-19T10:36:10","modified_gmt":"2023-05-19T10:36:10","slug":"bela-adormecida","status":"publish","type":"page","link":"https:\/\/companhiamaior.pt\/arquivo\/bela-adormecida\/","title":{"rendered":"Bela Adormecida"},"content":{"rendered":"\t\t<div data-elementor-type=\"wp-page\" data-elementor-id=\"4220\" class=\"elementor elementor-4220\" data-elementor-post-type=\"page\">\n\t\t\t\t\t\t<section class=\"elementor-section elementor-top-section elementor-element elementor-element-833e841 elementor-section-boxed elementor-section-height-default elementor-section-height-default\" data-id=\"833e841\" data-element_type=\"section\" data-e-type=\"section\">\n\t\t\t\t\t\t<div class=\"elementor-container elementor-column-gap-default\">\n\t\t\t\t\t<div class=\"elementor-column elementor-col-100 elementor-top-column elementor-element elementor-element-5525f1f\" data-id=\"5525f1f\" data-element_type=\"column\" data-e-type=\"column\">\n\t\t\t<div class=\"elementor-widget-wrap elementor-element-populated\">\n\t\t\t\t\t\t<div class=\"elementor-element elementor-element-c3db9c3 elementor-widget elementor-widget-heading\" data-id=\"c3db9c3\" data-element_type=\"widget\" data-e-type=\"widget\" data-widget_type=\"heading.default\">\n\t\t\t\t<div class=\"elementor-widget-container\">\n\t\t\t\t\t<h2 class=\"elementor-heading-title elementor-size-default\">Bela Adormecida<\/h2>\t\t\t\t<\/div>\n\t\t\t\t<\/div>\n\t\t\t\t<div class=\"elementor-element elementor-element-c2fd9f1 elementor-widget elementor-widget-text-editor\" data-id=\"c2fd9f1\" data-element_type=\"widget\" data-e-type=\"widget\" data-widget_type=\"text-editor.default\">\n\t\t\t\t<div class=\"elementor-widget-container\">\n\t\t\t\t\t\t\t\t\t<p>De Tiago Rodrigues<\/p><p>2010<\/p>\t\t\t\t\t\t\t\t<\/div>\n\t\t\t\t<\/div>\n\t\t\t\t\t<\/div>\n\t\t<\/div>\n\t\t\t\t\t<\/div>\n\t\t<\/section>\n\t\t\t\t<section class=\"elementor-section elementor-top-section elementor-element elementor-element-e52b019 elementor-section-boxed elementor-section-height-default elementor-section-height-default\" data-id=\"e52b019\" data-element_type=\"section\" data-e-type=\"section\">\n\t\t\t\t\t\t<div class=\"elementor-container elementor-column-gap-default\">\n\t\t\t\t\t<div class=\"elementor-column elementor-col-50 elementor-top-column elementor-element elementor-element-be2ad20\" data-id=\"be2ad20\" data-element_type=\"column\" data-e-type=\"column\">\n\t\t\t<div class=\"elementor-widget-wrap elementor-element-populated\">\n\t\t\t\t\t\t<div class=\"elementor-element elementor-element-e9e648f elementor-widget elementor-widget-spacer\" data-id=\"e9e648f\" data-element_type=\"widget\" data-e-type=\"widget\" data-widget_type=\"spacer.default\">\n\t\t\t\t<div class=\"elementor-widget-container\">\n\t\t\t\t\t\t\t<div class=\"elementor-spacer\">\n\t\t\t<div class=\"elementor-spacer-inner\"><\/div>\n\t\t<\/div>\n\t\t\t\t\t\t<\/div>\n\t\t\t\t<\/div>\n\t\t\t\t<div class=\"elementor-element elementor-element-365ce25 elementor-widget elementor-widget-image\" data-id=\"365ce25\" data-element_type=\"widget\" data-e-type=\"widget\" data-widget_type=\"image.default\">\n\t\t\t\t<div class=\"elementor-widget-container\">\n\t\t\t\t\t\t\t\t\t\t\t\t\t\t\t<img fetchpriority=\"high\" decoding=\"async\" width=\"750\" height=\"400\" src=\"https:\/\/companhiamaior.pt\/arquivo\/wp-content\/uploads\/2023\/05\/Montagem-paginas-seccoes_0017_Layer-11.png\" class=\"attachment-large size-large wp-image-3442\" alt=\"\" srcset=\"https:\/\/companhiamaior.pt\/arquivo\/wp-content\/uploads\/2023\/05\/Montagem-paginas-seccoes_0017_Layer-11.png 800w, https:\/\/companhiamaior.pt\/arquivo\/wp-content\/uploads\/2023\/05\/Montagem-paginas-seccoes_0017_Layer-11-300x160.png 300w, https:\/\/companhiamaior.pt\/arquivo\/wp-content\/uploads\/2023\/05\/Montagem-paginas-seccoes_0017_Layer-11-768x410.png 768w\" sizes=\"(max-width: 750px) 100vw, 750px\" style=\"width:100%;height:53.38%;max-width:800px\" \/>\t\t\t\t\t\t\t\t\t\t\t\t\t\t\t<\/div>\n\t\t\t\t<\/div>\n\t\t\t\t<div class=\"elementor-element elementor-element-bc915ce elementor-widget elementor-widget-text-editor\" data-id=\"bc915ce\" data-element_type=\"widget\" data-e-type=\"widget\" data-widget_type=\"text-editor.default\">\n\t\t\t\t<div class=\"elementor-widget-container\">\n\t\t\t\t\t\t\t\t\t<p><strong>Materiais de Comunica\u00e7\u00e3o:<\/strong><\/p><p><strong>\u00a0<\/strong><\/p><p><a href=\"https:\/\/companhiamaior.pt\/arquivo\/cartaz-bela-adormecida\/\" target=\"_blank\" rel=\"noopener\"><span style=\"background-color: var(--global--color-background); color: #000000; font-family: var(--global--font-secondary); font-size: var(--global--font-size-base);\">Cartaz<\/span><\/a><\/p><p><a href=\"https:\/\/companhiamaior.pt\/arquivo\/folha-de-sala-bela-adormecida\/\" target=\"_blank\" rel=\"noopener\"><span style=\"background-color: var(--global--color-background); color: #000000; font-family: var(--global--font-secondary); font-size: var(--global--font-size-base);\">Folha de Sala<\/span><\/a><\/p><p><a href=\"https:\/\/companhiamaior.pt\/arquivo\/imprensa-bela-adormecida\/\" target=\"_blank\" rel=\"noopener\"><span style=\"color: #000000;\">Imprensa<\/span><\/a><\/p><p><a href=\"https:\/\/companhiamaior.pt\/arquivo\/programas-bela-adormecida\/\" target=\"_blank\" rel=\"noopener\"><span style=\"color: #000000;\">Programas<\/span><\/a><\/p><p><a href=\"https:\/\/companhiamaior.pt\/arquivo\/outros-bela-adormecida\/\" target=\"_blank\" rel=\"noopener\">Outros<\/a><\/p>\t\t\t\t\t\t\t\t<\/div>\n\t\t\t\t<\/div>\n\t\t\t\t<div class=\"elementor-element elementor-element-152a03f elementor-widget elementor-widget-spacer\" data-id=\"152a03f\" data-element_type=\"widget\" data-e-type=\"widget\" data-widget_type=\"spacer.default\">\n\t\t\t\t<div class=\"elementor-widget-container\">\n\t\t\t\t\t\t\t<div class=\"elementor-spacer\">\n\t\t\t<div class=\"elementor-spacer-inner\"><\/div>\n\t\t<\/div>\n\t\t\t\t\t\t<\/div>\n\t\t\t\t<\/div>\n\t\t\t\t\t<\/div>\n\t\t<\/div>\n\t\t\t\t<div class=\"elementor-column elementor-col-50 elementor-top-column elementor-element elementor-element-f3832a8\" data-id=\"f3832a8\" data-element_type=\"column\" data-e-type=\"column\">\n\t\t\t<div class=\"elementor-widget-wrap elementor-element-populated\">\n\t\t\t\t\t\t<div class=\"elementor-element elementor-element-264159b elementor-widget elementor-widget-spacer\" data-id=\"264159b\" data-element_type=\"widget\" data-e-type=\"widget\" data-widget_type=\"spacer.default\">\n\t\t\t\t<div class=\"elementor-widget-container\">\n\t\t\t\t\t\t\t<div class=\"elementor-spacer\">\n\t\t\t<div class=\"elementor-spacer-inner\"><\/div>\n\t\t<\/div>\n\t\t\t\t\t\t<\/div>\n\t\t\t\t<\/div>\n\t\t\t\t<div class=\"elementor-element elementor-element-bd61a92 elementor-widget elementor-widget-image\" data-id=\"bd61a92\" data-element_type=\"widget\" data-e-type=\"widget\" data-widget_type=\"image.default\">\n\t\t\t\t<div class=\"elementor-widget-container\">\n\t\t\t\t\t\t\t\t\t\t\t\t\t\t\t<img decoding=\"async\" width=\"750\" height=\"400\" src=\"https:\/\/companhiamaior.pt\/arquivo\/wp-content\/uploads\/2023\/05\/Montagem-paginas-seccoes_0015_Layer-13.png\" class=\"attachment-large size-large wp-image-3440\" alt=\"\" srcset=\"https:\/\/companhiamaior.pt\/arquivo\/wp-content\/uploads\/2023\/05\/Montagem-paginas-seccoes_0015_Layer-13.png 800w, https:\/\/companhiamaior.pt\/arquivo\/wp-content\/uploads\/2023\/05\/Montagem-paginas-seccoes_0015_Layer-13-300x160.png 300w, https:\/\/companhiamaior.pt\/arquivo\/wp-content\/uploads\/2023\/05\/Montagem-paginas-seccoes_0015_Layer-13-768x410.png 768w\" sizes=\"(max-width: 750px) 100vw, 750px\" style=\"width:100%;height:53.38%;max-width:800px\" \/>\t\t\t\t\t\t\t\t\t\t\t\t\t\t\t<\/div>\n\t\t\t\t<\/div>\n\t\t\t\t<div class=\"elementor-element elementor-element-94d75fa elementor-widget elementor-widget-text-editor\" data-id=\"94d75fa\" data-element_type=\"widget\" data-e-type=\"widget\" data-widget_type=\"text-editor.default\">\n\t\t\t\t<div class=\"elementor-widget-container\">\n\t\t\t\t\t\t\t\t\t<p><strong>Fotografias:<\/strong><\/p><p><strong>\u00a0<\/strong><\/p><p><a href=\"https:\/\/companhiamaior.pt\/arquivo\/ensaio-geral-bela-adormecida\/\" target=\"_blank\" rel=\"noopener\">Ensaio Geral<\/a><\/p><p><a href=\"https:\/\/companhiamaior.pt\/arquivo\/ensaio-bela-adormecida\/\" target=\"_blank\" rel=\"noopener\">Ensaios<\/a><\/p><p><a href=\"https:\/\/companhiamaior.pt\/arquivo\/digressao-bela-adormecida\/\" target=\"_blank\" rel=\"noopener\">Digress\u00e3o<\/a><\/p><p><a href=\"https:\/\/companhiamaior.pt\/arquivo\/para-mat-comunicacao-bela-adormecida\/\" target=\"_blank\" rel=\"noopener\">Para Materiais de Comunica\u00e7\u00e3o<\/a><\/p>\t\t\t\t\t\t\t\t<\/div>\n\t\t\t\t<\/div>\n\t\t\t\t\t<\/div>\n\t\t<\/div>\n\t\t\t\t\t<\/div>\n\t\t<\/section>\n\t\t\t\t<section class=\"elementor-section elementor-top-section elementor-element elementor-element-47e5217 elementor-section-boxed elementor-section-height-default elementor-section-height-default\" data-id=\"47e5217\" data-element_type=\"section\" data-e-type=\"section\">\n\t\t\t\t\t\t<div class=\"elementor-container elementor-column-gap-default\">\n\t\t\t\t\t<div class=\"elementor-column elementor-col-50 elementor-top-column elementor-element elementor-element-5ca8421\" data-id=\"5ca8421\" data-element_type=\"column\" data-e-type=\"column\">\n\t\t\t<div class=\"elementor-widget-wrap elementor-element-populated\">\n\t\t\t\t\t\t<div class=\"elementor-element elementor-element-fb77e3c elementor-widget elementor-widget-spacer\" data-id=\"fb77e3c\" data-element_type=\"widget\" data-e-type=\"widget\" data-widget_type=\"spacer.default\">\n\t\t\t\t<div class=\"elementor-widget-container\">\n\t\t\t\t\t\t\t<div class=\"elementor-spacer\">\n\t\t\t<div class=\"elementor-spacer-inner\"><\/div>\n\t\t<\/div>\n\t\t\t\t\t\t<\/div>\n\t\t\t\t<\/div>\n\t\t\t\t<div class=\"elementor-element elementor-element-b50c3c2 elementor-widget elementor-widget-video\" data-id=\"b50c3c2\" data-element_type=\"widget\" data-e-type=\"widget\" data-settings=\"{&quot;youtube_url&quot;:&quot;https:\\\/\\\/youtu.be\\\/1pNxkKQ5uto&quot;,&quot;video_type&quot;:&quot;youtube&quot;,&quot;controls&quot;:&quot;yes&quot;}\" data-widget_type=\"video.default\">\n\t\t\t\t<div class=\"elementor-widget-container\">\n\t\t\t\t\t\t\t<div class=\"elementor-wrapper elementor-open-inline\">\n\t\t\t<div class=\"elementor-video\"><\/div>\t\t<\/div>\n\t\t\t\t\t\t<\/div>\n\t\t\t\t<\/div>\n\t\t\t\t<div class=\"elementor-element elementor-element-c687c11 elementor-widget elementor-widget-text-editor\" data-id=\"c687c11\" data-element_type=\"widget\" data-e-type=\"widget\" data-widget_type=\"text-editor.default\">\n\t\t\t\t<div class=\"elementor-widget-container\">\n\t\t\t\t\t\t\t\t\t<p><strong>V\u00eddeos:<\/strong><\/p><p><strong>\u00a0<\/strong><\/p><p><a href=\"https:\/\/youtu.be\/1pNxkKQ5uto\" target=\"_blank\" rel=\"noopener\">Trailer<\/a><\/p>\t\t\t\t\t\t\t\t<\/div>\n\t\t\t\t<\/div>\n\t\t\t\t<div class=\"elementor-element elementor-element-e108bb2 elementor-widget elementor-widget-spacer\" data-id=\"e108bb2\" data-element_type=\"widget\" data-e-type=\"widget\" data-widget_type=\"spacer.default\">\n\t\t\t\t<div class=\"elementor-widget-container\">\n\t\t\t\t\t\t\t<div class=\"elementor-spacer\">\n\t\t\t<div class=\"elementor-spacer-inner\"><\/div>\n\t\t<\/div>\n\t\t\t\t\t\t<\/div>\n\t\t\t\t<\/div>\n\t\t\t\t\t<\/div>\n\t\t<\/div>\n\t\t\t\t<div class=\"elementor-column elementor-col-50 elementor-top-column elementor-element elementor-element-11944a6\" data-id=\"11944a6\" data-element_type=\"column\" data-e-type=\"column\">\n\t\t\t<div class=\"elementor-widget-wrap elementor-element-populated\">\n\t\t\t\t\t\t<div class=\"elementor-element elementor-element-94e05cc elementor-widget elementor-widget-spacer\" data-id=\"94e05cc\" data-element_type=\"widget\" data-e-type=\"widget\" data-widget_type=\"spacer.default\">\n\t\t\t\t<div class=\"elementor-widget-container\">\n\t\t\t\t\t\t\t<div class=\"elementor-spacer\">\n\t\t\t<div class=\"elementor-spacer-inner\"><\/div>\n\t\t<\/div>\n\t\t\t\t\t\t<\/div>\n\t\t\t\t<\/div>\n\t\t\t\t<div class=\"elementor-element elementor-element-19c2a73 elementor-widget elementor-widget-image\" data-id=\"19c2a73\" data-element_type=\"widget\" data-e-type=\"widget\" data-widget_type=\"image.default\">\n\t\t\t\t<div class=\"elementor-widget-container\">\n\t\t\t\t\t\t\t\t\t\t\t\t\t\t\t<img decoding=\"async\" width=\"750\" height=\"400\" src=\"https:\/\/companhiamaior.pt\/arquivo\/wp-content\/uploads\/2023\/04\/imagem-texto-2-1024x546.png\" class=\"attachment-large size-large wp-image-850\" alt=\"\" srcset=\"https:\/\/companhiamaior.pt\/arquivo\/wp-content\/uploads\/2023\/04\/imagem-texto-2-1024x546.png 1024w, https:\/\/companhiamaior.pt\/arquivo\/wp-content\/uploads\/2023\/04\/imagem-texto-2-300x160.png 300w, https:\/\/companhiamaior.pt\/arquivo\/wp-content\/uploads\/2023\/04\/imagem-texto-2-768x410.png 768w, https:\/\/companhiamaior.pt\/arquivo\/wp-content\/uploads\/2023\/04\/imagem-texto-2.png 1500w\" sizes=\"(max-width: 750px) 100vw, 750px\" style=\"width:100%;height:53.33%;max-width:1500px\" \/>\t\t\t\t\t\t\t\t\t\t\t\t\t\t\t<\/div>\n\t\t\t\t<\/div>\n\t\t\t\t<div class=\"elementor-element elementor-element-fe0fd6e elementor-widget elementor-widget-text-editor\" data-id=\"fe0fd6e\" data-element_type=\"widget\" data-e-type=\"widget\" data-widget_type=\"text-editor.default\">\n\t\t\t\t<div class=\"elementor-widget-container\">\n\t\t\t\t\t\t\t\t\t<p><strong>Textos<\/strong><\/p><p>\u00a0<\/p><p><a href=\"https:\/\/companhiamaior.pt\/arquivo\/textos-bela-adormecida\/\" target=\"_blank\" rel=\"noopener\">Sobre a Companhia Maior, de Lu\u00edsa Taveira.<\/a><\/p><p><a style=\"text-decoration-style: dotted; text-decoration-skip-ink: none;\" href=\"https:\/\/companhiamaior.pt\/arquivo\/textos-bela-adormecida-2\/\" target=\"_blank\" rel=\"noopener\">Texto de Daniel Sampaio.<\/a><\/p>\t\t\t\t\t\t\t\t<\/div>\n\t\t\t\t<\/div>\n\t\t\t\t\t<\/div>\n\t\t<\/div>\n\t\t\t\t\t<\/div>\n\t\t<\/section>\n\t\t\t\t<section class=\"elementor-section elementor-top-section elementor-element elementor-element-0e27ae2 elementor-section-boxed elementor-section-height-default elementor-section-height-default\" data-id=\"0e27ae2\" data-element_type=\"section\" data-e-type=\"section\">\n\t\t\t\t\t\t<div class=\"elementor-container elementor-column-gap-default\">\n\t\t\t\t\t<div class=\"elementor-column elementor-col-100 elementor-top-column elementor-element elementor-element-8ac5f2f\" data-id=\"8ac5f2f\" data-element_type=\"column\" data-e-type=\"column\">\n\t\t\t<div class=\"elementor-widget-wrap elementor-element-populated\">\n\t\t\t\t\t\t<div class=\"elementor-element elementor-element-bf16237 elementor-widget-divider--view-line elementor-widget elementor-widget-divider\" data-id=\"bf16237\" data-element_type=\"widget\" data-e-type=\"widget\" data-widget_type=\"divider.default\">\n\t\t\t\t<div class=\"elementor-widget-container\">\n\t\t\t\t\t\t\t<div class=\"elementor-divider\">\n\t\t\t<span class=\"elementor-divider-separator\">\n\t\t\t\t\t\t<\/span>\n\t\t<\/div>\n\t\t\t\t\t\t<\/div>\n\t\t\t\t<\/div>\n\t\t\t\t<div class=\"elementor-element elementor-element-abc999d elementor-widget elementor-widget-text-editor\" data-id=\"abc999d\" data-element_type=\"widget\" data-e-type=\"widget\" data-widget_type=\"text-editor.default\">\n\t\t\t\t<div class=\"elementor-widget-container\">\n\t\t\t\t\t\t\t\t\t<p style=\"text-align: center;\">Para mais informa\u00e7\u00f5es<\/p>\t\t\t\t\t\t\t\t<\/div>\n\t\t\t\t<\/div>\n\t\t\t\t<div class=\"elementor-element elementor-element-12e3669 elementor-widget elementor-widget-heading\" data-id=\"12e3669\" data-element_type=\"widget\" data-e-type=\"widget\" data-widget_type=\"heading.default\">\n\t\t\t\t<div class=\"elementor-widget-container\">\n\t\t\t\t\t<h4 class=\"elementor-heading-title elementor-size-default\"><a href=\"http:\/\/companhiamaior.pt\/\" target=\"_blank\">www.companhiamaior.pt<\/a><\/h4>\t\t\t\t<\/div>\n\t\t\t\t<\/div>\n\t\t\t\t<div class=\"elementor-element elementor-element-2a4fdbe elementor-widget-divider--view-line elementor-widget elementor-widget-divider\" data-id=\"2a4fdbe\" data-element_type=\"widget\" data-e-type=\"widget\" data-widget_type=\"divider.default\">\n\t\t\t\t<div class=\"elementor-widget-container\">\n\t\t\t\t\t\t\t<div class=\"elementor-divider\">\n\t\t\t<span class=\"elementor-divider-separator\">\n\t\t\t\t\t\t<\/span>\n\t\t<\/div>\n\t\t\t\t\t\t<\/div>\n\t\t\t\t<\/div>\n\t\t\t\t<div class=\"elementor-element elementor-element-d7a9d4a elementor-widget elementor-widget-spacer\" data-id=\"d7a9d4a\" data-element_type=\"widget\" data-e-type=\"widget\" data-widget_type=\"spacer.default\">\n\t\t\t\t<div class=\"elementor-widget-container\">\n\t\t\t\t\t\t\t<div class=\"elementor-spacer\">\n\t\t\t<div class=\"elementor-spacer-inner\"><\/div>\n\t\t<\/div>\n\t\t\t\t\t\t<\/div>\n\t\t\t\t<\/div>\n\t\t\t\t\t<\/div>\n\t\t<\/div>\n\t\t\t\t\t<\/div>\n\t\t<\/section>\n\t\t\t\t<\/div>\n\t\t","protected":false},"excerpt":{"rendered":"<p>Bela Adormecida De Tiago Rodrigues 2010 Materiais de Comunica\u00e7\u00e3o: \u00a0 Cartaz Folha de Sala Imprensa Programas Outros Fotografias: \u00a0 Ensaio Geral Ensaios Digress\u00e3o Para Materiais de Comunica\u00e7\u00e3o https:\/\/youtu.be\/1pNxkKQ5uto V\u00eddeos: \u00a0 Trailer Textos \u00a0 Sobre a Companhia Maior, de Lu\u00edsa Taveira. Texto de Daniel Sampaio. Para mais informa\u00e7\u00f5es www.companhiamaior.pt<\/p>\n","protected":false},"author":2,"featured_media":0,"parent":0,"menu_order":0,"comment_status":"closed","ping_status":"closed","template":"","meta":{"footnotes":""},"elenco":[],"autor":[],"titulo_da_obra":[],"ano":[],"fotografia-de":[],"espaco":[],"localidade":[],"notas":[],"sub-categoria":[],"data":[],"class_list":["post-4220","page","type-page","status-publish","hentry","entry"],"_links":{"self":[{"href":"https:\/\/companhiamaior.pt\/arquivo\/wp-json\/wp\/v2\/pages\/4220","targetHints":{"allow":["GET"]}}],"collection":[{"href":"https:\/\/companhiamaior.pt\/arquivo\/wp-json\/wp\/v2\/pages"}],"about":[{"href":"https:\/\/companhiamaior.pt\/arquivo\/wp-json\/wp\/v2\/types\/page"}],"author":[{"embeddable":true,"href":"https:\/\/companhiamaior.pt\/arquivo\/wp-json\/wp\/v2\/users\/2"}],"replies":[{"embeddable":true,"href":"https:\/\/companhiamaior.pt\/arquivo\/wp-json\/wp\/v2\/comments?post=4220"}],"version-history":[{"count":16,"href":"https:\/\/companhiamaior.pt\/arquivo\/wp-json\/wp\/v2\/pages\/4220\/revisions"}],"predecessor-version":[{"id":4403,"href":"https:\/\/companhiamaior.pt\/arquivo\/wp-json\/wp\/v2\/pages\/4220\/revisions\/4403"}],"wp:attachment":[{"href":"https:\/\/companhiamaior.pt\/arquivo\/wp-json\/wp\/v2\/media?parent=4220"}],"wp:term":[{"taxonomy":"elenco","embeddable":true,"href":"https:\/\/companhiamaior.pt\/arquivo\/wp-json\/wp\/v2\/elenco?post=4220"},{"taxonomy":"autor","embeddable":true,"href":"https:\/\/companhiamaior.pt\/arquivo\/wp-json\/wp\/v2\/autor?post=4220"},{"taxonomy":"titulo_da_obra","embeddable":true,"href":"https:\/\/companhiamaior.pt\/arquivo\/wp-json\/wp\/v2\/titulo_da_obra?post=4220"},{"taxonomy":"ano","embeddable":true,"href":"https:\/\/companhiamaior.pt\/arquivo\/wp-json\/wp\/v2\/ano?post=4220"},{"taxonomy":"fotografia-de","embeddable":true,"href":"https:\/\/companhiamaior.pt\/arquivo\/wp-json\/wp\/v2\/fotografia-de?post=4220"},{"taxonomy":"espaco","embeddable":true,"href":"https:\/\/companhiamaior.pt\/arquivo\/wp-json\/wp\/v2\/espaco?post=4220"},{"taxonomy":"localidade","embeddable":true,"href":"https:\/\/companhiamaior.pt\/arquivo\/wp-json\/wp\/v2\/localidade?post=4220"},{"taxonomy":"notas","embeddable":true,"href":"https:\/\/companhiamaior.pt\/arquivo\/wp-json\/wp\/v2\/notas?post=4220"},{"taxonomy":"sub-categoria","embeddable":true,"href":"https:\/\/companhiamaior.pt\/arquivo\/wp-json\/wp\/v2\/sub-categoria?post=4220"},{"taxonomy":"data","embeddable":true,"href":"https:\/\/companhiamaior.pt\/arquivo\/wp-json\/wp\/v2\/data?post=4220"}],"curies":[{"name":"wp","href":"https:\/\/api.w.org\/{rel}","templated":true}]}}