{"id":3932,"date":"2023-05-15T12:36:16","date_gmt":"2023-05-15T12:36:16","guid":{"rendered":"https:\/\/companhiamaior.pt\/arquivo\/?page_id=3932"},"modified":"2023-05-15T12:39:15","modified_gmt":"2023-05-15T12:39:15","slug":"textos-maior","status":"publish","type":"page","link":"https:\/\/companhiamaior.pt\/arquivo\/textos-maior\/","title":{"rendered":"Textos Maior"},"content":{"rendered":"\t\t<div data-elementor-type=\"wp-page\" data-elementor-id=\"3932\" class=\"elementor elementor-3932\">\n\t\t\t\t\t\t\t\t\t<section class=\"elementor-section elementor-top-section elementor-element elementor-element-df16ef0 elementor-section-boxed elementor-section-height-default elementor-section-height-default\" data-id=\"df16ef0\" data-element_type=\"section\">\n\t\t\t\t\t\t<div class=\"elementor-container elementor-column-gap-default\">\n\t\t\t\t\t<div class=\"elementor-column elementor-col-100 elementor-top-column elementor-element elementor-element-dde0a10\" data-id=\"dde0a10\" data-element_type=\"column\">\n\t\t\t<div class=\"elementor-widget-wrap elementor-element-populated\">\n\t\t\t\t\t\t\t\t<div class=\"elementor-element elementor-element-19ed4aa elementor-widget elementor-widget-heading\" data-id=\"19ed4aa\" data-element_type=\"widget\" data-widget_type=\"heading.default\">\n\t\t\t\t<div class=\"elementor-widget-container\">\n\t\t\t<style>\/*! elementor - v3.13.3 - 28-05-2023 *\/\n.elementor-heading-title{padding:0;margin:0;line-height:1}.elementor-widget-heading .elementor-heading-title[class*=elementor-size-]>a{color:inherit;font-size:inherit;line-height:inherit}.elementor-widget-heading .elementor-heading-title.elementor-size-small{font-size:15px}.elementor-widget-heading .elementor-heading-title.elementor-size-medium{font-size:19px}.elementor-widget-heading .elementor-heading-title.elementor-size-large{font-size:29px}.elementor-widget-heading .elementor-heading-title.elementor-size-xl{font-size:39px}.elementor-widget-heading .elementor-heading-title.elementor-size-xxl{font-size:59px}<\/style><h2 class=\"elementor-heading-title elementor-size-default\">Maior<\/h2>\t\t<\/div>\n\t\t\t\t<\/div>\n\t\t\t\t<div class=\"elementor-element elementor-element-2cb8dd6 elementor-widget elementor-widget-heading\" data-id=\"2cb8dd6\" data-element_type=\"widget\" data-widget_type=\"heading.default\">\n\t\t\t\t<div class=\"elementor-widget-container\">\n\t\t\t<h4 class=\"elementor-heading-title elementor-size-default\">Textos<\/h4>\t\t<\/div>\n\t\t\t\t<\/div>\n\t\t\t\t<div class=\"elementor-element elementor-element-b677fa2 elementor-widget elementor-widget-spacer\" data-id=\"b677fa2\" data-element_type=\"widget\" data-widget_type=\"spacer.default\">\n\t\t\t\t<div class=\"elementor-widget-container\">\n\t\t\t<style>\/*! elementor - v3.13.3 - 28-05-2023 *\/\n.elementor-column .elementor-spacer-inner{height:var(--spacer-size)}.e-con{--container-widget-width:100%}.e-con-inner>.elementor-widget-spacer,.e-con>.elementor-widget-spacer{width:var(--container-widget-width,var(--spacer-size));--align-self:var(--container-widget-align-self,initial);--flex-shrink:0}.e-con-inner>.elementor-widget-spacer>.elementor-widget-container,.e-con-inner>.elementor-widget-spacer>.elementor-widget-container>.elementor-spacer,.e-con>.elementor-widget-spacer>.elementor-widget-container,.e-con>.elementor-widget-spacer>.elementor-widget-container>.elementor-spacer{height:100%}.e-con-inner>.elementor-widget-spacer>.elementor-widget-container>.elementor-spacer>.elementor-spacer-inner,.e-con>.elementor-widget-spacer>.elementor-widget-container>.elementor-spacer>.elementor-spacer-inner{height:var(--container-widget-height,var(--spacer-size))}<\/style>\t\t<div class=\"elementor-spacer\">\n\t\t\t<div class=\"elementor-spacer-inner\"><\/div>\n\t\t<\/div>\n\t\t\t\t<\/div>\n\t\t\t\t<\/div>\n\t\t\t\t\t<\/div>\n\t\t<\/div>\n\t\t\t\t\t\t\t<\/div>\n\t\t<\/section>\n\t\t\t\t<section class=\"elementor-section elementor-top-section elementor-element elementor-element-8d91e31 elementor-section-boxed elementor-section-height-default elementor-section-height-default\" data-id=\"8d91e31\" data-element_type=\"section\">\n\t\t\t\t\t\t<div class=\"elementor-container elementor-column-gap-default\">\n\t\t\t\t\t<div class=\"elementor-column elementor-col-100 elementor-top-column elementor-element elementor-element-b097618\" data-id=\"b097618\" data-element_type=\"column\">\n\t\t\t<div class=\"elementor-widget-wrap elementor-element-populated\">\n\t\t\t\t\t\t\t\t<div class=\"elementor-element elementor-element-a520eeb elementor-widget elementor-widget-heading\" data-id=\"a520eeb\" data-element_type=\"widget\" data-widget_type=\"heading.default\">\n\t\t\t\t<div class=\"elementor-widget-container\">\n\t\t\t<h4 class=\"elementor-heading-title elementor-size-default\">A Vida at\u00e9 Al\u00e9m (t\u00edtulo de Luna Andermatt)<\/h4>\t\t<\/div>\n\t\t\t\t<\/div>\n\t\t\t\t<div class=\"elementor-element elementor-element-23b767d elementor-widget elementor-widget-text-editor\" data-id=\"23b767d\" data-element_type=\"widget\" data-widget_type=\"text-editor.default\">\n\t\t\t\t<div class=\"elementor-widget-container\">\n\t\t\t<style>\/*! elementor - v3.13.3 - 28-05-2023 *\/\n.elementor-widget-text-editor.elementor-drop-cap-view-stacked .elementor-drop-cap{background-color:#69727d;color:#fff}.elementor-widget-text-editor.elementor-drop-cap-view-framed .elementor-drop-cap{color:#69727d;border:3px solid;background-color:transparent}.elementor-widget-text-editor:not(.elementor-drop-cap-view-default) .elementor-drop-cap{margin-top:8px}.elementor-widget-text-editor:not(.elementor-drop-cap-view-default) .elementor-drop-cap-letter{width:1em;height:1em}.elementor-widget-text-editor .elementor-drop-cap{float:left;text-align:center;line-height:1;font-size:50px}.elementor-widget-text-editor .elementor-drop-cap-letter{display:inline-block}<\/style>\t\t\t\t<div class=\"page\" title=\"Page 4\"><div class=\"layoutArea\"><div class=\"column\"><p>Texto de Lu\u00edsa Taveira, e inclu\u00eddo na Folha de Sala<\/p><\/div><\/div><\/div>\t\t\t\t\t\t<\/div>\n\t\t\t\t<\/div>\n\t\t\t\t<div class=\"elementor-element elementor-element-700bac0 elementor-widget elementor-widget-spacer\" data-id=\"700bac0\" data-element_type=\"widget\" data-widget_type=\"spacer.default\">\n\t\t\t\t<div class=\"elementor-widget-container\">\n\t\t\t\t\t<div class=\"elementor-spacer\">\n\t\t\t<div class=\"elementor-spacer-inner\"><\/div>\n\t\t<\/div>\n\t\t\t\t<\/div>\n\t\t\t\t<\/div>\n\t\t\t\t<div class=\"elementor-element elementor-element-71a7942 elementor-widget elementor-widget-text-editor\" data-id=\"71a7942\" data-element_type=\"widget\" data-widget_type=\"text-editor.default\">\n\t\t\t\t<div class=\"elementor-widget-container\">\n\t\t\t\t\t\t\t<p>Simone de Beauvoir diz que \u201cpara que o envelhecimento n\u00e3o seja uma rid\u00edcula imita\u00e7\u00e3o da nossa exist\u00eancia anterior, s\u00f3 existe uma solu\u00e7\u00e3o que \u00e9 a de continuar a perseguir o que d\u00e1 sentido \u00e0 nossa vida: dedica\u00e7\u00e3o \u00e0s pessoas, causas, trabalho social, pol\u00edtico, intelectual e criativo e, contrariamente ao que muitos advogam, a solu\u00e7\u00e3o est\u00e1 mesmo na manuten\u00e7\u00e3o das paix\u00f5es\u201d.<\/p><p>\u00a0<\/p><p>Envelhecer, n\u00e3o sendo algo que alguma vez se tenha aceite de bom grado, pelas altera\u00e7\u00f5es desfavor\u00e1veis que lhe est\u00e3o inerentes requer, na era da imagem das nossas sociedades civilizadas, uma imensa coragem. Pois n\u00e3o basta sentirmo-nos sempre jovens \u00e9 preciso tamb\u00e9m parece-lo, sendo que a responsabilidade perante este dilema reside silenciosa e quase exclusivamente em cada um n\u00f3s. O tema n\u00e3o podia ser mais universal e, contudo, parece ser o mais evitado.<\/p><p>\u00a0<\/p><p>Para esta fase da vida, a sociedade cria a ideia de depend\u00eancia versus produtividade, e descarta qualquer hip\u00f3tese de aproveitamento do enorme manancial acumulado, pr\u00f3prio dessas idades. A isto acrescenta a exclus\u00e3o, o descr\u00e9dito, a falta de prepara\u00e7\u00e3o, os tabus, o desinteresse, os preconceitos de toda uma forma de pensar e continua a tratar como uma minoria irrelevante (se \u00e9 que alguma minoria o possa ser) o que \u00e9 j\u00e1, inequivocamente, uma grande maioria.<\/p><p>\u00a0<\/p><p>Neste segundo ano de exist\u00eancia, reafirmamos a inten\u00e7\u00e3o primordial do projecto da Companhia Maior que \u00e9 a de encontrar, com estes artistas, novos caminhos e formas de express\u00e3o, desenvolvendo aptid\u00f5es e transformando fragilidades em solu\u00e7\u00f5es art\u00edsticas, nas quais nos possamos rever. Nesse sentido, o potencial destas idades e de cada artista per si \u00e9 ilimitado se, no seio de um saud\u00e1vel confronto de gera\u00e7\u00f5es, o soubermos aproveitar.<\/p><p>\u00a0<\/p><p>2012 \u00e9 o Ano Europeu do Envelhecimento Activo e da Solidariedade entre Gera\u00e7\u00f5es no \u00e2mbito do qual estaremos presentes numa projectada digress\u00e3o pelo pa\u00eds, com o espect\u00e1culo que agora apresentamos de Clara Andermatt e com uma nova estreia no Outono. Um especial agradecimento \u00e9 devido ao Centro Cultural de Bel\u00e9m e \u00e0<\/p><p>Funda\u00e7\u00e3o EDP, que acompanham o projecto desde o in\u00edcio, e cujo apoio tem sido fundamental para a actividade da Companhia.<\/p><p>\u00a0<\/p><p>Abrir a possibilidade de inscri\u00e7\u00e3o da criatividade da idade maior nas nossas sociedades \u00e9, provavelmente, um dos grandes desafios do s\u00e9culo XXI e aqui, \u00e0 sua dimens\u00e3o, tamb\u00e9m o da Companhia Maior. N\u00e3o basta pensarmos s\u00f3 em termos econ\u00f3micos ou de sa\u00fade para que na sua velhice um homem continue um homem. Desde a juventude e maturidade at\u00e9 \u00e0 idade maior (e parafraseando novamente Simone de Beauvoir) \u201c\u00e9 todo um sistema que est\u00e1 em causa e a reivindica\u00e7\u00e3o s\u00f3 pode ser radical: mudar a vida\u201d.<\/p>\t\t\t\t\t\t<\/div>\n\t\t\t\t<\/div>\n\t\t\t\t<div class=\"elementor-element elementor-element-c61d234 elementor-widget elementor-widget-spacer\" data-id=\"c61d234\" data-element_type=\"widget\" data-widget_type=\"spacer.default\">\n\t\t\t\t<div class=\"elementor-widget-container\">\n\t\t\t\t\t<div class=\"elementor-spacer\">\n\t\t\t<div class=\"elementor-spacer-inner\"><\/div>\n\t\t<\/div>\n\t\t\t\t<\/div>\n\t\t\t\t<\/div>\n\t\t\t\t\t<\/div>\n\t\t<\/div>\n\t\t\t\t\t\t\t<\/div>\n\t\t<\/section>\n\t\t\t\t<section class=\"elementor-section elementor-top-section elementor-element elementor-element-454a460 elementor-section-boxed elementor-section-height-default elementor-section-height-default\" data-id=\"454a460\" data-element_type=\"section\">\n\t\t\t\t\t\t<div class=\"elementor-container elementor-column-gap-default\">\n\t\t\t\t\t<div class=\"elementor-column elementor-col-100 elementor-top-column elementor-element elementor-element-e8616da\" data-id=\"e8616da\" data-element_type=\"column\">\n\t\t\t<div class=\"elementor-widget-wrap elementor-element-populated\">\n\t\t\t\t\t\t\t\t<div class=\"elementor-element elementor-element-4201a9d elementor-widget elementor-widget-spacer\" data-id=\"4201a9d\" data-element_type=\"widget\" data-widget_type=\"spacer.default\">\n\t\t\t\t<div class=\"elementor-widget-container\">\n\t\t\t\t\t<div class=\"elementor-spacer\">\n\t\t\t<div class=\"elementor-spacer-inner\"><\/div>\n\t\t<\/div>\n\t\t\t\t<\/div>\n\t\t\t\t<\/div>\n\t\t\t\t<div class=\"elementor-element elementor-element-512897f elementor-widget elementor-widget-heading\" data-id=\"512897f\" data-element_type=\"widget\" data-widget_type=\"heading.default\">\n\t\t\t\t<div class=\"elementor-widget-container\">\n\t\t\t<h4 class=\"elementor-heading-title elementor-size-default\"><a href=\"https:\/\/companhiamaior.pt\/arquivo\/maior\/\" target=\"_blank\">&lt; Voltar P\u00e1gina Maior<\/a><\/h4>\t\t<\/div>\n\t\t\t\t<\/div>\n\t\t\t\t\t<\/div>\n\t\t<\/div>\n\t\t\t\t\t\t\t<\/div>\n\t\t<\/section>\n\t\t\t\t\t\t\t<\/div>\n\t\t","protected":false},"excerpt":{"rendered":"<p>Maior Textos A Vida at\u00e9 Al\u00e9m (t\u00edtulo de Luna Andermatt) Texto de Lu\u00edsa Taveira, e inclu\u00eddo na Folha de Sala Simone de Beauvoir diz que \u201cpara que o envelhecimento n\u00e3o seja uma rid\u00edcula imita\u00e7\u00e3o da nossa exist\u00eancia anterior, s\u00f3 existe uma solu\u00e7\u00e3o que \u00e9 a de continuar a perseguir o que d\u00e1 sentido \u00e0 nossa&hellip; <a class=\"more-link\" href=\"https:\/\/companhiamaior.pt\/arquivo\/textos-maior\/\">Continue reading <span class=\"screen-reader-text\">Textos Maior<\/span><\/a><\/p>\n","protected":false},"author":2,"featured_media":0,"parent":0,"menu_order":0,"comment_status":"closed","ping_status":"closed","template":"","meta":{"footnotes":""},"elenco":[],"autor":[],"titulo_da_obra":[],"ano":[],"fotografia-de":[],"espaco":[],"localidade":[],"notas":[],"sub-categoria":[],"data":[],"class_list":["post-3932","page","type-page","status-publish","hentry","entry"],"_links":{"self":[{"href":"https:\/\/companhiamaior.pt\/arquivo\/wp-json\/wp\/v2\/pages\/3932","targetHints":{"allow":["GET"]}}],"collection":[{"href":"https:\/\/companhiamaior.pt\/arquivo\/wp-json\/wp\/v2\/pages"}],"about":[{"href":"https:\/\/companhiamaior.pt\/arquivo\/wp-json\/wp\/v2\/types\/page"}],"author":[{"embeddable":true,"href":"https:\/\/companhiamaior.pt\/arquivo\/wp-json\/wp\/v2\/users\/2"}],"replies":[{"embeddable":true,"href":"https:\/\/companhiamaior.pt\/arquivo\/wp-json\/wp\/v2\/comments?post=3932"}],"version-history":[{"count":7,"href":"https:\/\/companhiamaior.pt\/arquivo\/wp-json\/wp\/v2\/pages\/3932\/revisions"}],"predecessor-version":[{"id":3939,"href":"https:\/\/companhiamaior.pt\/arquivo\/wp-json\/wp\/v2\/pages\/3932\/revisions\/3939"}],"wp:attachment":[{"href":"https:\/\/companhiamaior.pt\/arquivo\/wp-json\/wp\/v2\/media?parent=3932"}],"wp:term":[{"taxonomy":"elenco","embeddable":true,"href":"https:\/\/companhiamaior.pt\/arquivo\/wp-json\/wp\/v2\/elenco?post=3932"},{"taxonomy":"autor","embeddable":true,"href":"https:\/\/companhiamaior.pt\/arquivo\/wp-json\/wp\/v2\/autor?post=3932"},{"taxonomy":"titulo_da_obra","embeddable":true,"href":"https:\/\/companhiamaior.pt\/arquivo\/wp-json\/wp\/v2\/titulo_da_obra?post=3932"},{"taxonomy":"ano","embeddable":true,"href":"https:\/\/companhiamaior.pt\/arquivo\/wp-json\/wp\/v2\/ano?post=3932"},{"taxonomy":"fotografia-de","embeddable":true,"href":"https:\/\/companhiamaior.pt\/arquivo\/wp-json\/wp\/v2\/fotografia-de?post=3932"},{"taxonomy":"espaco","embeddable":true,"href":"https:\/\/companhiamaior.pt\/arquivo\/wp-json\/wp\/v2\/espaco?post=3932"},{"taxonomy":"localidade","embeddable":true,"href":"https:\/\/companhiamaior.pt\/arquivo\/wp-json\/wp\/v2\/localidade?post=3932"},{"taxonomy":"notas","embeddable":true,"href":"https:\/\/companhiamaior.pt\/arquivo\/wp-json\/wp\/v2\/notas?post=3932"},{"taxonomy":"sub-categoria","embeddable":true,"href":"https:\/\/companhiamaior.pt\/arquivo\/wp-json\/wp\/v2\/sub-categoria?post=3932"},{"taxonomy":"data","embeddable":true,"href":"https:\/\/companhiamaior.pt\/arquivo\/wp-json\/wp\/v2\/data?post=3932"}],"curies":[{"name":"wp","href":"https:\/\/api.w.org\/{rel}","templated":true}]}}