{"id":2792,"date":"2023-05-05T10:46:01","date_gmt":"2023-05-05T10:46:01","guid":{"rendered":"https:\/\/companhiamaior.pt\/arquivo\/?page_id=2792"},"modified":"2023-05-05T11:00:28","modified_gmt":"2023-05-05T11:00:28","slug":"programas-forca","status":"publish","type":"page","link":"https:\/\/companhiamaior.pt\/arquivo\/programas-forca\/","title":{"rendered":"Programas for\u00e7a"},"content":{"rendered":"\t\t<div data-elementor-type=\"wp-page\" data-elementor-id=\"2792\" class=\"elementor elementor-2792\">\n\t\t\t\t\t\t\t\t\t<section class=\"elementor-section elementor-top-section elementor-element elementor-element-4853017 elementor-section-boxed elementor-section-height-default elementor-section-height-default\" data-id=\"4853017\" data-element_type=\"section\">\n\t\t\t\t\t\t<div class=\"elementor-container elementor-column-gap-default\">\n\t\t\t\t\t<div class=\"elementor-column elementor-col-100 elementor-top-column elementor-element elementor-element-fe1b0bf\" data-id=\"fe1b0bf\" data-element_type=\"column\">\n\t\t\t<div class=\"elementor-widget-wrap elementor-element-populated\">\n\t\t\t\t\t\t\t\t<div class=\"elementor-element elementor-element-56e5927 elementor-widget elementor-widget-heading\" data-id=\"56e5927\" data-element_type=\"widget\" data-widget_type=\"heading.default\">\n\t\t\t\t<div class=\"elementor-widget-container\">\n\t\t\t<style>\/*! elementor - v3.13.3 - 28-05-2023 *\/\n.elementor-heading-title{padding:0;margin:0;line-height:1}.elementor-widget-heading .elementor-heading-title[class*=elementor-size-]>a{color:inherit;font-size:inherit;line-height:inherit}.elementor-widget-heading .elementor-heading-title.elementor-size-small{font-size:15px}.elementor-widget-heading .elementor-heading-title.elementor-size-medium{font-size:19px}.elementor-widget-heading .elementor-heading-title.elementor-size-large{font-size:29px}.elementor-widget-heading .elementor-heading-title.elementor-size-xl{font-size:39px}.elementor-widget-heading .elementor-heading-title.elementor-size-xxl{font-size:59px}<\/style><h2 class=\"elementor-heading-title elementor-size-default\">For\u00e7a<\/h2>\t\t<\/div>\n\t\t\t\t<\/div>\n\t\t\t\t<div class=\"elementor-element elementor-element-dd2118d elementor-widget elementor-widget-heading\" data-id=\"dd2118d\" data-element_type=\"widget\" data-widget_type=\"heading.default\">\n\t\t\t\t<div class=\"elementor-widget-container\">\n\t\t\t<h4 class=\"elementor-heading-title elementor-size-default\">Materiais de Comunica\u00e7\u00e3o<\/h4>\t\t<\/div>\n\t\t\t\t<\/div>\n\t\t\t\t<div class=\"elementor-element elementor-element-87e307c elementor-widget elementor-widget-heading\" data-id=\"87e307c\" data-element_type=\"widget\" data-widget_type=\"heading.default\">\n\t\t\t\t<div class=\"elementor-widget-container\">\n\t\t\t<h5 class=\"elementor-heading-title elementor-size-default\">Programas<\/h5>\t\t<\/div>\n\t\t\t\t<\/div>\n\t\t\t\t<div class=\"elementor-element elementor-element-0b0fc11 elementor-widget elementor-widget-spacer\" data-id=\"0b0fc11\" data-element_type=\"widget\" data-widget_type=\"spacer.default\">\n\t\t\t\t<div class=\"elementor-widget-container\">\n\t\t\t<style>\/*! elementor - v3.13.3 - 28-05-2023 *\/\n.elementor-column .elementor-spacer-inner{height:var(--spacer-size)}.e-con{--container-widget-width:100%}.e-con-inner>.elementor-widget-spacer,.e-con>.elementor-widget-spacer{width:var(--container-widget-width,var(--spacer-size));--align-self:var(--container-widget-align-self,initial);--flex-shrink:0}.e-con-inner>.elementor-widget-spacer>.elementor-widget-container,.e-con-inner>.elementor-widget-spacer>.elementor-widget-container>.elementor-spacer,.e-con>.elementor-widget-spacer>.elementor-widget-container,.e-con>.elementor-widget-spacer>.elementor-widget-container>.elementor-spacer{height:100%}.e-con-inner>.elementor-widget-spacer>.elementor-widget-container>.elementor-spacer>.elementor-spacer-inner,.e-con>.elementor-widget-spacer>.elementor-widget-container>.elementor-spacer>.elementor-spacer-inner{height:var(--container-widget-height,var(--spacer-size))}<\/style>\t\t<div class=\"elementor-spacer\">\n\t\t\t<div class=\"elementor-spacer-inner\"><\/div>\n\t\t<\/div>\n\t\t\t\t<\/div>\n\t\t\t\t<\/div>\n\t\t\t\t\t<\/div>\n\t\t<\/div>\n\t\t\t\t\t\t\t<\/div>\n\t\t<\/section>\n\t\t\t\t<section class=\"elementor-section elementor-top-section elementor-element elementor-element-55cb8c7 elementor-section-boxed elementor-section-height-default elementor-section-height-default\" data-id=\"55cb8c7\" data-element_type=\"section\">\n\t\t\t\t\t\t<div class=\"elementor-container elementor-column-gap-default\">\n\t\t\t\t\t<div class=\"elementor-column elementor-col-33 elementor-top-column elementor-element elementor-element-3bab94a\" data-id=\"3bab94a\" data-element_type=\"column\">\n\t\t\t<div class=\"elementor-widget-wrap elementor-element-populated\">\n\t\t\t\t\t\t\t\t<div class=\"elementor-element elementor-element-f0b9233 elementor-widget elementor-widget-text-editor\" data-id=\"f0b9233\" data-element_type=\"widget\" data-widget_type=\"text-editor.default\">\n\t\t\t\t<div class=\"elementor-widget-container\">\n\t\t\t<style>\/*! elementor - v3.13.3 - 28-05-2023 *\/\n.elementor-widget-text-editor.elementor-drop-cap-view-stacked .elementor-drop-cap{background-color:#69727d;color:#fff}.elementor-widget-text-editor.elementor-drop-cap-view-framed .elementor-drop-cap{color:#69727d;border:3px solid;background-color:transparent}.elementor-widget-text-editor:not(.elementor-drop-cap-view-default) .elementor-drop-cap{margin-top:8px}.elementor-widget-text-editor:not(.elementor-drop-cap-view-default) .elementor-drop-cap-letter{width:1em;height:1em}.elementor-widget-text-editor .elementor-drop-cap{float:left;text-align:center;line-height:1;font-size:50px}.elementor-widget-text-editor .elementor-drop-cap-letter{display:inline-block}<\/style>\t\t\t\t<h6><strong>Refer\u00eancia:<\/strong><\/h6><h6><span style=\"color: #993300;\">008_COM_PRO (2)<\/span><\/h6><h6>\u00a0<\/h6><h6><strong>T\u00edtulo da Obra:<\/strong><\/h6><h6><span style=\"color: #993300;\">For\u00e7a<\/span><\/h6><h6>\u00a0<\/h6><h6><strong>Ano:<\/strong><\/h6><h6><span style=\"color: #993300;\">2015<\/span><\/h6>\t\t\t\t\t\t<\/div>\n\t\t\t\t<\/div>\n\t\t\t\t\t<\/div>\n\t\t<\/div>\n\t\t\t\t<div class=\"elementor-column elementor-col-33 elementor-top-column elementor-element elementor-element-138491b\" data-id=\"138491b\" data-element_type=\"column\">\n\t\t\t<div class=\"elementor-widget-wrap elementor-element-populated\">\n\t\t\t\t\t\t\t\t<div class=\"elementor-element elementor-element-062d9bc elementor-widget elementor-widget-text-editor\" data-id=\"062d9bc\" data-element_type=\"widget\" data-widget_type=\"text-editor.default\">\n\t\t\t\t<div class=\"elementor-widget-container\">\n\t\t\t\t\t\t\t<h6><strong>Autor:<\/strong><\/h6><h6><span style=\"color: #993300;\">Filipa Francisco<\/span><\/h6><h6>\u00a0<\/h6><h6><strong>Categoria:<\/strong><\/h6><h6><span style=\"color: #993300;\">Comunica\u00e7\u00e3o<\/span><\/h6><h6>\u00a0<\/h6><h6><strong>Subcategoria:<\/strong><\/h6><h6><span style=\"color: #993300;\">Programas<\/span><\/h6>\t\t\t\t\t\t<\/div>\n\t\t\t\t<\/div>\n\t\t\t\t\t<\/div>\n\t\t<\/div>\n\t\t\t\t<div class=\"elementor-column elementor-col-33 elementor-top-column elementor-element elementor-element-9ad5031\" data-id=\"9ad5031\" data-element_type=\"column\">\n\t\t\t<div class=\"elementor-widget-wrap elementor-element-populated\">\n\t\t\t\t\t\t\t\t<div class=\"elementor-element elementor-element-9ce2ce0 elementor-widget elementor-widget-text-editor\" data-id=\"9ce2ce0\" data-element_type=\"widget\" data-widget_type=\"text-editor.default\">\n\t\t\t\t<div class=\"elementor-widget-container\">\n\t\t\t\t\t\t\t<h6><strong>Espa\u00e7o:<\/strong><\/h6><h6><span style=\"color: #993300;\">Centro Cultural de Bel\u00e9m<\/span><\/h6><h6>\u00a0<\/h6><h6><strong>Localidade:<\/strong><\/h6><h6><span style=\"color: #993300;\">Lisboa<\/span><\/h6>\t\t\t\t\t\t<\/div>\n\t\t\t\t<\/div>\n\t\t\t\t\t<\/div>\n\t\t<\/div>\n\t\t\t\t\t\t\t<\/div>\n\t\t<\/section>\n\t\t\t\t<section class=\"elementor-section elementor-top-section elementor-element elementor-element-a0e6522 elementor-section-boxed elementor-section-height-default elementor-section-height-default\" data-id=\"a0e6522\" data-element_type=\"section\">\n\t\t\t\t\t\t<div class=\"elementor-container elementor-column-gap-default\">\n\t\t\t\t\t<div class=\"elementor-column elementor-col-100 elementor-top-column elementor-element elementor-element-e386c76\" data-id=\"e386c76\" data-element_type=\"column\">\n\t\t\t<div class=\"elementor-widget-wrap elementor-element-populated\">\n\t\t\t\t\t\t\t\t<div class=\"elementor-element elementor-element-2c54e0d elementor-widget elementor-widget-spacer\" data-id=\"2c54e0d\" data-element_type=\"widget\" data-widget_type=\"spacer.default\">\n\t\t\t\t<div class=\"elementor-widget-container\">\n\t\t\t\t\t<div class=\"elementor-spacer\">\n\t\t\t<div class=\"elementor-spacer-inner\"><\/div>\n\t\t<\/div>\n\t\t\t\t<\/div>\n\t\t\t\t<\/div>\n\t\t\t\t<div class=\"elementor-element elementor-element-5f34532 elementor-widget elementor-widget-pdfjs_viewer\" data-id=\"5f34532\" data-element_type=\"widget\" data-widget_type=\"pdfjs_viewer.default\">\n\t\t\t\t<div class=\"elementor-widget-container\">\n\t\t\t<iframe src=\"https:\/\/companhiamaior.pt\/arquivo\/wp-content\/plugins\/pdf-viewer-for-elementor\/assets\/pdfjs\/web\/viewer.html?file=https:\/\/companhiamaior.pt\/arquivo\/wp-content\/uploads\/2023\/05\/008_COM_PRO-2.pdf&amp;embedded=true\" style=\"display: block; margin-left: auto; margin-right: auto; width: 100%; height: 800px;\" frameborder=\"1\" marginheight=\"0px\" marginwidth=\"0px\" allowfullscreen><\/iframe>\t\t<\/div>\n\t\t\t\t<\/div>\n\t\t\t\t\t<\/div>\n\t\t<\/div>\n\t\t\t\t\t\t\t<\/div>\n\t\t<\/section>\n\t\t\t\t<section class=\"elementor-section elementor-top-section elementor-element elementor-element-82dbf8e elementor-section-boxed elementor-section-height-default elementor-section-height-default\" data-id=\"82dbf8e\" data-element_type=\"section\">\n\t\t\t\t\t\t<div class=\"elementor-container elementor-column-gap-default\">\n\t\t\t\t\t<div class=\"elementor-column elementor-col-100 elementor-top-column elementor-element elementor-element-7e8537f\" data-id=\"7e8537f\" data-element_type=\"column\">\n\t\t\t<div class=\"elementor-widget-wrap elementor-element-populated\">\n\t\t\t\t\t\t\t\t<div class=\"elementor-element elementor-element-bef9e68 elementor-widget elementor-widget-spacer\" data-id=\"bef9e68\" data-element_type=\"widget\" data-widget_type=\"spacer.default\">\n\t\t\t\t<div class=\"elementor-widget-container\">\n\t\t\t\t\t<div class=\"elementor-spacer\">\n\t\t\t<div class=\"elementor-spacer-inner\"><\/div>\n\t\t<\/div>\n\t\t\t\t<\/div>\n\t\t\t\t<\/div>\n\t\t\t\t<div class=\"elementor-element elementor-element-463d750 elementor-widget elementor-widget-heading\" data-id=\"463d750\" data-element_type=\"widget\" data-widget_type=\"heading.default\">\n\t\t\t\t<div class=\"elementor-widget-container\">\n\t\t\t<h4 class=\"elementor-heading-title elementor-size-default\">Outros Materiais de Comunica\u00e7\u00e3o<\/h4>\t\t<\/div>\n\t\t\t\t<\/div>\n\t\t\t\t<div class=\"elementor-element elementor-element-f1896c1 elementor-widget elementor-widget-spacer\" data-id=\"f1896c1\" data-element_type=\"widget\" data-widget_type=\"spacer.default\">\n\t\t\t\t<div class=\"elementor-widget-container\">\n\t\t\t\t\t<div class=\"elementor-spacer\">\n\t\t\t<div class=\"elementor-spacer-inner\"><\/div>\n\t\t<\/div>\n\t\t\t\t<\/div>\n\t\t\t\t<\/div>\n\t\t\t\t\t<\/div>\n\t\t<\/div>\n\t\t\t\t\t\t\t<\/div>\n\t\t<\/section>\n\t\t\t\t<section class=\"elementor-section elementor-top-section elementor-element elementor-element-08be0f6 elementor-section-boxed elementor-section-height-default elementor-section-height-default\" data-id=\"08be0f6\" data-element_type=\"section\">\n\t\t\t\t\t\t<div class=\"elementor-container elementor-column-gap-default\">\n\t\t\t\t\t<div class=\"elementor-column elementor-col-20 elementor-top-column elementor-element elementor-element-467b712\" data-id=\"467b712\" data-element_type=\"column\">\n\t\t\t<div class=\"elementor-widget-wrap elementor-element-populated\">\n\t\t\t\t\t\t\t\t<div class=\"elementor-element elementor-element-5d2fec0 elementor-widget elementor-widget-image\" data-id=\"5d2fec0\" data-element_type=\"widget\" data-widget_type=\"image.default\">\n\t\t\t\t<div class=\"elementor-widget-container\">\n\t\t\t<style>\/*! elementor - v3.13.3 - 28-05-2023 *\/\n.elementor-widget-image{text-align:center}.elementor-widget-image a{display:inline-block}.elementor-widget-image a img[src$=\".svg\"]{width:48px}.elementor-widget-image img{vertical-align:middle;display:inline-block}<\/style>\t\t\t\t\t\t\t\t\t\t\t\t\t<a href=\"https:\/\/companhiamaior.pt\/arquivo\/cartaz-forca\/\" target=\"_blank\">\n\t\t\t\t\t\t\t<img loading=\"lazy\" decoding=\"async\" width=\"227\" height=\"300\" src=\"https:\/\/companhiamaior.pt\/arquivo\/wp-content\/uploads\/2023\/05\/008_COM_CAR-1-227x300.jpg\" class=\"attachment-medium size-medium wp-image-2761\" alt=\"\" srcset=\"https:\/\/companhiamaior.pt\/arquivo\/wp-content\/uploads\/2023\/05\/008_COM_CAR-1-227x300.jpg 227w, https:\/\/companhiamaior.pt\/arquivo\/wp-content\/uploads\/2023\/05\/008_COM_CAR-1-776x1024.jpg 776w, https:\/\/companhiamaior.pt\/arquivo\/wp-content\/uploads\/2023\/05\/008_COM_CAR-1-768x1014.jpg 768w, https:\/\/companhiamaior.pt\/arquivo\/wp-content\/uploads\/2023\/05\/008_COM_CAR-1.jpg 1080w\" sizes=\"auto, (max-width: 227px) 100vw, 227px\" style=\"width:100%;height:132.04%;max-width:1080px\" \/>\t\t\t\t\t\t\t\t<\/a>\n\t\t\t\t\t\t\t\t\t\t\t\t\t\t\t<\/div>\n\t\t\t\t<\/div>\n\t\t\t\t<div class=\"elementor-element elementor-element-2053747 elementor-widget elementor-widget-text-editor\" data-id=\"2053747\" data-element_type=\"widget\" data-widget_type=\"text-editor.default\">\n\t\t\t\t<div class=\"elementor-widget-container\">\n\t\t\t\t\t\t\t<p><a href=\"https:\/\/companhiamaior.pt\/arquivo\/cartaz-forca\/\" target=\"_blank\" rel=\"noopener\"><b>Cartaz<\/b><\/a><\/p>\t\t\t\t\t\t<\/div>\n\t\t\t\t<\/div>\n\t\t\t\t\t<\/div>\n\t\t<\/div>\n\t\t\t\t<div class=\"elementor-column elementor-col-20 elementor-top-column elementor-element elementor-element-209daf7\" data-id=\"209daf7\" data-element_type=\"column\">\n\t\t\t<div class=\"elementor-widget-wrap elementor-element-populated\">\n\t\t\t\t\t\t\t\t<div class=\"elementor-element elementor-element-22d9a14 elementor-widget elementor-widget-image\" data-id=\"22d9a14\" data-element_type=\"widget\" data-widget_type=\"image.default\">\n\t\t\t\t<div class=\"elementor-widget-container\">\n\t\t\t\t\t\t\t\t\t\t\t\t\t\t\t\t<a href=\"https:\/\/companhiamaior.pt\/arquivo\/folha-de-sala-forca\/\" target=\"_blank\">\n\t\t\t\t\t\t\t<img loading=\"lazy\" decoding=\"async\" width=\"227\" height=\"300\" src=\"https:\/\/companhiamaior.pt\/arquivo\/wp-content\/uploads\/2023\/05\/008_COM_CAR-1-227x300.jpg\" class=\"attachment-medium size-medium wp-image-2761\" alt=\"\" srcset=\"https:\/\/companhiamaior.pt\/arquivo\/wp-content\/uploads\/2023\/05\/008_COM_CAR-1-227x300.jpg 227w, https:\/\/companhiamaior.pt\/arquivo\/wp-content\/uploads\/2023\/05\/008_COM_CAR-1-776x1024.jpg 776w, https:\/\/companhiamaior.pt\/arquivo\/wp-content\/uploads\/2023\/05\/008_COM_CAR-1-768x1014.jpg 768w, https:\/\/companhiamaior.pt\/arquivo\/wp-content\/uploads\/2023\/05\/008_COM_CAR-1.jpg 1080w\" sizes=\"auto, (max-width: 227px) 100vw, 227px\" style=\"width:100%;height:132.04%;max-width:1080px\" \/>\t\t\t\t\t\t\t\t<\/a>\n\t\t\t\t\t\t\t\t\t\t\t\t\t\t\t<\/div>\n\t\t\t\t<\/div>\n\t\t\t\t<div class=\"elementor-element elementor-element-ce4c979 elementor-widget elementor-widget-text-editor\" data-id=\"ce4c979\" data-element_type=\"widget\" data-widget_type=\"text-editor.default\">\n\t\t\t\t<div class=\"elementor-widget-container\">\n\t\t\t\t\t\t\t<p><a href=\"https:\/\/companhiamaior.pt\/arquivo\/folha-de-sala-forca\/\" target=\"_blank\" rel=\"noopener\"><strong>Folha de Sala<\/strong><\/a><\/p>\t\t\t\t\t\t<\/div>\n\t\t\t\t<\/div>\n\t\t\t\t\t<\/div>\n\t\t<\/div>\n\t\t\t\t<div class=\"elementor-column elementor-col-20 elementor-top-column elementor-element elementor-element-14f8ba6\" data-id=\"14f8ba6\" data-element_type=\"column\">\n\t\t\t<div class=\"elementor-widget-wrap elementor-element-populated\">\n\t\t\t\t\t\t\t\t<div class=\"elementor-element elementor-element-bfa6435 elementor-widget elementor-widget-image\" data-id=\"bfa6435\" data-element_type=\"widget\" data-widget_type=\"image.default\">\n\t\t\t\t<div class=\"elementor-widget-container\">\n\t\t\t\t\t\t\t\t\t\t\t\t\t\t\t\t<a href=\"https:\/\/companhiamaior.pt\/arquivo\/imprensa-forca\/\" target=\"_blank\">\n\t\t\t\t\t\t\t<img loading=\"lazy\" decoding=\"async\" width=\"227\" height=\"300\" src=\"https:\/\/companhiamaior.pt\/arquivo\/wp-content\/uploads\/2023\/05\/008_COM_CAR-1-227x300.jpg\" class=\"attachment-medium size-medium wp-image-2761\" alt=\"\" srcset=\"https:\/\/companhiamaior.pt\/arquivo\/wp-content\/uploads\/2023\/05\/008_COM_CAR-1-227x300.jpg 227w, https:\/\/companhiamaior.pt\/arquivo\/wp-content\/uploads\/2023\/05\/008_COM_CAR-1-776x1024.jpg 776w, https:\/\/companhiamaior.pt\/arquivo\/wp-content\/uploads\/2023\/05\/008_COM_CAR-1-768x1014.jpg 768w, https:\/\/companhiamaior.pt\/arquivo\/wp-content\/uploads\/2023\/05\/008_COM_CAR-1.jpg 1080w\" sizes=\"auto, (max-width: 227px) 100vw, 227px\" style=\"width:100%;height:132.04%;max-width:1080px\" \/>\t\t\t\t\t\t\t\t<\/a>\n\t\t\t\t\t\t\t\t\t\t\t\t\t\t\t<\/div>\n\t\t\t\t<\/div>\n\t\t\t\t<div class=\"elementor-element elementor-element-915be67 elementor-widget elementor-widget-text-editor\" data-id=\"915be67\" data-element_type=\"widget\" data-widget_type=\"text-editor.default\">\n\t\t\t\t<div class=\"elementor-widget-container\">\n\t\t\t\t\t\t\t<p><span style=\"color: #000000;\"><a style=\"color: #000000;\" href=\"https:\/\/companhiamaior.pt\/arquivo\/imprensa-forca\/\" target=\"_blank\" rel=\"noopener\"><b>Imprensa<\/b><\/a><\/span><\/p>\t\t\t\t\t\t<\/div>\n\t\t\t\t<\/div>\n\t\t\t\t\t<\/div>\n\t\t<\/div>\n\t\t\t\t<div class=\"elementor-column elementor-col-20 elementor-top-column elementor-element elementor-element-42502d0\" data-id=\"42502d0\" data-element_type=\"column\">\n\t\t\t<div class=\"elementor-widget-wrap elementor-element-populated\">\n\t\t\t\t\t\t\t\t<div class=\"elementor-element elementor-element-ce29af9 elementor-widget elementor-widget-image\" data-id=\"ce29af9\" data-element_type=\"widget\" data-widget_type=\"image.default\">\n\t\t\t\t<div class=\"elementor-widget-container\">\n\t\t\t\t\t\t\t\t\t\t\t\t\t\t\t\t<a href=\"https:\/\/companhiamaior.pt\/arquivo\/outros-forca\/\" target=\"_blank\">\n\t\t\t\t\t\t\t<img loading=\"lazy\" decoding=\"async\" width=\"227\" height=\"300\" src=\"https:\/\/companhiamaior.pt\/arquivo\/wp-content\/uploads\/2023\/05\/008_COM_CAR-1-227x300.jpg\" class=\"attachment-medium size-medium wp-image-2761\" alt=\"\" srcset=\"https:\/\/companhiamaior.pt\/arquivo\/wp-content\/uploads\/2023\/05\/008_COM_CAR-1-227x300.jpg 227w, https:\/\/companhiamaior.pt\/arquivo\/wp-content\/uploads\/2023\/05\/008_COM_CAR-1-776x1024.jpg 776w, https:\/\/companhiamaior.pt\/arquivo\/wp-content\/uploads\/2023\/05\/008_COM_CAR-1-768x1014.jpg 768w, https:\/\/companhiamaior.pt\/arquivo\/wp-content\/uploads\/2023\/05\/008_COM_CAR-1.jpg 1080w\" sizes=\"auto, (max-width: 227px) 100vw, 227px\" style=\"width:100%;height:132.04%;max-width:1080px\" \/>\t\t\t\t\t\t\t\t<\/a>\n\t\t\t\t\t\t\t\t\t\t\t\t\t\t\t<\/div>\n\t\t\t\t<\/div>\n\t\t\t\t<div class=\"elementor-element elementor-element-a7f67a5 elementor-widget elementor-widget-text-editor\" data-id=\"a7f67a5\" data-element_type=\"widget\" data-widget_type=\"text-editor.default\">\n\t\t\t\t<div class=\"elementor-widget-container\">\n\t\t\t\t\t\t\t<p><a href=\"https:\/\/companhiamaior.pt\/arquivo\/outros-forca\/\" target=\"_blank\" rel=\"noopener\"><span style=\"color: #000000;\"><b>Outros<\/b><\/span><\/a><\/p>\t\t\t\t\t\t<\/div>\n\t\t\t\t<\/div>\n\t\t\t\t\t<\/div>\n\t\t<\/div>\n\t\t\t\t<div class=\"elementor-column elementor-col-20 elementor-top-column elementor-element elementor-element-3e17cea\" data-id=\"3e17cea\" data-element_type=\"column\">\n\t\t\t<div class=\"elementor-widget-wrap\">\n\t\t\t\t\t\t\t\t\t<\/div>\n\t\t<\/div>\n\t\t\t\t\t\t\t<\/div>\n\t\t<\/section>\n\t\t\t\t<section class=\"elementor-section elementor-top-section elementor-element elementor-element-ed54076 elementor-section-boxed elementor-section-height-default elementor-section-height-default\" data-id=\"ed54076\" data-element_type=\"section\">\n\t\t\t\t\t\t<div class=\"elementor-container elementor-column-gap-default\">\n\t\t\t\t\t<div class=\"elementor-column elementor-col-100 elementor-top-column elementor-element elementor-element-0d3c445\" data-id=\"0d3c445\" data-element_type=\"column\">\n\t\t\t<div class=\"elementor-widget-wrap elementor-element-populated\">\n\t\t\t\t\t\t\t\t<div class=\"elementor-element elementor-element-c58ea44 elementor-widget elementor-widget-spacer\" data-id=\"c58ea44\" data-element_type=\"widget\" data-widget_type=\"spacer.default\">\n\t\t\t\t<div class=\"elementor-widget-container\">\n\t\t\t\t\t<div class=\"elementor-spacer\">\n\t\t\t<div class=\"elementor-spacer-inner\"><\/div>\n\t\t<\/div>\n\t\t\t\t<\/div>\n\t\t\t\t<\/div>\n\t\t\t\t<div class=\"elementor-element elementor-element-420c4d1 elementor-widget elementor-widget-heading\" data-id=\"420c4d1\" data-element_type=\"widget\" data-widget_type=\"heading.default\">\n\t\t\t\t<div class=\"elementor-widget-container\">\n\t\t\t<h4 class=\"elementor-heading-title elementor-size-default\"><a href=\"https:\/\/companhiamaior.pt\/arquivo\/forca\/\" target=\"_blank\">< Voltar P\u00e1gina For\u00e7a<\/a><\/h4>\t\t<\/div>\n\t\t\t\t<\/div>\n\t\t\t\t\t<\/div>\n\t\t<\/div>\n\t\t\t\t\t\t\t<\/div>\n\t\t<\/section>\n\t\t\t\t\t\t\t<\/div>\n\t\t","protected":false},"excerpt":{"rendered":"<p>For\u00e7a Materiais de Comunica\u00e7\u00e3o Programas Refer\u00eancia: 008_COM_PRO (2) \u00a0 T\u00edtulo da Obra: For\u00e7a \u00a0 Ano: 2015 Autor: Filipa Francisco \u00a0 Categoria: Comunica\u00e7\u00e3o \u00a0 Subcategoria: Programas Espa\u00e7o: Centro Cultural de Bel\u00e9m \u00a0 Localidade: Lisboa Outros Materiais de Comunica\u00e7\u00e3o Cartaz Folha de Sala Imprensa Outros < Voltar P\u00e1gina For\u00e7a\n<\/p>\n","protected":false},"author":2,"featured_media":0,"parent":0,"menu_order":0,"comment_status":"closed","ping_status":"closed","template":"","meta":{"footnotes":""},"elenco":[],"autor":[],"titulo_da_obra":[],"ano":[],"fotografia-de":[],"espaco":[],"localidade":[],"notas":[],"sub-categoria":[],"data":[],"class_list":["post-2792","page","type-page","status-publish","hentry","entry"],"_links":{"self":[{"href":"https:\/\/companhiamaior.pt\/arquivo\/wp-json\/wp\/v2\/pages\/2792","targetHints":{"allow":["GET"]}}],"collection":[{"href":"https:\/\/companhiamaior.pt\/arquivo\/wp-json\/wp\/v2\/pages"}],"about":[{"href":"https:\/\/companhiamaior.pt\/arquivo\/wp-json\/wp\/v2\/types\/page"}],"author":[{"embeddable":true,"href":"https:\/\/companhiamaior.pt\/arquivo\/wp-json\/wp\/v2\/users\/2"}],"replies":[{"embeddable":true,"href":"https:\/\/companhiamaior.pt\/arquivo\/wp-json\/wp\/v2\/comments?post=2792"}],"version-history":[{"count":7,"href":"https:\/\/companhiamaior.pt\/arquivo\/wp-json\/wp\/v2\/pages\/2792\/revisions"}],"predecessor-version":[{"id":2820,"href":"https:\/\/companhiamaior.pt\/arquivo\/wp-json\/wp\/v2\/pages\/2792\/revisions\/2820"}],"wp:attachment":[{"href":"https:\/\/companhiamaior.pt\/arquivo\/wp-json\/wp\/v2\/media?parent=2792"}],"wp:term":[{"taxonomy":"elenco","embeddable":true,"href":"https:\/\/companhiamaior.pt\/arquivo\/wp-json\/wp\/v2\/elenco?post=2792"},{"taxonomy":"autor","embeddable":true,"href":"https:\/\/companhiamaior.pt\/arquivo\/wp-json\/wp\/v2\/autor?post=2792"},{"taxonomy":"titulo_da_obra","embeddable":true,"href":"https:\/\/companhiamaior.pt\/arquivo\/wp-json\/wp\/v2\/titulo_da_obra?post=2792"},{"taxonomy":"ano","embeddable":true,"href":"https:\/\/companhiamaior.pt\/arquivo\/wp-json\/wp\/v2\/ano?post=2792"},{"taxonomy":"fotografia-de","embeddable":true,"href":"https:\/\/companhiamaior.pt\/arquivo\/wp-json\/wp\/v2\/fotografia-de?post=2792"},{"taxonomy":"espaco","embeddable":true,"href":"https:\/\/companhiamaior.pt\/arquivo\/wp-json\/wp\/v2\/espaco?post=2792"},{"taxonomy":"localidade","embeddable":true,"href":"https:\/\/companhiamaior.pt\/arquivo\/wp-json\/wp\/v2\/localidade?post=2792"},{"taxonomy":"notas","embeddable":true,"href":"https:\/\/companhiamaior.pt\/arquivo\/wp-json\/wp\/v2\/notas?post=2792"},{"taxonomy":"sub-categoria","embeddable":true,"href":"https:\/\/companhiamaior.pt\/arquivo\/wp-json\/wp\/v2\/sub-categoria?post=2792"},{"taxonomy":"data","embeddable":true,"href":"https:\/\/companhiamaior.pt\/arquivo\/wp-json\/wp\/v2\/data?post=2792"}],"curies":[{"name":"wp","href":"https:\/\/api.w.org\/{rel}","templated":true}]}}