{"id":2765,"date":"2023-05-05T09:00:03","date_gmt":"2023-05-05T09:00:03","guid":{"rendered":"https:\/\/companhiamaior.pt\/arquivo\/?page_id=2765"},"modified":"2023-05-05T11:01:23","modified_gmt":"2023-05-05T11:01:23","slug":"folha-de-sala-forca","status":"publish","type":"page","link":"https:\/\/companhiamaior.pt\/arquivo\/folha-de-sala-forca\/","title":{"rendered":"Folha de sala for\u00e7a"},"content":{"rendered":"\t\t<div data-elementor-type=\"wp-page\" data-elementor-id=\"2765\" class=\"elementor elementor-2765\">\n\t\t\t\t\t\t\t\t\t<section class=\"elementor-section elementor-top-section elementor-element elementor-element-43c146d elementor-section-boxed elementor-section-height-default elementor-section-height-default\" data-id=\"43c146d\" data-element_type=\"section\">\n\t\t\t\t\t\t<div class=\"elementor-container elementor-column-gap-default\">\n\t\t\t\t\t<div class=\"elementor-column elementor-col-100 elementor-top-column elementor-element elementor-element-c65af3a\" data-id=\"c65af3a\" data-element_type=\"column\">\n\t\t\t<div class=\"elementor-widget-wrap elementor-element-populated\">\n\t\t\t\t\t\t\t\t<div class=\"elementor-element elementor-element-9e634e8 elementor-widget elementor-widget-heading\" data-id=\"9e634e8\" data-element_type=\"widget\" data-widget_type=\"heading.default\">\n\t\t\t\t<div class=\"elementor-widget-container\">\n\t\t\t<style>\/*! elementor - v3.13.3 - 28-05-2023 *\/\n.elementor-heading-title{padding:0;margin:0;line-height:1}.elementor-widget-heading .elementor-heading-title[class*=elementor-size-]>a{color:inherit;font-size:inherit;line-height:inherit}.elementor-widget-heading .elementor-heading-title.elementor-size-small{font-size:15px}.elementor-widget-heading .elementor-heading-title.elementor-size-medium{font-size:19px}.elementor-widget-heading .elementor-heading-title.elementor-size-large{font-size:29px}.elementor-widget-heading .elementor-heading-title.elementor-size-xl{font-size:39px}.elementor-widget-heading .elementor-heading-title.elementor-size-xxl{font-size:59px}<\/style><h2 class=\"elementor-heading-title elementor-size-default\">For\u00e7a<\/h2>\t\t<\/div>\n\t\t\t\t<\/div>\n\t\t\t\t<div class=\"elementor-element elementor-element-c79fb84 elementor-widget elementor-widget-heading\" data-id=\"c79fb84\" data-element_type=\"widget\" data-widget_type=\"heading.default\">\n\t\t\t\t<div class=\"elementor-widget-container\">\n\t\t\t<h4 class=\"elementor-heading-title elementor-size-default\">Materiais de Comunica\u00e7\u00e3o<\/h4>\t\t<\/div>\n\t\t\t\t<\/div>\n\t\t\t\t<div class=\"elementor-element elementor-element-793d1e4 elementor-widget elementor-widget-heading\" data-id=\"793d1e4\" data-element_type=\"widget\" data-widget_type=\"heading.default\">\n\t\t\t\t<div class=\"elementor-widget-container\">\n\t\t\t<h5 class=\"elementor-heading-title elementor-size-default\">Folha de Sala<\/h5>\t\t<\/div>\n\t\t\t\t<\/div>\n\t\t\t\t<div class=\"elementor-element elementor-element-4091d40 elementor-widget elementor-widget-spacer\" data-id=\"4091d40\" data-element_type=\"widget\" data-widget_type=\"spacer.default\">\n\t\t\t\t<div class=\"elementor-widget-container\">\n\t\t\t<style>\/*! elementor - v3.13.3 - 28-05-2023 *\/\n.elementor-column .elementor-spacer-inner{height:var(--spacer-size)}.e-con{--container-widget-width:100%}.e-con-inner>.elementor-widget-spacer,.e-con>.elementor-widget-spacer{width:var(--container-widget-width,var(--spacer-size));--align-self:var(--container-widget-align-self,initial);--flex-shrink:0}.e-con-inner>.elementor-widget-spacer>.elementor-widget-container,.e-con-inner>.elementor-widget-spacer>.elementor-widget-container>.elementor-spacer,.e-con>.elementor-widget-spacer>.elementor-widget-container,.e-con>.elementor-widget-spacer>.elementor-widget-container>.elementor-spacer{height:100%}.e-con-inner>.elementor-widget-spacer>.elementor-widget-container>.elementor-spacer>.elementor-spacer-inner,.e-con>.elementor-widget-spacer>.elementor-widget-container>.elementor-spacer>.elementor-spacer-inner{height:var(--container-widget-height,var(--spacer-size))}<\/style>\t\t<div class=\"elementor-spacer\">\n\t\t\t<div class=\"elementor-spacer-inner\"><\/div>\n\t\t<\/div>\n\t\t\t\t<\/div>\n\t\t\t\t<\/div>\n\t\t\t\t\t<\/div>\n\t\t<\/div>\n\t\t\t\t\t\t\t<\/div>\n\t\t<\/section>\n\t\t\t\t<section class=\"elementor-section elementor-top-section elementor-element elementor-element-b0969d1 elementor-section-boxed elementor-section-height-default elementor-section-height-default\" data-id=\"b0969d1\" data-element_type=\"section\">\n\t\t\t\t\t\t<div class=\"elementor-container elementor-column-gap-default\">\n\t\t\t\t\t<div class=\"elementor-column elementor-col-33 elementor-top-column elementor-element elementor-element-b77b7fe\" data-id=\"b77b7fe\" data-element_type=\"column\">\n\t\t\t<div class=\"elementor-widget-wrap elementor-element-populated\">\n\t\t\t\t\t\t\t\t<div class=\"elementor-element elementor-element-76d4313 elementor-widget elementor-widget-text-editor\" data-id=\"76d4313\" data-element_type=\"widget\" data-widget_type=\"text-editor.default\">\n\t\t\t\t<div class=\"elementor-widget-container\">\n\t\t\t<style>\/*! elementor - v3.13.3 - 28-05-2023 *\/\n.elementor-widget-text-editor.elementor-drop-cap-view-stacked .elementor-drop-cap{background-color:#69727d;color:#fff}.elementor-widget-text-editor.elementor-drop-cap-view-framed .elementor-drop-cap{color:#69727d;border:3px solid;background-color:transparent}.elementor-widget-text-editor:not(.elementor-drop-cap-view-default) .elementor-drop-cap{margin-top:8px}.elementor-widget-text-editor:not(.elementor-drop-cap-view-default) .elementor-drop-cap-letter{width:1em;height:1em}.elementor-widget-text-editor .elementor-drop-cap{float:left;text-align:center;line-height:1;font-size:50px}.elementor-widget-text-editor .elementor-drop-cap-letter{display:inline-block}<\/style>\t\t\t\t<h6><strong>Refer\u00eancia:<\/strong><\/h6><h6><span style=\"color: #993300;\">008_COM_FS<\/span><\/h6><h6>\u00a0<\/h6><h6><strong>T\u00edtulo da Obra:<\/strong><\/h6><h6><span style=\"color: #993300;\">For\u00e7a<\/span><\/h6><h6>\u00a0<\/h6><h6><strong>Ano:<\/strong><\/h6><h6><span style=\"color: #993300;\">2015<\/span><\/h6>\t\t\t\t\t\t<\/div>\n\t\t\t\t<\/div>\n\t\t\t\t\t<\/div>\n\t\t<\/div>\n\t\t\t\t<div class=\"elementor-column elementor-col-33 elementor-top-column elementor-element elementor-element-f98c690\" data-id=\"f98c690\" data-element_type=\"column\">\n\t\t\t<div class=\"elementor-widget-wrap elementor-element-populated\">\n\t\t\t\t\t\t\t\t<div class=\"elementor-element elementor-element-09eeccd elementor-widget elementor-widget-text-editor\" data-id=\"09eeccd\" data-element_type=\"widget\" data-widget_type=\"text-editor.default\">\n\t\t\t\t<div class=\"elementor-widget-container\">\n\t\t\t\t\t\t\t<h6><strong>Autor:<\/strong><\/h6><h6><span style=\"color: #993300;\">Filipa Francisco<\/span><\/h6><h6>\u00a0<\/h6><h6><strong>Categoria:<\/strong><\/h6><h6><span style=\"color: #993300;\">Comunica\u00e7\u00e3o<\/span><\/h6><h6>\u00a0<\/h6><h6><strong>Subcategoria:<\/strong><\/h6><h6><span style=\"color: #993300;\">Folha de sala<\/span><\/h6>\t\t\t\t\t\t<\/div>\n\t\t\t\t<\/div>\n\t\t\t\t\t<\/div>\n\t\t<\/div>\n\t\t\t\t<div class=\"elementor-column elementor-col-33 elementor-top-column elementor-element elementor-element-61f8dae\" data-id=\"61f8dae\" data-element_type=\"column\">\n\t\t\t<div class=\"elementor-widget-wrap elementor-element-populated\">\n\t\t\t\t\t\t\t\t<div class=\"elementor-element elementor-element-27e58d3 elementor-widget elementor-widget-text-editor\" data-id=\"27e58d3\" data-element_type=\"widget\" data-widget_type=\"text-editor.default\">\n\t\t\t\t<div class=\"elementor-widget-container\">\n\t\t\t\t\t\t\t<h6><strong>Espa\u00e7o:<\/strong><\/h6>\n<h6><span style=\"color: #993300;\">Centro Cultural de Bel\u00e9m<\/span><\/h6>\n<h6>\u00a0<\/h6>\n<h6><strong>Localidade:<\/strong><\/h6>\n<h6><span style=\"color: #993300;\">Lisboa<\/span><\/h6>\t\t\t\t\t\t<\/div>\n\t\t\t\t<\/div>\n\t\t\t\t\t<\/div>\n\t\t<\/div>\n\t\t\t\t\t\t\t<\/div>\n\t\t<\/section>\n\t\t\t\t<section class=\"elementor-section elementor-top-section elementor-element elementor-element-6cbb5de elementor-section-boxed elementor-section-height-default elementor-section-height-default\" data-id=\"6cbb5de\" data-element_type=\"section\">\n\t\t\t\t\t\t<div class=\"elementor-container elementor-column-gap-default\">\n\t\t\t\t\t<div class=\"elementor-column elementor-col-100 elementor-top-column elementor-element elementor-element-a148285\" data-id=\"a148285\" data-element_type=\"column\">\n\t\t\t<div class=\"elementor-widget-wrap elementor-element-populated\">\n\t\t\t\t\t\t\t\t<div class=\"elementor-element elementor-element-bf4df70 elementor-widget elementor-widget-spacer\" data-id=\"bf4df70\" data-element_type=\"widget\" data-widget_type=\"spacer.default\">\n\t\t\t\t<div class=\"elementor-widget-container\">\n\t\t\t\t\t<div class=\"elementor-spacer\">\n\t\t\t<div class=\"elementor-spacer-inner\"><\/div>\n\t\t<\/div>\n\t\t\t\t<\/div>\n\t\t\t\t<\/div>\n\t\t\t\t<div class=\"elementor-element elementor-element-614cc43 elementor-widget elementor-widget-pdfjs_viewer\" data-id=\"614cc43\" data-element_type=\"widget\" data-widget_type=\"pdfjs_viewer.default\">\n\t\t\t\t<div class=\"elementor-widget-container\">\n\t\t\t<iframe src=\"https:\/\/companhiamaior.pt\/arquivo\/wp-content\/plugins\/pdf-viewer-for-elementor\/assets\/pdfjs\/web\/viewer.html?file=https:\/\/companhiamaior.pt\/arquivo\/wp-content\/uploads\/2023\/05\/008_COM_FS.pdf&amp;embedded=true\" style=\"display: block; margin-left: auto; margin-right: auto; width: 100%; height: 800px;\" frameborder=\"1\" marginheight=\"0px\" marginwidth=\"0px\" allowfullscreen><\/iframe>\t\t<\/div>\n\t\t\t\t<\/div>\n\t\t\t\t\t<\/div>\n\t\t<\/div>\n\t\t\t\t\t\t\t<\/div>\n\t\t<\/section>\n\t\t\t\t<section class=\"elementor-section elementor-top-section elementor-element elementor-element-cf3b088 elementor-section-boxed elementor-section-height-default elementor-section-height-default\" data-id=\"cf3b088\" data-element_type=\"section\">\n\t\t\t\t\t\t<div class=\"elementor-container elementor-column-gap-default\">\n\t\t\t\t\t<div class=\"elementor-column elementor-col-100 elementor-top-column elementor-element elementor-element-6d6b6d2\" data-id=\"6d6b6d2\" data-element_type=\"column\">\n\t\t\t<div class=\"elementor-widget-wrap elementor-element-populated\">\n\t\t\t\t\t\t\t\t<div class=\"elementor-element elementor-element-8fe3f40 elementor-widget elementor-widget-spacer\" data-id=\"8fe3f40\" data-element_type=\"widget\" data-widget_type=\"spacer.default\">\n\t\t\t\t<div class=\"elementor-widget-container\">\n\t\t\t\t\t<div class=\"elementor-spacer\">\n\t\t\t<div class=\"elementor-spacer-inner\"><\/div>\n\t\t<\/div>\n\t\t\t\t<\/div>\n\t\t\t\t<\/div>\n\t\t\t\t<div class=\"elementor-element elementor-element-8567b4f elementor-widget elementor-widget-heading\" data-id=\"8567b4f\" data-element_type=\"widget\" data-widget_type=\"heading.default\">\n\t\t\t\t<div class=\"elementor-widget-container\">\n\t\t\t<h4 class=\"elementor-heading-title elementor-size-default\">Outros Materiais de Comunica\u00e7\u00e3o<\/h4>\t\t<\/div>\n\t\t\t\t<\/div>\n\t\t\t\t<div class=\"elementor-element elementor-element-f976230 elementor-widget elementor-widget-spacer\" data-id=\"f976230\" data-element_type=\"widget\" data-widget_type=\"spacer.default\">\n\t\t\t\t<div class=\"elementor-widget-container\">\n\t\t\t\t\t<div class=\"elementor-spacer\">\n\t\t\t<div class=\"elementor-spacer-inner\"><\/div>\n\t\t<\/div>\n\t\t\t\t<\/div>\n\t\t\t\t<\/div>\n\t\t\t\t\t<\/div>\n\t\t<\/div>\n\t\t\t\t\t\t\t<\/div>\n\t\t<\/section>\n\t\t\t\t<section class=\"elementor-section elementor-top-section elementor-element elementor-element-186b2d9 elementor-section-boxed elementor-section-height-default elementor-section-height-default\" data-id=\"186b2d9\" data-element_type=\"section\">\n\t\t\t\t\t\t<div class=\"elementor-container elementor-column-gap-default\">\n\t\t\t\t\t<div class=\"elementor-column elementor-col-20 elementor-top-column elementor-element elementor-element-b85aded\" data-id=\"b85aded\" data-element_type=\"column\">\n\t\t\t<div class=\"elementor-widget-wrap elementor-element-populated\">\n\t\t\t\t\t\t\t\t<div class=\"elementor-element elementor-element-0aced15 elementor-widget elementor-widget-image\" data-id=\"0aced15\" data-element_type=\"widget\" data-widget_type=\"image.default\">\n\t\t\t\t<div class=\"elementor-widget-container\">\n\t\t\t<style>\/*! elementor - v3.13.3 - 28-05-2023 *\/\n.elementor-widget-image{text-align:center}.elementor-widget-image a{display:inline-block}.elementor-widget-image a img[src$=\".svg\"]{width:48px}.elementor-widget-image img{vertical-align:middle;display:inline-block}<\/style>\t\t\t\t\t\t\t\t\t\t\t\t\t<a href=\"https:\/\/companhiamaior.pt\/arquivo\/cartaz-forca\/\" target=\"_blank\">\n\t\t\t\t\t\t\t<img loading=\"lazy\" decoding=\"async\" width=\"227\" height=\"300\" src=\"https:\/\/companhiamaior.pt\/arquivo\/wp-content\/uploads\/2023\/05\/008_COM_CAR-1-227x300.jpg\" class=\"attachment-medium size-medium wp-image-2761\" alt=\"\" srcset=\"https:\/\/companhiamaior.pt\/arquivo\/wp-content\/uploads\/2023\/05\/008_COM_CAR-1-227x300.jpg 227w, https:\/\/companhiamaior.pt\/arquivo\/wp-content\/uploads\/2023\/05\/008_COM_CAR-1-776x1024.jpg 776w, https:\/\/companhiamaior.pt\/arquivo\/wp-content\/uploads\/2023\/05\/008_COM_CAR-1-768x1014.jpg 768w, https:\/\/companhiamaior.pt\/arquivo\/wp-content\/uploads\/2023\/05\/008_COM_CAR-1.jpg 1080w\" sizes=\"auto, (max-width: 227px) 100vw, 227px\" style=\"width:100%;height:132.04%;max-width:1080px\" \/>\t\t\t\t\t\t\t\t<\/a>\n\t\t\t\t\t\t\t\t\t\t\t\t\t\t\t<\/div>\n\t\t\t\t<\/div>\n\t\t\t\t<div class=\"elementor-element elementor-element-1e0b3b5 elementor-widget elementor-widget-text-editor\" data-id=\"1e0b3b5\" data-element_type=\"widget\" data-widget_type=\"text-editor.default\">\n\t\t\t\t<div class=\"elementor-widget-container\">\n\t\t\t\t\t\t\t<p><a href=\"https:\/\/companhiamaior.pt\/arquivo\/cartaz-forca\/\" target=\"_blank\" rel=\"noopener\"><b>Cartaz<\/b><\/a><\/p>\t\t\t\t\t\t<\/div>\n\t\t\t\t<\/div>\n\t\t\t\t\t<\/div>\n\t\t<\/div>\n\t\t\t\t<div class=\"elementor-column elementor-col-20 elementor-top-column elementor-element elementor-element-7848c2d\" data-id=\"7848c2d\" data-element_type=\"column\">\n\t\t\t<div class=\"elementor-widget-wrap elementor-element-populated\">\n\t\t\t\t\t\t\t\t<div class=\"elementor-element elementor-element-7e91f23 elementor-widget elementor-widget-image\" data-id=\"7e91f23\" data-element_type=\"widget\" data-widget_type=\"image.default\">\n\t\t\t\t<div class=\"elementor-widget-container\">\n\t\t\t\t\t\t\t\t\t\t\t\t\t\t\t\t<a href=\"https:\/\/companhiamaior.pt\/arquivo\/imprensa-forca\/\" target=\"_blank\">\n\t\t\t\t\t\t\t<img loading=\"lazy\" decoding=\"async\" width=\"227\" height=\"300\" src=\"https:\/\/companhiamaior.pt\/arquivo\/wp-content\/uploads\/2023\/05\/008_COM_CAR-1-227x300.jpg\" class=\"attachment-medium size-medium wp-image-2761\" alt=\"\" srcset=\"https:\/\/companhiamaior.pt\/arquivo\/wp-content\/uploads\/2023\/05\/008_COM_CAR-1-227x300.jpg 227w, https:\/\/companhiamaior.pt\/arquivo\/wp-content\/uploads\/2023\/05\/008_COM_CAR-1-776x1024.jpg 776w, https:\/\/companhiamaior.pt\/arquivo\/wp-content\/uploads\/2023\/05\/008_COM_CAR-1-768x1014.jpg 768w, https:\/\/companhiamaior.pt\/arquivo\/wp-content\/uploads\/2023\/05\/008_COM_CAR-1.jpg 1080w\" sizes=\"auto, (max-width: 227px) 100vw, 227px\" style=\"width:100%;height:132.04%;max-width:1080px\" \/>\t\t\t\t\t\t\t\t<\/a>\n\t\t\t\t\t\t\t\t\t\t\t\t\t\t\t<\/div>\n\t\t\t\t<\/div>\n\t\t\t\t<div class=\"elementor-element elementor-element-871db10 elementor-widget elementor-widget-text-editor\" data-id=\"871db10\" data-element_type=\"widget\" data-widget_type=\"text-editor.default\">\n\t\t\t\t<div class=\"elementor-widget-container\">\n\t\t\t\t\t\t\t<p><span style=\"color: #000000;\"><a style=\"color: #000000;\" href=\"https:\/\/companhiamaior.pt\/arquivo\/imprensa-forca\/\" target=\"_blank\" rel=\"noopener\"><b>Imprensa<\/b><\/a><\/span><\/p>\t\t\t\t\t\t<\/div>\n\t\t\t\t<\/div>\n\t\t\t\t\t<\/div>\n\t\t<\/div>\n\t\t\t\t<div class=\"elementor-column elementor-col-20 elementor-top-column elementor-element elementor-element-b6ce869\" data-id=\"b6ce869\" data-element_type=\"column\">\n\t\t\t<div class=\"elementor-widget-wrap elementor-element-populated\">\n\t\t\t\t\t\t\t\t<div class=\"elementor-element elementor-element-381d121 elementor-widget elementor-widget-image\" data-id=\"381d121\" data-element_type=\"widget\" data-widget_type=\"image.default\">\n\t\t\t\t<div class=\"elementor-widget-container\">\n\t\t\t\t\t\t\t\t\t\t\t\t\t\t\t\t<a href=\"https:\/\/companhiamaior.pt\/arquivo\/programas-forca\/\" target=\"_blank\">\n\t\t\t\t\t\t\t<img loading=\"lazy\" decoding=\"async\" width=\"227\" height=\"300\" src=\"https:\/\/companhiamaior.pt\/arquivo\/wp-content\/uploads\/2023\/05\/008_COM_CAR-1-227x300.jpg\" class=\"attachment-medium size-medium wp-image-2761\" alt=\"\" srcset=\"https:\/\/companhiamaior.pt\/arquivo\/wp-content\/uploads\/2023\/05\/008_COM_CAR-1-227x300.jpg 227w, https:\/\/companhiamaior.pt\/arquivo\/wp-content\/uploads\/2023\/05\/008_COM_CAR-1-776x1024.jpg 776w, https:\/\/companhiamaior.pt\/arquivo\/wp-content\/uploads\/2023\/05\/008_COM_CAR-1-768x1014.jpg 768w, https:\/\/companhiamaior.pt\/arquivo\/wp-content\/uploads\/2023\/05\/008_COM_CAR-1.jpg 1080w\" sizes=\"auto, (max-width: 227px) 100vw, 227px\" style=\"width:100%;height:132.04%;max-width:1080px\" \/>\t\t\t\t\t\t\t\t<\/a>\n\t\t\t\t\t\t\t\t\t\t\t\t\t\t\t<\/div>\n\t\t\t\t<\/div>\n\t\t\t\t<div class=\"elementor-element elementor-element-04848f1 elementor-widget elementor-widget-text-editor\" data-id=\"04848f1\" data-element_type=\"widget\" data-widget_type=\"text-editor.default\">\n\t\t\t\t<div class=\"elementor-widget-container\">\n\t\t\t\t\t\t\t<p><span style=\"color: #000000;\"><a style=\"color: #000000;\" href=\"https:\/\/companhiamaior.pt\/arquivo\/programas-forca\/\" target=\"_blank\" rel=\"noopener\"><b>Programas<\/b><\/a><\/span><\/p>\t\t\t\t\t\t<\/div>\n\t\t\t\t<\/div>\n\t\t\t\t\t<\/div>\n\t\t<\/div>\n\t\t\t\t<div class=\"elementor-column elementor-col-20 elementor-top-column elementor-element elementor-element-e88461a\" data-id=\"e88461a\" data-element_type=\"column\">\n\t\t\t<div class=\"elementor-widget-wrap elementor-element-populated\">\n\t\t\t\t\t\t\t\t<div class=\"elementor-element elementor-element-64a38b1 elementor-widget elementor-widget-image\" data-id=\"64a38b1\" data-element_type=\"widget\" data-widget_type=\"image.default\">\n\t\t\t\t<div class=\"elementor-widget-container\">\n\t\t\t\t\t\t\t\t\t\t\t\t\t\t\t\t<a href=\"https:\/\/companhiamaior.pt\/arquivo\/outros-forca\/\" target=\"_blank\">\n\t\t\t\t\t\t\t<img loading=\"lazy\" decoding=\"async\" width=\"227\" height=\"300\" src=\"https:\/\/companhiamaior.pt\/arquivo\/wp-content\/uploads\/2023\/05\/008_COM_CAR-1-227x300.jpg\" class=\"attachment-medium size-medium wp-image-2761\" alt=\"\" srcset=\"https:\/\/companhiamaior.pt\/arquivo\/wp-content\/uploads\/2023\/05\/008_COM_CAR-1-227x300.jpg 227w, https:\/\/companhiamaior.pt\/arquivo\/wp-content\/uploads\/2023\/05\/008_COM_CAR-1-776x1024.jpg 776w, https:\/\/companhiamaior.pt\/arquivo\/wp-content\/uploads\/2023\/05\/008_COM_CAR-1-768x1014.jpg 768w, https:\/\/companhiamaior.pt\/arquivo\/wp-content\/uploads\/2023\/05\/008_COM_CAR-1.jpg 1080w\" sizes=\"auto, (max-width: 227px) 100vw, 227px\" style=\"width:100%;height:132.04%;max-width:1080px\" \/>\t\t\t\t\t\t\t\t<\/a>\n\t\t\t\t\t\t\t\t\t\t\t\t\t\t\t<\/div>\n\t\t\t\t<\/div>\n\t\t\t\t<div class=\"elementor-element elementor-element-ae32804 elementor-widget elementor-widget-text-editor\" data-id=\"ae32804\" data-element_type=\"widget\" data-widget_type=\"text-editor.default\">\n\t\t\t\t<div class=\"elementor-widget-container\">\n\t\t\t\t\t\t\t<p><a href=\"https:\/\/companhiamaior.pt\/arquivo\/outros-forca\/\" target=\"_blank\" rel=\"noopener\"><span style=\"color: #000000;\"><b>Outros<\/b><\/span><\/a><\/p>\t\t\t\t\t\t<\/div>\n\t\t\t\t<\/div>\n\t\t\t\t\t<\/div>\n\t\t<\/div>\n\t\t\t\t<div class=\"elementor-column elementor-col-20 elementor-top-column elementor-element elementor-element-af0b0cc\" data-id=\"af0b0cc\" data-element_type=\"column\">\n\t\t\t<div class=\"elementor-widget-wrap\">\n\t\t\t\t\t\t\t\t\t<\/div>\n\t\t<\/div>\n\t\t\t\t\t\t\t<\/div>\n\t\t<\/section>\n\t\t\t\t<section class=\"elementor-section elementor-top-section elementor-element elementor-element-f1128b1 elementor-section-boxed elementor-section-height-default elementor-section-height-default\" data-id=\"f1128b1\" data-element_type=\"section\">\n\t\t\t\t\t\t<div class=\"elementor-container elementor-column-gap-default\">\n\t\t\t\t\t<div class=\"elementor-column elementor-col-100 elementor-top-column elementor-element elementor-element-79f364b\" data-id=\"79f364b\" data-element_type=\"column\">\n\t\t\t<div class=\"elementor-widget-wrap elementor-element-populated\">\n\t\t\t\t\t\t\t\t<div class=\"elementor-element elementor-element-f1fef0f elementor-widget elementor-widget-spacer\" data-id=\"f1fef0f\" data-element_type=\"widget\" data-widget_type=\"spacer.default\">\n\t\t\t\t<div class=\"elementor-widget-container\">\n\t\t\t\t\t<div class=\"elementor-spacer\">\n\t\t\t<div class=\"elementor-spacer-inner\"><\/div>\n\t\t<\/div>\n\t\t\t\t<\/div>\n\t\t\t\t<\/div>\n\t\t\t\t<div class=\"elementor-element elementor-element-533459b elementor-widget elementor-widget-heading\" data-id=\"533459b\" data-element_type=\"widget\" data-widget_type=\"heading.default\">\n\t\t\t\t<div class=\"elementor-widget-container\">\n\t\t\t<h4 class=\"elementor-heading-title elementor-size-default\"><a href=\"https:\/\/companhiamaior.pt\/arquivo\/forca\/\" target=\"_blank\">< Voltar P\u00e1gina For\u00e7a<\/a><\/h4>\t\t<\/div>\n\t\t\t\t<\/div>\n\t\t\t\t\t<\/div>\n\t\t<\/div>\n\t\t\t\t\t\t\t<\/div>\n\t\t<\/section>\n\t\t\t\t\t\t\t<\/div>\n\t\t","protected":false},"excerpt":{"rendered":"<p>For\u00e7a Materiais de Comunica\u00e7\u00e3o Folha de Sala Refer\u00eancia: 008_COM_FS \u00a0 T\u00edtulo da Obra: For\u00e7a \u00a0 Ano: 2015 Autor: Filipa Francisco \u00a0 Categoria: Comunica\u00e7\u00e3o \u00a0 Subcategoria: Folha de sala Espa\u00e7o: Centro Cultural de Bel\u00e9m \u00a0 Localidade: Lisboa Outros Materiais de Comunica\u00e7\u00e3o Cartaz Imprensa Programas Outros < Voltar P\u00e1gina For\u00e7a\n<\/p>\n","protected":false},"author":2,"featured_media":0,"parent":0,"menu_order":0,"comment_status":"closed","ping_status":"closed","template":"","meta":{"footnotes":""},"elenco":[],"autor":[],"titulo_da_obra":[],"ano":[],"fotografia-de":[],"espaco":[],"localidade":[],"notas":[],"sub-categoria":[],"data":[],"class_list":["post-2765","page","type-page","status-publish","hentry","entry"],"_links":{"self":[{"href":"https:\/\/companhiamaior.pt\/arquivo\/wp-json\/wp\/v2\/pages\/2765","targetHints":{"allow":["GET"]}}],"collection":[{"href":"https:\/\/companhiamaior.pt\/arquivo\/wp-json\/wp\/v2\/pages"}],"about":[{"href":"https:\/\/companhiamaior.pt\/arquivo\/wp-json\/wp\/v2\/types\/page"}],"author":[{"embeddable":true,"href":"https:\/\/companhiamaior.pt\/arquivo\/wp-json\/wp\/v2\/users\/2"}],"replies":[{"embeddable":true,"href":"https:\/\/companhiamaior.pt\/arquivo\/wp-json\/wp\/v2\/comments?post=2765"}],"version-history":[{"count":13,"href":"https:\/\/companhiamaior.pt\/arquivo\/wp-json\/wp\/v2\/pages\/2765\/revisions"}],"predecessor-version":[{"id":2823,"href":"https:\/\/companhiamaior.pt\/arquivo\/wp-json\/wp\/v2\/pages\/2765\/revisions\/2823"}],"wp:attachment":[{"href":"https:\/\/companhiamaior.pt\/arquivo\/wp-json\/wp\/v2\/media?parent=2765"}],"wp:term":[{"taxonomy":"elenco","embeddable":true,"href":"https:\/\/companhiamaior.pt\/arquivo\/wp-json\/wp\/v2\/elenco?post=2765"},{"taxonomy":"autor","embeddable":true,"href":"https:\/\/companhiamaior.pt\/arquivo\/wp-json\/wp\/v2\/autor?post=2765"},{"taxonomy":"titulo_da_obra","embeddable":true,"href":"https:\/\/companhiamaior.pt\/arquivo\/wp-json\/wp\/v2\/titulo_da_obra?post=2765"},{"taxonomy":"ano","embeddable":true,"href":"https:\/\/companhiamaior.pt\/arquivo\/wp-json\/wp\/v2\/ano?post=2765"},{"taxonomy":"fotografia-de","embeddable":true,"href":"https:\/\/companhiamaior.pt\/arquivo\/wp-json\/wp\/v2\/fotografia-de?post=2765"},{"taxonomy":"espaco","embeddable":true,"href":"https:\/\/companhiamaior.pt\/arquivo\/wp-json\/wp\/v2\/espaco?post=2765"},{"taxonomy":"localidade","embeddable":true,"href":"https:\/\/companhiamaior.pt\/arquivo\/wp-json\/wp\/v2\/localidade?post=2765"},{"taxonomy":"notas","embeddable":true,"href":"https:\/\/companhiamaior.pt\/arquivo\/wp-json\/wp\/v2\/notas?post=2765"},{"taxonomy":"sub-categoria","embeddable":true,"href":"https:\/\/companhiamaior.pt\/arquivo\/wp-json\/wp\/v2\/sub-categoria?post=2765"},{"taxonomy":"data","embeddable":true,"href":"https:\/\/companhiamaior.pt\/arquivo\/wp-json\/wp\/v2\/data?post=2765"}],"curies":[{"name":"wp","href":"https:\/\/api.w.org\/{rel}","templated":true}]}}