{"id":2642,"date":"2023-05-03T10:30:08","date_gmt":"2023-05-03T10:30:08","guid":{"rendered":"https:\/\/companhiamaior.pt\/arquivo\/?page_id=2642"},"modified":"2023-06-14T18:08:10","modified_gmt":"2023-06-14T18:08:10","slug":"oficinas-forca","status":"publish","type":"page","link":"https:\/\/companhiamaior.pt\/arquivo\/oficinas-forca\/","title":{"rendered":"Oficinas For\u00e7a"},"content":{"rendered":"\t\t<div data-elementor-type=\"wp-page\" data-elementor-id=\"2642\" class=\"elementor elementor-2642\" data-elementor-post-type=\"page\">\n\t\t\t\t\t\t<section class=\"elementor-section elementor-top-section elementor-element elementor-element-5d4e60e elementor-section-boxed elementor-section-height-default elementor-section-height-default\" data-id=\"5d4e60e\" data-element_type=\"section\" data-e-type=\"section\">\n\t\t\t\t\t\t<div class=\"elementor-container elementor-column-gap-default\">\n\t\t\t\t\t<div class=\"elementor-column elementor-col-100 elementor-top-column elementor-element elementor-element-d14ce34\" data-id=\"d14ce34\" data-element_type=\"column\" data-e-type=\"column\">\n\t\t\t<div class=\"elementor-widget-wrap elementor-element-populated\">\n\t\t\t\t\t\t<div class=\"elementor-element elementor-element-b968499 elementor-widget elementor-widget-heading\" data-id=\"b968499\" data-element_type=\"widget\" data-e-type=\"widget\" data-widget_type=\"heading.default\">\n\t\t\t\t<div class=\"elementor-widget-container\">\n\t\t\t\t\t<h2 class=\"elementor-heading-title elementor-size-default\">For\u00e7a<\/h2>\t\t\t\t<\/div>\n\t\t\t\t<\/div>\n\t\t\t\t<div class=\"elementor-element elementor-element-6db4a0b elementor-widget elementor-widget-heading\" data-id=\"6db4a0b\" data-element_type=\"widget\" data-e-type=\"widget\" data-widget_type=\"heading.default\">\n\t\t\t\t<div class=\"elementor-widget-container\">\n\t\t\t\t\t<h4 class=\"elementor-heading-title elementor-size-default\">Fotografias<\/h4>\t\t\t\t<\/div>\n\t\t\t\t<\/div>\n\t\t\t\t<div class=\"elementor-element elementor-element-244abaa elementor-widget elementor-widget-heading\" data-id=\"244abaa\" data-element_type=\"widget\" data-e-type=\"widget\" data-widget_type=\"heading.default\">\n\t\t\t\t<div class=\"elementor-widget-container\">\n\t\t\t\t\t<h5 class=\"elementor-heading-title elementor-size-default\">Oficinas<\/h5>\t\t\t\t<\/div>\n\t\t\t\t<\/div>\n\t\t\t\t\t<\/div>\n\t\t<\/div>\n\t\t\t\t\t<\/div>\n\t\t<\/section>\n\t\t\t\t<section class=\"elementor-section elementor-top-section elementor-element elementor-element-f9407f1 elementor-section-boxed elementor-section-height-default elementor-section-height-default\" data-id=\"f9407f1\" data-element_type=\"section\" data-e-type=\"section\">\n\t\t\t\t\t\t<div class=\"elementor-container elementor-column-gap-wide\">\n\t\t\t\t\t<div class=\"elementor-column elementor-col-100 elementor-top-column elementor-element elementor-element-e93a2c7\" data-id=\"e93a2c7\" data-element_type=\"column\" data-e-type=\"column\">\n\t\t\t<div class=\"elementor-widget-wrap elementor-element-populated\">\n\t\t\t\t\t\t<div class=\"elementor-element elementor-element-043317e elementor-widget elementor-widget-spacer\" data-id=\"043317e\" data-element_type=\"widget\" data-e-type=\"widget\" data-widget_type=\"spacer.default\">\n\t\t\t\t<div class=\"elementor-widget-container\">\n\t\t\t\t\t\t\t<div class=\"elementor-spacer\">\n\t\t\t<div class=\"elementor-spacer-inner\"><\/div>\n\t\t<\/div>\n\t\t\t\t\t\t<\/div>\n\t\t\t\t<\/div>\n\t\t\t\t<div class=\"elementor-element elementor-element-005b1d6 elementor-widget-divider--view-line elementor-widget elementor-widget-divider\" data-id=\"005b1d6\" data-element_type=\"widget\" data-e-type=\"widget\" data-widget_type=\"divider.default\">\n\t\t\t\t<div class=\"elementor-widget-container\">\n\t\t\t\t\t\t\t<div class=\"elementor-divider\">\n\t\t\t<span class=\"elementor-divider-separator\">\n\t\t\t\t\t\t<\/span>\n\t\t<\/div>\n\t\t\t\t\t\t<\/div>\n\t\t\t\t<\/div>\n\t\t\t\t<div class=\"elementor-element elementor-element-346e2f3 elementor-widget elementor-widget-heading\" data-id=\"346e2f3\" data-element_type=\"widget\" data-e-type=\"widget\" data-widget_type=\"heading.default\">\n\t\t\t\t<div class=\"elementor-widget-container\">\n\t\t\t\t\t<h4 class=\"elementor-heading-title elementor-size-default\">Canto Coral<\/h4>\t\t\t\t<\/div>\n\t\t\t\t<\/div>\n\t\t\t\t<div class=\"elementor-element elementor-element-68c4d06 elementor-widget elementor-widget-text-editor\" data-id=\"68c4d06\" data-element_type=\"widget\" data-e-type=\"widget\" data-widget_type=\"text-editor.default\">\n\t\t\t\t<div class=\"elementor-widget-container\">\n\t\t\t\t\t\t\t\t\t<h6>Oficina dirigida por Luis Almeida.<\/h6>\t\t\t\t\t\t\t\t<\/div>\n\t\t\t\t<\/div>\n\t\t\t\t\t<\/div>\n\t\t<\/div>\n\t\t\t\t\t<\/div>\n\t\t<\/section>\n\t\t\t\t<section class=\"elementor-section elementor-top-section elementor-element elementor-element-9925583 elementor-section-boxed elementor-section-height-default elementor-section-height-default\" data-id=\"9925583\" data-element_type=\"section\" data-e-type=\"section\">\n\t\t\t\t\t\t<div class=\"elementor-container elementor-column-gap-default\">\n\t\t\t\t\t<div class=\"elementor-column elementor-col-33 elementor-top-column elementor-element elementor-element-0ccfe75\" data-id=\"0ccfe75\" data-element_type=\"column\" data-e-type=\"column\">\n\t\t\t<div class=\"elementor-widget-wrap elementor-element-populated\">\n\t\t\t\t\t\t<div class=\"elementor-element elementor-element-ad65b07 elementor-widget elementor-widget-text-editor\" data-id=\"ad65b07\" data-element_type=\"widget\" data-e-type=\"widget\" data-widget_type=\"text-editor.default\">\n\t\t\t\t<div class=\"elementor-widget-container\">\n\t\t\t\t\t\t\t\t\t<h6><strong>Refer\u00eancia:<\/strong><\/h6><h6><span style=\"color: #993300;\">008_FOTO_OFI_OFIA<\/span><\/h6><h6>\u00a0<\/h6><h6><strong>T\u00edtulo da Obra:<\/strong><\/h6><h6><span style=\"color: #993300;\">For\u00e7a<\/span><\/h6><h6>\u00a0<\/h6><h6><strong>Data:<\/strong><\/h6><h6><span style=\"color: #993300;\">Abril de 2015<\/span><\/h6>\t\t\t\t\t\t\t\t<\/div>\n\t\t\t\t<\/div>\n\t\t\t\t\t<\/div>\n\t\t<\/div>\n\t\t\t\t<div class=\"elementor-column elementor-col-33 elementor-top-column elementor-element elementor-element-60506d8\" data-id=\"60506d8\" data-element_type=\"column\" data-e-type=\"column\">\n\t\t\t<div class=\"elementor-widget-wrap elementor-element-populated\">\n\t\t\t\t\t\t<div class=\"elementor-element elementor-element-71d0457 elementor-widget elementor-widget-text-editor\" data-id=\"71d0457\" data-element_type=\"widget\" data-e-type=\"widget\" data-widget_type=\"text-editor.default\">\n\t\t\t\t<div class=\"elementor-widget-container\">\n\t\t\t\t\t\t\t\t\t<h6><strong>Autor:<\/strong><\/h6><h6><span style=\"color: #993300;\">Filipa Francisco<\/span><\/h6><h6>\u00a0<\/h6><h6><strong>Categoria:<\/strong><\/h6><h6><span style=\"color: #993300;\">Fotografias<\/span><\/h6><h6>\u00a0<\/h6><h6><strong>Subcategoria:<\/strong><\/h6><h6><span style=\"color: #993300;\">Oficinas<\/span><\/h6>\t\t\t\t\t\t\t\t<\/div>\n\t\t\t\t<\/div>\n\t\t\t\t\t<\/div>\n\t\t<\/div>\n\t\t\t\t<div class=\"elementor-column elementor-col-33 elementor-top-column elementor-element elementor-element-b0a8754\" data-id=\"b0a8754\" data-element_type=\"column\" data-e-type=\"column\">\n\t\t\t<div class=\"elementor-widget-wrap elementor-element-populated\">\n\t\t\t\t\t\t<div class=\"elementor-element elementor-element-0543df8 elementor-widget elementor-widget-text-editor\" data-id=\"0543df8\" data-element_type=\"widget\" data-e-type=\"widget\" data-widget_type=\"text-editor.default\">\n\t\t\t\t<div class=\"elementor-widget-container\">\n\t\t\t\t\t\t\t\t\t<h6><strong>Espa\u00e7o:<\/strong><\/h6><h6><span style=\"color: #993300;\">Est\u00fadios Victor C\u00f3rdon<\/span><\/h6><h6>\u00a0<\/h6><h6><strong>Localidade:<\/strong><\/h6><h6><span style=\"color: #993300;\">Lisboa<\/span><\/h6><h6>\u00a0<\/h6><h6><strong>Fotos:<\/strong><\/h6><h6><span style=\"color: #993300;\">\u00a9Bruno Sim\u00e3o<\/span><\/h6>\t\t\t\t\t\t\t\t<\/div>\n\t\t\t\t<\/div>\n\t\t\t\t\t<\/div>\n\t\t<\/div>\n\t\t\t\t\t<\/div>\n\t\t<\/section>\n\t\t\t\t<section class=\"elementor-section elementor-top-section elementor-element elementor-element-d00cf5d elementor-section-content-top elementor-section-boxed elementor-section-height-default elementor-section-height-default\" data-id=\"d00cf5d\" data-element_type=\"section\" data-e-type=\"section\">\n\t\t\t\t\t\t<div class=\"elementor-container elementor-column-gap-default\">\n\t\t\t\t\t<div class=\"elementor-column elementor-col-100 elementor-top-column elementor-element elementor-element-2c906d6\" data-id=\"2c906d6\" data-element_type=\"column\" data-e-type=\"column\">\n\t\t\t<div class=\"elementor-widget-wrap elementor-element-populated\">\n\t\t\t\t\t\t<div class=\"elementor-element elementor-element-8f1871e elementor-widget elementor-widget-gallery\" data-id=\"8f1871e\" data-element_type=\"widget\" data-e-type=\"widget\" data-settings=\"{&quot;columns&quot;:3,&quot;lazyload&quot;:&quot;yes&quot;,&quot;gallery_layout&quot;:&quot;grid&quot;,&quot;columns_tablet&quot;:2,&quot;columns_mobile&quot;:1,&quot;gap&quot;:{&quot;unit&quot;:&quot;px&quot;,&quot;size&quot;:10,&quot;sizes&quot;:[]},&quot;gap_tablet&quot;:{&quot;unit&quot;:&quot;px&quot;,&quot;size&quot;:10,&quot;sizes&quot;:[]},&quot;gap_mobile&quot;:{&quot;unit&quot;:&quot;px&quot;,&quot;size&quot;:10,&quot;sizes&quot;:[]},&quot;link_to&quot;:&quot;file&quot;,&quot;aspect_ratio&quot;:&quot;3:2&quot;,&quot;overlay_background&quot;:&quot;yes&quot;,&quot;content_hover_animation&quot;:&quot;fade-in&quot;}\" data-widget_type=\"gallery.default\">\n\t\t\t\t<div class=\"elementor-widget-container\">\n\t\t\t\t\t\t\t<div class=\"elementor-gallery__container\">\n\t\t\t\t\t\t\t<a class=\"e-gallery-item elementor-gallery-item elementor-animated-content\" href=\"https:\/\/companhiamaior.pt\/arquivo\/wp-content\/uploads\/2023\/05\/008_FOTO_OFI_OFIA-1.jpg\" data-elementor-open-lightbox=\"yes\" data-elementor-lightbox-slideshow=\"8f1871e\" data-elementor-lightbox-title=\"008_FOTO_OFI_OFIA (1)\" data-e-action-hash=\"#elementor-action%3Aaction%3Dlightbox%26settings%3DeyJpZCI6MjY0NCwidXJsIjoiaHR0cHM6XC9cL2NvbXBhbmhpYW1haW9yLnB0XC9hcnF1aXZvXC93cC1jb250ZW50XC91cGxvYWRzXC8yMDIzXC8wNVwvMDA4X0ZPVE9fT0ZJX09GSUEtMS5qcGciLCJzbGlkZXNob3ciOiI4ZjE4NzFlIn0%3D\">\n\t\t\t\t\t<div class=\"e-gallery-image elementor-gallery-item__image\" data-thumbnail=\"https:\/\/companhiamaior.pt\/arquivo\/wp-content\/uploads\/2023\/05\/008_FOTO_OFI_OFIA-1-300x200.jpg\" data-width=\"300\" data-height=\"200\" aria-label=\"\" role=\"img\" ><\/div>\n\t\t\t\t\t\t\t\t\t\t\t<div class=\"elementor-gallery-item__overlay\"><\/div>\n\t\t\t\t\t\t\t\t\t\t\t\t\t\t<\/a>\n\t\t\t\t\t\t\t<a class=\"e-gallery-item elementor-gallery-item elementor-animated-content\" href=\"https:\/\/companhiamaior.pt\/arquivo\/wp-content\/uploads\/2023\/05\/008_FOTO_OFI_OFIA-4.jpg\" data-elementor-open-lightbox=\"yes\" data-elementor-lightbox-slideshow=\"8f1871e\" data-elementor-lightbox-title=\"008_FOTO_OFI_OFIA (4)\" data-e-action-hash=\"#elementor-action%3Aaction%3Dlightbox%26settings%3DeyJpZCI6MjY0NSwidXJsIjoiaHR0cHM6XC9cL2NvbXBhbmhpYW1haW9yLnB0XC9hcnF1aXZvXC93cC1jb250ZW50XC91cGxvYWRzXC8yMDIzXC8wNVwvMDA4X0ZPVE9fT0ZJX09GSUEtNC5qcGciLCJzbGlkZXNob3ciOiI4ZjE4NzFlIn0%3D\">\n\t\t\t\t\t<div class=\"e-gallery-image elementor-gallery-item__image\" data-thumbnail=\"https:\/\/companhiamaior.pt\/arquivo\/wp-content\/uploads\/2023\/05\/008_FOTO_OFI_OFIA-4-300x200.jpg\" data-width=\"300\" data-height=\"200\" aria-label=\"\" role=\"img\" ><\/div>\n\t\t\t\t\t\t\t\t\t\t\t<div class=\"elementor-gallery-item__overlay\"><\/div>\n\t\t\t\t\t\t\t\t\t\t\t\t\t\t<\/a>\n\t\t\t\t\t\t\t<a class=\"e-gallery-item elementor-gallery-item elementor-animated-content\" href=\"https:\/\/companhiamaior.pt\/arquivo\/wp-content\/uploads\/2023\/05\/008_FOTO_OFI_OFIA-5.jpg\" data-elementor-open-lightbox=\"yes\" data-elementor-lightbox-slideshow=\"8f1871e\" data-elementor-lightbox-title=\"008_FOTO_OFI_OFIA (5)\" data-e-action-hash=\"#elementor-action%3Aaction%3Dlightbox%26settings%3DeyJpZCI6MjY0NiwidXJsIjoiaHR0cHM6XC9cL2NvbXBhbmhpYW1haW9yLnB0XC9hcnF1aXZvXC93cC1jb250ZW50XC91cGxvYWRzXC8yMDIzXC8wNVwvMDA4X0ZPVE9fT0ZJX09GSUEtNS5qcGciLCJzbGlkZXNob3ciOiI4ZjE4NzFlIn0%3D\">\n\t\t\t\t\t<div class=\"e-gallery-image elementor-gallery-item__image\" data-thumbnail=\"https:\/\/companhiamaior.pt\/arquivo\/wp-content\/uploads\/2023\/05\/008_FOTO_OFI_OFIA-5-300x200.jpg\" data-width=\"300\" data-height=\"200\" aria-label=\"\" role=\"img\" ><\/div>\n\t\t\t\t\t\t\t\t\t\t\t<div class=\"elementor-gallery-item__overlay\"><\/div>\n\t\t\t\t\t\t\t\t\t\t\t\t\t\t<\/a>\n\t\t\t\t\t\t\t<a class=\"e-gallery-item elementor-gallery-item elementor-animated-content\" href=\"https:\/\/companhiamaior.pt\/arquivo\/wp-content\/uploads\/2023\/05\/008_FOTO_OFI_OFIA-6.jpg\" data-elementor-open-lightbox=\"yes\" data-elementor-lightbox-slideshow=\"8f1871e\" data-elementor-lightbox-title=\"008_FOTO_OFI_OFIA (6)\" data-e-action-hash=\"#elementor-action%3Aaction%3Dlightbox%26settings%3DeyJpZCI6MjY0NywidXJsIjoiaHR0cHM6XC9cL2NvbXBhbmhpYW1haW9yLnB0XC9hcnF1aXZvXC93cC1jb250ZW50XC91cGxvYWRzXC8yMDIzXC8wNVwvMDA4X0ZPVE9fT0ZJX09GSUEtNi5qcGciLCJzbGlkZXNob3ciOiI4ZjE4NzFlIn0%3D\">\n\t\t\t\t\t<div class=\"e-gallery-image elementor-gallery-item__image\" data-thumbnail=\"https:\/\/companhiamaior.pt\/arquivo\/wp-content\/uploads\/2023\/05\/008_FOTO_OFI_OFIA-6-300x200.jpg\" data-width=\"300\" data-height=\"200\" aria-label=\"\" role=\"img\" ><\/div>\n\t\t\t\t\t\t\t\t\t\t\t<div class=\"elementor-gallery-item__overlay\"><\/div>\n\t\t\t\t\t\t\t\t\t\t\t\t\t\t<\/a>\n\t\t\t\t\t\t\t<a class=\"e-gallery-item elementor-gallery-item elementor-animated-content\" href=\"https:\/\/companhiamaior.pt\/arquivo\/wp-content\/uploads\/2023\/05\/008_FOTO_OFI_OFIA-8.jpg\" data-elementor-open-lightbox=\"yes\" data-elementor-lightbox-slideshow=\"8f1871e\" data-elementor-lightbox-title=\"008_FOTO_OFI_OFIA (8)\" data-e-action-hash=\"#elementor-action%3Aaction%3Dlightbox%26settings%3DeyJpZCI6MjY0OCwidXJsIjoiaHR0cHM6XC9cL2NvbXBhbmhpYW1haW9yLnB0XC9hcnF1aXZvXC93cC1jb250ZW50XC91cGxvYWRzXC8yMDIzXC8wNVwvMDA4X0ZPVE9fT0ZJX09GSUEtOC5qcGciLCJzbGlkZXNob3ciOiI4ZjE4NzFlIn0%3D\">\n\t\t\t\t\t<div class=\"e-gallery-image elementor-gallery-item__image\" data-thumbnail=\"https:\/\/companhiamaior.pt\/arquivo\/wp-content\/uploads\/2023\/05\/008_FOTO_OFI_OFIA-8-300x200.jpg\" data-width=\"300\" data-height=\"200\" aria-label=\"\" role=\"img\" ><\/div>\n\t\t\t\t\t\t\t\t\t\t\t<div class=\"elementor-gallery-item__overlay\"><\/div>\n\t\t\t\t\t\t\t\t\t\t\t\t\t\t<\/a>\n\t\t\t\t\t\t\t<a class=\"e-gallery-item elementor-gallery-item elementor-animated-content\" href=\"https:\/\/companhiamaior.pt\/arquivo\/wp-content\/uploads\/2023\/05\/008_FOTO_OFI_OFIA-9.jpg\" data-elementor-open-lightbox=\"yes\" data-elementor-lightbox-slideshow=\"8f1871e\" data-elementor-lightbox-title=\"008_FOTO_OFI_OFIA (9)\" data-e-action-hash=\"#elementor-action%3Aaction%3Dlightbox%26settings%3DeyJpZCI6MjY0OSwidXJsIjoiaHR0cHM6XC9cL2NvbXBhbmhpYW1haW9yLnB0XC9hcnF1aXZvXC93cC1jb250ZW50XC91cGxvYWRzXC8yMDIzXC8wNVwvMDA4X0ZPVE9fT0ZJX09GSUEtOS5qcGciLCJzbGlkZXNob3ciOiI4ZjE4NzFlIn0%3D\">\n\t\t\t\t\t<div class=\"e-gallery-image elementor-gallery-item__image\" data-thumbnail=\"https:\/\/companhiamaior.pt\/arquivo\/wp-content\/uploads\/2023\/05\/008_FOTO_OFI_OFIA-9-300x200.jpg\" data-width=\"300\" data-height=\"200\" aria-label=\"\" role=\"img\" ><\/div>\n\t\t\t\t\t\t\t\t\t\t\t<div class=\"elementor-gallery-item__overlay\"><\/div>\n\t\t\t\t\t\t\t\t\t\t\t\t\t\t<\/a>\n\t\t\t\t\t<\/div>\n\t\t\t\t\t<\/div>\n\t\t\t\t<\/div>\n\t\t\t\t<div class=\"elementor-element elementor-element-e2017b0 elementor-widget elementor-widget-spacer\" data-id=\"e2017b0\" data-element_type=\"widget\" data-e-type=\"widget\" data-widget_type=\"spacer.default\">\n\t\t\t\t<div class=\"elementor-widget-container\">\n\t\t\t\t\t\t\t<div class=\"elementor-spacer\">\n\t\t\t<div class=\"elementor-spacer-inner\"><\/div>\n\t\t<\/div>\n\t\t\t\t\t\t<\/div>\n\t\t\t\t<\/div>\n\t\t\t\t\t<\/div>\n\t\t<\/div>\n\t\t\t\t\t<\/div>\n\t\t<\/section>\n\t\t\t\t<section class=\"elementor-section elementor-top-section elementor-element elementor-element-07c6a02 elementor-section-boxed elementor-section-height-default elementor-section-height-default\" data-id=\"07c6a02\" data-element_type=\"section\" data-e-type=\"section\">\n\t\t\t\t\t\t<div class=\"elementor-container elementor-column-gap-default\">\n\t\t\t\t\t<div class=\"elementor-column elementor-col-100 elementor-top-column elementor-element elementor-element-694af98\" data-id=\"694af98\" data-element_type=\"column\" data-e-type=\"column\">\n\t\t\t<div class=\"elementor-widget-wrap elementor-element-populated\">\n\t\t\t\t\t\t<div class=\"elementor-element elementor-element-4563f5a elementor-widget elementor-widget-spacer\" data-id=\"4563f5a\" data-element_type=\"widget\" data-e-type=\"widget\" data-widget_type=\"spacer.default\">\n\t\t\t\t<div class=\"elementor-widget-container\">\n\t\t\t\t\t\t\t<div class=\"elementor-spacer\">\n\t\t\t<div class=\"elementor-spacer-inner\"><\/div>\n\t\t<\/div>\n\t\t\t\t\t\t<\/div>\n\t\t\t\t<\/div>\n\t\t\t\t\t<\/div>\n\t\t<\/div>\n\t\t\t\t\t<\/div>\n\t\t<\/section>\n\t\t\t\t<section class=\"elementor-section elementor-top-section elementor-element elementor-element-554a80e elementor-section-boxed elementor-section-height-default elementor-section-height-default\" data-id=\"554a80e\" data-element_type=\"section\" data-e-type=\"section\">\n\t\t\t\t\t\t<div class=\"elementor-container elementor-column-gap-default\">\n\t\t\t\t\t<div class=\"elementor-column elementor-col-100 elementor-top-column elementor-element elementor-element-41163e3\" data-id=\"41163e3\" data-element_type=\"column\" data-e-type=\"column\">\n\t\t\t<div class=\"elementor-widget-wrap elementor-element-populated\">\n\t\t\t\t\t\t<div class=\"elementor-element elementor-element-d611ab8 elementor-widget elementor-widget-spacer\" data-id=\"d611ab8\" data-element_type=\"widget\" data-e-type=\"widget\" data-widget_type=\"spacer.default\">\n\t\t\t\t<div class=\"elementor-widget-container\">\n\t\t\t\t\t\t\t<div class=\"elementor-spacer\">\n\t\t\t<div class=\"elementor-spacer-inner\"><\/div>\n\t\t<\/div>\n\t\t\t\t\t\t<\/div>\n\t\t\t\t<\/div>\n\t\t\t\t<div class=\"elementor-element elementor-element-e9c982f elementor-widget elementor-widget-heading\" data-id=\"e9c982f\" data-element_type=\"widget\" data-e-type=\"widget\" data-widget_type=\"heading.default\">\n\t\t\t\t<div class=\"elementor-widget-container\">\n\t\t\t\t\t<h4 class=\"elementor-heading-title elementor-size-default\"><a href=\"https:\/\/companhiamaior.pt\/arquivo\/forca\/\" target=\"_blank\">&lt; Voltar P\u00e1gina For\u00e7a<\/a><\/h4>\t\t\t\t<\/div>\n\t\t\t\t<\/div>\n\t\t\t\t\t<\/div>\n\t\t<\/div>\n\t\t\t\t\t<\/div>\n\t\t<\/section>\n\t\t\t\t<\/div>\n\t\t","protected":false},"excerpt":{"rendered":"<p>For\u00e7a Fotografias Oficinas Canto Coral Oficina dirigida por Luis Almeida. Refer\u00eancia: 008_FOTO_OFI_OFIA \u00a0 T\u00edtulo da Obra: For\u00e7a \u00a0 Data: Abril de 2015 Autor: Filipa Francisco \u00a0 Categoria: Fotografias \u00a0 Subcategoria: Oficinas Espa\u00e7o: Est\u00fadios Victor C\u00f3rdon \u00a0 Localidade: Lisboa \u00a0 Fotos: \u00a9Bruno Sim\u00e3o &lt; Voltar P\u00e1gina For\u00e7a<\/p>\n","protected":false},"author":2,"featured_media":0,"parent":0,"menu_order":0,"comment_status":"closed","ping_status":"closed","template":"","meta":{"footnotes":""},"elenco":[],"autor":[],"titulo_da_obra":[],"ano":[],"fotografia-de":[],"espaco":[],"localidade":[],"notas":[],"sub-categoria":[],"data":[],"class_list":["post-2642","page","type-page","status-publish","hentry","entry"],"_links":{"self":[{"href":"https:\/\/companhiamaior.pt\/arquivo\/wp-json\/wp\/v2\/pages\/2642","targetHints":{"allow":["GET"]}}],"collection":[{"href":"https:\/\/companhiamaior.pt\/arquivo\/wp-json\/wp\/v2\/pages"}],"about":[{"href":"https:\/\/companhiamaior.pt\/arquivo\/wp-json\/wp\/v2\/types\/page"}],"author":[{"embeddable":true,"href":"https:\/\/companhiamaior.pt\/arquivo\/wp-json\/wp\/v2\/users\/2"}],"replies":[{"embeddable":true,"href":"https:\/\/companhiamaior.pt\/arquivo\/wp-json\/wp\/v2\/comments?post=2642"}],"version-history":[{"count":13,"href":"https:\/\/companhiamaior.pt\/arquivo\/wp-json\/wp\/v2\/pages\/2642\/revisions"}],"predecessor-version":[{"id":4744,"href":"https:\/\/companhiamaior.pt\/arquivo\/wp-json\/wp\/v2\/pages\/2642\/revisions\/4744"}],"wp:attachment":[{"href":"https:\/\/companhiamaior.pt\/arquivo\/wp-json\/wp\/v2\/media?parent=2642"}],"wp:term":[{"taxonomy":"elenco","embeddable":true,"href":"https:\/\/companhiamaior.pt\/arquivo\/wp-json\/wp\/v2\/elenco?post=2642"},{"taxonomy":"autor","embeddable":true,"href":"https:\/\/companhiamaior.pt\/arquivo\/wp-json\/wp\/v2\/autor?post=2642"},{"taxonomy":"titulo_da_obra","embeddable":true,"href":"https:\/\/companhiamaior.pt\/arquivo\/wp-json\/wp\/v2\/titulo_da_obra?post=2642"},{"taxonomy":"ano","embeddable":true,"href":"https:\/\/companhiamaior.pt\/arquivo\/wp-json\/wp\/v2\/ano?post=2642"},{"taxonomy":"fotografia-de","embeddable":true,"href":"https:\/\/companhiamaior.pt\/arquivo\/wp-json\/wp\/v2\/fotografia-de?post=2642"},{"taxonomy":"espaco","embeddable":true,"href":"https:\/\/companhiamaior.pt\/arquivo\/wp-json\/wp\/v2\/espaco?post=2642"},{"taxonomy":"localidade","embeddable":true,"href":"https:\/\/companhiamaior.pt\/arquivo\/wp-json\/wp\/v2\/localidade?post=2642"},{"taxonomy":"notas","embeddable":true,"href":"https:\/\/companhiamaior.pt\/arquivo\/wp-json\/wp\/v2\/notas?post=2642"},{"taxonomy":"sub-categoria","embeddable":true,"href":"https:\/\/companhiamaior.pt\/arquivo\/wp-json\/wp\/v2\/sub-categoria?post=2642"},{"taxonomy":"data","embeddable":true,"href":"https:\/\/companhiamaior.pt\/arquivo\/wp-json\/wp\/v2\/data?post=2642"}],"curies":[{"name":"wp","href":"https:\/\/api.w.org\/{rel}","templated":true}]}}