{"id":2617,"date":"2023-05-03T10:15:50","date_gmt":"2023-05-03T10:15:50","guid":{"rendered":"https:\/\/companhiamaior.pt\/arquivo\/?page_id=2617"},"modified":"2023-05-03T10:19:21","modified_gmt":"2023-05-03T10:19:21","slug":"textos-forca","status":"publish","type":"page","link":"https:\/\/companhiamaior.pt\/arquivo\/textos-forca\/","title":{"rendered":"Textos For\u00e7a"},"content":{"rendered":"\t\t<div data-elementor-type=\"wp-page\" data-elementor-id=\"2617\" class=\"elementor elementor-2617\">\n\t\t\t\t\t\t\t\t\t<section class=\"elementor-section elementor-top-section elementor-element elementor-element-df16ef0 elementor-section-boxed elementor-section-height-default elementor-section-height-default\" data-id=\"df16ef0\" data-element_type=\"section\">\n\t\t\t\t\t\t<div class=\"elementor-container elementor-column-gap-default\">\n\t\t\t\t\t<div class=\"elementor-column elementor-col-100 elementor-top-column elementor-element elementor-element-dde0a10\" data-id=\"dde0a10\" data-element_type=\"column\">\n\t\t\t<div class=\"elementor-widget-wrap elementor-element-populated\">\n\t\t\t\t\t\t\t\t<div class=\"elementor-element elementor-element-19ed4aa elementor-widget elementor-widget-heading\" data-id=\"19ed4aa\" data-element_type=\"widget\" data-widget_type=\"heading.default\">\n\t\t\t\t<div class=\"elementor-widget-container\">\n\t\t\t<style>\/*! elementor - v3.13.3 - 28-05-2023 *\/\n.elementor-heading-title{padding:0;margin:0;line-height:1}.elementor-widget-heading .elementor-heading-title[class*=elementor-size-]>a{color:inherit;font-size:inherit;line-height:inherit}.elementor-widget-heading .elementor-heading-title.elementor-size-small{font-size:15px}.elementor-widget-heading .elementor-heading-title.elementor-size-medium{font-size:19px}.elementor-widget-heading .elementor-heading-title.elementor-size-large{font-size:29px}.elementor-widget-heading .elementor-heading-title.elementor-size-xl{font-size:39px}.elementor-widget-heading .elementor-heading-title.elementor-size-xxl{font-size:59px}<\/style><h2 class=\"elementor-heading-title elementor-size-default\">For\u00e7a<\/h2>\t\t<\/div>\n\t\t\t\t<\/div>\n\t\t\t\t<div class=\"elementor-element elementor-element-2cb8dd6 elementor-widget elementor-widget-heading\" data-id=\"2cb8dd6\" data-element_type=\"widget\" data-widget_type=\"heading.default\">\n\t\t\t\t<div class=\"elementor-widget-container\">\n\t\t\t<h4 class=\"elementor-heading-title elementor-size-default\">Textos<\/h4>\t\t<\/div>\n\t\t\t\t<\/div>\n\t\t\t\t<div class=\"elementor-element elementor-element-b677fa2 elementor-widget elementor-widget-spacer\" data-id=\"b677fa2\" data-element_type=\"widget\" data-widget_type=\"spacer.default\">\n\t\t\t\t<div class=\"elementor-widget-container\">\n\t\t\t<style>\/*! elementor - v3.13.3 - 28-05-2023 *\/\n.elementor-column .elementor-spacer-inner{height:var(--spacer-size)}.e-con{--container-widget-width:100%}.e-con-inner>.elementor-widget-spacer,.e-con>.elementor-widget-spacer{width:var(--container-widget-width,var(--spacer-size));--align-self:var(--container-widget-align-self,initial);--flex-shrink:0}.e-con-inner>.elementor-widget-spacer>.elementor-widget-container,.e-con-inner>.elementor-widget-spacer>.elementor-widget-container>.elementor-spacer,.e-con>.elementor-widget-spacer>.elementor-widget-container,.e-con>.elementor-widget-spacer>.elementor-widget-container>.elementor-spacer{height:100%}.e-con-inner>.elementor-widget-spacer>.elementor-widget-container>.elementor-spacer>.elementor-spacer-inner,.e-con>.elementor-widget-spacer>.elementor-widget-container>.elementor-spacer>.elementor-spacer-inner{height:var(--container-widget-height,var(--spacer-size))}<\/style>\t\t<div class=\"elementor-spacer\">\n\t\t\t<div class=\"elementor-spacer-inner\"><\/div>\n\t\t<\/div>\n\t\t\t\t<\/div>\n\t\t\t\t<\/div>\n\t\t\t\t\t<\/div>\n\t\t<\/div>\n\t\t\t\t\t\t\t<\/div>\n\t\t<\/section>\n\t\t\t\t<section class=\"elementor-section elementor-top-section elementor-element elementor-element-8d91e31 elementor-section-boxed elementor-section-height-default elementor-section-height-default\" data-id=\"8d91e31\" data-element_type=\"section\">\n\t\t\t\t\t\t<div class=\"elementor-container elementor-column-gap-default\">\n\t\t\t\t\t<div class=\"elementor-column elementor-col-100 elementor-top-column elementor-element elementor-element-b097618\" data-id=\"b097618\" data-element_type=\"column\">\n\t\t\t<div class=\"elementor-widget-wrap elementor-element-populated\">\n\t\t\t\t\t\t\t\t<div class=\"elementor-element elementor-element-a520eeb elementor-widget elementor-widget-heading\" data-id=\"a520eeb\" data-element_type=\"widget\" data-widget_type=\"heading.default\">\n\t\t\t\t<div class=\"elementor-widget-container\">\n\t\t\t<h4 class=\"elementor-heading-title elementor-size-default\">Que \u00e9 que eles pensam e n\u00e3o dizem?<\/h4>\t\t<\/div>\n\t\t\t\t<\/div>\n\t\t\t\t<div class=\"elementor-element elementor-element-23b767d elementor-widget elementor-widget-text-editor\" data-id=\"23b767d\" data-element_type=\"widget\" data-widget_type=\"text-editor.default\">\n\t\t\t\t<div class=\"elementor-widget-container\">\n\t\t\t<style>\/*! elementor - v3.13.3 - 28-05-2023 *\/\n.elementor-widget-text-editor.elementor-drop-cap-view-stacked .elementor-drop-cap{background-color:#69727d;color:#fff}.elementor-widget-text-editor.elementor-drop-cap-view-framed .elementor-drop-cap{color:#69727d;border:3px solid;background-color:transparent}.elementor-widget-text-editor:not(.elementor-drop-cap-view-default) .elementor-drop-cap{margin-top:8px}.elementor-widget-text-editor:not(.elementor-drop-cap-view-default) .elementor-drop-cap-letter{width:1em;height:1em}.elementor-widget-text-editor .elementor-drop-cap{float:left;text-align:center;line-height:1;font-size:50px}.elementor-widget-text-editor .elementor-drop-cap-letter{display:inline-block}<\/style>\t\t\t\t<div class=\"page\" title=\"Page 4\"><div class=\"layoutArea\"><div class=\"column\"><p>Texto de Paula Varanda, e inclu\u00eddo na Folha de Sala<\/p><\/div><\/div><\/div>\t\t\t\t\t\t<\/div>\n\t\t\t\t<\/div>\n\t\t\t\t<div class=\"elementor-element elementor-element-700bac0 elementor-widget elementor-widget-spacer\" data-id=\"700bac0\" data-element_type=\"widget\" data-widget_type=\"spacer.default\">\n\t\t\t\t<div class=\"elementor-widget-container\">\n\t\t\t\t\t<div class=\"elementor-spacer\">\n\t\t\t<div class=\"elementor-spacer-inner\"><\/div>\n\t\t<\/div>\n\t\t\t\t<\/div>\n\t\t\t\t<\/div>\n\t\t\t\t<div class=\"elementor-element elementor-element-71a7942 elementor-widget elementor-widget-text-editor\" data-id=\"71a7942\" data-element_type=\"widget\" data-widget_type=\"text-editor.default\">\n\t\t\t\t<div class=\"elementor-widget-container\">\n\t\t\t\t\t\t\t<p>Perante um manifesto claro do sentido de responsabilidade e desejo pelo bem estar da fam\u00edlia, que uma pessoa mais velha carrega; perante a consci\u00eancia clara de um presente conflituoso, no pa\u00eds e no mundo, que tem que se enfrentar ano ap\u00f3s ano; perante a constata\u00e7\u00e3o de que as d\u00favidas crescem com a vida e que \u00e9 assim que cresce a sabedoria, Filipa Francisco prop\u00f4s \u00e0s mulheres e homens da Companhia Maior trabalharem sobre a for\u00e7a como palavra chave para um espect\u00e1culo constru\u00eddo em conjunto.<\/p><p>Prosseguindo um processo criativo de procura e experimenta\u00e7\u00e3o cont\u00ednua dos efeitos desse est\u00edmulo \u2013 um m\u00e9todo que a core\u00f3grafa desenvolve h\u00e1 muito e que n\u00e3o \u00e9 raro na dan\u00e7a contempor\u00e2nea &#8211; todos enfrentaram a fragilidade da indefini\u00e7\u00e3o e das incertezas, que tem dias que enfraquecem e desmotivam; assim chegaram a uma composi\u00e7\u00e3o coerente e original que \u00e9 esta nova obra da Companhia Maior.<br \/>S\u00e3o os m\u00fasicos que anunciam o princ\u00edpio de uma jornada decidida e de f\u00f4lego, onde os uns e os outros se cruzam no caminho e encontram o que os une, definindo uma linha de for\u00e7a invis\u00edvel. Ela \u00e9 carregada do simbolismo da marcha em un\u00edssono e de bra\u00e7os entrela\u00e7ados, que n\u00e3o deixa ficar ningu\u00e9m para tr\u00e1s e reclama visibilidade para os prec\u00e1rios e os fragilizados, silenciados ou esquecidos.<br \/>Neste colectivo emerge, com subtileza, uma cr\u00edtica firme \u00e0 sociedade de consumo e \u00e9 leg\u00edvel a tormenta real de quem nela n\u00e3o detenha poder financeiro. Contrap\u00f5em-se, ent\u00e3o, valores como a for\u00e7a das emo\u00e7\u00f5es e dos afectos e, atrav\u00e9s de muitas perguntas, as inquieta\u00e7\u00f5es profundas e as posi\u00e7\u00f5es que se tomam na vida afirmam-se. Em suma, os que agem, com atitude, ganham. E os que assistem s\u00f3 n\u00e3o perdem o conforto; at\u00e9 ver, porque essa seguran\u00e7a tamb\u00e9m \u00e9 ef\u00e9mera.<br \/>N\u00e3o \u00e9 por acaso que aparece nesta pe\u00e7a uma cita\u00e7\u00e3o da c\u00e9lebre Mesa Verde de Kurt Joos (1932). A Filipa tinha vontade de aproveitar a rica experi\u00eancia de vida dos int\u00e9rpretes da companhia para recuperar mem\u00f3rias de dan\u00e7a; e, tendo uma das bailarinas efectivamente dan\u00e7ado essa coreografia no passado e, havendo na atmosfera do grupo uma genu\u00edna preocupa\u00e7\u00e3o com a guerra e os refugiados, os excertos da sec\u00e7\u00e3o \u201cDan\u00e7a da Morte\u201d, da pe\u00e7a de Joos, fazem todo o sentido. O seu di\u00e1logo com os demais int\u00e9rpretes e com os esbo\u00e7os de outras dan\u00e7as tamb\u00e9m \u00e9 produtivo: mostra que h\u00e1, apesar de tudo, possibilidades de resist\u00eancia e alternativas de amor e de alegria.<br \/>A dado momento &#8211; especificamente com o toque da massagem &#8211; levantam-se quest\u00f5es sobre a proximidade e a privacidade: porque abandonamos a comunica\u00e7\u00e3o pelo toque ap\u00f3s a juventude? Tocar \u00e9 bom ou \u00e9 invasivo? Foi involuntariamente que apareceu nesta pe\u00e7a o<br \/>que eu reconheci como uma imagem do n\u00e3o menos famoso Kontaktoff de Pina Bausch (1978) &#8211; aquela cena de uma mulher que se submete \u00e0s m\u00e3os de muitos homens &#8211; mas que agora, em For\u00e7a, se concretiza com um homem acarinhado por muitos companheiros. Esta associa\u00e7\u00e3o, de um olhar exterior, \u00e9 contudo apropriada; n\u00e3o s\u00f3 as interroga\u00e7\u00f5es acima s\u00e3o, mais uma vez, pertinentes nas sociedades modernas &#8211; tanto mais quando a idade avan\u00e7a e o corpo se resguarda ou esconde &#8211; como em v\u00e1rios momentos da sua carreira Filipa Francisco tem prestado homenagem a Bausch. Acresce que lembrar os ausentes tamb\u00e9m contribui para a nossa for\u00e7a interior e, no espect\u00e1culo, essa componente exprime-se, pela palavra ou pelo gesto.<br \/>Filipa Francisco trabalha com as pessoas e as suas caracter\u00edsticas individuais ou de comunidade com curiosidade e paix\u00e3o. Ela \u00e9 tamb\u00e9m uma artista interventiva, atenta aos direitos humanos, como vimos nas suas representa\u00e7\u00f5es da viol\u00eancia dom\u00e9stica (Nu Meio) das mulheres da Rep\u00fablica (Para Onde Vamos?) e da exclus\u00e3o social de reclusos (Rexistir). Mais tarde, nas obras com as jovens da Cova da Moura (\u00cdman) e com os ranchos folcl\u00f3ricos (A Viagem), ficou evidente o reconhecimento da preciosidade da diferen\u00e7a cultural. Nestas exigentes aventuras a core\u00f3grafa tem sabido harmonizar s\u00e1tira e beleza e transmitir o valor da arte para a experi\u00eancia e participa\u00e7\u00e3o na vida.<br \/>Na Companhia Maior a artista encontrou exemplos surpreendentes e inspiradores da for\u00e7a de vontade que mostram, tamb\u00e9m aos mais novos, como o empenho, a aceita\u00e7\u00e3o e a cumplicidade nos levam longe. Nesta pe\u00e7a a core\u00f3grafa elogia a for\u00e7a latente de corpos que julgamos como fr\u00e1geis e d\u00e1 voz a pessoas que querem falar do que est\u00e1 a acontecer ao mundo. Dentro destas pessoas residem hist\u00f3rias individuais fortes que, n\u00e3o sendo na maioria reveladas, vibram nos corpos que actuam com movimentos, com voz, com adere\u00e7os e instrumentos.<br \/>Tamb\u00e9m faz parte desta For\u00e7a uma orquestra. Ant\u00f3nio Pedro, colaborador c\u00famplice de longa data, desafiou alguns elementos da companhia a resolverem artisticamente a sua revolta. Essa parte do grupo construiu a dimens\u00e3o sonora do manifesto e tem em m\u00e3os, como diz o compositor, um exerc\u00edcio de democracia: fazem juntos e assumem a lideran\u00e7a \u00e0 vez, conforme \u00e9 preciso e consoante as compet\u00eancias de cada um.<\/p>\t\t\t\t\t\t<\/div>\n\t\t\t\t<\/div>\n\t\t\t\t<div class=\"elementor-element elementor-element-c61d234 elementor-widget elementor-widget-spacer\" data-id=\"c61d234\" data-element_type=\"widget\" data-widget_type=\"spacer.default\">\n\t\t\t\t<div class=\"elementor-widget-container\">\n\t\t\t\t\t<div class=\"elementor-spacer\">\n\t\t\t<div class=\"elementor-spacer-inner\"><\/div>\n\t\t<\/div>\n\t\t\t\t<\/div>\n\t\t\t\t<\/div>\n\t\t\t\t\t<\/div>\n\t\t<\/div>\n\t\t\t\t\t\t\t<\/div>\n\t\t<\/section>\n\t\t\t\t<section class=\"elementor-section elementor-top-section elementor-element elementor-element-454a460 elementor-section-boxed elementor-section-height-default elementor-section-height-default\" data-id=\"454a460\" data-element_type=\"section\">\n\t\t\t\t\t\t<div class=\"elementor-container elementor-column-gap-default\">\n\t\t\t\t\t<div class=\"elementor-column elementor-col-100 elementor-top-column elementor-element elementor-element-e8616da\" data-id=\"e8616da\" data-element_type=\"column\">\n\t\t\t<div class=\"elementor-widget-wrap elementor-element-populated\">\n\t\t\t\t\t\t\t\t<div class=\"elementor-element elementor-element-4201a9d elementor-widget elementor-widget-spacer\" data-id=\"4201a9d\" data-element_type=\"widget\" data-widget_type=\"spacer.default\">\n\t\t\t\t<div class=\"elementor-widget-container\">\n\t\t\t\t\t<div class=\"elementor-spacer\">\n\t\t\t<div class=\"elementor-spacer-inner\"><\/div>\n\t\t<\/div>\n\t\t\t\t<\/div>\n\t\t\t\t<\/div>\n\t\t\t\t<div class=\"elementor-element elementor-element-512897f elementor-widget elementor-widget-heading\" data-id=\"512897f\" data-element_type=\"widget\" data-widget_type=\"heading.default\">\n\t\t\t\t<div class=\"elementor-widget-container\">\n\t\t\t<h4 class=\"elementor-heading-title elementor-size-default\"><a href=\"https:\/\/companhiamaior.pt\/arquivo\/forca\/\" target=\"_blank\">&lt; Voltar P\u00e1gina For\u00e7a<\/a><\/h4>\t\t<\/div>\n\t\t\t\t<\/div>\n\t\t\t\t\t<\/div>\n\t\t<\/div>\n\t\t\t\t\t\t\t<\/div>\n\t\t<\/section>\n\t\t\t\t\t\t\t<\/div>\n\t\t","protected":false},"excerpt":{"rendered":"<p>For\u00e7a Textos Que \u00e9 que eles pensam e n\u00e3o dizem? Texto de Paula Varanda, e inclu\u00eddo na Folha de Sala Perante um manifesto claro do sentido de responsabilidade e desejo pelo bem estar da fam\u00edlia, que uma pessoa mais velha carrega; perante a consci\u00eancia clara de um presente conflituoso, no pa\u00eds e no mundo, que&hellip; <a class=\"more-link\" href=\"https:\/\/companhiamaior.pt\/arquivo\/textos-forca\/\">Continue reading <span class=\"screen-reader-text\">Textos For\u00e7a<\/span><\/a><\/p>\n","protected":false},"author":2,"featured_media":0,"parent":0,"menu_order":0,"comment_status":"closed","ping_status":"closed","template":"","meta":{"footnotes":""},"elenco":[],"autor":[],"titulo_da_obra":[],"ano":[],"fotografia-de":[],"espaco":[],"localidade":[],"notas":[],"sub-categoria":[],"data":[],"class_list":["post-2617","page","type-page","status-publish","hentry","entry"],"_links":{"self":[{"href":"https:\/\/companhiamaior.pt\/arquivo\/wp-json\/wp\/v2\/pages\/2617","targetHints":{"allow":["GET"]}}],"collection":[{"href":"https:\/\/companhiamaior.pt\/arquivo\/wp-json\/wp\/v2\/pages"}],"about":[{"href":"https:\/\/companhiamaior.pt\/arquivo\/wp-json\/wp\/v2\/types\/page"}],"author":[{"embeddable":true,"href":"https:\/\/companhiamaior.pt\/arquivo\/wp-json\/wp\/v2\/users\/2"}],"replies":[{"embeddable":true,"href":"https:\/\/companhiamaior.pt\/arquivo\/wp-json\/wp\/v2\/comments?post=2617"}],"version-history":[{"count":4,"href":"https:\/\/companhiamaior.pt\/arquivo\/wp-json\/wp\/v2\/pages\/2617\/revisions"}],"predecessor-version":[{"id":2621,"href":"https:\/\/companhiamaior.pt\/arquivo\/wp-json\/wp\/v2\/pages\/2617\/revisions\/2621"}],"wp:attachment":[{"href":"https:\/\/companhiamaior.pt\/arquivo\/wp-json\/wp\/v2\/media?parent=2617"}],"wp:term":[{"taxonomy":"elenco","embeddable":true,"href":"https:\/\/companhiamaior.pt\/arquivo\/wp-json\/wp\/v2\/elenco?post=2617"},{"taxonomy":"autor","embeddable":true,"href":"https:\/\/companhiamaior.pt\/arquivo\/wp-json\/wp\/v2\/autor?post=2617"},{"taxonomy":"titulo_da_obra","embeddable":true,"href":"https:\/\/companhiamaior.pt\/arquivo\/wp-json\/wp\/v2\/titulo_da_obra?post=2617"},{"taxonomy":"ano","embeddable":true,"href":"https:\/\/companhiamaior.pt\/arquivo\/wp-json\/wp\/v2\/ano?post=2617"},{"taxonomy":"fotografia-de","embeddable":true,"href":"https:\/\/companhiamaior.pt\/arquivo\/wp-json\/wp\/v2\/fotografia-de?post=2617"},{"taxonomy":"espaco","embeddable":true,"href":"https:\/\/companhiamaior.pt\/arquivo\/wp-json\/wp\/v2\/espaco?post=2617"},{"taxonomy":"localidade","embeddable":true,"href":"https:\/\/companhiamaior.pt\/arquivo\/wp-json\/wp\/v2\/localidade?post=2617"},{"taxonomy":"notas","embeddable":true,"href":"https:\/\/companhiamaior.pt\/arquivo\/wp-json\/wp\/v2\/notas?post=2617"},{"taxonomy":"sub-categoria","embeddable":true,"href":"https:\/\/companhiamaior.pt\/arquivo\/wp-json\/wp\/v2\/sub-categoria?post=2617"},{"taxonomy":"data","embeddable":true,"href":"https:\/\/companhiamaior.pt\/arquivo\/wp-json\/wp\/v2\/data?post=2617"}],"curies":[{"name":"wp","href":"https:\/\/api.w.org\/{rel}","templated":true}]}}