{"id":2518,"date":"2023-04-28T13:39:42","date_gmt":"2023-04-28T13:39:42","guid":{"rendered":"https:\/\/companhiamaior.pt\/arquivo\/?page_id=2518"},"modified":"2023-06-14T17:46:23","modified_gmt":"2023-06-14T17:46:23","slug":"para-mat-comunicacao-sonho-de-uma-noite-de-verao","status":"publish","type":"page","link":"https:\/\/companhiamaior.pt\/arquivo\/para-mat-comunicacao-sonho-de-uma-noite-de-verao\/","title":{"rendered":"Para Mat. Comunica\u00e7\u00e3o sonho de uma noite de verao"},"content":{"rendered":"\t\t<div data-elementor-type=\"wp-page\" data-elementor-id=\"2518\" class=\"elementor elementor-2518\" data-elementor-post-type=\"page\">\n\t\t\t\t\t\t<section class=\"elementor-section elementor-top-section elementor-element elementor-element-a749dd7 elementor-section-boxed elementor-section-height-default elementor-section-height-default\" data-id=\"a749dd7\" data-element_type=\"section\" data-e-type=\"section\">\n\t\t\t\t\t\t<div class=\"elementor-container elementor-column-gap-default\">\n\t\t\t\t\t<div class=\"elementor-column elementor-col-100 elementor-top-column elementor-element elementor-element-d39f68e\" data-id=\"d39f68e\" data-element_type=\"column\" data-e-type=\"column\">\n\t\t\t<div class=\"elementor-widget-wrap elementor-element-populated\">\n\t\t\t\t\t\t<div class=\"elementor-element elementor-element-3f33409 elementor-widget elementor-widget-heading\" data-id=\"3f33409\" data-element_type=\"widget\" data-e-type=\"widget\" data-widget_type=\"heading.default\">\n\t\t\t\t<div class=\"elementor-widget-container\">\n\t\t\t\t\t<h2 class=\"elementor-heading-title elementor-size-default\">Sonho de uma Noite de Ver\u00e3o<\/h2>\t\t\t\t<\/div>\n\t\t\t\t<\/div>\n\t\t\t\t<div class=\"elementor-element elementor-element-e00bb41 elementor-widget elementor-widget-heading\" data-id=\"e00bb41\" data-element_type=\"widget\" data-e-type=\"widget\" data-widget_type=\"heading.default\">\n\t\t\t\t<div class=\"elementor-widget-container\">\n\t\t\t\t\t<h4 class=\"elementor-heading-title elementor-size-default\">Fotografias<\/h4>\t\t\t\t<\/div>\n\t\t\t\t<\/div>\n\t\t\t\t<div class=\"elementor-element elementor-element-e209c27 elementor-widget elementor-widget-heading\" data-id=\"e209c27\" data-element_type=\"widget\" data-e-type=\"widget\" data-widget_type=\"heading.default\">\n\t\t\t\t<div class=\"elementor-widget-container\">\n\t\t\t\t\t<h5 class=\"elementor-heading-title elementor-size-default\">Para Materiais de Comunica\u00e7\u00e3o<\/h5>\t\t\t\t<\/div>\n\t\t\t\t<\/div>\n\t\t\t\t<div class=\"elementor-element elementor-element-6d1daad elementor-widget elementor-widget-spacer\" data-id=\"6d1daad\" data-element_type=\"widget\" data-e-type=\"widget\" data-widget_type=\"spacer.default\">\n\t\t\t\t<div class=\"elementor-widget-container\">\n\t\t\t\t\t\t\t<div class=\"elementor-spacer\">\n\t\t\t<div class=\"elementor-spacer-inner\"><\/div>\n\t\t<\/div>\n\t\t\t\t\t\t<\/div>\n\t\t\t\t<\/div>\n\t\t\t\t\t<\/div>\n\t\t<\/div>\n\t\t\t\t\t<\/div>\n\t\t<\/section>\n\t\t\t\t<section class=\"elementor-section elementor-top-section elementor-element elementor-element-26aabd7 elementor-section-boxed elementor-section-height-default elementor-section-height-default\" data-id=\"26aabd7\" data-element_type=\"section\" data-e-type=\"section\">\n\t\t\t\t\t\t<div class=\"elementor-container elementor-column-gap-default\">\n\t\t\t\t\t<div class=\"elementor-column elementor-col-33 elementor-top-column elementor-element elementor-element-65344d5\" data-id=\"65344d5\" data-element_type=\"column\" data-e-type=\"column\">\n\t\t\t<div class=\"elementor-widget-wrap elementor-element-populated\">\n\t\t\t\t\t\t<div class=\"elementor-element elementor-element-02e3128 elementor-widget elementor-widget-text-editor\" data-id=\"02e3128\" data-element_type=\"widget\" data-e-type=\"widget\" data-widget_type=\"text-editor.default\">\n\t\t\t\t<div class=\"elementor-widget-container\">\n\t\t\t\t\t\t\t\t\t<h6><strong>Refer\u00eancia:<\/strong><\/h6><h6><span style=\"color: #993300;\">009_FOTO_MC<\/span><\/h6><h6>\u00a0<\/h6><h6><strong>T\u00edtulo da Obra:<\/strong><\/h6><h6><span style=\"color: #993300;\">Sonho de uma Noite de Ver\u00e3o<\/span><\/h6><h6>\u00a0<\/h6><h6><strong>Ano:<\/strong><\/h6><h6><span style=\"color: #993300;\">2016<\/span><\/h6>\t\t\t\t\t\t\t\t<\/div>\n\t\t\t\t<\/div>\n\t\t\t\t\t<\/div>\n\t\t<\/div>\n\t\t\t\t<div class=\"elementor-column elementor-col-33 elementor-top-column elementor-element elementor-element-7b4c3c3\" data-id=\"7b4c3c3\" data-element_type=\"column\" data-e-type=\"column\">\n\t\t\t<div class=\"elementor-widget-wrap elementor-element-populated\">\n\t\t\t\t\t\t<div class=\"elementor-element elementor-element-6a881a2 elementor-widget elementor-widget-text-editor\" data-id=\"6a881a2\" data-element_type=\"widget\" data-e-type=\"widget\" data-widget_type=\"text-editor.default\">\n\t\t\t\t<div class=\"elementor-widget-container\">\n\t\t\t\t\t\t\t\t\t<h6><strong>Autor:<\/strong><\/h6><h6><span style=\"color: #993300;\">T\u00f3nan Quito<\/span><\/h6><h6>\u00a0<\/h6><h6><strong>Categoria:<\/strong><\/h6><h6><span style=\"color: #993300;\">Fotografias<\/span><\/h6><h6>\u00a0<\/h6><h6><strong>Subcategoria:<\/strong><\/h6><h6><span style=\"color: #993300;\">Para Materiais Comunica\u00e7\u00e3o<\/span><\/h6>\t\t\t\t\t\t\t\t<\/div>\n\t\t\t\t<\/div>\n\t\t\t\t\t<\/div>\n\t\t<\/div>\n\t\t\t\t<div class=\"elementor-column elementor-col-33 elementor-top-column elementor-element elementor-element-141bcc0\" data-id=\"141bcc0\" data-element_type=\"column\" data-e-type=\"column\">\n\t\t\t<div class=\"elementor-widget-wrap elementor-element-populated\">\n\t\t\t\t\t\t<div class=\"elementor-element elementor-element-7364d3a elementor-widget elementor-widget-text-editor\" data-id=\"7364d3a\" data-element_type=\"widget\" data-e-type=\"widget\" data-widget_type=\"text-editor.default\">\n\t\t\t\t<div class=\"elementor-widget-container\">\n\t\t\t\t\t\t\t\t\t<h6><strong style=\"font-family: var(--heading--font-family); font-size: var(--heading--font-size-h6); letter-spacing: var(--heading--letter-spacing-h6); color: var( --e-global-color-text );\">Fotos:<\/strong><\/h6><h6><span style=\"color: #993300;\">\u00a9Bruno Sim\u00e3o<\/span><\/h6>\t\t\t\t\t\t\t\t<\/div>\n\t\t\t\t<\/div>\n\t\t\t\t\t<\/div>\n\t\t<\/div>\n\t\t\t\t\t<\/div>\n\t\t<\/section>\n\t\t\t\t<section class=\"elementor-section elementor-top-section elementor-element elementor-element-4814012 elementor-section-boxed elementor-section-height-default elementor-section-height-default\" data-id=\"4814012\" data-element_type=\"section\" data-e-type=\"section\">\n\t\t\t\t\t\t<div class=\"elementor-container elementor-column-gap-default\">\n\t\t\t\t\t<div class=\"elementor-column elementor-col-100 elementor-top-column elementor-element elementor-element-b081c39\" data-id=\"b081c39\" data-element_type=\"column\" data-e-type=\"column\">\n\t\t\t<div class=\"elementor-widget-wrap elementor-element-populated\">\n\t\t\t\t\t\t<div class=\"elementor-element elementor-element-f34e490 elementor-widget elementor-widget-spacer\" data-id=\"f34e490\" data-element_type=\"widget\" data-e-type=\"widget\" data-widget_type=\"spacer.default\">\n\t\t\t\t<div class=\"elementor-widget-container\">\n\t\t\t\t\t\t\t<div class=\"elementor-spacer\">\n\t\t\t<div class=\"elementor-spacer-inner\"><\/div>\n\t\t<\/div>\n\t\t\t\t\t\t<\/div>\n\t\t\t\t<\/div>\n\t\t\t\t<div class=\"elementor-element elementor-element-1cc3096 elementor-widget elementor-widget-gallery\" data-id=\"1cc3096\" data-element_type=\"widget\" data-e-type=\"widget\" data-settings=\"{&quot;columns&quot;:5,&quot;lazyload&quot;:&quot;yes&quot;,&quot;gallery_layout&quot;:&quot;grid&quot;,&quot;columns_tablet&quot;:2,&quot;columns_mobile&quot;:1,&quot;gap&quot;:{&quot;unit&quot;:&quot;px&quot;,&quot;size&quot;:10,&quot;sizes&quot;:[]},&quot;gap_tablet&quot;:{&quot;unit&quot;:&quot;px&quot;,&quot;size&quot;:10,&quot;sizes&quot;:[]},&quot;gap_mobile&quot;:{&quot;unit&quot;:&quot;px&quot;,&quot;size&quot;:10,&quot;sizes&quot;:[]},&quot;link_to&quot;:&quot;file&quot;,&quot;aspect_ratio&quot;:&quot;3:2&quot;,&quot;overlay_background&quot;:&quot;yes&quot;,&quot;content_hover_animation&quot;:&quot;fade-in&quot;}\" data-widget_type=\"gallery.default\">\n\t\t\t\t<div class=\"elementor-widget-container\">\n\t\t\t\t\t\t\t<div class=\"elementor-gallery__container\">\n\t\t\t\t\t\t\t<a class=\"e-gallery-item elementor-gallery-item elementor-animated-content\" href=\"https:\/\/companhiamaior.pt\/arquivo\/wp-content\/uploads\/2023\/04\/009_FOTO_MC-1.jpg\" data-elementor-open-lightbox=\"yes\" data-elementor-lightbox-slideshow=\"1cc3096\" data-elementor-lightbox-title=\"009_FOTO_MC (1)\" data-e-action-hash=\"#elementor-action%3Aaction%3Dlightbox%26settings%3DeyJpZCI6MjUyMCwidXJsIjoiaHR0cHM6XC9cL2NvbXBhbmhpYW1haW9yLnB0XC9hcnF1aXZvXC93cC1jb250ZW50XC91cGxvYWRzXC8yMDIzXC8wNFwvMDA5X0ZPVE9fTUMtMS5qcGciLCJzbGlkZXNob3ciOiIxY2MzMDk2In0%3D\">\n\t\t\t\t\t<div class=\"e-gallery-image elementor-gallery-item__image\" data-thumbnail=\"https:\/\/companhiamaior.pt\/arquivo\/wp-content\/uploads\/2023\/04\/009_FOTO_MC-1-300x200.jpg\" data-width=\"300\" data-height=\"200\" aria-label=\"\" role=\"img\" ><\/div>\n\t\t\t\t\t\t\t\t\t\t\t<div class=\"elementor-gallery-item__overlay\"><\/div>\n\t\t\t\t\t\t\t\t\t\t\t\t\t\t<\/a>\n\t\t\t\t\t\t\t<a class=\"e-gallery-item elementor-gallery-item elementor-animated-content\" href=\"https:\/\/companhiamaior.pt\/arquivo\/wp-content\/uploads\/2023\/04\/009_FOTO_MC-4.jpg\" data-elementor-open-lightbox=\"yes\" data-elementor-lightbox-slideshow=\"1cc3096\" data-elementor-lightbox-title=\"009_FOTO_MC (4)\" data-e-action-hash=\"#elementor-action%3Aaction%3Dlightbox%26settings%3DeyJpZCI6MjUyMSwidXJsIjoiaHR0cHM6XC9cL2NvbXBhbmhpYW1haW9yLnB0XC9hcnF1aXZvXC93cC1jb250ZW50XC91cGxvYWRzXC8yMDIzXC8wNFwvMDA5X0ZPVE9fTUMtNC5qcGciLCJzbGlkZXNob3ciOiIxY2MzMDk2In0%3D\">\n\t\t\t\t\t<div class=\"e-gallery-image elementor-gallery-item__image\" data-thumbnail=\"https:\/\/companhiamaior.pt\/arquivo\/wp-content\/uploads\/2023\/04\/009_FOTO_MC-4-300x200.jpg\" data-width=\"300\" data-height=\"200\" aria-label=\"\" role=\"img\" ><\/div>\n\t\t\t\t\t\t\t\t\t\t\t<div class=\"elementor-gallery-item__overlay\"><\/div>\n\t\t\t\t\t\t\t\t\t\t\t\t\t\t<\/a>\n\t\t\t\t\t\t\t<a class=\"e-gallery-item elementor-gallery-item elementor-animated-content\" href=\"https:\/\/companhiamaior.pt\/arquivo\/wp-content\/uploads\/2023\/04\/009_FOTO_MC-7.jpg\" data-elementor-open-lightbox=\"yes\" data-elementor-lightbox-slideshow=\"1cc3096\" data-elementor-lightbox-title=\"009_FOTO_MC (7)\" data-e-action-hash=\"#elementor-action%3Aaction%3Dlightbox%26settings%3DeyJpZCI6MjUyMiwidXJsIjoiaHR0cHM6XC9cL2NvbXBhbmhpYW1haW9yLnB0XC9hcnF1aXZvXC93cC1jb250ZW50XC91cGxvYWRzXC8yMDIzXC8wNFwvMDA5X0ZPVE9fTUMtNy5qcGciLCJzbGlkZXNob3ciOiIxY2MzMDk2In0%3D\">\n\t\t\t\t\t<div class=\"e-gallery-image elementor-gallery-item__image\" data-thumbnail=\"https:\/\/companhiamaior.pt\/arquivo\/wp-content\/uploads\/2023\/04\/009_FOTO_MC-7-300x200.jpg\" data-width=\"300\" data-height=\"200\" aria-label=\"\" role=\"img\" ><\/div>\n\t\t\t\t\t\t\t\t\t\t\t<div class=\"elementor-gallery-item__overlay\"><\/div>\n\t\t\t\t\t\t\t\t\t\t\t\t\t\t<\/a>\n\t\t\t\t\t\t\t<a class=\"e-gallery-item elementor-gallery-item elementor-animated-content\" href=\"https:\/\/companhiamaior.pt\/arquivo\/wp-content\/uploads\/2023\/04\/009_FOTO_MC-9.jpg\" data-elementor-open-lightbox=\"yes\" data-elementor-lightbox-slideshow=\"1cc3096\" data-elementor-lightbox-title=\"009_FOTO_MC (9)\" data-e-action-hash=\"#elementor-action%3Aaction%3Dlightbox%26settings%3DeyJpZCI6MjUyMywidXJsIjoiaHR0cHM6XC9cL2NvbXBhbmhpYW1haW9yLnB0XC9hcnF1aXZvXC93cC1jb250ZW50XC91cGxvYWRzXC8yMDIzXC8wNFwvMDA5X0ZPVE9fTUMtOS5qcGciLCJzbGlkZXNob3ciOiIxY2MzMDk2In0%3D\">\n\t\t\t\t\t<div class=\"e-gallery-image elementor-gallery-item__image\" data-thumbnail=\"https:\/\/companhiamaior.pt\/arquivo\/wp-content\/uploads\/2023\/04\/009_FOTO_MC-9-300x200.jpg\" data-width=\"300\" data-height=\"200\" aria-label=\"\" role=\"img\" ><\/div>\n\t\t\t\t\t\t\t\t\t\t\t<div class=\"elementor-gallery-item__overlay\"><\/div>\n\t\t\t\t\t\t\t\t\t\t\t\t\t\t<\/a>\n\t\t\t\t\t\t\t<a class=\"e-gallery-item elementor-gallery-item elementor-animated-content\" href=\"https:\/\/companhiamaior.pt\/arquivo\/wp-content\/uploads\/2023\/04\/009_FOTO_MC-11.jpg\" data-elementor-open-lightbox=\"yes\" data-elementor-lightbox-slideshow=\"1cc3096\" data-elementor-lightbox-title=\"009_FOTO_MC (11)\" data-e-action-hash=\"#elementor-action%3Aaction%3Dlightbox%26settings%3DeyJpZCI6MjUyNCwidXJsIjoiaHR0cHM6XC9cL2NvbXBhbmhpYW1haW9yLnB0XC9hcnF1aXZvXC93cC1jb250ZW50XC91cGxvYWRzXC8yMDIzXC8wNFwvMDA5X0ZPVE9fTUMtMTEuanBnIiwic2xpZGVzaG93IjoiMWNjMzA5NiJ9\">\n\t\t\t\t\t<div class=\"e-gallery-image elementor-gallery-item__image\" data-thumbnail=\"https:\/\/companhiamaior.pt\/arquivo\/wp-content\/uploads\/2023\/04\/009_FOTO_MC-11-300x200.jpg\" data-width=\"300\" data-height=\"200\" aria-label=\"\" role=\"img\" ><\/div>\n\t\t\t\t\t\t\t\t\t\t\t<div class=\"elementor-gallery-item__overlay\"><\/div>\n\t\t\t\t\t\t\t\t\t\t\t\t\t\t<\/a>\n\t\t\t\t\t<\/div>\n\t\t\t\t\t<\/div>\n\t\t\t\t<\/div>\n\t\t\t\t\t<\/div>\n\t\t<\/div>\n\t\t\t\t\t<\/div>\n\t\t<\/section>\n\t\t\t\t<section class=\"elementor-section elementor-top-section elementor-element elementor-element-45fdf8e elementor-section-boxed elementor-section-height-default elementor-section-height-default\" data-id=\"45fdf8e\" data-element_type=\"section\" data-e-type=\"section\">\n\t\t\t\t\t\t<div class=\"elementor-container elementor-column-gap-default\">\n\t\t\t\t\t<div class=\"elementor-column elementor-col-100 elementor-top-column elementor-element elementor-element-f91b11c\" data-id=\"f91b11c\" data-element_type=\"column\" data-e-type=\"column\">\n\t\t\t<div class=\"elementor-widget-wrap elementor-element-populated\">\n\t\t\t\t\t\t<div class=\"elementor-element elementor-element-1d2f554 elementor-widget elementor-widget-spacer\" data-id=\"1d2f554\" data-element_type=\"widget\" data-e-type=\"widget\" data-widget_type=\"spacer.default\">\n\t\t\t\t<div class=\"elementor-widget-container\">\n\t\t\t\t\t\t\t<div class=\"elementor-spacer\">\n\t\t\t<div class=\"elementor-spacer-inner\"><\/div>\n\t\t<\/div>\n\t\t\t\t\t\t<\/div>\n\t\t\t\t<\/div>\n\t\t\t\t<div class=\"elementor-element elementor-element-3507411 elementor-widget elementor-widget-spacer\" data-id=\"3507411\" data-element_type=\"widget\" data-e-type=\"widget\" data-widget_type=\"spacer.default\">\n\t\t\t\t<div class=\"elementor-widget-container\">\n\t\t\t\t\t\t\t<div class=\"elementor-spacer\">\n\t\t\t<div class=\"elementor-spacer-inner\"><\/div>\n\t\t<\/div>\n\t\t\t\t\t\t<\/div>\n\t\t\t\t<\/div>\n\t\t\t\t<div class=\"elementor-element elementor-element-98774a1 elementor-widget elementor-widget-heading\" data-id=\"98774a1\" data-element_type=\"widget\" data-e-type=\"widget\" data-widget_type=\"heading.default\">\n\t\t\t\t<div class=\"elementor-widget-container\">\n\t\t\t\t\t<h4 class=\"elementor-heading-title elementor-size-default\"><a href=\"https:\/\/companhiamaior.pt\/arquivo\/sonho-de-uma-noite-de-verao\/\" target=\"_blank\">&lt; Voltar P\u00e1gina Sonho de uma Noite de Ver\u00e3o<\/a><\/h4>\t\t\t\t<\/div>\n\t\t\t\t<\/div>\n\t\t\t\t\t<\/div>\n\t\t<\/div>\n\t\t\t\t\t<\/div>\n\t\t<\/section>\n\t\t\t\t<\/div>\n\t\t","protected":false},"excerpt":{"rendered":"<p>Sonho de uma Noite de Ver\u00e3o Fotografias Para Materiais de Comunica\u00e7\u00e3o Refer\u00eancia: 009_FOTO_MC \u00a0 T\u00edtulo da Obra: Sonho de uma Noite de Ver\u00e3o \u00a0 Ano: 2016 Autor: T\u00f3nan Quito \u00a0 Categoria: Fotografias \u00a0 Subcategoria: Para Materiais Comunica\u00e7\u00e3o Fotos: \u00a9Bruno Sim\u00e3o < Voltar P\u00e1gina Sonho de uma Noite de Ver\u00e3o\n<\/p>\n","protected":false},"author":2,"featured_media":0,"parent":0,"menu_order":0,"comment_status":"closed","ping_status":"closed","template":"","meta":{"footnotes":""},"elenco":[],"autor":[],"titulo_da_obra":[],"ano":[],"fotografia-de":[],"espaco":[],"localidade":[],"notas":[],"sub-categoria":[],"data":[],"class_list":["post-2518","page","type-page","status-publish","hentry","entry"],"_links":{"self":[{"href":"https:\/\/companhiamaior.pt\/arquivo\/wp-json\/wp\/v2\/pages\/2518","targetHints":{"allow":["GET"]}}],"collection":[{"href":"https:\/\/companhiamaior.pt\/arquivo\/wp-json\/wp\/v2\/pages"}],"about":[{"href":"https:\/\/companhiamaior.pt\/arquivo\/wp-json\/wp\/v2\/types\/page"}],"author":[{"embeddable":true,"href":"https:\/\/companhiamaior.pt\/arquivo\/wp-json\/wp\/v2\/users\/2"}],"replies":[{"embeddable":true,"href":"https:\/\/companhiamaior.pt\/arquivo\/wp-json\/wp\/v2\/comments?post=2518"}],"version-history":[{"count":10,"href":"https:\/\/companhiamaior.pt\/arquivo\/wp-json\/wp\/v2\/pages\/2518\/revisions"}],"predecessor-version":[{"id":4732,"href":"https:\/\/companhiamaior.pt\/arquivo\/wp-json\/wp\/v2\/pages\/2518\/revisions\/4732"}],"wp:attachment":[{"href":"https:\/\/companhiamaior.pt\/arquivo\/wp-json\/wp\/v2\/media?parent=2518"}],"wp:term":[{"taxonomy":"elenco","embeddable":true,"href":"https:\/\/companhiamaior.pt\/arquivo\/wp-json\/wp\/v2\/elenco?post=2518"},{"taxonomy":"autor","embeddable":true,"href":"https:\/\/companhiamaior.pt\/arquivo\/wp-json\/wp\/v2\/autor?post=2518"},{"taxonomy":"titulo_da_obra","embeddable":true,"href":"https:\/\/companhiamaior.pt\/arquivo\/wp-json\/wp\/v2\/titulo_da_obra?post=2518"},{"taxonomy":"ano","embeddable":true,"href":"https:\/\/companhiamaior.pt\/arquivo\/wp-json\/wp\/v2\/ano?post=2518"},{"taxonomy":"fotografia-de","embeddable":true,"href":"https:\/\/companhiamaior.pt\/arquivo\/wp-json\/wp\/v2\/fotografia-de?post=2518"},{"taxonomy":"espaco","embeddable":true,"href":"https:\/\/companhiamaior.pt\/arquivo\/wp-json\/wp\/v2\/espaco?post=2518"},{"taxonomy":"localidade","embeddable":true,"href":"https:\/\/companhiamaior.pt\/arquivo\/wp-json\/wp\/v2\/localidade?post=2518"},{"taxonomy":"notas","embeddable":true,"href":"https:\/\/companhiamaior.pt\/arquivo\/wp-json\/wp\/v2\/notas?post=2518"},{"taxonomy":"sub-categoria","embeddable":true,"href":"https:\/\/companhiamaior.pt\/arquivo\/wp-json\/wp\/v2\/sub-categoria?post=2518"},{"taxonomy":"data","embeddable":true,"href":"https:\/\/companhiamaior.pt\/arquivo\/wp-json\/wp\/v2\/data?post=2518"}],"curies":[{"name":"wp","href":"https:\/\/api.w.org\/{rel}","templated":true}]}}