{"id":2057,"date":"2023-04-26T10:11:10","date_gmt":"2023-04-26T10:11:10","guid":{"rendered":"https:\/\/companhiamaior.pt\/arquivo\/?page_id=2057"},"modified":"2023-04-26T10:18:46","modified_gmt":"2023-04-26T10:18:46","slug":"folha-de-sala-cordeis-minimalistas","status":"publish","type":"page","link":"https:\/\/companhiamaior.pt\/arquivo\/folha-de-sala-cordeis-minimalistas\/","title":{"rendered":"Folha de sala Cordeis Minimalistas"},"content":{"rendered":"\t\t<div data-elementor-type=\"wp-page\" data-elementor-id=\"2057\" class=\"elementor elementor-2057\" data-elementor-post-type=\"page\">\n\t\t\t\t\t\t<section class=\"elementor-section elementor-top-section elementor-element elementor-element-43c146d elementor-section-boxed elementor-section-height-default elementor-section-height-default\" data-id=\"43c146d\" data-element_type=\"section\" data-e-type=\"section\">\n\t\t\t\t\t\t<div class=\"elementor-container elementor-column-gap-default\">\n\t\t\t\t\t<div class=\"elementor-column elementor-col-100 elementor-top-column elementor-element elementor-element-c65af3a\" data-id=\"c65af3a\" data-element_type=\"column\" data-e-type=\"column\">\n\t\t\t<div class=\"elementor-widget-wrap elementor-element-populated\">\n\t\t\t\t\t\t<div class=\"elementor-element elementor-element-9e634e8 elementor-widget elementor-widget-heading\" data-id=\"9e634e8\" data-element_type=\"widget\" data-e-type=\"widget\" data-widget_type=\"heading.default\">\n\t\t\t\t<div class=\"elementor-widget-container\">\n\t\t\t\t\t<h2 class=\"elementor-heading-title elementor-size-default\">Cord\u00e9is Minimalistas<\/h2>\t\t\t\t<\/div>\n\t\t\t\t<\/div>\n\t\t\t\t<div class=\"elementor-element elementor-element-c79fb84 elementor-widget elementor-widget-heading\" data-id=\"c79fb84\" data-element_type=\"widget\" data-e-type=\"widget\" data-widget_type=\"heading.default\">\n\t\t\t\t<div class=\"elementor-widget-container\">\n\t\t\t\t\t<h4 class=\"elementor-heading-title elementor-size-default\">Materiais de Comunica\u00e7\u00e3o<\/h4>\t\t\t\t<\/div>\n\t\t\t\t<\/div>\n\t\t\t\t<div class=\"elementor-element elementor-element-793d1e4 elementor-widget elementor-widget-heading\" data-id=\"793d1e4\" data-element_type=\"widget\" data-e-type=\"widget\" data-widget_type=\"heading.default\">\n\t\t\t\t<div class=\"elementor-widget-container\">\n\t\t\t\t\t<h5 class=\"elementor-heading-title elementor-size-default\">Folha de Sala<\/h5>\t\t\t\t<\/div>\n\t\t\t\t<\/div>\n\t\t\t\t<div class=\"elementor-element elementor-element-4091d40 elementor-widget elementor-widget-spacer\" data-id=\"4091d40\" data-element_type=\"widget\" data-e-type=\"widget\" data-widget_type=\"spacer.default\">\n\t\t\t\t<div class=\"elementor-widget-container\">\n\t\t\t\t\t\t\t<div class=\"elementor-spacer\">\n\t\t\t<div class=\"elementor-spacer-inner\"><\/div>\n\t\t<\/div>\n\t\t\t\t\t\t<\/div>\n\t\t\t\t<\/div>\n\t\t\t\t\t<\/div>\n\t\t<\/div>\n\t\t\t\t\t<\/div>\n\t\t<\/section>\n\t\t\t\t<section class=\"elementor-section elementor-top-section elementor-element elementor-element-68806ad elementor-section-boxed elementor-section-height-default elementor-section-height-default\" data-id=\"68806ad\" data-element_type=\"section\" data-e-type=\"section\">\n\t\t\t\t\t\t<div class=\"elementor-container elementor-column-gap-default\">\n\t\t\t\t\t<div class=\"elementor-column elementor-col-33 elementor-top-column elementor-element elementor-element-e31337c\" data-id=\"e31337c\" data-element_type=\"column\" data-e-type=\"column\">\n\t\t\t<div class=\"elementor-widget-wrap elementor-element-populated\">\n\t\t\t\t\t\t<div class=\"elementor-element elementor-element-6068a3d elementor-widget elementor-widget-text-editor\" data-id=\"6068a3d\" data-element_type=\"widget\" data-e-type=\"widget\" data-widget_type=\"text-editor.default\">\n\t\t\t\t<div class=\"elementor-widget-container\">\n\t\t\t\t\t\t\t\t\t<h6><strong>Refer\u00eancia:<\/strong><\/h6><h6><span style=\"color: #993300;\">013_COM_FS (2)<\/span><\/h6><h6>\u00a0<\/h6><h6><strong>T\u00edtulo da Obra:<\/strong><\/h6><h6><span style=\"color: #993300;\">Cord\u00e9is Minimalistas<\/span><\/h6><h6>\u00a0<\/h6><h6><strong>Ano:<\/strong><\/h6><h6><span style=\"color: #993300;\">2019<\/span><\/h6>\t\t\t\t\t\t\t\t<\/div>\n\t\t\t\t<\/div>\n\t\t\t\t\t<\/div>\n\t\t<\/div>\n\t\t\t\t<div class=\"elementor-column elementor-col-33 elementor-top-column elementor-element elementor-element-ae5d7a5\" data-id=\"ae5d7a5\" data-element_type=\"column\" data-e-type=\"column\">\n\t\t\t<div class=\"elementor-widget-wrap elementor-element-populated\">\n\t\t\t\t\t\t<div class=\"elementor-element elementor-element-c1f7ea1 elementor-widget elementor-widget-text-editor\" data-id=\"c1f7ea1\" data-element_type=\"widget\" data-e-type=\"widget\" data-widget_type=\"text-editor.default\">\n\t\t\t\t<div class=\"elementor-widget-container\">\n\t\t\t\t\t\t\t\t\t<h6><strong>Autor:<\/strong><\/h6><h6><span style=\"color: #993300;\">Jo\u00e3o Mota<\/span><\/h6><h6>\u00a0<\/h6><h6><strong>Categoria:<\/strong><\/h6><h6><span style=\"color: #993300;\">Comunica\u00e7\u00e3o<\/span><\/h6><h6>\u00a0<\/h6><h6><strong>Subcategoria:<\/strong><\/h6><h6><span style=\"color: #993300;\">Folha de sala<\/span><\/h6>\t\t\t\t\t\t\t\t<\/div>\n\t\t\t\t<\/div>\n\t\t\t\t\t<\/div>\n\t\t<\/div>\n\t\t\t\t<div class=\"elementor-column elementor-col-33 elementor-top-column elementor-element elementor-element-a74a499\" data-id=\"a74a499\" data-element_type=\"column\" data-e-type=\"column\">\n\t\t\t<div class=\"elementor-widget-wrap elementor-element-populated\">\n\t\t\t\t\t\t<div class=\"elementor-element elementor-element-e1d55d0 elementor-widget elementor-widget-text-editor\" data-id=\"e1d55d0\" data-element_type=\"widget\" data-e-type=\"widget\" data-widget_type=\"text-editor.default\">\n\t\t\t\t<div class=\"elementor-widget-container\">\n\t\t\t\t\t\t\t\t\t<h6><strong>Espa\u00e7o:<\/strong><\/h6>\n<h6><span style=\"color: #993300;\">Comuna Teatro de Pesquisa<\/span><\/h6>\n<h6>&nbsp;<\/h6>\n<h6><strong>Localidade:<\/strong><\/h6>\n<h6><span style=\"color: #993300;\">Lisboa<\/span><\/h6>\t\t\t\t\t\t\t\t<\/div>\n\t\t\t\t<\/div>\n\t\t\t\t\t<\/div>\n\t\t<\/div>\n\t\t\t\t\t<\/div>\n\t\t<\/section>\n\t\t\t\t<section class=\"elementor-section elementor-top-section elementor-element elementor-element-4cb9bec elementor-section-boxed elementor-section-height-default elementor-section-height-default\" data-id=\"4cb9bec\" data-element_type=\"section\" data-e-type=\"section\">\n\t\t\t\t\t\t<div class=\"elementor-container elementor-column-gap-default\">\n\t\t\t\t\t<div class=\"elementor-column elementor-col-100 elementor-top-column elementor-element elementor-element-8061b7a\" data-id=\"8061b7a\" data-element_type=\"column\" data-e-type=\"column\">\n\t\t\t<div class=\"elementor-widget-wrap elementor-element-populated\">\n\t\t\t\t\t\t<div class=\"elementor-element elementor-element-eced4e4 elementor-widget elementor-widget-spacer\" data-id=\"eced4e4\" data-element_type=\"widget\" data-e-type=\"widget\" data-widget_type=\"spacer.default\">\n\t\t\t\t<div class=\"elementor-widget-container\">\n\t\t\t\t\t\t\t<div class=\"elementor-spacer\">\n\t\t\t<div class=\"elementor-spacer-inner\"><\/div>\n\t\t<\/div>\n\t\t\t\t\t\t<\/div>\n\t\t\t\t<\/div>\n\t\t\t\t<div class=\"elementor-element elementor-element-2bd7628 elementor-widget elementor-widget-pdfjs_viewer\" data-id=\"2bd7628\" data-element_type=\"widget\" data-e-type=\"widget\" data-widget_type=\"pdfjs_viewer.default\">\n\t\t\t\t<div class=\"elementor-widget-container\">\n\t\t\t\t\t<iframe src=\"https:\/\/companhiamaior.pt\/arquivo\/wp-content\/plugins\/pdf-viewer-for-elementor\/assets\/pdfjs\/web\/viewer.html?file=https:\/\/companhiamaior.pt\/arquivo\/wp-content\/uploads\/2023\/04\/013_COM_FS-2.pdf&amp;embedded=true\" style=\"display: block; margin-left: auto; margin-right: auto; width: 100%; height: 800px;\" frameborder=\"1\" marginheight=\"0px\" marginwidth=\"0px\" allowfullscreen><\/iframe>\t\t\t\t<\/div>\n\t\t\t\t<\/div>\n\t\t\t\t<div class=\"elementor-element elementor-element-1324d1a elementor-widget elementor-widget-spacer\" data-id=\"1324d1a\" data-element_type=\"widget\" data-e-type=\"widget\" data-widget_type=\"spacer.default\">\n\t\t\t\t<div class=\"elementor-widget-container\">\n\t\t\t\t\t\t\t<div class=\"elementor-spacer\">\n\t\t\t<div class=\"elementor-spacer-inner\"><\/div>\n\t\t<\/div>\n\t\t\t\t\t\t<\/div>\n\t\t\t\t<\/div>\n\t\t\t\t<div class=\"elementor-element elementor-element-48cd510 elementor-widget-divider--view-line elementor-widget elementor-widget-divider\" data-id=\"48cd510\" data-element_type=\"widget\" data-e-type=\"widget\" data-widget_type=\"divider.default\">\n\t\t\t\t<div class=\"elementor-widget-container\">\n\t\t\t\t\t\t\t<div class=\"elementor-divider\">\n\t\t\t<span class=\"elementor-divider-separator\">\n\t\t\t\t\t\t<\/span>\n\t\t<\/div>\n\t\t\t\t\t\t<\/div>\n\t\t\t\t<\/div>\n\t\t\t\t\t<\/div>\n\t\t<\/div>\n\t\t\t\t\t<\/div>\n\t\t<\/section>\n\t\t\t\t<section class=\"elementor-section elementor-top-section elementor-element elementor-element-b0969d1 elementor-section-boxed elementor-section-height-default elementor-section-height-default\" data-id=\"b0969d1\" data-element_type=\"section\" data-e-type=\"section\">\n\t\t\t\t\t\t<div class=\"elementor-container elementor-column-gap-default\">\n\t\t\t\t\t<div class=\"elementor-column elementor-col-33 elementor-top-column elementor-element elementor-element-b77b7fe\" data-id=\"b77b7fe\" data-element_type=\"column\" data-e-type=\"column\">\n\t\t\t<div class=\"elementor-widget-wrap elementor-element-populated\">\n\t\t\t\t\t\t<div class=\"elementor-element elementor-element-76d4313 elementor-widget elementor-widget-text-editor\" data-id=\"76d4313\" data-element_type=\"widget\" data-e-type=\"widget\" data-widget_type=\"text-editor.default\">\n\t\t\t\t<div class=\"elementor-widget-container\">\n\t\t\t\t\t\t\t\t\t<h6><strong>Refer\u00eancia:<\/strong><\/h6><h6><span style=\"color: #993300;\">013_COM_FS (1)<\/span><\/h6><h6>\u00a0<\/h6><h6><strong>T\u00edtulo da Obra:<\/strong><\/h6><h6><span style=\"color: #993300;\">Cord\u00e9is Minimalistas<\/span><\/h6><h6>\u00a0<\/h6><h6><strong>Ano:<\/strong><\/h6><h6><span style=\"color: #993300;\">2019<\/span><\/h6>\t\t\t\t\t\t\t\t<\/div>\n\t\t\t\t<\/div>\n\t\t\t\t\t<\/div>\n\t\t<\/div>\n\t\t\t\t<div class=\"elementor-column elementor-col-33 elementor-top-column elementor-element elementor-element-f98c690\" data-id=\"f98c690\" data-element_type=\"column\" data-e-type=\"column\">\n\t\t\t<div class=\"elementor-widget-wrap elementor-element-populated\">\n\t\t\t\t\t\t<div class=\"elementor-element elementor-element-09eeccd elementor-widget elementor-widget-text-editor\" data-id=\"09eeccd\" data-element_type=\"widget\" data-e-type=\"widget\" data-widget_type=\"text-editor.default\">\n\t\t\t\t<div class=\"elementor-widget-container\">\n\t\t\t\t\t\t\t\t\t<h6><strong>Autor:<\/strong><\/h6><h6><span style=\"color: #993300;\">Jo\u00e3o Mota<\/span><\/h6><h6>\u00a0<\/h6><h6><strong>Categoria:<\/strong><\/h6><h6><span style=\"color: #993300;\">Comunica\u00e7\u00e3o<\/span><\/h6><h6>\u00a0<\/h6><h6><strong>Subcategoria:<\/strong><\/h6><h6><span style=\"color: #993300;\">Folha de sala<\/span><\/h6>\t\t\t\t\t\t\t\t<\/div>\n\t\t\t\t<\/div>\n\t\t\t\t\t<\/div>\n\t\t<\/div>\n\t\t\t\t<div class=\"elementor-column elementor-col-33 elementor-top-column elementor-element elementor-element-61f8dae\" data-id=\"61f8dae\" data-element_type=\"column\" data-e-type=\"column\">\n\t\t\t<div class=\"elementor-widget-wrap elementor-element-populated\">\n\t\t\t\t\t\t<div class=\"elementor-element elementor-element-27e58d3 elementor-widget elementor-widget-text-editor\" data-id=\"27e58d3\" data-element_type=\"widget\" data-e-type=\"widget\" data-widget_type=\"text-editor.default\">\n\t\t\t\t<div class=\"elementor-widget-container\">\n\t\t\t\t\t\t\t\t\t<h6><strong>Espa\u00e7o:<\/strong><\/h6><h6><span style=\"color: #993300;\">F\u00f3rum Cultural Jos\u00e9 Manuel Figueiredo<\/span><\/h6><h6>\u00a0<\/h6><h6><strong>Localidade:<\/strong><\/h6><h6><span style=\"color: #993300;\">Baixa da Banheira<\/span><\/h6>\t\t\t\t\t\t\t\t<\/div>\n\t\t\t\t<\/div>\n\t\t\t\t\t<\/div>\n\t\t<\/div>\n\t\t\t\t\t<\/div>\n\t\t<\/section>\n\t\t\t\t<section class=\"elementor-section elementor-top-section elementor-element elementor-element-6cbb5de elementor-section-boxed elementor-section-height-default elementor-section-height-default\" data-id=\"6cbb5de\" data-element_type=\"section\" data-e-type=\"section\">\n\t\t\t\t\t\t<div class=\"elementor-container elementor-column-gap-default\">\n\t\t\t\t\t<div class=\"elementor-column elementor-col-100 elementor-top-column elementor-element elementor-element-a148285\" data-id=\"a148285\" data-element_type=\"column\" data-e-type=\"column\">\n\t\t\t<div class=\"elementor-widget-wrap elementor-element-populated\">\n\t\t\t\t\t\t<div class=\"elementor-element elementor-element-bf4df70 elementor-widget elementor-widget-spacer\" data-id=\"bf4df70\" data-element_type=\"widget\" data-e-type=\"widget\" data-widget_type=\"spacer.default\">\n\t\t\t\t<div class=\"elementor-widget-container\">\n\t\t\t\t\t\t\t<div class=\"elementor-spacer\">\n\t\t\t<div class=\"elementor-spacer-inner\"><\/div>\n\t\t<\/div>\n\t\t\t\t\t\t<\/div>\n\t\t\t\t<\/div>\n\t\t\t\t<div class=\"elementor-element elementor-element-614cc43 elementor-widget elementor-widget-pdfjs_viewer\" data-id=\"614cc43\" data-element_type=\"widget\" data-e-type=\"widget\" data-widget_type=\"pdfjs_viewer.default\">\n\t\t\t\t<div class=\"elementor-widget-container\">\n\t\t\t\t\t<iframe src=\"https:\/\/companhiamaior.pt\/arquivo\/wp-content\/plugins\/pdf-viewer-for-elementor\/assets\/pdfjs\/web\/viewer.html?file=https:\/\/companhiamaior.pt\/arquivo\/wp-content\/uploads\/2023\/04\/013_COM_FS-1.pdf&amp;embedded=true\" style=\"display: block; margin-left: auto; margin-right: auto; width: 100%; height: 800px;\" frameborder=\"1\" marginheight=\"0px\" marginwidth=\"0px\" allowfullscreen><\/iframe>\t\t\t\t<\/div>\n\t\t\t\t<\/div>\n\t\t\t\t\t<\/div>\n\t\t<\/div>\n\t\t\t\t\t<\/div>\n\t\t<\/section>\n\t\t\t\t<section class=\"elementor-section elementor-top-section elementor-element elementor-element-cf3b088 elementor-section-boxed elementor-section-height-default elementor-section-height-default\" data-id=\"cf3b088\" data-element_type=\"section\" data-e-type=\"section\">\n\t\t\t\t\t\t<div class=\"elementor-container elementor-column-gap-default\">\n\t\t\t\t\t<div class=\"elementor-column elementor-col-100 elementor-top-column elementor-element elementor-element-6d6b6d2\" data-id=\"6d6b6d2\" data-element_type=\"column\" data-e-type=\"column\">\n\t\t\t<div class=\"elementor-widget-wrap elementor-element-populated\">\n\t\t\t\t\t\t<div class=\"elementor-element elementor-element-8fe3f40 elementor-widget elementor-widget-spacer\" data-id=\"8fe3f40\" data-element_type=\"widget\" data-e-type=\"widget\" data-widget_type=\"spacer.default\">\n\t\t\t\t<div class=\"elementor-widget-container\">\n\t\t\t\t\t\t\t<div class=\"elementor-spacer\">\n\t\t\t<div class=\"elementor-spacer-inner\"><\/div>\n\t\t<\/div>\n\t\t\t\t\t\t<\/div>\n\t\t\t\t<\/div>\n\t\t\t\t<div class=\"elementor-element elementor-element-8567b4f elementor-widget elementor-widget-heading\" data-id=\"8567b4f\" data-element_type=\"widget\" data-e-type=\"widget\" data-widget_type=\"heading.default\">\n\t\t\t\t<div class=\"elementor-widget-container\">\n\t\t\t\t\t<h4 class=\"elementor-heading-title elementor-size-default\">Outros Materiais de Comunica\u00e7\u00e3o<\/h4>\t\t\t\t<\/div>\n\t\t\t\t<\/div>\n\t\t\t\t<div class=\"elementor-element elementor-element-f976230 elementor-widget elementor-widget-spacer\" data-id=\"f976230\" data-element_type=\"widget\" data-e-type=\"widget\" data-widget_type=\"spacer.default\">\n\t\t\t\t<div class=\"elementor-widget-container\">\n\t\t\t\t\t\t\t<div class=\"elementor-spacer\">\n\t\t\t<div class=\"elementor-spacer-inner\"><\/div>\n\t\t<\/div>\n\t\t\t\t\t\t<\/div>\n\t\t\t\t<\/div>\n\t\t\t\t\t<\/div>\n\t\t<\/div>\n\t\t\t\t\t<\/div>\n\t\t<\/section>\n\t\t\t\t<section class=\"elementor-section elementor-top-section elementor-element elementor-element-76097bb elementor-section-boxed elementor-section-height-default elementor-section-height-default\" data-id=\"76097bb\" data-element_type=\"section\" data-e-type=\"section\">\n\t\t\t\t\t\t<div class=\"elementor-container elementor-column-gap-default\">\n\t\t\t\t\t<div class=\"elementor-column elementor-col-20 elementor-top-column elementor-element elementor-element-2560e07\" data-id=\"2560e07\" data-element_type=\"column\" data-e-type=\"column\">\n\t\t\t<div class=\"elementor-widget-wrap elementor-element-populated\">\n\t\t\t\t\t\t<div class=\"elementor-element elementor-element-d61af01 elementor-widget elementor-widget-image\" data-id=\"d61af01\" data-element_type=\"widget\" data-e-type=\"widget\" data-widget_type=\"image.default\">\n\t\t\t\t<div class=\"elementor-widget-container\">\n\t\t\t\t\t\t\t\t\t\t\t\t\t\t\t\t<a href=\"https:\/\/companhiamaior.pt\/arquivo\/cartaz-cordeis-minimalistas\/\" target=\"_blank\">\n\t\t\t\t\t\t\t<img fetchpriority=\"high\" decoding=\"async\" width=\"212\" height=\"300\" src=\"https:\/\/companhiamaior.pt\/arquivo\/wp-content\/uploads\/2023\/04\/013_COM_CAR-212x300.jpg\" class=\"attachment-medium size-medium wp-image-2056\" alt=\"\" srcset=\"https:\/\/companhiamaior.pt\/arquivo\/wp-content\/uploads\/2023\/04\/013_COM_CAR-212x300.jpg 212w, https:\/\/companhiamaior.pt\/arquivo\/wp-content\/uploads\/2023\/04\/013_COM_CAR-724x1024.jpg 724w, https:\/\/companhiamaior.pt\/arquivo\/wp-content\/uploads\/2023\/04\/013_COM_CAR-768x1086.jpg 768w, https:\/\/companhiamaior.pt\/arquivo\/wp-content\/uploads\/2023\/04\/013_COM_CAR.jpg 1080w\" sizes=\"(max-width: 212px) 100vw, 212px\" style=\"width:100%;height:141.39%;max-width:1080px\" \/>\t\t\t\t\t\t\t\t<\/a>\n\t\t\t\t\t\t\t\t\t\t\t\t\t\t\t<\/div>\n\t\t\t\t<\/div>\n\t\t\t\t<div class=\"elementor-element elementor-element-ff5618b elementor-widget elementor-widget-text-editor\" data-id=\"ff5618b\" data-element_type=\"widget\" data-e-type=\"widget\" data-widget_type=\"text-editor.default\">\n\t\t\t\t<div class=\"elementor-widget-container\">\n\t\t\t\t\t\t\t\t\t<p><a href=\"https:\/\/companhiamaior.pt\/arquivo\/cartaz-cordeis-minimalistas\/\" target=\"_blank\" rel=\"noopener\"><strong>Cartaz<\/strong><\/a><\/p>\t\t\t\t\t\t\t\t<\/div>\n\t\t\t\t<\/div>\n\t\t\t\t\t<\/div>\n\t\t<\/div>\n\t\t\t\t<div class=\"elementor-column elementor-col-20 elementor-top-column elementor-element elementor-element-6d5bfde\" data-id=\"6d5bfde\" data-element_type=\"column\" data-e-type=\"column\">\n\t\t\t<div class=\"elementor-widget-wrap\">\n\t\t\t\t\t\t\t<\/div>\n\t\t<\/div>\n\t\t\t\t<div class=\"elementor-column elementor-col-20 elementor-top-column elementor-element elementor-element-73a213f\" data-id=\"73a213f\" data-element_type=\"column\" data-e-type=\"column\">\n\t\t\t<div class=\"elementor-widget-wrap\">\n\t\t\t\t\t\t\t<\/div>\n\t\t<\/div>\n\t\t\t\t<div class=\"elementor-column elementor-col-20 elementor-top-column elementor-element elementor-element-d7ca8c6\" data-id=\"d7ca8c6\" data-element_type=\"column\" data-e-type=\"column\">\n\t\t\t<div class=\"elementor-widget-wrap\">\n\t\t\t\t\t\t\t<\/div>\n\t\t<\/div>\n\t\t\t\t<div class=\"elementor-column elementor-col-20 elementor-top-column elementor-element elementor-element-5ca4557\" data-id=\"5ca4557\" data-element_type=\"column\" data-e-type=\"column\">\n\t\t\t<div class=\"elementor-widget-wrap\">\n\t\t\t\t\t\t\t<\/div>\n\t\t<\/div>\n\t\t\t\t\t<\/div>\n\t\t<\/section>\n\t\t\t\t<section class=\"elementor-section elementor-top-section elementor-element elementor-element-f96569c elementor-section-boxed elementor-section-height-default elementor-section-height-default\" data-id=\"f96569c\" data-element_type=\"section\" data-e-type=\"section\">\n\t\t\t\t\t\t<div class=\"elementor-container elementor-column-gap-default\">\n\t\t\t\t\t<div class=\"elementor-column elementor-col-100 elementor-top-column elementor-element elementor-element-ea2d89b\" data-id=\"ea2d89b\" data-element_type=\"column\" data-e-type=\"column\">\n\t\t\t<div class=\"elementor-widget-wrap elementor-element-populated\">\n\t\t\t\t\t\t<div class=\"elementor-element elementor-element-cdf3139 elementor-widget elementor-widget-spacer\" data-id=\"cdf3139\" data-element_type=\"widget\" data-e-type=\"widget\" data-widget_type=\"spacer.default\">\n\t\t\t\t<div class=\"elementor-widget-container\">\n\t\t\t\t\t\t\t<div class=\"elementor-spacer\">\n\t\t\t<div class=\"elementor-spacer-inner\"><\/div>\n\t\t<\/div>\n\t\t\t\t\t\t<\/div>\n\t\t\t\t<\/div>\n\t\t\t\t<div class=\"elementor-element elementor-element-bf225d6 elementor-widget elementor-widget-heading\" data-id=\"bf225d6\" data-element_type=\"widget\" data-e-type=\"widget\" data-widget_type=\"heading.default\">\n\t\t\t\t<div class=\"elementor-widget-container\">\n\t\t\t\t\t<h4 class=\"elementor-heading-title elementor-size-default\"><a href=\"https:\/\/companhiamaior.pt\/arquivo\/cordeis-minimalistas\/\" target=\"_blank\">&lt; Voltar P\u00e1gina Cord\u00e9is Minimalistas<\/a><\/h4>\t\t\t\t<\/div>\n\t\t\t\t<\/div>\n\t\t\t\t\t<\/div>\n\t\t<\/div>\n\t\t\t\t\t<\/div>\n\t\t<\/section>\n\t\t\t\t<\/div>\n\t\t","protected":false},"excerpt":{"rendered":"<p>Cord\u00e9is Minimalistas Materiais de Comunica\u00e7\u00e3o Folha de Sala Refer\u00eancia: 013_COM_FS (2) \u00a0 T\u00edtulo da Obra: Cord\u00e9is Minimalistas \u00a0 Ano: 2019 Autor: Jo\u00e3o Mota \u00a0 Categoria: Comunica\u00e7\u00e3o \u00a0 Subcategoria: Folha de sala Espa\u00e7o: Comuna Teatro de Pesquisa &nbsp; Localidade: Lisboa Refer\u00eancia: 013_COM_FS (1) \u00a0 T\u00edtulo da Obra: Cord\u00e9is Minimalistas \u00a0 Ano: 2019 Autor: Jo\u00e3o Mota \u00a0&hellip; <a class=\"more-link\" href=\"https:\/\/companhiamaior.pt\/arquivo\/folha-de-sala-cordeis-minimalistas\/\">Continue reading <span class=\"screen-reader-text\">Folha de sala Cordeis Minimalistas<\/span><\/a><\/p>\n","protected":false},"author":2,"featured_media":0,"parent":0,"menu_order":0,"comment_status":"closed","ping_status":"closed","template":"","meta":{"footnotes":""},"elenco":[],"autor":[],"titulo_da_obra":[],"ano":[],"fotografia-de":[],"espaco":[],"localidade":[],"notas":[],"sub-categoria":[],"data":[],"class_list":["post-2057","page","type-page","status-publish","hentry","entry"],"_links":{"self":[{"href":"https:\/\/companhiamaior.pt\/arquivo\/wp-json\/wp\/v2\/pages\/2057","targetHints":{"allow":["GET"]}}],"collection":[{"href":"https:\/\/companhiamaior.pt\/arquivo\/wp-json\/wp\/v2\/pages"}],"about":[{"href":"https:\/\/companhiamaior.pt\/arquivo\/wp-json\/wp\/v2\/types\/page"}],"author":[{"embeddable":true,"href":"https:\/\/companhiamaior.pt\/arquivo\/wp-json\/wp\/v2\/users\/2"}],"replies":[{"embeddable":true,"href":"https:\/\/companhiamaior.pt\/arquivo\/wp-json\/wp\/v2\/comments?post=2057"}],"version-history":[{"count":10,"href":"https:\/\/companhiamaior.pt\/arquivo\/wp-json\/wp\/v2\/pages\/2057\/revisions"}],"predecessor-version":[{"id":2073,"href":"https:\/\/companhiamaior.pt\/arquivo\/wp-json\/wp\/v2\/pages\/2057\/revisions\/2073"}],"wp:attachment":[{"href":"https:\/\/companhiamaior.pt\/arquivo\/wp-json\/wp\/v2\/media?parent=2057"}],"wp:term":[{"taxonomy":"elenco","embeddable":true,"href":"https:\/\/companhiamaior.pt\/arquivo\/wp-json\/wp\/v2\/elenco?post=2057"},{"taxonomy":"autor","embeddable":true,"href":"https:\/\/companhiamaior.pt\/arquivo\/wp-json\/wp\/v2\/autor?post=2057"},{"taxonomy":"titulo_da_obra","embeddable":true,"href":"https:\/\/companhiamaior.pt\/arquivo\/wp-json\/wp\/v2\/titulo_da_obra?post=2057"},{"taxonomy":"ano","embeddable":true,"href":"https:\/\/companhiamaior.pt\/arquivo\/wp-json\/wp\/v2\/ano?post=2057"},{"taxonomy":"fotografia-de","embeddable":true,"href":"https:\/\/companhiamaior.pt\/arquivo\/wp-json\/wp\/v2\/fotografia-de?post=2057"},{"taxonomy":"espaco","embeddable":true,"href":"https:\/\/companhiamaior.pt\/arquivo\/wp-json\/wp\/v2\/espaco?post=2057"},{"taxonomy":"localidade","embeddable":true,"href":"https:\/\/companhiamaior.pt\/arquivo\/wp-json\/wp\/v2\/localidade?post=2057"},{"taxonomy":"notas","embeddable":true,"href":"https:\/\/companhiamaior.pt\/arquivo\/wp-json\/wp\/v2\/notas?post=2057"},{"taxonomy":"sub-categoria","embeddable":true,"href":"https:\/\/companhiamaior.pt\/arquivo\/wp-json\/wp\/v2\/sub-categoria?post=2057"},{"taxonomy":"data","embeddable":true,"href":"https:\/\/companhiamaior.pt\/arquivo\/wp-json\/wp\/v2\/data?post=2057"}],"curies":[{"name":"wp","href":"https:\/\/api.w.org\/{rel}","templated":true}]}}