{"id":1055,"date":"2023-04-12T11:11:20","date_gmt":"2023-04-12T11:11:20","guid":{"rendered":"https:\/\/companhiamaior.pt\/arquivo\/?page_id=1055"},"modified":"2023-05-24T10:36:52","modified_gmt":"2023-05-24T10:36:52","slug":"programas-transatlantico","status":"publish","type":"page","link":"https:\/\/companhiamaior.pt\/arquivo\/programas-transatlantico\/","title":{"rendered":"Programas Transatl\u00e2ntico"},"content":{"rendered":"\t\t<div data-elementor-type=\"wp-page\" data-elementor-id=\"1055\" class=\"elementor elementor-1055\">\n\t\t\t\t\t\t\t\t\t<section class=\"elementor-section elementor-top-section elementor-element elementor-element-4853017 elementor-section-boxed elementor-section-height-default elementor-section-height-default\" data-id=\"4853017\" data-element_type=\"section\">\n\t\t\t\t\t\t<div class=\"elementor-container elementor-column-gap-default\">\n\t\t\t\t\t<div class=\"elementor-column elementor-col-100 elementor-top-column elementor-element elementor-element-fe1b0bf\" data-id=\"fe1b0bf\" data-element_type=\"column\">\n\t\t\t<div class=\"elementor-widget-wrap elementor-element-populated\">\n\t\t\t\t\t\t\t\t<div class=\"elementor-element elementor-element-b735b97 elementor-widget elementor-widget-heading\" data-id=\"b735b97\" data-element_type=\"widget\" data-widget_type=\"heading.default\">\n\t\t\t\t<div class=\"elementor-widget-container\">\n\t\t\t<style>\/*! elementor - v3.13.3 - 28-05-2023 *\/\n.elementor-heading-title{padding:0;margin:0;line-height:1}.elementor-widget-heading .elementor-heading-title[class*=elementor-size-]>a{color:inherit;font-size:inherit;line-height:inherit}.elementor-widget-heading .elementor-heading-title.elementor-size-small{font-size:15px}.elementor-widget-heading .elementor-heading-title.elementor-size-medium{font-size:19px}.elementor-widget-heading .elementor-heading-title.elementor-size-large{font-size:29px}.elementor-widget-heading .elementor-heading-title.elementor-size-xl{font-size:39px}.elementor-widget-heading .elementor-heading-title.elementor-size-xxl{font-size:59px}<\/style><h2 class=\"elementor-heading-title elementor-size-default\">Transatl\u00e2ntico<\/h2>\t\t<\/div>\n\t\t\t\t<\/div>\n\t\t\t\t<div class=\"elementor-element elementor-element-dd2118d elementor-widget elementor-widget-heading\" data-id=\"dd2118d\" data-element_type=\"widget\" data-widget_type=\"heading.default\">\n\t\t\t\t<div class=\"elementor-widget-container\">\n\t\t\t<h4 class=\"elementor-heading-title elementor-size-default\">Materiais de Comunica\u00e7\u00e3o<\/h4>\t\t<\/div>\n\t\t\t\t<\/div>\n\t\t\t\t<div class=\"elementor-element elementor-element-87e307c elementor-widget elementor-widget-heading\" data-id=\"87e307c\" data-element_type=\"widget\" data-widget_type=\"heading.default\">\n\t\t\t\t<div class=\"elementor-widget-container\">\n\t\t\t<h5 class=\"elementor-heading-title elementor-size-default\">Programas<\/h5>\t\t<\/div>\n\t\t\t\t<\/div>\n\t\t\t\t<div class=\"elementor-element elementor-element-0b0fc11 elementor-widget elementor-widget-spacer\" data-id=\"0b0fc11\" data-element_type=\"widget\" data-widget_type=\"spacer.default\">\n\t\t\t\t<div class=\"elementor-widget-container\">\n\t\t\t<style>\/*! elementor - v3.13.3 - 28-05-2023 *\/\n.elementor-column .elementor-spacer-inner{height:var(--spacer-size)}.e-con{--container-widget-width:100%}.e-con-inner>.elementor-widget-spacer,.e-con>.elementor-widget-spacer{width:var(--container-widget-width,var(--spacer-size));--align-self:var(--container-widget-align-self,initial);--flex-shrink:0}.e-con-inner>.elementor-widget-spacer>.elementor-widget-container,.e-con-inner>.elementor-widget-spacer>.elementor-widget-container>.elementor-spacer,.e-con>.elementor-widget-spacer>.elementor-widget-container,.e-con>.elementor-widget-spacer>.elementor-widget-container>.elementor-spacer{height:100%}.e-con-inner>.elementor-widget-spacer>.elementor-widget-container>.elementor-spacer>.elementor-spacer-inner,.e-con>.elementor-widget-spacer>.elementor-widget-container>.elementor-spacer>.elementor-spacer-inner{height:var(--container-widget-height,var(--spacer-size))}<\/style>\t\t<div class=\"elementor-spacer\">\n\t\t\t<div class=\"elementor-spacer-inner\"><\/div>\n\t\t<\/div>\n\t\t\t\t<\/div>\n\t\t\t\t<\/div>\n\t\t\t\t\t<\/div>\n\t\t<\/div>\n\t\t\t\t\t\t\t<\/div>\n\t\t<\/section>\n\t\t\t\t<section class=\"elementor-section elementor-top-section elementor-element elementor-element-0b32ee2 elementor-section-boxed elementor-section-height-default elementor-section-height-default\" data-id=\"0b32ee2\" data-element_type=\"section\">\n\t\t\t\t\t\t<div class=\"elementor-container elementor-column-gap-default\">\n\t\t\t\t\t<div class=\"elementor-column elementor-col-33 elementor-top-column elementor-element elementor-element-03ec017\" data-id=\"03ec017\" data-element_type=\"column\">\n\t\t\t<div class=\"elementor-widget-wrap elementor-element-populated\">\n\t\t\t\t\t\t\t\t<div class=\"elementor-element elementor-element-36b7467 elementor-widget elementor-widget-text-editor\" data-id=\"36b7467\" data-element_type=\"widget\" data-widget_type=\"text-editor.default\">\n\t\t\t\t<div class=\"elementor-widget-container\">\n\t\t\t<style>\/*! elementor - v3.13.3 - 28-05-2023 *\/\n.elementor-widget-text-editor.elementor-drop-cap-view-stacked .elementor-drop-cap{background-color:#69727d;color:#fff}.elementor-widget-text-editor.elementor-drop-cap-view-framed .elementor-drop-cap{color:#69727d;border:3px solid;background-color:transparent}.elementor-widget-text-editor:not(.elementor-drop-cap-view-default) .elementor-drop-cap{margin-top:8px}.elementor-widget-text-editor:not(.elementor-drop-cap-view-default) .elementor-drop-cap-letter{width:1em;height:1em}.elementor-widget-text-editor .elementor-drop-cap{float:left;text-align:center;line-height:1;font-size:50px}.elementor-widget-text-editor .elementor-drop-cap-letter{display:inline-block}<\/style>\t\t\t\t<h6><strong>Refer\u00eancia:<\/strong><\/h6>\n<h6><span style=\"color: #993300;\">016_COM_PRO (3)<\/span><\/h6>\n<h6>&nbsp;<\/h6>\n<h6><strong>T\u00edtulo da Obra:<\/strong><\/h6>\n<h6><span style=\"color: #993300;\">Transatl\u00e2ntico<\/span><\/h6>\n<h6>&nbsp;<\/h6>\n<h6><strong>Ano:<\/strong><\/h6>\n<h6><span style=\"color: #993300;\">2022<\/span><\/h6>\t\t\t\t\t\t<\/div>\n\t\t\t\t<\/div>\n\t\t\t\t\t<\/div>\n\t\t<\/div>\n\t\t\t\t<div class=\"elementor-column elementor-col-33 elementor-top-column elementor-element elementor-element-638bf4a\" data-id=\"638bf4a\" data-element_type=\"column\">\n\t\t\t<div class=\"elementor-widget-wrap elementor-element-populated\">\n\t\t\t\t\t\t\t\t<div class=\"elementor-element elementor-element-ef13f77 elementor-widget elementor-widget-text-editor\" data-id=\"ef13f77\" data-element_type=\"widget\" data-widget_type=\"text-editor.default\">\n\t\t\t\t<div class=\"elementor-widget-container\">\n\t\t\t\t\t\t\t<h6><strong>Autor:<\/strong><\/h6>\n<h6><span style=\"color: #993300;\">Ricardo Neves-Neves<\/span><\/h6>\n<h6>\u00a0<\/h6>\n<h6><strong>Categoria:<\/strong><\/h6>\n<h6><span style=\"color: #993300;\">Comunica\u00e7\u00e3o<\/span><\/h6>\n<h6>\u00a0<\/h6>\n<h6><strong>Subcategoria:<\/strong><\/h6>\n<h6><span style=\"color: #993300;\">Programas<\/span><\/h6>\t\t\t\t\t\t<\/div>\n\t\t\t\t<\/div>\n\t\t\t\t\t<\/div>\n\t\t<\/div>\n\t\t\t\t<div class=\"elementor-column elementor-col-33 elementor-top-column elementor-element elementor-element-fc19d6e\" data-id=\"fc19d6e\" data-element_type=\"column\">\n\t\t\t<div class=\"elementor-widget-wrap elementor-element-populated\">\n\t\t\t\t\t\t\t\t<div class=\"elementor-element elementor-element-b502e54 elementor-widget elementor-widget-text-editor\" data-id=\"b502e54\" data-element_type=\"widget\" data-widget_type=\"text-editor.default\">\n\t\t\t\t<div class=\"elementor-widget-container\">\n\t\t\t\t\t\t\t<h6><strong>Espa\u00e7o:<\/strong><\/h6>\n<h6><span style=\"color: #993300;\">S\u00e3o Luiz Teatro Municipal<\/span><\/h6>\n<h6>\u00a0<\/h6>\n<h6><strong>Localidade:<\/strong><\/h6>\n<h6><span style=\"color: #993300;\">Lisboa<\/span><\/h6>\n<h6><span style=\"color: #993300;\">\u00a0<\/span><\/h6>\n<h6><strong>Fotos:<\/strong><\/h6>\n<h6><span style=\"color: #993300;\">\u00a9Estelle Valente<\/span><\/h6>\t\t\t\t\t\t<\/div>\n\t\t\t\t<\/div>\n\t\t\t\t\t<\/div>\n\t\t<\/div>\n\t\t\t\t\t\t\t<\/div>\n\t\t<\/section>\n\t\t\t\t<section class=\"elementor-section elementor-top-section elementor-element elementor-element-a4e0b28 elementor-section-boxed elementor-section-height-default elementor-section-height-default\" data-id=\"a4e0b28\" data-element_type=\"section\">\n\t\t\t\t\t\t<div class=\"elementor-container elementor-column-gap-default\">\n\t\t\t\t\t<div class=\"elementor-column elementor-col-100 elementor-top-column elementor-element elementor-element-713f76b\" data-id=\"713f76b\" data-element_type=\"column\">\n\t\t\t<div class=\"elementor-widget-wrap elementor-element-populated\">\n\t\t\t\t\t\t\t\t<div class=\"elementor-element elementor-element-9966305 elementor-widget elementor-widget-spacer\" data-id=\"9966305\" data-element_type=\"widget\" data-widget_type=\"spacer.default\">\n\t\t\t\t<div class=\"elementor-widget-container\">\n\t\t\t\t\t<div class=\"elementor-spacer\">\n\t\t\t<div class=\"elementor-spacer-inner\"><\/div>\n\t\t<\/div>\n\t\t\t\t<\/div>\n\t\t\t\t<\/div>\n\t\t\t\t<div class=\"elementor-element elementor-element-b31ea12 elementor-widget elementor-widget-pdfjs_viewer\" data-id=\"b31ea12\" data-element_type=\"widget\" data-widget_type=\"pdfjs_viewer.default\">\n\t\t\t\t<div class=\"elementor-widget-container\">\n\t\t\t<iframe src=\"https:\/\/companhiamaior.pt\/arquivo\/wp-content\/plugins\/pdf-viewer-for-elementor\/assets\/pdfjs\/web\/viewer.html?file=https:\/\/companhiamaior.pt\/arquivo\/wp-content\/uploads\/2023\/05\/016_COM_PRO-3.pdf&amp;embedded=true\" style=\"display: block; margin-left: auto; margin-right: auto; width: 100%; height: 800px;\" frameborder=\"1\" marginheight=\"0px\" marginwidth=\"0px\" allowfullscreen><\/iframe>\t\t<\/div>\n\t\t\t\t<\/div>\n\t\t\t\t\t<\/div>\n\t\t<\/div>\n\t\t\t\t\t\t\t<\/div>\n\t\t<\/section>\n\t\t\t\t<section class=\"elementor-section elementor-top-section elementor-element elementor-element-82dbf8e elementor-section-boxed elementor-section-height-default elementor-section-height-default\" data-id=\"82dbf8e\" data-element_type=\"section\">\n\t\t\t\t\t\t<div class=\"elementor-container elementor-column-gap-default\">\n\t\t\t\t\t<div class=\"elementor-column elementor-col-100 elementor-top-column elementor-element elementor-element-7e8537f\" data-id=\"7e8537f\" data-element_type=\"column\">\n\t\t\t<div class=\"elementor-widget-wrap elementor-element-populated\">\n\t\t\t\t\t\t\t\t<div class=\"elementor-element elementor-element-bef9e68 elementor-widget elementor-widget-spacer\" data-id=\"bef9e68\" data-element_type=\"widget\" data-widget_type=\"spacer.default\">\n\t\t\t\t<div class=\"elementor-widget-container\">\n\t\t\t\t\t<div class=\"elementor-spacer\">\n\t\t\t<div class=\"elementor-spacer-inner\"><\/div>\n\t\t<\/div>\n\t\t\t\t<\/div>\n\t\t\t\t<\/div>\n\t\t\t\t<div class=\"elementor-element elementor-element-463d750 elementor-widget elementor-widget-heading\" data-id=\"463d750\" data-element_type=\"widget\" data-widget_type=\"heading.default\">\n\t\t\t\t<div class=\"elementor-widget-container\">\n\t\t\t<h4 class=\"elementor-heading-title elementor-size-default\">Outros Materiais de Comunica\u00e7\u00e3o<\/h4>\t\t<\/div>\n\t\t\t\t<\/div>\n\t\t\t\t<div class=\"elementor-element elementor-element-f1896c1 elementor-widget elementor-widget-spacer\" data-id=\"f1896c1\" data-element_type=\"widget\" data-widget_type=\"spacer.default\">\n\t\t\t\t<div class=\"elementor-widget-container\">\n\t\t\t\t\t<div class=\"elementor-spacer\">\n\t\t\t<div class=\"elementor-spacer-inner\"><\/div>\n\t\t<\/div>\n\t\t\t\t<\/div>\n\t\t\t\t<\/div>\n\t\t\t\t\t<\/div>\n\t\t<\/div>\n\t\t\t\t\t\t\t<\/div>\n\t\t<\/section>\n\t\t\t\t<section class=\"elementor-section elementor-top-section elementor-element elementor-element-a384712 elementor-section-boxed elementor-section-height-default elementor-section-height-default\" data-id=\"a384712\" data-element_type=\"section\">\n\t\t\t\t\t\t<div class=\"elementor-container elementor-column-gap-default\">\n\t\t\t\t\t<div class=\"elementor-column elementor-col-20 elementor-top-column elementor-element elementor-element-c71b8b4\" data-id=\"c71b8b4\" data-element_type=\"column\">\n\t\t\t<div class=\"elementor-widget-wrap elementor-element-populated\">\n\t\t\t\t\t\t\t\t<div class=\"elementor-element elementor-element-9f6e73f elementor-widget elementor-widget-image\" data-id=\"9f6e73f\" data-element_type=\"widget\" data-widget_type=\"image.default\">\n\t\t\t\t<div class=\"elementor-widget-container\">\n\t\t\t<style>\/*! elementor - v3.13.3 - 28-05-2023 *\/\n.elementor-widget-image{text-align:center}.elementor-widget-image a{display:inline-block}.elementor-widget-image a img[src$=\".svg\"]{width:48px}.elementor-widget-image img{vertical-align:middle;display:inline-block}<\/style>\t\t\t\t\t\t\t\t\t\t\t\t\t<a href=\"https:\/\/companhiamaior.pt\/arquivo\/c\/\" target=\"_blank\">\n\t\t\t\t\t\t\t<img loading=\"lazy\" decoding=\"async\" width=\"712\" height=\"1024\" src=\"https:\/\/companhiamaior.pt\/arquivo\/wp-content\/uploads\/2023\/04\/Screenshot-2023-04-12-at-18.59.55-712x1024.png\" class=\"attachment-large size-large wp-image-1271\" alt=\"\" srcset=\"https:\/\/companhiamaior.pt\/arquivo\/wp-content\/uploads\/2023\/04\/Screenshot-2023-04-12-at-18.59.55-712x1024.png 712w, https:\/\/companhiamaior.pt\/arquivo\/wp-content\/uploads\/2023\/04\/Screenshot-2023-04-12-at-18.59.55-208x300.png 208w, https:\/\/companhiamaior.pt\/arquivo\/wp-content\/uploads\/2023\/04\/Screenshot-2023-04-12-at-18.59.55-768x1105.png 768w, https:\/\/companhiamaior.pt\/arquivo\/wp-content\/uploads\/2023\/04\/Screenshot-2023-04-12-at-18.59.55.png 888w\" sizes=\"auto, (max-width: 712px) 100vw, 712px\" style=\"width:100%;height:143.92%;max-width:888px\" \/>\t\t\t\t\t\t\t\t<\/a>\n\t\t\t\t\t\t\t\t\t\t\t\t\t\t\t<\/div>\n\t\t\t\t<\/div>\n\t\t\t\t<div class=\"elementor-element elementor-element-0d6c54a elementor-widget elementor-widget-text-editor\" data-id=\"0d6c54a\" data-element_type=\"widget\" data-widget_type=\"text-editor.default\">\n\t\t\t\t<div class=\"elementor-widget-container\">\n\t\t\t\t\t\t\t<p><a href=\"https:\/\/companhiamaior.pt\/arquivo\/c\/\" target=\"_blank\" rel=\"noopener\"><strong><span style=\"color: #000000;\">Cartaz<\/span><\/strong><\/a><\/p>\t\t\t\t\t\t<\/div>\n\t\t\t\t<\/div>\n\t\t\t\t\t<\/div>\n\t\t<\/div>\n\t\t\t\t<div class=\"elementor-column elementor-col-20 elementor-top-column elementor-element elementor-element-f28b08c\" data-id=\"f28b08c\" data-element_type=\"column\">\n\t\t\t<div class=\"elementor-widget-wrap elementor-element-populated\">\n\t\t\t\t\t\t\t\t<div class=\"elementor-element elementor-element-44f2caf elementor-widget elementor-widget-image\" data-id=\"44f2caf\" data-element_type=\"widget\" data-widget_type=\"image.default\">\n\t\t\t\t<div class=\"elementor-widget-container\">\n\t\t\t\t\t\t\t\t\t\t\t\t\t\t\t\t<a href=\"https:\/\/companhiamaior.pt\/arquivo\/folha-de-sala-transatlantico\/\" target=\"_blank\">\n\t\t\t\t\t\t\t<img loading=\"lazy\" decoding=\"async\" width=\"712\" height=\"1024\" src=\"https:\/\/companhiamaior.pt\/arquivo\/wp-content\/uploads\/2023\/04\/Screenshot-2023-04-12-at-18.59.55-712x1024.png\" class=\"attachment-large size-large wp-image-1271\" alt=\"\" srcset=\"https:\/\/companhiamaior.pt\/arquivo\/wp-content\/uploads\/2023\/04\/Screenshot-2023-04-12-at-18.59.55-712x1024.png 712w, https:\/\/companhiamaior.pt\/arquivo\/wp-content\/uploads\/2023\/04\/Screenshot-2023-04-12-at-18.59.55-208x300.png 208w, https:\/\/companhiamaior.pt\/arquivo\/wp-content\/uploads\/2023\/04\/Screenshot-2023-04-12-at-18.59.55-768x1105.png 768w, https:\/\/companhiamaior.pt\/arquivo\/wp-content\/uploads\/2023\/04\/Screenshot-2023-04-12-at-18.59.55.png 888w\" sizes=\"auto, (max-width: 712px) 100vw, 712px\" style=\"width:100%;height:143.92%;max-width:888px\" \/>\t\t\t\t\t\t\t\t<\/a>\n\t\t\t\t\t\t\t\t\t\t\t\t\t\t\t<\/div>\n\t\t\t\t<\/div>\n\t\t\t\t<div class=\"elementor-element elementor-element-70c1208 elementor-widget elementor-widget-text-editor\" data-id=\"70c1208\" data-element_type=\"widget\" data-widget_type=\"text-editor.default\">\n\t\t\t\t<div class=\"elementor-widget-container\">\n\t\t\t\t\t\t\t<p><a href=\"https:\/\/companhiamaior.pt\/arquivo\/folha-de-sala-transatlantico\/\" target=\"_blank\" rel=\"noopener\"><strong>Folha de Sala<\/strong><\/a><\/p>\t\t\t\t\t\t<\/div>\n\t\t\t\t<\/div>\n\t\t\t\t\t<\/div>\n\t\t<\/div>\n\t\t\t\t<div class=\"elementor-column elementor-col-20 elementor-top-column elementor-element elementor-element-a8a7062\" data-id=\"a8a7062\" data-element_type=\"column\">\n\t\t\t<div class=\"elementor-widget-wrap elementor-element-populated\">\n\t\t\t\t\t\t\t\t<div class=\"elementor-element elementor-element-6cfc4d2 elementor-widget elementor-widget-image\" data-id=\"6cfc4d2\" data-element_type=\"widget\" data-widget_type=\"image.default\">\n\t\t\t\t<div class=\"elementor-widget-container\">\n\t\t\t\t\t\t\t\t\t\t\t\t\t\t\t\t<a href=\"https:\/\/companhiamaior.pt\/arquivo\/imprensa-transatlantico\/\" target=\"_blank\">\n\t\t\t\t\t\t\t<img loading=\"lazy\" decoding=\"async\" width=\"712\" height=\"1024\" src=\"https:\/\/companhiamaior.pt\/arquivo\/wp-content\/uploads\/2023\/04\/Screenshot-2023-04-12-at-18.59.55-712x1024.png\" class=\"attachment-large size-large wp-image-1271\" alt=\"\" srcset=\"https:\/\/companhiamaior.pt\/arquivo\/wp-content\/uploads\/2023\/04\/Screenshot-2023-04-12-at-18.59.55-712x1024.png 712w, https:\/\/companhiamaior.pt\/arquivo\/wp-content\/uploads\/2023\/04\/Screenshot-2023-04-12-at-18.59.55-208x300.png 208w, https:\/\/companhiamaior.pt\/arquivo\/wp-content\/uploads\/2023\/04\/Screenshot-2023-04-12-at-18.59.55-768x1105.png 768w, https:\/\/companhiamaior.pt\/arquivo\/wp-content\/uploads\/2023\/04\/Screenshot-2023-04-12-at-18.59.55.png 888w\" sizes=\"auto, (max-width: 712px) 100vw, 712px\" style=\"width:100%;height:143.92%;max-width:888px\" \/>\t\t\t\t\t\t\t\t<\/a>\n\t\t\t\t\t\t\t\t\t\t\t\t\t\t\t<\/div>\n\t\t\t\t<\/div>\n\t\t\t\t<div class=\"elementor-element elementor-element-d2523a9 elementor-widget elementor-widget-text-editor\" data-id=\"d2523a9\" data-element_type=\"widget\" data-widget_type=\"text-editor.default\">\n\t\t\t\t<div class=\"elementor-widget-container\">\n\t\t\t\t\t\t\t<p><a href=\"https:\/\/companhiamaior.pt\/arquivo\/imprensa-transatlantico\/\" target=\"_blank\" rel=\"noopener\"><span style=\"color: #000000;\"><b>Imprensa<\/b><\/span><\/a><\/p>\t\t\t\t\t\t<\/div>\n\t\t\t\t<\/div>\n\t\t\t\t\t<\/div>\n\t\t<\/div>\n\t\t\t\t<div class=\"elementor-column elementor-col-20 elementor-top-column elementor-element elementor-element-a1338d0\" data-id=\"a1338d0\" data-element_type=\"column\">\n\t\t\t<div class=\"elementor-widget-wrap elementor-element-populated\">\n\t\t\t\t\t\t\t\t<div class=\"elementor-element elementor-element-d72700e elementor-widget elementor-widget-image\" data-id=\"d72700e\" data-element_type=\"widget\" data-widget_type=\"image.default\">\n\t\t\t\t<div class=\"elementor-widget-container\">\n\t\t\t\t\t\t\t\t\t\t\t\t\t\t\t\t<a href=\"https:\/\/companhiamaior.pt\/arquivo\/teaser-transatlantico\/\" target=\"_blank\">\n\t\t\t\t\t\t\t<img loading=\"lazy\" decoding=\"async\" width=\"712\" height=\"1024\" src=\"https:\/\/companhiamaior.pt\/arquivo\/wp-content\/uploads\/2023\/04\/Screenshot-2023-04-12-at-18.59.55-712x1024.png\" class=\"attachment-large size-large wp-image-1271\" alt=\"\" srcset=\"https:\/\/companhiamaior.pt\/arquivo\/wp-content\/uploads\/2023\/04\/Screenshot-2023-04-12-at-18.59.55-712x1024.png 712w, https:\/\/companhiamaior.pt\/arquivo\/wp-content\/uploads\/2023\/04\/Screenshot-2023-04-12-at-18.59.55-208x300.png 208w, https:\/\/companhiamaior.pt\/arquivo\/wp-content\/uploads\/2023\/04\/Screenshot-2023-04-12-at-18.59.55-768x1105.png 768w, https:\/\/companhiamaior.pt\/arquivo\/wp-content\/uploads\/2023\/04\/Screenshot-2023-04-12-at-18.59.55.png 888w\" sizes=\"auto, (max-width: 712px) 100vw, 712px\" style=\"width:100%;height:143.92%;max-width:888px\" \/>\t\t\t\t\t\t\t\t<\/a>\n\t\t\t\t\t\t\t\t\t\t\t\t\t\t\t<\/div>\n\t\t\t\t<\/div>\n\t\t\t\t<div class=\"elementor-element elementor-element-5a88645 elementor-widget elementor-widget-text-editor\" data-id=\"5a88645\" data-element_type=\"widget\" data-widget_type=\"text-editor.default\">\n\t\t\t\t<div class=\"elementor-widget-container\">\n\t\t\t\t\t\t\t<p><a href=\"https:\/\/companhiamaior.pt\/arquivo\/teaser-transatlantico\/\" target=\"_blank\" rel=\"noopener\"><span style=\"color: #000000;\"><b>Redes Sociais<\/b><\/span><\/a><\/p>\t\t\t\t\t\t<\/div>\n\t\t\t\t<\/div>\n\t\t\t\t\t<\/div>\n\t\t<\/div>\n\t\t\t\t<div class=\"elementor-column elementor-col-20 elementor-top-column elementor-element elementor-element-1619873\" data-id=\"1619873\" data-element_type=\"column\">\n\t\t\t<div class=\"elementor-widget-wrap elementor-element-populated\">\n\t\t\t\t\t\t\t\t<div class=\"elementor-element elementor-element-2bd88ac elementor-widget elementor-widget-image\" data-id=\"2bd88ac\" data-element_type=\"widget\" data-widget_type=\"image.default\">\n\t\t\t\t<div class=\"elementor-widget-container\">\n\t\t\t\t\t\t\t\t\t\t\t\t\t\t\t\t<a href=\"https:\/\/companhiamaior.pt\/arquivo\/outros-transatlantico\/\" target=\"_blank\">\n\t\t\t\t\t\t\t<img loading=\"lazy\" decoding=\"async\" width=\"750\" height=\"1079\" src=\"https:\/\/companhiamaior.pt\/arquivo\/wp-content\/uploads\/2023\/04\/Screenshot-2023-04-12-at-18.59.55-768x1105.png\" class=\"attachment-medium_large size-medium_large wp-image-1271\" alt=\"\" srcset=\"https:\/\/companhiamaior.pt\/arquivo\/wp-content\/uploads\/2023\/04\/Screenshot-2023-04-12-at-18.59.55-768x1105.png 768w, https:\/\/companhiamaior.pt\/arquivo\/wp-content\/uploads\/2023\/04\/Screenshot-2023-04-12-at-18.59.55-208x300.png 208w, https:\/\/companhiamaior.pt\/arquivo\/wp-content\/uploads\/2023\/04\/Screenshot-2023-04-12-at-18.59.55-712x1024.png 712w, https:\/\/companhiamaior.pt\/arquivo\/wp-content\/uploads\/2023\/04\/Screenshot-2023-04-12-at-18.59.55.png 888w\" sizes=\"auto, (max-width: 750px) 100vw, 750px\" style=\"width:100%;height:143.92%;max-width:888px\" \/>\t\t\t\t\t\t\t\t<\/a>\n\t\t\t\t\t\t\t\t\t\t\t\t\t\t\t<\/div>\n\t\t\t\t<\/div>\n\t\t\t\t<div class=\"elementor-element elementor-element-3a906c0 elementor-widget elementor-widget-text-editor\" data-id=\"3a906c0\" data-element_type=\"widget\" data-widget_type=\"text-editor.default\">\n\t\t\t\t<div class=\"elementor-widget-container\">\n\t\t\t\t\t\t\t<p><a href=\"https:\/\/companhiamaior.pt\/arquivo\/outros-transatlantico\/\" target=\"_blank\" rel=\"noopener\"><span style=\"color: #000000;\"><b>Outros<\/b><\/span><\/a><\/p>\t\t\t\t\t\t<\/div>\n\t\t\t\t<\/div>\n\t\t\t\t\t<\/div>\n\t\t<\/div>\n\t\t\t\t\t\t\t<\/div>\n\t\t<\/section>\n\t\t\t\t<section class=\"elementor-section elementor-top-section elementor-element elementor-element-48ccfb6 elementor-section-boxed elementor-section-height-default elementor-section-height-default\" data-id=\"48ccfb6\" data-element_type=\"section\">\n\t\t\t\t\t\t<div class=\"elementor-container elementor-column-gap-default\">\n\t\t\t\t\t<div class=\"elementor-column elementor-col-100 elementor-top-column elementor-element elementor-element-bbd71e6\" data-id=\"bbd71e6\" data-element_type=\"column\">\n\t\t\t<div class=\"elementor-widget-wrap elementor-element-populated\">\n\t\t\t\t\t\t\t\t<div class=\"elementor-element elementor-element-c1801c6 elementor-widget elementor-widget-spacer\" data-id=\"c1801c6\" data-element_type=\"widget\" data-widget_type=\"spacer.default\">\n\t\t\t\t<div class=\"elementor-widget-container\">\n\t\t\t\t\t<div class=\"elementor-spacer\">\n\t\t\t<div class=\"elementor-spacer-inner\"><\/div>\n\t\t<\/div>\n\t\t\t\t<\/div>\n\t\t\t\t<\/div>\n\t\t\t\t<div class=\"elementor-element elementor-element-27fa52b elementor-widget elementor-widget-heading\" data-id=\"27fa52b\" data-element_type=\"widget\" data-widget_type=\"heading.default\">\n\t\t\t\t<div class=\"elementor-widget-container\">\n\t\t\t<h4 class=\"elementor-heading-title elementor-size-default\"><a href=\"https:\/\/companhiamaior.pt\/arquivo\/transatlantico\/\" target=\"_blank\">< Voltar P\u00e1gina Transatl\u00e2ntico<\/a><\/h4>\t\t<\/div>\n\t\t\t\t<\/div>\n\t\t\t\t\t<\/div>\n\t\t<\/div>\n\t\t\t\t\t\t\t<\/div>\n\t\t<\/section>\n\t\t\t\t\t\t\t<\/div>\n\t\t","protected":false},"excerpt":{"rendered":"<p>Transatl\u00e2ntico Materiais de Comunica\u00e7\u00e3o Programas Refer\u00eancia: 016_COM_PRO (3) &nbsp; T\u00edtulo da Obra: Transatl\u00e2ntico &nbsp; Ano: 2022 Autor: Ricardo Neves-Neves \u00a0 Categoria: Comunica\u00e7\u00e3o \u00a0 Subcategoria: Programas Espa\u00e7o: S\u00e3o Luiz Teatro Municipal \u00a0 Localidade: Lisboa \u00a0 Fotos: \u00a9Estelle Valente Outros Materiais de Comunica\u00e7\u00e3o Cartaz Folha de Sala Imprensa Redes Sociais Outros < Voltar P\u00e1gina Transatl\u00e2ntico\n<\/p>\n","protected":false},"author":2,"featured_media":0,"parent":0,"menu_order":0,"comment_status":"closed","ping_status":"closed","template":"","meta":{"footnotes":""},"elenco":[],"autor":[],"titulo_da_obra":[],"ano":[],"fotografia-de":[],"espaco":[],"localidade":[],"notas":[],"sub-categoria":[],"data":[],"class_list":["post-1055","page","type-page","status-publish","hentry","entry"],"_links":{"self":[{"href":"https:\/\/companhiamaior.pt\/arquivo\/wp-json\/wp\/v2\/pages\/1055","targetHints":{"allow":["GET"]}}],"collection":[{"href":"https:\/\/companhiamaior.pt\/arquivo\/wp-json\/wp\/v2\/pages"}],"about":[{"href":"https:\/\/companhiamaior.pt\/arquivo\/wp-json\/wp\/v2\/types\/page"}],"author":[{"embeddable":true,"href":"https:\/\/companhiamaior.pt\/arquivo\/wp-json\/wp\/v2\/users\/2"}],"replies":[{"embeddable":true,"href":"https:\/\/companhiamaior.pt\/arquivo\/wp-json\/wp\/v2\/comments?post=1055"}],"version-history":[{"count":25,"href":"https:\/\/companhiamaior.pt\/arquivo\/wp-json\/wp\/v2\/pages\/1055\/revisions"}],"predecessor-version":[{"id":4470,"href":"https:\/\/companhiamaior.pt\/arquivo\/wp-json\/wp\/v2\/pages\/1055\/revisions\/4470"}],"wp:attachment":[{"href":"https:\/\/companhiamaior.pt\/arquivo\/wp-json\/wp\/v2\/media?parent=1055"}],"wp:term":[{"taxonomy":"elenco","embeddable":true,"href":"https:\/\/companhiamaior.pt\/arquivo\/wp-json\/wp\/v2\/elenco?post=1055"},{"taxonomy":"autor","embeddable":true,"href":"https:\/\/companhiamaior.pt\/arquivo\/wp-json\/wp\/v2\/autor?post=1055"},{"taxonomy":"titulo_da_obra","embeddable":true,"href":"https:\/\/companhiamaior.pt\/arquivo\/wp-json\/wp\/v2\/titulo_da_obra?post=1055"},{"taxonomy":"ano","embeddable":true,"href":"https:\/\/companhiamaior.pt\/arquivo\/wp-json\/wp\/v2\/ano?post=1055"},{"taxonomy":"fotografia-de","embeddable":true,"href":"https:\/\/companhiamaior.pt\/arquivo\/wp-json\/wp\/v2\/fotografia-de?post=1055"},{"taxonomy":"espaco","embeddable":true,"href":"https:\/\/companhiamaior.pt\/arquivo\/wp-json\/wp\/v2\/espaco?post=1055"},{"taxonomy":"localidade","embeddable":true,"href":"https:\/\/companhiamaior.pt\/arquivo\/wp-json\/wp\/v2\/localidade?post=1055"},{"taxonomy":"notas","embeddable":true,"href":"https:\/\/companhiamaior.pt\/arquivo\/wp-json\/wp\/v2\/notas?post=1055"},{"taxonomy":"sub-categoria","embeddable":true,"href":"https:\/\/companhiamaior.pt\/arquivo\/wp-json\/wp\/v2\/sub-categoria?post=1055"},{"taxonomy":"data","embeddable":true,"href":"https:\/\/companhiamaior.pt\/arquivo\/wp-json\/wp\/v2\/data?post=1055"}],"curies":[{"name":"wp","href":"https:\/\/api.w.org\/{rel}","templated":true}]}}